{"id":8626,"date":"2025-04-17T21:42:45","date_gmt":"2025-04-17T19:42:45","guid":{"rendered":"https:\/\/club-abc.fr\/?page_id=8626"},"modified":"2025-07-09T14:28:55","modified_gmt":"2025-07-09T12:28:55","slug":"peinture-ados","status":"publish","type":"page","link":"https:\/\/club-abc.fr\/index.php\/peinture-ados\/","title":{"rendered":"Peinture Ado"},"content":{"rendered":"\n<div class=\"wp-block-uagb-container uagb-block-82b229fd alignfull uagb-is-root-container\"><div class=\"uagb-container-inner-blocks-wrap\">\n<div class=\"wp-block-uagb-container uagb-block-06325319\">\n<div class=\"wp-block-uagb-image uagb-block-06f3efea wp-block-uagb-image--layout-default wp-block-uagb-image--effect-static wp-block-uagb-image--align-none\"><figure class=\"wp-block-uagb-image__figure\"><img loading=\"lazy\" decoding=\"async\" srcset=\"https:\/\/club-abc.fr\/wp-content\/uploads\/2025\/04\/Vignettes-peinture-ado.png ,https:\/\/club-abc.fr\/wp-content\/uploads\/2025\/04\/Vignettes-peinture-ado.png 780w, https:\/\/club-abc.fr\/wp-content\/uploads\/2025\/04\/Vignettes-peinture-ado.png 360w\" sizes=\"auto, (max-width: 480px) 150px\" src=\"https:\/\/club-abc.fr\/wp-content\/uploads\/2025\/04\/Vignettes-peinture-ado.png\" alt=\"\" class=\"uag-image-8591\" width=\"1024\" height=\"768\" title=\"Vignettes peinture ado\" loading=\"lazy\" role=\"img\"\/><\/figure><\/div>\n\n\n\n<div style=\"height:42px\" aria-hidden=\"true\" class=\"wp-block-spacer\"><\/div>\n\n\n\n<div class=\"wp-block-buttons alignwide is-content-justification-center is-layout-flex wp-container-core-buttons-is-layout-16018d1d wp-block-buttons-is-layout-flex\">\n<div class=\"wp-block-button\"><a class=\"wp-block-button__link has-white-color has-text-color has-background has-link-color wp-element-button\" href=\"https:\/\/club-abc.monclub.app\/app?selectedMembership=68012cf36135abb796888a7c&amp;step=1&amp;selectedSlots=68012b1e55aef30a908c330b&amp;waitingSlots=&amp;childSubscription=false\" style=\"background-color:#ff8c8c\" target=\"_blank\" rel=\"noreferrer noopener\">Je m&rsquo;inscris<\/a><\/div>\n<\/div>\n<\/div>\n\n\n\n<div class=\"wp-block-uagb-container uagb-block-bbd45695\">\n<h1 class=\"wp-block-heading has-text-color has-x-large-font-size\" style=\"color:#004aad;font-style:normal;font-weight:600;letter-spacing:1px\">Peinture Ado<\/h1>\n\n\n\n<h4 class=\"wp-block-heading has-large-font-size\">Danielle Mar\u00e9chal<\/h4>\n\n\n\n<div class=\"wp-block-uagb-container uagb-block-6ce266a2\">\n<p class=\"has-text-align-center has-white-color has-text-color has-background has-link-color has-medium-font-size wp-elements-f9ac42be46bf2fccb846283c8d343f35\" style=\"background-color:#084aad\"><strong>NOUVEAU<\/strong><\/p>\n<\/div>\n\n\n\n<div class=\"wp-block-uagb-advanced-heading uagb-block-54e4b6d8\"><p class=\"uagb-heading-text\">Pour les jeunes de 10 \u00e0 15 ans<\/p><p class=\"uagb-desc-text\">D\u00e9veloppes tes capacit\u00e9s artistiques \u00e0 partir de multiples techniques de peinture.<br><br>Cr\u00e9e ton \u0153uvre sur toile ou sur textile ou sur basket&nbsp;! <\/p><\/div>\n<\/div>\n<\/div><\/div>\n\n\n\n<p class=\"has-text-align-center\">D\u00e9but des cours le 24 septembre 2025<\/p>\n\n\n\n<div class=\"wp-block-columns alignwide is-layout-flex wp-container-core-columns-is-layout-829b1d53 wp-block-columns-is-layout-flex\" style=\"margin-bottom:0\">\n<div class=\"wp-block-column has-white-background-color has-text-color has-background has-link-color wp-elements-e0b3c6cad03b101e91e99e0cbe0936c9 is-layout-flow wp-block-column-is-layout-flow\" style=\"color:#000000;padding-top:2em;padding-right:2em;padding-bottom:2em;padding-left:2em\">\n<h2 class=\"wp-block-heading has-text-align-center\" id=\"single\" style=\"font-size:30px;font-style:normal;font-weight:400\">Jour<\/h2>\n\n\n\n<p class=\"has-text-align-center\">Mercredi<\/p>\n<\/div>\n\n\n\n<div class=\"wp-block-column has-white-background-color has-text-color has-background has-link-color wp-elements-b33d60b76a471f8c8a222ae5dd606e08 is-layout-flow wp-block-column-is-layout-flow\" style=\"color:#000000;padding-top:2em;padding-right:2em;padding-bottom:2em;padding-left:2em\">\n<h2 class=\"wp-block-heading has-text-align-center\" id=\"family\" style=\"font-size:30px;font-style:normal;font-weight:400\">Horaire<\/h2>\n\n\n\n<p class=\"has-text-align-center\" style=\"font-size:18px;line-height:1.5\">15h45 \u00e0 17h15<\/p>\n<\/div>\n\n\n\n<div class=\"wp-block-column has-white-background-color has-text-color has-background has-link-color wp-elements-e55169fdec442e1de49f3ad5f073f9d7 is-layout-flow wp-block-column-is-layout-flow\" style=\"color:#000000;padding-top:2em;padding-right:2em;padding-bottom:2em;padding-left:2em\">\n<h2 class=\"wp-block-heading has-text-align-center\" id=\"family\" style=\"font-size:30px;font-style:normal;font-weight:400\">Tarif base<\/h2>\n\n\n\n<div class=\"wp-block-buttons is-content-justification-center is-layout-flex wp-container-core-buttons-is-layout-16018d1d wp-block-buttons-is-layout-flex\">\n<div class=\"wp-block-button\"><a class=\"wp-block-button__link has-white-color has-text-color has-background has-text-align-center has-custom-font-size wp-element-button\" style=\"background-color:#084aad;font-size:16px\">215\u20ac<\/a><\/div>\n<\/div>\n<\/div>\n\n\n\n<div class=\"wp-block-column has-white-background-color has-text-color has-background has-link-color wp-elements-b3b88035ccd19965b46a4318ecc06039 is-layout-flow wp-block-column-is-layout-flow\" style=\"color:#000000;padding-top:2em;padding-right:2em;padding-bottom:2em;padding-left:2em\">\n<h2 class=\"wp-block-heading has-text-align-center\" id=\"family\" style=\"font-size:30px;font-style:normal;font-weight:400\">Tarif VLB<\/h2>\n\n\n\n<div class=\"wp-block-buttons is-content-justification-center is-layout-flex wp-container-core-buttons-is-layout-16018d1d wp-block-buttons-is-layout-flex\">\n<div class=\"wp-block-button\"><a class=\"wp-block-button__link has-white-color has-text-color has-background has-text-align-center has-custom-font-size wp-element-button\" style=\"background-color:#084aad;font-size:16px\">237\u20ac<\/a><\/div>\n<\/div>\n<\/div>\n<\/div>\n\n\n\n<div class=\"wp-block-uagb-container uagb-block-91fad89f alignfull uagb-is-root-container\"><div class=\"uagb-container-inner-blocks-wrap\">\n<div class=\"wp-block-uagb-container uagb-block-aa6913ef\">\n<p class=\"has-text-align-right\">Adh\u00e9sion au Club ABC en sus<\/p>\n<\/div>\n\n\n\n<div class=\"wp-block-uagb-container uagb-block-8dbcb338\">\n<div class=\"wp-block-uagb-buttons uagb-buttons__outer-wrap uagb-btn__default-btn uagb-btn-tablet__default-btn uagb-btn-mobile__default-btn uagb-block-9a250918\"><div class=\"uagb-buttons__wrap uagb-buttons-layout-wrap \">\n<div class=\"wp-block-uagb-buttons-child uagb-buttons__outer-wrap uagb-block-bcf31824 wp-block-button\"><div class=\"uagb-button__wrapper\"><a class=\"uagb-buttons-repeater wp-block-button__link\" aria-label=\"\" href=\"#\" rel=\"follow noopener\" target=\"_self\" role=\"button\"><div class=\"uagb-button__link\">16\u20ac<\/div><\/a><\/div><\/div>\n<\/div><\/div>\n<\/div>\n<\/div><\/div>\n\n\n\n<div class=\"wp-block-columns is-layout-flex wp-container-core-columns-is-layout-9d6595d7 wp-block-columns-is-layout-flex\">\n<div class=\"wp-block-column is-layout-flow wp-block-column-is-layout-flow\" style=\"flex-basis:100%\">\n<div class=\"wp-block-uagb-info-box uagb-block-28bb34ec uagb-infobox__content-wrap  uagb-infobox-icon-above-title uagb-infobox-image-valign-top\"><div class=\"uagb-ifb-content\"><div class=\"uagb-ifb-title-wrap\"><h3 class=\"uagb-ifb-title\">Lieu<\/h3><\/div><p class=\"uagb-ifb-desc\">Le Relais &#8211; 64 rue d&rsquo;Estienne d&rsquo;Orves &#8211; 91370 Verri\u00e8res le Buisson<\/p><div class=\"uagb-ifb-button-wrapper wp-block-button\"><a href=\"#\" target=\"_self\" onclick=\"return false;\" class=\"uagb-infobox-cta-link\" rel=\"noopener noreferrer\"><span class=\"uagb-inline-editing\"><\/span><svg xmlns=\"https:\/\/www.w3.org\/2000\/svg\" viewBox=\"0 0 512 512\"><path d=\"M504.3 273.6l-112.1 104c-6.992 6.484-17.18 8.218-25.94 4.406c-8.758-3.812-14.42-12.45-14.42-21.1L351.9 288H32C14.33 288 .0002 273.7 .0002 255.1S14.33 224 32 224h319.9l0-72c0-9.547 5.66-18.19 14.42-22c8.754-3.809 18.95-2.075 25.94 4.41l112.1 104C514.6 247.9 514.6 264.1 504.3 273.6z\"><\/path><\/svg><\/a><\/div><\/div><\/div>\n<\/div>\n<\/div>\n\n\n\n<div class=\"wp-block-columns is-layout-flex wp-container-core-columns-is-layout-9d6595d7 wp-block-columns-is-layout-flex\">\n<div class=\"wp-block-column is-layout-flow wp-block-column-is-layout-flow\" style=\"flex-basis:100%\">\n<figure class=\"wp-block-gallery has-nested-images columns-default is-cropped wp-block-gallery-1 is-layout-flex wp-block-gallery-is-layout-flex\">\n<figure class=\"wp-block-image size-large\"><img fetchpriority=\"high\" decoding=\"async\" width=\"684\" height=\"1024\" data-id=\"8738\" src=\"https:\/\/club-abc.fr\/wp-content\/uploads\/2025\/04\/Peinture-Ado_Club-ABC-3-684x1024.jpg\" alt=\"\" class=\"wp-image-8738\" srcset=\"https:\/\/club-abc.fr\/wp-content\/uploads\/2025\/04\/Peinture-Ado_Club-ABC-3-684x1024.jpg 684w, https:\/\/club-abc.fr\/wp-content\/uploads\/2025\/04\/Peinture-Ado_Club-ABC-3-200x300.jpg 200w, https:\/\/club-abc.fr\/wp-content\/uploads\/2025\/04\/Peinture-Ado_Club-ABC-3-768x1150.jpg 768w, https:\/\/club-abc.fr\/wp-content\/uploads\/2025\/04\/Peinture-Ado_Club-ABC-3-scaled.jpg 1709w\" sizes=\"(max-width: 684px) 100vw, 684px\" \/><\/figure>\n\n\n\n<figure class=\"wp-block-image size-large\"><img decoding=\"async\" width=\"684\" height=\"1024\" data-id=\"8737\" src=\"https:\/\/club-abc.fr\/wp-content\/uploads\/2025\/04\/Peinture-Ado_Club-ABC-2-684x1024.jpg\" alt=\"\" class=\"wp-image-8737\" srcset=\"https:\/\/club-abc.fr\/wp-content\/uploads\/2025\/04\/Peinture-Ado_Club-ABC-2-684x1024.jpg 684w, https:\/\/club-abc.fr\/wp-content\/uploads\/2025\/04\/Peinture-Ado_Club-ABC-2-200x300.jpg 200w, https:\/\/club-abc.fr\/wp-content\/uploads\/2025\/04\/Peinture-Ado_Club-ABC-2-768x1150.jpg 768w, https:\/\/club-abc.fr\/wp-content\/uploads\/2025\/04\/Peinture-Ado_Club-ABC-2-1025x1536.jpg 1025w, https:\/\/club-abc.fr\/wp-content\/uploads\/2025\/04\/Peinture-Ado_Club-ABC-2-1367x2048.jpg 1367w, https:\/\/club-abc.fr\/wp-content\/uploads\/2025\/04\/Peinture-Ado_Club-ABC-2-scaled.jpg 1709w\" sizes=\"(max-width: 684px) 100vw, 684px\" \/><\/figure>\n\n\n\n<figure class=\"wp-block-image size-large\"><img decoding=\"async\" width=\"1024\" height=\"683\" data-id=\"8744\" src=\"https:\/\/club-abc.fr\/wp-content\/uploads\/2025\/04\/Peinture-Ado_Club-ABC-7-1024x683.jpg\" alt=\"\" class=\"wp-image-8744\" srcset=\"https:\/\/club-abc.fr\/wp-content\/uploads\/2025\/04\/Peinture-Ado_Club-ABC-7-1024x683.jpg 1024w, https:\/\/club-abc.fr\/wp-content\/uploads\/2025\/04\/Peinture-Ado_Club-ABC-7-300x200.jpg 300w, https:\/\/club-abc.fr\/wp-content\/uploads\/2025\/04\/Peinture-Ado_Club-ABC-7-768x512.jpg 768w, https:\/\/club-abc.fr\/wp-content\/uploads\/2025\/04\/Peinture-Ado_Club-ABC-7-1536x1024.jpg 1536w, https:\/\/club-abc.fr\/wp-content\/uploads\/2025\/04\/Peinture-Ado_Club-ABC-7-2048x1365.jpg 2048w, https:\/\/club-abc.fr\/wp-content\/uploads\/2025\/04\/Peinture-Ado_Club-ABC-7-600x400.jpg 600w\" sizes=\"(max-width: 1024px) 100vw, 1024px\" \/><\/figure>\n\n\n\n<figure class=\"wp-block-image size-large\"><img loading=\"lazy\" decoding=\"async\" width=\"1024\" height=\"683\" data-id=\"8739\" src=\"https:\/\/club-abc.fr\/wp-content\/uploads\/2025\/04\/Peinture-Ado_Club-ABC-4-1024x683.jpg\" alt=\"\" class=\"wp-image-8739\" srcset=\"https:\/\/club-abc.fr\/wp-content\/uploads\/2025\/04\/Peinture-Ado_Club-ABC-4-1024x683.jpg 1024w, https:\/\/club-abc.fr\/wp-content\/uploads\/2025\/04\/Peinture-Ado_Club-ABC-4-300x200.jpg 300w, https:\/\/club-abc.fr\/wp-content\/uploads\/2025\/04\/Peinture-Ado_Club-ABC-4-768x512.jpg 768w, https:\/\/club-abc.fr\/wp-content\/uploads\/2025\/04\/Peinture-Ado_Club-ABC-4-1536x1024.jpg 1536w, https:\/\/club-abc.fr\/wp-content\/uploads\/2025\/04\/Peinture-Ado_Club-ABC-4-2048x1365.jpg 2048w, https:\/\/club-abc.fr\/wp-content\/uploads\/2025\/04\/Peinture-Ado_Club-ABC-4-600x400.jpg 600w\" sizes=\"(max-width: 1024px) 100vw, 1024px\" \/><\/figure>\n\n\n\n<figure class=\"wp-block-image size-large\"><img loading=\"lazy\" decoding=\"async\" width=\"1024\" height=\"683\" data-id=\"8740\" src=\"https:\/\/club-abc.fr\/wp-content\/uploads\/2025\/04\/Peinture-Ado_Club-ABC-5-1024x683.jpg\" alt=\"\" class=\"wp-image-8740\" srcset=\"https:\/\/club-abc.fr\/wp-content\/uploads\/2025\/04\/Peinture-Ado_Club-ABC-5-1024x683.jpg 1024w, https:\/\/club-abc.fr\/wp-content\/uploads\/2025\/04\/Peinture-Ado_Club-ABC-5-300x200.jpg 300w, https:\/\/club-abc.fr\/wp-content\/uploads\/2025\/04\/Peinture-Ado_Club-ABC-5-768x512.jpg 768w, https:\/\/club-abc.fr\/wp-content\/uploads\/2025\/04\/Peinture-Ado_Club-ABC-5-1536x1024.jpg 1536w, https:\/\/club-abc.fr\/wp-content\/uploads\/2025\/04\/Peinture-Ado_Club-ABC-5-2048x1365.jpg 2048w, https:\/\/club-abc.fr\/wp-content\/uploads\/2025\/04\/Peinture-Ado_Club-ABC-5-600x400.jpg 600w\" sizes=\"(max-width: 1024px) 100vw, 1024px\" \/><\/figure>\n\n\n\n<figure class=\"wp-block-image size-large\"><img loading=\"lazy\" decoding=\"async\" width=\"1024\" height=\"683\" data-id=\"8741\" src=\"https:\/\/club-abc.fr\/wp-content\/uploads\/2025\/04\/Peinture-Ado_Club-ABC-6-1024x683.jpg\" alt=\"\" class=\"wp-image-8741\" srcset=\"https:\/\/club-abc.fr\/wp-content\/uploads\/2025\/04\/Peinture-Ado_Club-ABC-6-1024x683.jpg 1024w, https:\/\/club-abc.fr\/wp-content\/uploads\/2025\/04\/Peinture-Ado_Club-ABC-6-300x200.jpg 300w, https:\/\/club-abc.fr\/wp-content\/uploads\/2025\/04\/Peinture-Ado_Club-ABC-6-768x512.jpg 768w, https:\/\/club-abc.fr\/wp-content\/uploads\/2025\/04\/Peinture-Ado_Club-ABC-6-1536x1024.jpg 1536w, https:\/\/club-abc.fr\/wp-content\/uploads\/2025\/04\/Peinture-Ado_Club-ABC-6-2048x1365.jpg 2048w, https:\/\/club-abc.fr\/wp-content\/uploads\/2025\/04\/Peinture-Ado_Club-ABC-6-600x400.jpg 600w\" sizes=\"(max-width: 1024px) 100vw, 1024px\" \/><\/figure>\n\n\n\n<figure class=\"wp-block-image size-large\"><img loading=\"lazy\" decoding=\"async\" width=\"683\" height=\"1024\" data-id=\"8742\" src=\"https:\/\/club-abc.fr\/wp-content\/uploads\/2025\/04\/Peinture-Ado_Club-ABC-1-683x1024.jpg\" alt=\"\" class=\"wp-image-8742\" srcset=\"https:\/\/club-abc.fr\/wp-content\/uploads\/2025\/04\/Peinture-Ado_Club-ABC-1-683x1024.jpg 683w, https:\/\/club-abc.fr\/wp-content\/uploads\/2025\/04\/Peinture-Ado_Club-ABC-1-200x300.jpg 200w, https:\/\/club-abc.fr\/wp-content\/uploads\/2025\/04\/Peinture-Ado_Club-ABC-1-768x1152.jpg 768w, https:\/\/club-abc.fr\/wp-content\/uploads\/2025\/04\/Peinture-Ado_Club-ABC-1-scaled.jpg 1707w\" sizes=\"(max-width: 683px) 100vw, 683px\" \/><\/figure>\n<\/figure>\n<\/div>\n<\/div>\n\n\n\n<p><\/p>\n","protected":false},"excerpt":{"rendered":"<p>Peinture Ado Danielle Mar\u00e9chal NOUVEAU Pour les jeunes de 10 \u00e0 15 ans D\u00e9veloppes tes capacit\u00e9s artistiques \u00e0 partir de multiples techniques de peinture. Cr\u00e9e ton \u0153uvre sur toile ou sur textile ou sur basket&nbsp;! D\u00e9but des cours le 24 septembre 2025 Jour Mercredi Horaire 15h45 \u00e0 17h15 Tarif base Tarif VLB Adh\u00e9sion au Club [&hellip;]<\/p>\n","protected":false},"author":1,"featured_media":0,"parent":0,"menu_order":0,"comment_status":"closed","ping_status":"closed","template":"","meta":{"_uag_custom_page_level_css":"","footnotes":""},"class_list":["post-8626","page","type-page","status-publish","hentry","entry"],"yoast_head":"<!-- This site is optimized with the Yoast SEO plugin v27.4 - https:\/\/yoast.com\/product\/yoast-seo-wordpress\/ -->\n<title>Peinture Ado - Club ABC<\/title>\n<meta name=\"robots\" content=\"index, follow, max-snippet:-1, max-image-preview:large, max-video-preview:-1\" \/>\n<link rel=\"canonical\" href=\"https:\/\/club-abc.fr\/index.php\/peinture-ados\/\" \/>\n<meta property=\"og:locale\" content=\"fr_FR\" \/>\n<meta property=\"og:type\" content=\"article\" \/>\n<meta property=\"og:title\" content=\"Peinture Ado - Club ABC\" \/>\n<meta property=\"og:description\" content=\"Peinture Ado Danielle Mar\u00e9chal NOUVEAU Pour les jeunes de 10 \u00e0 15 ans D\u00e9veloppes tes capacit\u00e9s artistiques \u00e0 partir de multiples techniques de peinture. Cr\u00e9e ton \u0153uvre sur toile ou sur textile ou sur basket&nbsp;! D\u00e9but des cours le 24 septembre 2025 Jour Mercredi Horaire 15h45 \u00e0 17h15 Tarif base Tarif VLB Adh\u00e9sion au Club [&hellip;]\" \/>\n<meta property=\"og:url\" content=\"https:\/\/club-abc.fr\/index.php\/peinture-ados\/\" \/>\n<meta property=\"og:site_name\" content=\"Club ABC\" \/>\n<meta property=\"article:modified_time\" content=\"2025-07-09T12:28:55+00:00\" \/>\n<meta property=\"og:image\" content=\"https:\/\/club-abc.fr\/wp-content\/uploads\/2025\/04\/Vignettes-peinture-ado.png\" \/>\n<meta name=\"twitter:card\" content=\"summary_large_image\" \/>\n<meta name=\"twitter:label1\" content=\"Dur\u00e9e de lecture estim\u00e9e\" \/>\n\t<meta name=\"twitter:data1\" content=\"2 minutes\" \/>\n<script type=\"application\/ld+json\" class=\"yoast-schema-graph\">{\"@context\":\"https:\\\/\\\/schema.org\",\"@graph\":[{\"@type\":\"WebPage\",\"@id\":\"https:\\\/\\\/club-abc.fr\\\/index.php\\\/peinture-ados\\\/\",\"url\":\"https:\\\/\\\/club-abc.fr\\\/index.php\\\/peinture-ados\\\/\",\"name\":\"Peinture Ado - Club ABC\",\"isPartOf\":{\"@id\":\"https:\\\/\\\/club-abc.fr\\\/#website\"},\"primaryImageOfPage\":{\"@id\":\"https:\\\/\\\/club-abc.fr\\\/index.php\\\/peinture-ados\\\/#primaryimage\"},\"image\":{\"@id\":\"https:\\\/\\\/club-abc.fr\\\/index.php\\\/peinture-ados\\\/#primaryimage\"},\"thumbnailUrl\":\"https:\\\/\\\/club-abc.fr\\\/wp-content\\\/uploads\\\/2025\\\/04\\\/Vignettes-peinture-ado.png\",\"datePublished\":\"2025-04-17T19:42:45+00:00\",\"dateModified\":\"2025-07-09T12:28:55+00:00\",\"breadcrumb\":{\"@id\":\"https:\\\/\\\/club-abc.fr\\\/index.php\\\/peinture-ados\\\/#breadcrumb\"},\"inLanguage\":\"fr-FR\",\"potentialAction\":[{\"@type\":\"ReadAction\",\"target\":[\"https:\\\/\\\/club-abc.fr\\\/index.php\\\/peinture-ados\\\/\"]}]},{\"@type\":\"ImageObject\",\"inLanguage\":\"fr-FR\",\"@id\":\"https:\\\/\\\/club-abc.fr\\\/index.php\\\/peinture-ados\\\/#primaryimage\",\"url\":\"https:\\\/\\\/club-abc.fr\\\/wp-content\\\/uploads\\\/2025\\\/04\\\/Vignettes-peinture-ado.png\",\"contentUrl\":\"https:\\\/\\\/club-abc.fr\\\/wp-content\\\/uploads\\\/2025\\\/04\\\/Vignettes-peinture-ado.png\",\"width\":600,\"height\":450},{\"@type\":\"BreadcrumbList\",\"@id\":\"https:\\\/\\\/club-abc.fr\\\/index.php\\\/peinture-ados\\\/#breadcrumb\",\"itemListElement\":[{\"@type\":\"ListItem\",\"position\":1,\"name\":\"Accueil\",\"item\":\"https:\\\/\\\/club-abc.fr\\\/\"},{\"@type\":\"ListItem\",\"position\":2,\"name\":\"Peinture Ado\"}]},{\"@type\":\"WebSite\",\"@id\":\"https:\\\/\\\/club-abc.fr\\\/#website\",\"url\":\"https:\\\/\\\/club-abc.fr\\\/\",\"name\":\"Club ABC\",\"description\":\"Le club de vos loisirs\",\"publisher\":{\"@id\":\"https:\\\/\\\/club-abc.fr\\\/#organization\"},\"potentialAction\":[{\"@type\":\"SearchAction\",\"target\":{\"@type\":\"EntryPoint\",\"urlTemplate\":\"https:\\\/\\\/club-abc.fr\\\/?s={search_term_string}\"},\"query-input\":{\"@type\":\"PropertyValueSpecification\",\"valueRequired\":true,\"valueName\":\"search_term_string\"}}],\"inLanguage\":\"fr-FR\"},{\"@type\":\"Organization\",\"@id\":\"https:\\\/\\\/club-abc.fr\\\/#organization\",\"name\":\"Club ABC\",\"url\":\"https:\\\/\\\/club-abc.fr\\\/\",\"logo\":{\"@type\":\"ImageObject\",\"inLanguage\":\"fr-FR\",\"@id\":\"https:\\\/\\\/club-abc.fr\\\/#\\\/schema\\\/logo\\\/image\\\/\",\"url\":\"https:\\\/\\\/club-abc.fr\\\/wp-content\\\/uploads\\\/2023\\\/05\\\/cropped-Logo_Club-ABC.png\",\"contentUrl\":\"https:\\\/\\\/club-abc.fr\\\/wp-content\\\/uploads\\\/2023\\\/05\\\/cropped-Logo_Club-ABC.png\",\"width\":5100,\"height\":1658,\"caption\":\"Club ABC\"},\"image\":{\"@id\":\"https:\\\/\\\/club-abc.fr\\\/#\\\/schema\\\/logo\\\/image\\\/\"}}]}<\/script>\n<!-- \/ Yoast SEO plugin. -->","yoast_head_json":{"title":"Peinture Ado - Club ABC","robots":{"index":"index","follow":"follow","max-snippet":"max-snippet:-1","max-image-preview":"max-image-preview:large","max-video-preview":"max-video-preview:-1"},"canonical":"https:\/\/club-abc.fr\/index.php\/peinture-ados\/","og_locale":"fr_FR","og_type":"article","og_title":"Peinture Ado - Club ABC","og_description":"Peinture Ado Danielle Mar\u00e9chal NOUVEAU Pour les jeunes de 10 \u00e0 15 ans D\u00e9veloppes tes capacit\u00e9s artistiques \u00e0 partir de multiples techniques de peinture. Cr\u00e9e ton \u0153uvre sur toile ou sur textile ou sur basket&nbsp;! D\u00e9but des cours le 24 septembre 2025 Jour Mercredi Horaire 15h45 \u00e0 17h15 Tarif base Tarif VLB Adh\u00e9sion au Club [&hellip;]","og_url":"https:\/\/club-abc.fr\/index.php\/peinture-ados\/","og_site_name":"Club ABC","article_modified_time":"2025-07-09T12:28:55+00:00","og_image":[{"url":"https:\/\/club-abc.fr\/wp-content\/uploads\/2025\/04\/Vignettes-peinture-ado.png","type":"","width":"","height":""}],"twitter_card":"summary_large_image","twitter_misc":{"Dur\u00e9e de lecture estim\u00e9e":"2 minutes"},"schema":{"@context":"https:\/\/schema.org","@graph":[{"@type":"WebPage","@id":"https:\/\/club-abc.fr\/index.php\/peinture-ados\/","url":"https:\/\/club-abc.fr\/index.php\/peinture-ados\/","name":"Peinture Ado - Club ABC","isPartOf":{"@id":"https:\/\/club-abc.fr\/#website"},"primaryImageOfPage":{"@id":"https:\/\/club-abc.fr\/index.php\/peinture-ados\/#primaryimage"},"image":{"@id":"https:\/\/club-abc.fr\/index.php\/peinture-ados\/#primaryimage"},"thumbnailUrl":"https:\/\/club-abc.fr\/wp-content\/uploads\/2025\/04\/Vignettes-peinture-ado.png","datePublished":"2025-04-17T19:42:45+00:00","dateModified":"2025-07-09T12:28:55+00:00","breadcrumb":{"@id":"https:\/\/club-abc.fr\/index.php\/peinture-ados\/#breadcrumb"},"inLanguage":"fr-FR","potentialAction":[{"@type":"ReadAction","target":["https:\/\/club-abc.fr\/index.php\/peinture-ados\/"]}]},{"@type":"ImageObject","inLanguage":"fr-FR","@id":"https:\/\/club-abc.fr\/index.php\/peinture-ados\/#primaryimage","url":"https:\/\/club-abc.fr\/wp-content\/uploads\/2025\/04\/Vignettes-peinture-ado.png","contentUrl":"https:\/\/club-abc.fr\/wp-content\/uploads\/2025\/04\/Vignettes-peinture-ado.png","width":600,"height":450},{"@type":"BreadcrumbList","@id":"https:\/\/club-abc.fr\/index.php\/peinture-ados\/#breadcrumb","itemListElement":[{"@type":"ListItem","position":1,"name":"Accueil","item":"https:\/\/club-abc.fr\/"},{"@type":"ListItem","position":2,"name":"Peinture Ado"}]},{"@type":"WebSite","@id":"https:\/\/club-abc.fr\/#website","url":"https:\/\/club-abc.fr\/","name":"Club ABC","description":"Le club de vos loisirs","publisher":{"@id":"https:\/\/club-abc.fr\/#organization"},"potentialAction":[{"@type":"SearchAction","target":{"@type":"EntryPoint","urlTemplate":"https:\/\/club-abc.fr\/?s={search_term_string}"},"query-input":{"@type":"PropertyValueSpecification","valueRequired":true,"valueName":"search_term_string"}}],"inLanguage":"fr-FR"},{"@type":"Organization","@id":"https:\/\/club-abc.fr\/#organization","name":"Club ABC","url":"https:\/\/club-abc.fr\/","logo":{"@type":"ImageObject","inLanguage":"fr-FR","@id":"https:\/\/club-abc.fr\/#\/schema\/logo\/image\/","url":"https:\/\/club-abc.fr\/wp-content\/uploads\/2023\/05\/cropped-Logo_Club-ABC.png","contentUrl":"https:\/\/club-abc.fr\/wp-content\/uploads\/2023\/05\/cropped-Logo_Club-ABC.png","width":5100,"height":1658,"caption":"Club ABC"},"image":{"@id":"https:\/\/club-abc.fr\/#\/schema\/logo\/image\/"}}]}},"featured_image_src":null,"featured_image_src_square":null,"uagb_featured_image_src":{"full":false,"thumbnail":false,"medium":false,"medium_large":false,"large":false,"1536x1536":false,"2048x2048":false,"ocean-thumb-m":false,"ocean-thumb-ml":false,"ocean-thumb-l":false,"ab-block-post-grid-landscape":false,"ab-block-post-grid-square":false},"uagb_author_info":{"display_name":"admin6119","author_link":"https:\/\/club-abc.fr\/index.php\/author\/admin6119\/"},"uagb_comment_info":0,"uagb_excerpt":"Peinture Ado Danielle Mar\u00e9chal NOUVEAU Pour les jeunes de 10 \u00e0 15 ans D\u00e9veloppes tes capacit\u00e9s artistiques \u00e0 partir de multiples techniques de peinture. Cr\u00e9e ton \u0153uvre sur toile ou sur textile ou sur basket&nbsp;! D\u00e9but des cours le 24 septembre 2025 Jour Mercredi Horaire 15h45 \u00e0 17h15 Tarif base Tarif VLB Adh\u00e9sion au Club\u2026","jetpack_sharing_enabled":true,"_links":{"self":[{"href":"https:\/\/club-abc.fr\/index.php\/wp-json\/wp\/v2\/pages\/8626","targetHints":{"allow":["GET"]}}],"collection":[{"href":"https:\/\/club-abc.fr\/index.php\/wp-json\/wp\/v2\/pages"}],"about":[{"href":"https:\/\/club-abc.fr\/index.php\/wp-json\/wp\/v2\/types\/page"}],"author":[{"embeddable":true,"href":"https:\/\/club-abc.fr\/index.php\/wp-json\/wp\/v2\/users\/1"}],"replies":[{"embeddable":true,"href":"https:\/\/club-abc.fr\/index.php\/wp-json\/wp\/v2\/comments?post=8626"}],"version-history":[{"count":0,"href":"https:\/\/club-abc.fr\/index.php\/wp-json\/wp\/v2\/pages\/8626\/revisions"}],"wp:attachment":[{"href":"https:\/\/club-abc.fr\/index.php\/wp-json\/wp\/v2\/media?parent=8626"}],"curies":[{"name":"wp","href":"https:\/\/api.w.org\/{rel}","templated":true}]}}