{"id":8612,"date":"2025-04-17T21:18:39","date_gmt":"2025-04-17T19:18:39","guid":{"rendered":"https:\/\/club-abc.fr\/?page_id=8612"},"modified":"2025-07-20T18:00:39","modified_gmt":"2025-07-20T16:00:39","slug":"couture-ado","status":"publish","type":"page","link":"https:\/\/club-abc.fr\/index.php\/couture-ado\/","title":{"rendered":"Couture Ado"},"content":{"rendered":"\n<div class=\"wp-block-uagb-container uagb-block-dd4817dd alignfull uagb-is-root-container\"><div class=\"uagb-container-inner-blocks-wrap\">\n<div class=\"wp-block-uagb-container uagb-block-7de0200c\">\n<div class=\"wp-block-uagb-image uagb-block-1b4af3b6 wp-block-uagb-image--layout-default wp-block-uagb-image--effect-static wp-block-uagb-image--align-none\"><figure class=\"wp-block-uagb-image__figure\"><img loading=\"lazy\" decoding=\"async\" srcset=\"https:\/\/club-abc.fr\/wp-content\/uploads\/2025\/04\/Vignettes-site-web-couture-Ado.png ,https:\/\/club-abc.fr\/wp-content\/uploads\/2025\/04\/Vignettes-site-web-couture-Ado.png 780w, https:\/\/club-abc.fr\/wp-content\/uploads\/2025\/04\/Vignettes-site-web-couture-Ado.png 360w\" sizes=\"auto, (max-width: 480px) 150px\" src=\"https:\/\/club-abc.fr\/wp-content\/uploads\/2025\/04\/Vignettes-site-web-couture-Ado.png\" alt=\"\" class=\"uag-image-8589\" width=\"1024\" height=\"768\" title=\"Vignettes site web couture Ado\" loading=\"lazy\" role=\"img\"\/><\/figure><\/div>\n\n\n\n<div style=\"height:42px\" aria-hidden=\"true\" class=\"wp-block-spacer\"><\/div>\n\n\n\n<div class=\"wp-block-buttons alignwide is-content-justification-center is-layout-flex wp-container-core-buttons-is-layout-16018d1d wp-block-buttons-is-layout-flex\">\n<div class=\"wp-block-button\"><a class=\"wp-block-button__link has-white-color has-text-color has-background has-link-color wp-element-button\" href=\"https:\/\/club-abc.monclub.app\/app?showPrefilters=true&amp;selectedMembership=68012926e61773179d13f344&amp;step=1&amp;selectedSlots=6801276c55aef30a908bfc19&amp;waitingSlots=&amp;childSubscription=true\" style=\"background-color:#ff8c8c\">Je m&rsquo;inscris<\/a><\/div>\n<\/div>\n<\/div>\n\n\n\n<div class=\"wp-block-uagb-container uagb-block-767aa894\">\n<h1 class=\"wp-block-heading has-text-color has-x-large-font-size\" style=\"color:#004aad;font-style:normal;font-weight:600;letter-spacing:1px\">Couture Ado<\/h1>\n\n\n\n<h4 class=\"wp-block-heading has-large-font-size\">Magalie Bak<\/h4>\n\n\n\n<div class=\"wp-block-uagb-container uagb-block-6ce266a2\">\n<p class=\"has-text-align-center has-white-color has-text-color has-background has-link-color has-medium-font-size wp-elements-f9ac42be46bf2fccb846283c8d343f35\" style=\"background-color:#084aad\"><strong>NOUVEAU<\/strong><\/p>\n<\/div>\n\n\n\n<div class=\"wp-block-uagb-advanced-heading uagb-block-8878793a\"><p class=\"uagb-heading-text\">Pour les jeunes de 12 \u00e0 17 ans<\/p><\/div>\n\n\n\n<p class=\"has-medium-font-size\">Apprend \u00e0 coudre \u00e0 la main et \u00e0 la machine. <br>Cr\u00e9e ton style sur un v\u00eatement ou\u00a0un\u00a0accessoire.<\/p>\n<\/div>\n<\/div><\/div>\n\n\n\n<p class=\"has-text-align-center\">D\u00e9but des cours le 24 septembre 2025<\/p>\n\n\n\n<div class=\"wp-block-columns alignwide is-layout-flex wp-container-core-columns-is-layout-829b1d53 wp-block-columns-is-layout-flex\" style=\"margin-bottom:0\">\n<div class=\"wp-block-column has-white-background-color has-text-color has-background has-link-color wp-elements-e0b3c6cad03b101e91e99e0cbe0936c9 is-layout-flow wp-block-column-is-layout-flow\" style=\"color:#000000;padding-top:2em;padding-right:2em;padding-bottom:2em;padding-left:2em\">\n<h2 class=\"wp-block-heading has-text-align-center\" id=\"single\" style=\"font-size:30px;font-style:normal;font-weight:400\">Jour<\/h2>\n\n\n\n<p class=\"has-text-align-center\">Mercredi<\/p>\n<\/div>\n\n\n\n<div class=\"wp-block-column has-white-background-color has-text-color has-background has-link-color wp-elements-33550f71d6941f2a60cb2bcebf7cd668 is-layout-flow wp-block-column-is-layout-flow\" style=\"color:#000000;padding-top:2em;padding-right:2em;padding-bottom:2em;padding-left:2em\">\n<h2 class=\"wp-block-heading has-text-align-center\" id=\"family\" style=\"font-size:30px;font-style:normal;font-weight:400\">Horaires<\/h2>\n\n\n\n<p class=\"has-text-align-center\" style=\"font-size:18px;line-height:1.5\">15h45 \u00e0 17h15<\/p>\n<\/div>\n\n\n\n<div class=\"wp-block-column has-white-background-color has-text-color has-background has-link-color wp-elements-9062a9d412117c49ae3a9297ef370f30 is-layout-flow wp-block-column-is-layout-flow\" style=\"color:#000000;padding-top:2em;padding-right:2em;padding-bottom:2em;padding-left:2em\">\n<h2 class=\"wp-block-heading has-text-align-center\" id=\"family\" style=\"font-size:30px;font-style:normal;font-weight:400\">Tarif base<\/h2>\n\n\n\n<div class=\"wp-block-buttons is-content-justification-center is-layout-flex wp-container-core-buttons-is-layout-16018d1d wp-block-buttons-is-layout-flex\">\n<div class=\"wp-block-button\"><a class=\"wp-block-button__link has-white-color has-text-color has-background has-text-align-center has-custom-font-size wp-element-button\" style=\"background-color:#084aad;font-size:16px\">308 \u20ac<\/a><\/div>\n<\/div>\n<\/div>\n\n\n\n<div class=\"wp-block-column has-white-background-color has-text-color has-background has-link-color wp-elements-3eb5dd681b28254284e4c6990bbb7494 is-layout-flow wp-block-column-is-layout-flow\" style=\"color:#000000;padding-top:2em;padding-right:2em;padding-bottom:2em;padding-left:2em\">\n<h2 class=\"wp-block-heading has-text-align-center\" id=\"family\" style=\"font-size:30px;font-style:normal;font-weight:400\">Tarif VLB<\/h2>\n\n\n\n<div class=\"wp-block-buttons is-content-justification-center is-layout-flex wp-container-core-buttons-is-layout-16018d1d wp-block-buttons-is-layout-flex\">\n<div class=\"wp-block-button\"><a class=\"wp-block-button__link has-white-color has-text-color has-background has-text-align-center has-custom-font-size wp-element-button\" style=\"background-color:#084aad;font-size:16px\">280 \u20ac<\/a><\/div>\n<\/div>\n<\/div>\n<\/div>\n\n\n\n<div class=\"wp-block-uagb-container uagb-block-91fad89f alignfull uagb-is-root-container\"><div class=\"uagb-container-inner-blocks-wrap\">\n<div class=\"wp-block-uagb-container uagb-block-aa6913ef\">\n<p class=\"has-text-align-right\">Adh\u00e9sion au Club ABC en sus<\/p>\n<\/div>\n\n\n\n<div class=\"wp-block-uagb-container uagb-block-8dbcb338\">\n<div class=\"wp-block-uagb-buttons uagb-buttons__outer-wrap uagb-btn__default-btn uagb-btn-tablet__default-btn uagb-btn-mobile__default-btn uagb-block-9a250918\"><div class=\"uagb-buttons__wrap uagb-buttons-layout-wrap \">\n<div class=\"wp-block-uagb-buttons-child uagb-buttons__outer-wrap uagb-block-bcf31824 wp-block-button\"><div class=\"uagb-button__wrapper\"><a class=\"uagb-buttons-repeater wp-block-button__link\" aria-label=\"\" href=\"#\" rel=\"follow noopener\" target=\"_self\" role=\"button\"><div class=\"uagb-button__link\">16\u20ac<\/div><\/a><\/div><\/div>\n<\/div><\/div>\n<\/div>\n<\/div><\/div>\n\n\n\n<div class=\"wp-block-columns is-layout-flex wp-container-core-columns-is-layout-9d6595d7 wp-block-columns-is-layout-flex\">\n<div class=\"wp-block-column is-layout-flow wp-block-column-is-layout-flow\" style=\"flex-basis:100%\">\n<div class=\"wp-block-uagb-info-box uagb-block-28bb34ec uagb-infobox__content-wrap  uagb-infobox-icon-above-title uagb-infobox-image-valign-top\"><div class=\"uagb-ifb-content\"><div class=\"uagb-ifb-title-wrap\"><h3 class=\"uagb-ifb-title\">Lieu<\/h3><\/div><p class=\"uagb-ifb-desc\">Le Relais &#8211; 64 rue d&rsquo;Estienne d&rsquo;Orves &#8211; 91370 Verri\u00e8res le Buisson<\/p><div class=\"uagb-ifb-button-wrapper wp-block-button\"><a href=\"#\" target=\"_self\" onclick=\"return false;\" class=\"uagb-infobox-cta-link\" rel=\"noopener noreferrer\"><span class=\"uagb-inline-editing\"><\/span><svg xmlns=\"https:\/\/www.w3.org\/2000\/svg\" viewBox=\"0 0 512 512\"><path d=\"M504.3 273.6l-112.1 104c-6.992 6.484-17.18 8.218-25.94 4.406c-8.758-3.812-14.42-12.45-14.42-21.1L351.9 288H32C14.33 288 .0002 273.7 .0002 255.1S14.33 224 32 224h319.9l0-72c0-9.547 5.66-18.19 14.42-22c8.754-3.809 18.95-2.075 25.94 4.41l112.1 104C514.6 247.9 514.6 264.1 504.3 273.6z\"><\/path><\/svg><\/a><\/div><\/div><\/div>\n<\/div>\n<\/div>\n\n\n\n<div class=\"wp-block-columns is-layout-flex wp-container-core-columns-is-layout-9d6595d7 wp-block-columns-is-layout-flex\">\n<div class=\"wp-block-column is-layout-flow wp-block-column-is-layout-flow\" style=\"flex-basis:100%\"><\/div>\n<\/div>\n\n\n\n<figure class=\"wp-block-gallery has-nested-images columns-default is-cropped wp-block-gallery-1 is-layout-flex wp-block-gallery-is-layout-flex\">\n<figure class=\"wp-block-image size-large\"><img decoding=\"async\" data-id=\"8641\" src=\"https:\/\/club-abc.fr\/wp-content\/uploads\/2025\/04\/Couture-Ado-10-1.jpg\" alt=\"\" class=\"wp-image-8641\"\/><\/figure>\n\n\n\n<figure class=\"wp-block-image size-large\"><img fetchpriority=\"high\" decoding=\"async\" width=\"1024\" height=\"683\" data-id=\"8638\" src=\"https:\/\/club-abc.fr\/wp-content\/uploads\/2025\/04\/Couture-Ado-7-1-1024x683.jpg\" alt=\"\" class=\"wp-image-8638\" srcset=\"https:\/\/club-abc.fr\/wp-content\/uploads\/2025\/04\/Couture-Ado-7-1-1024x683.jpg 1024w, https:\/\/club-abc.fr\/wp-content\/uploads\/2025\/04\/Couture-Ado-7-1-300x200.jpg 300w, https:\/\/club-abc.fr\/wp-content\/uploads\/2025\/04\/Couture-Ado-7-1-768x512.jpg 768w\" sizes=\"(max-width: 1024px) 100vw, 1024px\" \/><\/figure>\n\n\n\n<figure class=\"wp-block-image size-large\"><img decoding=\"async\" width=\"1024\" height=\"683\" data-id=\"8637\" src=\"https:\/\/club-abc.fr\/wp-content\/uploads\/2025\/04\/Couture-Ado-6-1-1024x683.jpg\" alt=\"\" class=\"wp-image-8637\" srcset=\"https:\/\/club-abc.fr\/wp-content\/uploads\/2025\/04\/Couture-Ado-6-1-1024x683.jpg 1024w, https:\/\/club-abc.fr\/wp-content\/uploads\/2025\/04\/Couture-Ado-6-1-300x200.jpg 300w, https:\/\/club-abc.fr\/wp-content\/uploads\/2025\/04\/Couture-Ado-6-1-768x512.jpg 768w, https:\/\/club-abc.fr\/wp-content\/uploads\/2025\/04\/Couture-Ado-6-1-1536x1024.jpg 1536w, https:\/\/club-abc.fr\/wp-content\/uploads\/2025\/04\/Couture-Ado-6-1-2048x1365.jpg 2048w, https:\/\/club-abc.fr\/wp-content\/uploads\/2025\/04\/Couture-Ado-6-1-600x400.jpg 600w\" sizes=\"(max-width: 1024px) 100vw, 1024px\" \/><\/figure>\n\n\n\n<figure class=\"wp-block-image size-large\"><img decoding=\"async\" width=\"1024\" height=\"1004\" data-id=\"8633\" src=\"https:\/\/club-abc.fr\/wp-content\/uploads\/2025\/04\/Couture-Ado-2-1-1024x1004.jpg\" alt=\"\" class=\"wp-image-8633\" srcset=\"https:\/\/club-abc.fr\/wp-content\/uploads\/2025\/04\/Couture-Ado-2-1-1024x1004.jpg 1024w, https:\/\/club-abc.fr\/wp-content\/uploads\/2025\/04\/Couture-Ado-2-1-300x294.jpg 300w, https:\/\/club-abc.fr\/wp-content\/uploads\/2025\/04\/Couture-Ado-2-1-768x753.jpg 768w, https:\/\/club-abc.fr\/wp-content\/uploads\/2025\/04\/Couture-Ado-2-1-1536x1506.jpg 1536w, https:\/\/club-abc.fr\/wp-content\/uploads\/2025\/04\/Couture-Ado-2-1-2048x2007.jpg 2048w\" sizes=\"(max-width: 1024px) 100vw, 1024px\" \/><\/figure>\n\n\n\n<figure class=\"wp-block-image size-large\"><img decoding=\"async\" data-id=\"8632\" src=\"https:\/\/club-abc.fr\/wp-content\/uploads\/2025\/04\/Couture-Ado-1-1.jpg\" alt=\"\" class=\"wp-image-8632\"\/><\/figure>\n\n\n\n<figure class=\"wp-block-image size-large\"><img loading=\"lazy\" decoding=\"async\" width=\"1024\" height=\"684\" data-id=\"8619\" src=\"https:\/\/club-abc.fr\/wp-content\/uploads\/2025\/04\/Couture-Ado-5-1024x684.jpg\" alt=\"\" class=\"wp-image-8619\" srcset=\"https:\/\/club-abc.fr\/wp-content\/uploads\/2025\/04\/Couture-Ado-5-1024x684.jpg 1024w, https:\/\/club-abc.fr\/wp-content\/uploads\/2025\/04\/Couture-Ado-5-300x200.jpg 300w, https:\/\/club-abc.fr\/wp-content\/uploads\/2025\/04\/Couture-Ado-5-768x513.jpg 768w, https:\/\/club-abc.fr\/wp-content\/uploads\/2025\/04\/Couture-Ado-5-1536x1025.jpg 1536w, https:\/\/club-abc.fr\/wp-content\/uploads\/2025\/04\/Couture-Ado-5-2048x1367.jpg 2048w, https:\/\/club-abc.fr\/wp-content\/uploads\/2025\/04\/Couture-Ado-5-600x400.jpg 600w\" sizes=\"(max-width: 1024px) 100vw, 1024px\" \/><\/figure>\n<\/figure>\n\n\n\n<p><\/p>\n","protected":false},"excerpt":{"rendered":"<p>Couture Ado Magalie Bak NOUVEAU Pour les jeunes de 12 \u00e0 17 ans Apprend \u00e0 coudre \u00e0 la main et \u00e0 la machine. Cr\u00e9e ton style sur un v\u00eatement ou\u00a0un\u00a0accessoire. D\u00e9but des cours le 24 septembre 2025 Jour Mercredi Horaires 15h45 \u00e0 17h15 Tarif base Tarif VLB Adh\u00e9sion au Club ABC en sus<\/p>\n","protected":false},"author":1,"featured_media":0,"parent":0,"menu_order":0,"comment_status":"closed","ping_status":"closed","template":"","meta":{"_uag_custom_page_level_css":"","footnotes":""},"class_list":["post-8612","page","type-page","status-publish","hentry","entry"],"yoast_head":"<!-- This site is optimized with the Yoast SEO plugin v27.4 - https:\/\/yoast.com\/product\/yoast-seo-wordpress\/ -->\n<title>Couture Ado - Club ABC<\/title>\n<meta name=\"robots\" content=\"index, follow, max-snippet:-1, max-image-preview:large, max-video-preview:-1\" \/>\n<link rel=\"canonical\" href=\"https:\/\/club-abc.fr\/index.php\/couture-ado\/\" \/>\n<meta property=\"og:locale\" content=\"fr_FR\" \/>\n<meta property=\"og:type\" content=\"article\" \/>\n<meta property=\"og:title\" content=\"Couture Ado - Club ABC\" \/>\n<meta property=\"og:description\" content=\"Couture Ado Magalie Bak NOUVEAU Pour les jeunes de 12 \u00e0 17 ans Apprend \u00e0 coudre \u00e0 la main et \u00e0 la machine. Cr\u00e9e ton style sur un v\u00eatement ou\u00a0un\u00a0accessoire. D\u00e9but des cours le 24 septembre 2025 Jour Mercredi Horaires 15h45 \u00e0 17h15 Tarif base Tarif VLB Adh\u00e9sion au Club ABC en sus\" \/>\n<meta property=\"og:url\" content=\"https:\/\/club-abc.fr\/index.php\/couture-ado\/\" \/>\n<meta property=\"og:site_name\" content=\"Club ABC\" \/>\n<meta property=\"article:modified_time\" content=\"2025-07-20T16:00:39+00:00\" \/>\n<meta property=\"og:image\" content=\"https:\/\/club-abc.fr\/wp-content\/uploads\/2025\/04\/Vignettes-site-web-couture-Ado.png\" \/>\n<meta name=\"twitter:card\" content=\"summary_large_image\" \/>\n<meta name=\"twitter:label1\" content=\"Dur\u00e9e de lecture estim\u00e9e\" \/>\n\t<meta name=\"twitter:data1\" content=\"2 minutes\" \/>\n<script type=\"application\/ld+json\" class=\"yoast-schema-graph\">{\"@context\":\"https:\\\/\\\/schema.org\",\"@graph\":[{\"@type\":\"WebPage\",\"@id\":\"https:\\\/\\\/club-abc.fr\\\/index.php\\\/couture-ado\\\/\",\"url\":\"https:\\\/\\\/club-abc.fr\\\/index.php\\\/couture-ado\\\/\",\"name\":\"Couture Ado - Club ABC\",\"isPartOf\":{\"@id\":\"https:\\\/\\\/club-abc.fr\\\/#website\"},\"primaryImageOfPage\":{\"@id\":\"https:\\\/\\\/club-abc.fr\\\/index.php\\\/couture-ado\\\/#primaryimage\"},\"image\":{\"@id\":\"https:\\\/\\\/club-abc.fr\\\/index.php\\\/couture-ado\\\/#primaryimage\"},\"thumbnailUrl\":\"https:\\\/\\\/club-abc.fr\\\/wp-content\\\/uploads\\\/2025\\\/04\\\/Vignettes-site-web-couture-Ado.png\",\"datePublished\":\"2025-04-17T19:18:39+00:00\",\"dateModified\":\"2025-07-20T16:00:39+00:00\",\"breadcrumb\":{\"@id\":\"https:\\\/\\\/club-abc.fr\\\/index.php\\\/couture-ado\\\/#breadcrumb\"},\"inLanguage\":\"fr-FR\",\"potentialAction\":[{\"@type\":\"ReadAction\",\"target\":[\"https:\\\/\\\/club-abc.fr\\\/index.php\\\/couture-ado\\\/\"]}]},{\"@type\":\"ImageObject\",\"inLanguage\":\"fr-FR\",\"@id\":\"https:\\\/\\\/club-abc.fr\\\/index.php\\\/couture-ado\\\/#primaryimage\",\"url\":\"https:\\\/\\\/club-abc.fr\\\/wp-content\\\/uploads\\\/2025\\\/04\\\/Vignettes-site-web-couture-Ado.png\",\"contentUrl\":\"https:\\\/\\\/club-abc.fr\\\/wp-content\\\/uploads\\\/2025\\\/04\\\/Vignettes-site-web-couture-Ado.png\",\"width\":600,\"height\":450},{\"@type\":\"BreadcrumbList\",\"@id\":\"https:\\\/\\\/club-abc.fr\\\/index.php\\\/couture-ado\\\/#breadcrumb\",\"itemListElement\":[{\"@type\":\"ListItem\",\"position\":1,\"name\":\"Accueil\",\"item\":\"https:\\\/\\\/club-abc.fr\\\/\"},{\"@type\":\"ListItem\",\"position\":2,\"name\":\"Couture Ado\"}]},{\"@type\":\"WebSite\",\"@id\":\"https:\\\/\\\/club-abc.fr\\\/#website\",\"url\":\"https:\\\/\\\/club-abc.fr\\\/\",\"name\":\"Club ABC\",\"description\":\"Le club de vos loisirs\",\"publisher\":{\"@id\":\"https:\\\/\\\/club-abc.fr\\\/#organization\"},\"potentialAction\":[{\"@type\":\"SearchAction\",\"target\":{\"@type\":\"EntryPoint\",\"urlTemplate\":\"https:\\\/\\\/club-abc.fr\\\/?s={search_term_string}\"},\"query-input\":{\"@type\":\"PropertyValueSpecification\",\"valueRequired\":true,\"valueName\":\"search_term_string\"}}],\"inLanguage\":\"fr-FR\"},{\"@type\":\"Organization\",\"@id\":\"https:\\\/\\\/club-abc.fr\\\/#organization\",\"name\":\"Club ABC\",\"url\":\"https:\\\/\\\/club-abc.fr\\\/\",\"logo\":{\"@type\":\"ImageObject\",\"inLanguage\":\"fr-FR\",\"@id\":\"https:\\\/\\\/club-abc.fr\\\/#\\\/schema\\\/logo\\\/image\\\/\",\"url\":\"https:\\\/\\\/club-abc.fr\\\/wp-content\\\/uploads\\\/2023\\\/05\\\/cropped-Logo_Club-ABC.png\",\"contentUrl\":\"https:\\\/\\\/club-abc.fr\\\/wp-content\\\/uploads\\\/2023\\\/05\\\/cropped-Logo_Club-ABC.png\",\"width\":5100,\"height\":1658,\"caption\":\"Club ABC\"},\"image\":{\"@id\":\"https:\\\/\\\/club-abc.fr\\\/#\\\/schema\\\/logo\\\/image\\\/\"}}]}<\/script>\n<!-- \/ Yoast SEO plugin. -->","yoast_head_json":{"title":"Couture Ado - Club ABC","robots":{"index":"index","follow":"follow","max-snippet":"max-snippet:-1","max-image-preview":"max-image-preview:large","max-video-preview":"max-video-preview:-1"},"canonical":"https:\/\/club-abc.fr\/index.php\/couture-ado\/","og_locale":"fr_FR","og_type":"article","og_title":"Couture Ado - Club ABC","og_description":"Couture Ado Magalie Bak NOUVEAU Pour les jeunes de 12 \u00e0 17 ans Apprend \u00e0 coudre \u00e0 la main et \u00e0 la machine. Cr\u00e9e ton style sur un v\u00eatement ou\u00a0un\u00a0accessoire. D\u00e9but des cours le 24 septembre 2025 Jour Mercredi Horaires 15h45 \u00e0 17h15 Tarif base Tarif VLB Adh\u00e9sion au Club ABC en sus","og_url":"https:\/\/club-abc.fr\/index.php\/couture-ado\/","og_site_name":"Club ABC","article_modified_time":"2025-07-20T16:00:39+00:00","og_image":[{"url":"https:\/\/club-abc.fr\/wp-content\/uploads\/2025\/04\/Vignettes-site-web-couture-Ado.png","type":"","width":"","height":""}],"twitter_card":"summary_large_image","twitter_misc":{"Dur\u00e9e de lecture estim\u00e9e":"2 minutes"},"schema":{"@context":"https:\/\/schema.org","@graph":[{"@type":"WebPage","@id":"https:\/\/club-abc.fr\/index.php\/couture-ado\/","url":"https:\/\/club-abc.fr\/index.php\/couture-ado\/","name":"Couture Ado - Club ABC","isPartOf":{"@id":"https:\/\/club-abc.fr\/#website"},"primaryImageOfPage":{"@id":"https:\/\/club-abc.fr\/index.php\/couture-ado\/#primaryimage"},"image":{"@id":"https:\/\/club-abc.fr\/index.php\/couture-ado\/#primaryimage"},"thumbnailUrl":"https:\/\/club-abc.fr\/wp-content\/uploads\/2025\/04\/Vignettes-site-web-couture-Ado.png","datePublished":"2025-04-17T19:18:39+00:00","dateModified":"2025-07-20T16:00:39+00:00","breadcrumb":{"@id":"https:\/\/club-abc.fr\/index.php\/couture-ado\/#breadcrumb"},"inLanguage":"fr-FR","potentialAction":[{"@type":"ReadAction","target":["https:\/\/club-abc.fr\/index.php\/couture-ado\/"]}]},{"@type":"ImageObject","inLanguage":"fr-FR","@id":"https:\/\/club-abc.fr\/index.php\/couture-ado\/#primaryimage","url":"https:\/\/club-abc.fr\/wp-content\/uploads\/2025\/04\/Vignettes-site-web-couture-Ado.png","contentUrl":"https:\/\/club-abc.fr\/wp-content\/uploads\/2025\/04\/Vignettes-site-web-couture-Ado.png","width":600,"height":450},{"@type":"BreadcrumbList","@id":"https:\/\/club-abc.fr\/index.php\/couture-ado\/#breadcrumb","itemListElement":[{"@type":"ListItem","position":1,"name":"Accueil","item":"https:\/\/club-abc.fr\/"},{"@type":"ListItem","position":2,"name":"Couture Ado"}]},{"@type":"WebSite","@id":"https:\/\/club-abc.fr\/#website","url":"https:\/\/club-abc.fr\/","name":"Club ABC","description":"Le club de vos loisirs","publisher":{"@id":"https:\/\/club-abc.fr\/#organization"},"potentialAction":[{"@type":"SearchAction","target":{"@type":"EntryPoint","urlTemplate":"https:\/\/club-abc.fr\/?s={search_term_string}"},"query-input":{"@type":"PropertyValueSpecification","valueRequired":true,"valueName":"search_term_string"}}],"inLanguage":"fr-FR"},{"@type":"Organization","@id":"https:\/\/club-abc.fr\/#organization","name":"Club ABC","url":"https:\/\/club-abc.fr\/","logo":{"@type":"ImageObject","inLanguage":"fr-FR","@id":"https:\/\/club-abc.fr\/#\/schema\/logo\/image\/","url":"https:\/\/club-abc.fr\/wp-content\/uploads\/2023\/05\/cropped-Logo_Club-ABC.png","contentUrl":"https:\/\/club-abc.fr\/wp-content\/uploads\/2023\/05\/cropped-Logo_Club-ABC.png","width":5100,"height":1658,"caption":"Club ABC"},"image":{"@id":"https:\/\/club-abc.fr\/#\/schema\/logo\/image\/"}}]}},"featured_image_src":null,"featured_image_src_square":null,"uagb_featured_image_src":{"full":false,"thumbnail":false,"medium":false,"medium_large":false,"large":false,"1536x1536":false,"2048x2048":false,"ocean-thumb-m":false,"ocean-thumb-ml":false,"ocean-thumb-l":false,"ab-block-post-grid-landscape":false,"ab-block-post-grid-square":false},"uagb_author_info":{"display_name":"admin6119","author_link":"https:\/\/club-abc.fr\/index.php\/author\/admin6119\/"},"uagb_comment_info":0,"uagb_excerpt":"Couture Ado Magalie Bak NOUVEAU Pour les jeunes de 12 \u00e0 17 ans Apprend \u00e0 coudre \u00e0 la main et \u00e0 la machine. Cr\u00e9e ton style sur un v\u00eatement ou\u00a0un\u00a0accessoire. D\u00e9but des cours le 24 septembre 2025 Jour Mercredi Horaires 15h45 \u00e0 17h15 Tarif base Tarif VLB Adh\u00e9sion au Club ABC en sus","jetpack_sharing_enabled":true,"_links":{"self":[{"href":"https:\/\/club-abc.fr\/index.php\/wp-json\/wp\/v2\/pages\/8612","targetHints":{"allow":["GET"]}}],"collection":[{"href":"https:\/\/club-abc.fr\/index.php\/wp-json\/wp\/v2\/pages"}],"about":[{"href":"https:\/\/club-abc.fr\/index.php\/wp-json\/wp\/v2\/types\/page"}],"author":[{"embeddable":true,"href":"https:\/\/club-abc.fr\/index.php\/wp-json\/wp\/v2\/users\/1"}],"replies":[{"embeddable":true,"href":"https:\/\/club-abc.fr\/index.php\/wp-json\/wp\/v2\/comments?post=8612"}],"version-history":[{"count":0,"href":"https:\/\/club-abc.fr\/index.php\/wp-json\/wp\/v2\/pages\/8612\/revisions"}],"wp:attachment":[{"href":"https:\/\/club-abc.fr\/index.php\/wp-json\/wp\/v2\/media?parent=8612"}],"curies":[{"name":"wp","href":"https:\/\/api.w.org\/{rel}","templated":true}]}}