{"id":8432,"date":"2025-04-13T21:49:18","date_gmt":"2025-04-13T19:49:18","guid":{"rendered":"https:\/\/club-abc.fr\/?page_id=8432"},"modified":"2025-07-07T16:42:58","modified_gmt":"2025-07-07T14:42:58","slug":"arts-decoratifs","status":"publish","type":"page","link":"https:\/\/club-abc.fr\/index.php\/arts-decoratifs\/","title":{"rendered":"Arts d\u00e9coratifs"},"content":{"rendered":"\n<div class=\"wp-block-uagb-container uagb-block-0d79c06d alignfull uagb-is-root-container\"><div class=\"uagb-container-inner-blocks-wrap\">\n<div class=\"wp-block-uagb-container uagb-block-bf0fd15c\">\n<div class=\"wp-block-uagb-image uagb-block-867c42db wp-block-uagb-image--layout-default wp-block-uagb-image--effect-static wp-block-uagb-image--align-none\"><figure class=\"wp-block-uagb-image__figure\"><img loading=\"lazy\" decoding=\"async\" srcset=\"https:\/\/club-abc.fr\/wp-content\/uploads\/2025\/04\/Vignettes_Arts-decoratifs.jpg ,https:\/\/club-abc.fr\/wp-content\/uploads\/2025\/04\/Vignettes_Arts-decoratifs.jpg 780w, https:\/\/club-abc.fr\/wp-content\/uploads\/2025\/04\/Vignettes_Arts-decoratifs.jpg 360w\" sizes=\"auto, (max-width: 480px) 150px\" src=\"https:\/\/club-abc.fr\/wp-content\/uploads\/2025\/04\/Vignettes_Arts-decoratifs.jpg\" alt=\"\" class=\"uag-image-8430\" width=\"800\" height=\"599\" title=\"Vignettes_Arts-d\u00e9coratifs\" loading=\"lazy\" role=\"img\"\/><\/figure><\/div>\n\n\n\n<div style=\"height:38px\" aria-hidden=\"true\" class=\"wp-block-spacer\"><\/div>\n\n\n\n<div class=\"wp-block-uagb-container uagb-block-f94bfa83\">\n<div class=\"wp-block-uagb-buttons uagb-buttons__outer-wrap uagb-btn__default-btn uagb-btn-tablet__default-btn uagb-btn-mobile__default-btn uagb-block-05fe3008\"><div class=\"uagb-buttons__wrap uagb-buttons-layout-wrap \">\n<div class=\"wp-block-uagb-buttons-child uagb-buttons__outer-wrap uagb-block-1cebec8d wp-block-button\" id=\"https:\/\/club-abc.fr\/index.php\/inscription\/\"><div class=\"uagb-button__wrapper\"><a class=\"uagb-buttons-repeater wp-block-button__link\" aria-label=\"\" href=\"https:\/\/club-abc.monclub.app\/app?selectedMembership=680360683fa7c57ea47850a0&amp;step=1&amp;selectedSlots=68035dd087d9cdc1ef0fb949&amp;waitingSlots=&amp;childSubscription=false\" rel=\"follow noopener\" target=\"_blank\" role=\"button\"><div class=\"uagb-button__link\">Je m&rsquo;inscris<\/div><\/a><\/div><\/div>\n<\/div><\/div>\n<\/div>\n<\/div>\n\n\n\n<div class=\"wp-block-uagb-container uagb-block-666d0167\">\n<h1 class=\"wp-block-heading has-text-color has-x-large-font-size\" style=\"color:#004aad;font-style:normal;font-weight:600;letter-spacing:1px\">Arts d\u00e9coratifs &#8211; Nouveau cours<\/h1>\n\n\n\n<h4 class=\"wp-block-heading has-large-font-size\">Danielle Mar\u00e9chal<\/h4>\n\n\n\n<div class=\"wp-block-uagb-advanced-heading uagb-block-f48a7d8b\"><p class=\"uagb-desc-text\">Transformez vos objets du quotidien en objets d\u2019art&nbsp;!<br><br>D\u00e9coration sur diff\u00e9rentes mati\u00e8res (cuir, tissu, bois, ardoises, fa\u00efence&#8230;) avec des peintures sp\u00e9ciales ou des pates de modelage.<\/p><\/div>\n<\/div>\n<\/div><\/div>\n\n\n\n<div class=\"wp-block-uagb-info-box uagb-block-366009d8 uagb-infobox__content-wrap  uagb-infobox-icon-above-title uagb-infobox-image-valign-top\"><div class=\"uagb-ifb-content\"><div class=\"uagb-ifb-title-wrap\"><\/div><p class=\"uagb-ifb-desc\">D\u00e9but des cours le mercredi 24 septembre 2025<\/p><\/div><\/div>\n\n\n\n<div class=\"wp-block-uagb-info-box uagb-block-3e91fe51 uagb-infobox__content-wrap  uagb-infobox-icon-above-title uagb-infobox-image-valign-top\"><div class=\"uagb-ifb-content\"><div class=\"uagb-ifb-title-wrap\"><h3 class=\"uagb-ifb-title\">Mercredi<\/h3><\/div><p class=\"uagb-ifb-desc\">17h30 \u00e0 19h30<\/p><\/div><\/div>\n\n\n\n<div class=\"wp-block-uagb-info-box uagb-block-efdf4e2d uagb-infobox__content-wrap  uagb-infobox-icon-above-title uagb-infobox-image-valign-top\"><div class=\"uagb-ifb-content\"><div class=\"uagb-ifb-title-wrap\"><h3 class=\"uagb-ifb-title\">Lieu<\/h3><\/div><p class=\"uagb-ifb-desc\">64 rue d\u2019Estiennes d\u2019Orves \u2013 91370 Verri\u00e8res le Buisson<\/p><\/div><\/div>\n\n\n\n<div class=\"wp-block-uagb-container uagb-block-53cc43af alignfull uagb-is-root-container\"><div class=\"uagb-container-inner-blocks-wrap\">\n<div class=\"wp-block-uagb-container uagb-block-4b1476c2\">\n<h1 class=\"wp-block-heading has-text-align-center\">Tarif de base<\/h1>\n\n\n\n<div class=\"wp-block-uagb-buttons uagb-buttons__outer-wrap uagb-btn__default-btn uagb-btn-tablet__default-btn uagb-btn-mobile__default-btn uagb-block-4d8b076c\"><div class=\"uagb-buttons__wrap uagb-buttons-layout-wrap \">\n<div class=\"wp-block-uagb-buttons-child uagb-buttons__outer-wrap uagb-block-c29195e2 wp-block-button\"><div class=\"uagb-button__wrapper\"><a class=\"uagb-buttons-repeater wp-block-button__link\" aria-label=\"\" href=\"#\" rel=\"follow noopener\" target=\"_self\" role=\"button\"><div class=\"uagb-button__link\">391 \u20ac<\/div><\/a><\/div><\/div>\n<\/div><\/div>\n<\/div>\n\n\n\n<div class=\"wp-block-uagb-container uagb-block-ba2764f6\">\n<h1 class=\"wp-block-heading has-text-align-center\">Tarif VLB<\/h1>\n\n\n\n<div class=\"wp-block-uagb-buttons uagb-buttons__outer-wrap uagb-btn__default-btn uagb-btn-tablet__default-btn uagb-btn-mobile__default-btn uagb-block-cc9fbe04\"><div class=\"uagb-buttons__wrap uagb-buttons-layout-wrap \">\n<div class=\"wp-block-uagb-buttons-child uagb-buttons__outer-wrap uagb-block-ad945362 wp-block-button\"><div class=\"uagb-button__wrapper\"><a class=\"uagb-buttons-repeater wp-block-button__link\" aria-label=\"\" href=\"#\" rel=\"follow noopener\" target=\"_self\" role=\"button\"><div class=\"uagb-button__link\">355 \u20ac<\/div><\/a><\/div><\/div>\n<\/div><\/div>\n<\/div>\n\n\n\n<div class=\"wp-block-uagb-container uagb-block-567f24ed\">\n<h1 class=\"wp-block-heading has-text-align-center\">Adh\u00e9sion annuelle<\/h1>\n\n\n\n<div class=\"wp-block-uagb-buttons uagb-buttons__outer-wrap uagb-btn__default-btn uagb-btn-tablet__default-btn uagb-btn-mobile__default-btn uagb-block-8cf12207\"><div class=\"uagb-buttons__wrap uagb-buttons-layout-wrap \">\n<div class=\"wp-block-uagb-buttons-child uagb-buttons__outer-wrap uagb-block-9a1748c0 wp-block-button\"><div class=\"uagb-button__wrapper\"><a class=\"uagb-buttons-repeater wp-block-button__link\" aria-label=\"\" href=\"#\" rel=\"follow noopener\" target=\"_self\" role=\"button\"><div class=\"uagb-button__link\">32 \u20ac<\/div><\/a><\/div><\/div>\n<\/div><\/div>\n<\/div>\n<\/div><\/div>\n\n\n\n<figure class=\"wp-block-gallery has-nested-images columns-default is-cropped wp-block-gallery-1 is-layout-flex wp-block-gallery-is-layout-flex\">\n<figure class=\"wp-block-image size-full\"><img fetchpriority=\"high\" decoding=\"async\" width=\"2048\" height=\"2048\" data-id=\"8450\" src=\"https:\/\/club-abc.fr\/wp-content\/uploads\/2025\/04\/Gemini_Generated_Image_npnqv4npnqv4npnq.jpg\" alt=\"\" class=\"wp-image-8450\" srcset=\"https:\/\/club-abc.fr\/wp-content\/uploads\/2025\/04\/Gemini_Generated_Image_npnqv4npnqv4npnq.jpg 2048w, https:\/\/club-abc.fr\/wp-content\/uploads\/2025\/04\/Gemini_Generated_Image_npnqv4npnqv4npnq-300x300.jpg 300w, https:\/\/club-abc.fr\/wp-content\/uploads\/2025\/04\/Gemini_Generated_Image_npnqv4npnqv4npnq-1024x1024.jpg 1024w, https:\/\/club-abc.fr\/wp-content\/uploads\/2025\/04\/Gemini_Generated_Image_npnqv4npnqv4npnq-150x150.jpg 150w, https:\/\/club-abc.fr\/wp-content\/uploads\/2025\/04\/Gemini_Generated_Image_npnqv4npnqv4npnq-768x768.jpg 768w, https:\/\/club-abc.fr\/wp-content\/uploads\/2025\/04\/Gemini_Generated_Image_npnqv4npnqv4npnq-1536x1536.jpg 1536w, https:\/\/club-abc.fr\/wp-content\/uploads\/2025\/04\/Gemini_Generated_Image_npnqv4npnqv4npnq-600x600.jpg 600w\" sizes=\"(max-width: 2048px) 100vw, 2048px\" \/><\/figure>\n\n\n\n<figure class=\"wp-block-image size-large\"><img decoding=\"async\" data-id=\"8441\" src=\"https:\/\/club-abc.fr\/wp-content\/uploads\/2025\/04\/still-life-paint-materiales.jpg\" alt=\"\" class=\"wp-image-8441\"\/><\/figure>\n\n\n\n<figure class=\"wp-block-image size-large\"><img decoding=\"async\" width=\"1024\" height=\"1024\" data-id=\"8451\" src=\"https:\/\/club-abc.fr\/wp-content\/uploads\/2025\/04\/club-ABC_coussin-art-deco-1024x1024.jpg\" alt=\"\" class=\"wp-image-8451\" srcset=\"https:\/\/club-abc.fr\/wp-content\/uploads\/2025\/04\/club-ABC_coussin-art-deco-1024x1024.jpg 1024w, https:\/\/club-abc.fr\/wp-content\/uploads\/2025\/04\/club-ABC_coussin-art-deco-300x300.jpg 300w, https:\/\/club-abc.fr\/wp-content\/uploads\/2025\/04\/club-ABC_coussin-art-deco-150x150.jpg 150w, https:\/\/club-abc.fr\/wp-content\/uploads\/2025\/04\/club-ABC_coussin-art-deco-768x768.jpg 768w, https:\/\/club-abc.fr\/wp-content\/uploads\/2025\/04\/club-ABC_coussin-art-deco-1536x1536.jpg 1536w, https:\/\/club-abc.fr\/wp-content\/uploads\/2025\/04\/club-ABC_coussin-art-deco-600x600.jpg 600w, https:\/\/club-abc.fr\/wp-content\/uploads\/2025\/04\/club-ABC_coussin-art-deco.jpg 2048w\" sizes=\"(max-width: 1024px) 100vw, 1024px\" \/><\/figure>\n\n\n\n<figure class=\"wp-block-image size-full\"><img decoding=\"async\" data-id=\"8443\" src=\"https:\/\/club-abc.fr\/wp-content\/uploads\/2025\/04\/high-angle-artistic-painting-creation.jpg\" alt=\"\" class=\"wp-image-8443\"\/><\/figure>\n\n\n\n<figure class=\"wp-block-image size-large\"><img decoding=\"async\" width=\"512\" height=\"1024\" data-id=\"8585\" src=\"https:\/\/club-abc.fr\/wp-content\/uploads\/2025\/04\/freepik__the-style-is-candid-image-photography-with-natural__26238-512x1024.png\" alt=\"\" class=\"wp-image-8585\" srcset=\"https:\/\/club-abc.fr\/wp-content\/uploads\/2025\/04\/freepik__the-style-is-candid-image-photography-with-natural__26238-512x1024.png 512w, https:\/\/club-abc.fr\/wp-content\/uploads\/2025\/04\/freepik__the-style-is-candid-image-photography-with-natural__26238-150x300.png 150w, https:\/\/club-abc.fr\/wp-content\/uploads\/2025\/04\/freepik__the-style-is-candid-image-photography-with-natural__26238.png 704w\" sizes=\"(max-width: 512px) 100vw, 512px\" \/><\/figure>\n\n\n\n<figure class=\"wp-block-image size-large\"><img loading=\"lazy\" decoding=\"async\" width=\"512\" height=\"1024\" data-id=\"8586\" src=\"https:\/\/club-abc.fr\/wp-content\/uploads\/2025\/04\/freepik__the-style-is-candid-image-photography-with-natural__26240-512x1024.jpeg\" alt=\"\" class=\"wp-image-8586\" srcset=\"https:\/\/club-abc.fr\/wp-content\/uploads\/2025\/04\/freepik__the-style-is-candid-image-photography-with-natural__26240-512x1024.jpeg 512w, https:\/\/club-abc.fr\/wp-content\/uploads\/2025\/04\/freepik__the-style-is-candid-image-photography-with-natural__26240-150x300.jpeg 150w, https:\/\/club-abc.fr\/wp-content\/uploads\/2025\/04\/freepik__the-style-is-candid-image-photography-with-natural__26240.jpeg 704w\" sizes=\"(max-width: 512px) 100vw, 512px\" \/><\/figure>\n\n\n\n<figure class=\"wp-block-image size-large\"><img loading=\"lazy\" decoding=\"async\" width=\"512\" height=\"1024\" data-id=\"8584\" src=\"https:\/\/club-abc.fr\/wp-content\/uploads\/2025\/04\/freepik__the-style-is-candid-image-photography-with-natural__26237-512x1024.jpeg\" alt=\"\" class=\"wp-image-8584\" srcset=\"https:\/\/club-abc.fr\/wp-content\/uploads\/2025\/04\/freepik__the-style-is-candid-image-photography-with-natural__26237-512x1024.jpeg 512w, https:\/\/club-abc.fr\/wp-content\/uploads\/2025\/04\/freepik__the-style-is-candid-image-photography-with-natural__26237-150x300.jpeg 150w, https:\/\/club-abc.fr\/wp-content\/uploads\/2025\/04\/freepik__the-style-is-candid-image-photography-with-natural__26237.jpeg 704w\" sizes=\"(max-width: 512px) 100vw, 512px\" \/><\/figure>\n<\/figure>\n\n\n\n<p><\/p>\n","protected":false},"excerpt":{"rendered":"<p>Arts d\u00e9coratifs &#8211; Nouveau cours Danielle Mar\u00e9chal Transformez vos objets du quotidien en objets d\u2019art&nbsp;! D\u00e9coration sur diff\u00e9rentes mati\u00e8res (cuir, tissu, bois, ardoises, fa\u00efence&#8230;) avec des peintures sp\u00e9ciales ou des pates de modelage. Tarif de base Tarif VLB Adh\u00e9sion annuelle<\/p>\n","protected":false},"author":1,"featured_media":0,"parent":0,"menu_order":0,"comment_status":"closed","ping_status":"closed","template":"","meta":{"_uag_custom_page_level_css":"","footnotes":""},"class_list":["post-8432","page","type-page","status-publish","hentry","entry"],"yoast_head":"<!-- This site is optimized with the Yoast SEO plugin v27.5 - https:\/\/yoast.com\/product\/yoast-seo-wordpress\/ -->\n<title>Arts d\u00e9coratifs - Club ABC<\/title>\n<meta name=\"robots\" content=\"index, follow, max-snippet:-1, max-image-preview:large, max-video-preview:-1\" \/>\n<link rel=\"canonical\" href=\"https:\/\/club-abc.fr\/index.php\/arts-decoratifs\/\" \/>\n<meta property=\"og:locale\" content=\"fr_FR\" \/>\n<meta property=\"og:type\" content=\"article\" \/>\n<meta property=\"og:title\" content=\"Arts d\u00e9coratifs - Club ABC\" \/>\n<meta property=\"og:description\" content=\"Arts d\u00e9coratifs &#8211; Nouveau cours Danielle Mar\u00e9chal Transformez vos objets du quotidien en objets d\u2019art&nbsp;! D\u00e9coration sur diff\u00e9rentes mati\u00e8res (cuir, tissu, bois, ardoises, fa\u00efence&#8230;) avec des peintures sp\u00e9ciales ou des pates de modelage. Tarif de base Tarif VLB Adh\u00e9sion annuelle\" \/>\n<meta property=\"og:url\" content=\"https:\/\/club-abc.fr\/index.php\/arts-decoratifs\/\" \/>\n<meta property=\"og:site_name\" content=\"Club ABC\" \/>\n<meta property=\"article:modified_time\" content=\"2025-07-07T14:42:58+00:00\" \/>\n<meta property=\"og:image\" content=\"https:\/\/club-abc.fr\/wp-content\/uploads\/2025\/04\/Vignettes_Arts-decoratifs.jpg\" \/>\n<meta name=\"twitter:card\" content=\"summary_large_image\" \/>\n<meta name=\"twitter:label1\" content=\"Dur\u00e9e de lecture estim\u00e9e\" \/>\n\t<meta name=\"twitter:data1\" content=\"2 minutes\" \/>\n<script type=\"application\/ld+json\" class=\"yoast-schema-graph\">{\"@context\":\"https:\\\/\\\/schema.org\",\"@graph\":[{\"@type\":\"WebPage\",\"@id\":\"https:\\\/\\\/club-abc.fr\\\/index.php\\\/arts-decoratifs\\\/\",\"url\":\"https:\\\/\\\/club-abc.fr\\\/index.php\\\/arts-decoratifs\\\/\",\"name\":\"Arts d\u00e9coratifs - Club ABC\",\"isPartOf\":{\"@id\":\"https:\\\/\\\/club-abc.fr\\\/#website\"},\"primaryImageOfPage\":{\"@id\":\"https:\\\/\\\/club-abc.fr\\\/index.php\\\/arts-decoratifs\\\/#primaryimage\"},\"image\":{\"@id\":\"https:\\\/\\\/club-abc.fr\\\/index.php\\\/arts-decoratifs\\\/#primaryimage\"},\"thumbnailUrl\":\"https:\\\/\\\/club-abc.fr\\\/wp-content\\\/uploads\\\/2025\\\/04\\\/Vignettes_Arts-decoratifs.jpg\",\"datePublished\":\"2025-04-13T19:49:18+00:00\",\"dateModified\":\"2025-07-07T14:42:58+00:00\",\"breadcrumb\":{\"@id\":\"https:\\\/\\\/club-abc.fr\\\/index.php\\\/arts-decoratifs\\\/#breadcrumb\"},\"inLanguage\":\"fr-FR\",\"potentialAction\":[{\"@type\":\"ReadAction\",\"target\":[\"https:\\\/\\\/club-abc.fr\\\/index.php\\\/arts-decoratifs\\\/\"]}]},{\"@type\":\"ImageObject\",\"inLanguage\":\"fr-FR\",\"@id\":\"https:\\\/\\\/club-abc.fr\\\/index.php\\\/arts-decoratifs\\\/#primaryimage\",\"url\":\"https:\\\/\\\/club-abc.fr\\\/wp-content\\\/uploads\\\/2025\\\/04\\\/Vignettes_Arts-decoratifs.jpg\",\"contentUrl\":\"https:\\\/\\\/club-abc.fr\\\/wp-content\\\/uploads\\\/2025\\\/04\\\/Vignettes_Arts-decoratifs.jpg\",\"width\":600,\"height\":450},{\"@type\":\"BreadcrumbList\",\"@id\":\"https:\\\/\\\/club-abc.fr\\\/index.php\\\/arts-decoratifs\\\/#breadcrumb\",\"itemListElement\":[{\"@type\":\"ListItem\",\"position\":1,\"name\":\"Accueil\",\"item\":\"https:\\\/\\\/club-abc.fr\\\/\"},{\"@type\":\"ListItem\",\"position\":2,\"name\":\"Arts d\u00e9coratifs\"}]},{\"@type\":\"WebSite\",\"@id\":\"https:\\\/\\\/club-abc.fr\\\/#website\",\"url\":\"https:\\\/\\\/club-abc.fr\\\/\",\"name\":\"Club ABC\",\"description\":\"Le club de vos loisirs\",\"publisher\":{\"@id\":\"https:\\\/\\\/club-abc.fr\\\/#organization\"},\"potentialAction\":[{\"@type\":\"SearchAction\",\"target\":{\"@type\":\"EntryPoint\",\"urlTemplate\":\"https:\\\/\\\/club-abc.fr\\\/?s={search_term_string}\"},\"query-input\":{\"@type\":\"PropertyValueSpecification\",\"valueRequired\":true,\"valueName\":\"search_term_string\"}}],\"inLanguage\":\"fr-FR\"},{\"@type\":\"Organization\",\"@id\":\"https:\\\/\\\/club-abc.fr\\\/#organization\",\"name\":\"Club ABC\",\"url\":\"https:\\\/\\\/club-abc.fr\\\/\",\"logo\":{\"@type\":\"ImageObject\",\"inLanguage\":\"fr-FR\",\"@id\":\"https:\\\/\\\/club-abc.fr\\\/#\\\/schema\\\/logo\\\/image\\\/\",\"url\":\"https:\\\/\\\/club-abc.fr\\\/wp-content\\\/uploads\\\/2023\\\/05\\\/cropped-Logo_Club-ABC.png\",\"contentUrl\":\"https:\\\/\\\/club-abc.fr\\\/wp-content\\\/uploads\\\/2023\\\/05\\\/cropped-Logo_Club-ABC.png\",\"width\":5100,\"height\":1658,\"caption\":\"Club ABC\"},\"image\":{\"@id\":\"https:\\\/\\\/club-abc.fr\\\/#\\\/schema\\\/logo\\\/image\\\/\"}}]}<\/script>\n<!-- \/ Yoast SEO plugin. -->","yoast_head_json":{"title":"Arts d\u00e9coratifs - Club ABC","robots":{"index":"index","follow":"follow","max-snippet":"max-snippet:-1","max-image-preview":"max-image-preview:large","max-video-preview":"max-video-preview:-1"},"canonical":"https:\/\/club-abc.fr\/index.php\/arts-decoratifs\/","og_locale":"fr_FR","og_type":"article","og_title":"Arts d\u00e9coratifs - Club ABC","og_description":"Arts d\u00e9coratifs &#8211; Nouveau cours Danielle Mar\u00e9chal Transformez vos objets du quotidien en objets d\u2019art&nbsp;! D\u00e9coration sur diff\u00e9rentes mati\u00e8res (cuir, tissu, bois, ardoises, fa\u00efence&#8230;) avec des peintures sp\u00e9ciales ou des pates de modelage. Tarif de base Tarif VLB Adh\u00e9sion annuelle","og_url":"https:\/\/club-abc.fr\/index.php\/arts-decoratifs\/","og_site_name":"Club ABC","article_modified_time":"2025-07-07T14:42:58+00:00","og_image":[{"url":"https:\/\/club-abc.fr\/wp-content\/uploads\/2025\/04\/Vignettes_Arts-decoratifs.jpg","type":"","width":"","height":""}],"twitter_card":"summary_large_image","twitter_misc":{"Dur\u00e9e de lecture estim\u00e9e":"2 minutes"},"schema":{"@context":"https:\/\/schema.org","@graph":[{"@type":"WebPage","@id":"https:\/\/club-abc.fr\/index.php\/arts-decoratifs\/","url":"https:\/\/club-abc.fr\/index.php\/arts-decoratifs\/","name":"Arts d\u00e9coratifs - Club ABC","isPartOf":{"@id":"https:\/\/club-abc.fr\/#website"},"primaryImageOfPage":{"@id":"https:\/\/club-abc.fr\/index.php\/arts-decoratifs\/#primaryimage"},"image":{"@id":"https:\/\/club-abc.fr\/index.php\/arts-decoratifs\/#primaryimage"},"thumbnailUrl":"https:\/\/club-abc.fr\/wp-content\/uploads\/2025\/04\/Vignettes_Arts-decoratifs.jpg","datePublished":"2025-04-13T19:49:18+00:00","dateModified":"2025-07-07T14:42:58+00:00","breadcrumb":{"@id":"https:\/\/club-abc.fr\/index.php\/arts-decoratifs\/#breadcrumb"},"inLanguage":"fr-FR","potentialAction":[{"@type":"ReadAction","target":["https:\/\/club-abc.fr\/index.php\/arts-decoratifs\/"]}]},{"@type":"ImageObject","inLanguage":"fr-FR","@id":"https:\/\/club-abc.fr\/index.php\/arts-decoratifs\/#primaryimage","url":"https:\/\/club-abc.fr\/wp-content\/uploads\/2025\/04\/Vignettes_Arts-decoratifs.jpg","contentUrl":"https:\/\/club-abc.fr\/wp-content\/uploads\/2025\/04\/Vignettes_Arts-decoratifs.jpg","width":600,"height":450},{"@type":"BreadcrumbList","@id":"https:\/\/club-abc.fr\/index.php\/arts-decoratifs\/#breadcrumb","itemListElement":[{"@type":"ListItem","position":1,"name":"Accueil","item":"https:\/\/club-abc.fr\/"},{"@type":"ListItem","position":2,"name":"Arts d\u00e9coratifs"}]},{"@type":"WebSite","@id":"https:\/\/club-abc.fr\/#website","url":"https:\/\/club-abc.fr\/","name":"Club ABC","description":"Le club de vos loisirs","publisher":{"@id":"https:\/\/club-abc.fr\/#organization"},"potentialAction":[{"@type":"SearchAction","target":{"@type":"EntryPoint","urlTemplate":"https:\/\/club-abc.fr\/?s={search_term_string}"},"query-input":{"@type":"PropertyValueSpecification","valueRequired":true,"valueName":"search_term_string"}}],"inLanguage":"fr-FR"},{"@type":"Organization","@id":"https:\/\/club-abc.fr\/#organization","name":"Club ABC","url":"https:\/\/club-abc.fr\/","logo":{"@type":"ImageObject","inLanguage":"fr-FR","@id":"https:\/\/club-abc.fr\/#\/schema\/logo\/image\/","url":"https:\/\/club-abc.fr\/wp-content\/uploads\/2023\/05\/cropped-Logo_Club-ABC.png","contentUrl":"https:\/\/club-abc.fr\/wp-content\/uploads\/2023\/05\/cropped-Logo_Club-ABC.png","width":5100,"height":1658,"caption":"Club ABC"},"image":{"@id":"https:\/\/club-abc.fr\/#\/schema\/logo\/image\/"}}]}},"featured_image_src":null,"featured_image_src_square":null,"uagb_featured_image_src":{"full":false,"thumbnail":false,"medium":false,"medium_large":false,"large":false,"1536x1536":false,"2048x2048":false,"ocean-thumb-m":false,"ocean-thumb-ml":false,"ocean-thumb-l":false,"ab-block-post-grid-landscape":false,"ab-block-post-grid-square":false},"uagb_author_info":{"display_name":"admin6119","author_link":"https:\/\/club-abc.fr\/index.php\/author\/admin6119\/"},"uagb_comment_info":0,"uagb_excerpt":"Arts d\u00e9coratifs &#8211; Nouveau cours Danielle Mar\u00e9chal Transformez vos objets du quotidien en objets d\u2019art&nbsp;! D\u00e9coration sur diff\u00e9rentes mati\u00e8res (cuir, tissu, bois, ardoises, fa\u00efence&#8230;) avec des peintures sp\u00e9ciales ou des pates de modelage. Tarif de base Tarif VLB Adh\u00e9sion annuelle","jetpack_sharing_enabled":true,"_links":{"self":[{"href":"https:\/\/club-abc.fr\/index.php\/wp-json\/wp\/v2\/pages\/8432","targetHints":{"allow":["GET"]}}],"collection":[{"href":"https:\/\/club-abc.fr\/index.php\/wp-json\/wp\/v2\/pages"}],"about":[{"href":"https:\/\/club-abc.fr\/index.php\/wp-json\/wp\/v2\/types\/page"}],"author":[{"embeddable":true,"href":"https:\/\/club-abc.fr\/index.php\/wp-json\/wp\/v2\/users\/1"}],"replies":[{"embeddable":true,"href":"https:\/\/club-abc.fr\/index.php\/wp-json\/wp\/v2\/comments?post=8432"}],"version-history":[{"count":0,"href":"https:\/\/club-abc.fr\/index.php\/wp-json\/wp\/v2\/pages\/8432\/revisions"}],"wp:attachment":[{"href":"https:\/\/club-abc.fr\/index.php\/wp-json\/wp\/v2\/media?parent=8432"}],"curies":[{"name":"wp","href":"https:\/\/api.w.org\/{rel}","templated":true}]}}