{"id":7389,"date":"2025-01-23T00:31:49","date_gmt":"2025-01-22T23:31:49","guid":{"rendered":"https:\/\/club-abc.fr\/?page_id=7389"},"modified":"2026-03-25T08:15:08","modified_gmt":"2026-03-25T07:15:08","slug":"langues","status":"publish","type":"page","link":"https:\/\/club-abc.fr\/index.php\/langues\/","title":{"rendered":"LANGUES"},"content":{"rendered":"\t\t<div data-elementor-type=\"wp-page\" data-elementor-id=\"7389\" class=\"elementor elementor-7389\">\n\t\t\t\t\t\t<section class=\"elementor-section elementor-top-section elementor-element elementor-element-5ac3dc1 elementor-section-boxed elementor-section-height-default elementor-section-height-default\" data-id=\"5ac3dc1\" data-element_type=\"section\" data-e-type=\"section\">\n\t\t\t\t\t\t<div class=\"elementor-container elementor-column-gap-default\">\n\t\t\t\t\t<div class=\"elementor-column elementor-col-50 elementor-top-column elementor-element elementor-element-c5c8b69\" data-id=\"c5c8b69\" data-element_type=\"column\" data-e-type=\"column\">\n\t\t\t<div class=\"elementor-widget-wrap elementor-element-populated\">\n\t\t\t\t\t\t<div class=\"elementor-element elementor-element-0bdd850 elementor-invisible elementor-widget elementor-widget-image\" data-id=\"0bdd850\" data-element_type=\"widget\" data-e-type=\"widget\" data-settings=\"{&quot;_animation&quot;:&quot;zoomIn&quot;}\" data-widget_type=\"image.default\">\n\t\t\t\t<div class=\"elementor-widget-container\">\n\t\t\t\t\t\t\t\t\t\t\t\t\t\t\t\t<a href=\"https:\/\/club-abc.fr\/index.php\/anglais\/\" target=\"_blank\">\n\t\t\t\t\t\t\t<img fetchpriority=\"high\" decoding=\"async\" width=\"600\" height=\"450\" src=\"https:\/\/club-abc.fr\/wp-content\/uploads\/2026\/03\/Vignettes_Langues_Anglais.jpg\" class=\"elementor-animation-grow attachment-large size-large wp-image-10373\" alt=\"\" srcset=\"https:\/\/club-abc.fr\/wp-content\/uploads\/2026\/03\/Vignettes_Langues_Anglais.jpg 600w, https:\/\/club-abc.fr\/wp-content\/uploads\/2026\/03\/Vignettes_Langues_Anglais-300x225.jpg 300w\" sizes=\"(max-width: 600px) 100vw, 600px\" \/>\t\t\t\t\t\t\t\t<\/a>\n\t\t\t\t\t\t\t\t\t\t\t\t\t\t\t<\/div>\n\t\t\t\t<\/div>\n\t\t\t\t\t<\/div>\n\t\t<\/div>\n\t\t\t\t<div class=\"elementor-column elementor-col-50 elementor-top-column elementor-element elementor-element-e7f9f66\" data-id=\"e7f9f66\" data-element_type=\"column\" data-e-type=\"column\">\n\t\t\t<div class=\"elementor-widget-wrap elementor-element-populated\">\n\t\t\t\t\t\t<div class=\"elementor-element elementor-element-56f6951 elementor-invisible elementor-widget elementor-widget-image\" data-id=\"56f6951\" data-element_type=\"widget\" data-e-type=\"widget\" data-settings=\"{&quot;_animation&quot;:&quot;zoomIn&quot;}\" data-widget_type=\"image.default\">\n\t\t\t\t<div class=\"elementor-widget-container\">\n\t\t\t\t\t\t\t\t\t\t\t\t\t\t\t\t<a href=\"https:\/\/club-abc.fr\/index.php\/allemand\/\" target=\"_blank\">\n\t\t\t\t\t\t\t<img decoding=\"async\" width=\"600\" height=\"450\" src=\"https:\/\/club-abc.fr\/wp-content\/uploads\/2026\/03\/Vignettes_Langues_Allemand.jpg\" class=\"elementor-animation-grow attachment-large size-large wp-image-10372\" alt=\"\" srcset=\"https:\/\/club-abc.fr\/wp-content\/uploads\/2026\/03\/Vignettes_Langues_Allemand.jpg 600w, https:\/\/club-abc.fr\/wp-content\/uploads\/2026\/03\/Vignettes_Langues_Allemand-300x225.jpg 300w\" sizes=\"(max-width: 600px) 100vw, 600px\" \/>\t\t\t\t\t\t\t\t<\/a>\n\t\t\t\t\t\t\t\t\t\t\t\t\t\t\t<\/div>\n\t\t\t\t<\/div>\n\t\t\t\t\t<\/div>\n\t\t<\/div>\n\t\t\t\t\t<\/div>\n\t\t<\/section>\n\t\t\t\t<section class=\"elementor-section elementor-top-section elementor-element elementor-element-a38cbcc elementor-section-boxed elementor-section-height-default elementor-section-height-default\" data-id=\"a38cbcc\" data-element_type=\"section\" data-e-type=\"section\">\n\t\t\t\t\t\t<div class=\"elementor-container elementor-column-gap-default\">\n\t\t\t\t\t<div class=\"elementor-column elementor-col-50 elementor-top-column elementor-element elementor-element-5cb732b\" data-id=\"5cb732b\" data-element_type=\"column\" data-e-type=\"column\">\n\t\t\t<div class=\"elementor-widget-wrap elementor-element-populated\">\n\t\t\t\t\t\t<div class=\"elementor-element elementor-element-b4df369 elementor-invisible elementor-widget elementor-widget-image\" data-id=\"b4df369\" data-element_type=\"widget\" data-e-type=\"widget\" data-settings=\"{&quot;_animation&quot;:&quot;zoomIn&quot;}\" data-widget_type=\"image.default\">\n\t\t\t\t<div class=\"elementor-widget-container\">\n\t\t\t\t\t\t\t\t\t\t\t\t\t\t\t\t<a href=\"https:\/\/club-abc.fr\/index.php\/espagnol\/\" target=\"_blank\">\n\t\t\t\t\t\t\t<img decoding=\"async\" width=\"600\" height=\"450\" src=\"https:\/\/club-abc.fr\/wp-content\/uploads\/2026\/03\/Vignettes_Langues_Espagnol.jpg\" class=\"elementor-animation-grow attachment-large size-large wp-image-10374\" alt=\"\" srcset=\"https:\/\/club-abc.fr\/wp-content\/uploads\/2026\/03\/Vignettes_Langues_Espagnol.jpg 600w, https:\/\/club-abc.fr\/wp-content\/uploads\/2026\/03\/Vignettes_Langues_Espagnol-300x225.jpg 300w\" sizes=\"(max-width: 600px) 100vw, 600px\" \/>\t\t\t\t\t\t\t\t<\/a>\n\t\t\t\t\t\t\t\t\t\t\t\t\t\t\t<\/div>\n\t\t\t\t<\/div>\n\t\t\t\t\t<\/div>\n\t\t<\/div>\n\t\t\t\t<div class=\"elementor-column elementor-col-50 elementor-top-column elementor-element elementor-element-ae48928\" data-id=\"ae48928\" data-element_type=\"column\" data-e-type=\"column\">\n\t\t\t<div class=\"elementor-widget-wrap elementor-element-populated\">\n\t\t\t\t\t\t<div class=\"elementor-element elementor-element-1dd1c00 elementor-invisible elementor-widget elementor-widget-image\" data-id=\"1dd1c00\" data-element_type=\"widget\" data-e-type=\"widget\" data-settings=\"{&quot;_animation&quot;:&quot;zoomIn&quot;}\" data-widget_type=\"image.default\">\n\t\t\t\t<div class=\"elementor-widget-container\">\n\t\t\t\t\t\t\t\t\t\t\t\t\t\t\t\t<a href=\"https:\/\/club-abc.fr\/index.php\/allemand\/\" target=\"_blank\">\n\t\t\t\t\t\t\t<img loading=\"lazy\" decoding=\"async\" width=\"600\" height=\"450\" src=\"https:\/\/club-abc.fr\/wp-content\/uploads\/2026\/03\/Vignettes_Langues_Italien2.jpg\" class=\"elementor-animation-grow attachment-large size-large wp-image-10401\" alt=\"\" srcset=\"https:\/\/club-abc.fr\/wp-content\/uploads\/2026\/03\/Vignettes_Langues_Italien2.jpg 600w, https:\/\/club-abc.fr\/wp-content\/uploads\/2026\/03\/Vignettes_Langues_Italien2-300x225.jpg 300w\" sizes=\"(max-width: 600px) 100vw, 600px\" \/>\t\t\t\t\t\t\t\t<\/a>\n\t\t\t\t\t\t\t\t\t\t\t\t\t\t\t<\/div>\n\t\t\t\t<\/div>\n\t\t\t\t\t<\/div>\n\t\t<\/div>\n\t\t\t\t\t<\/div>\n\t\t<\/section>\n\t\t\t\t<\/div>\n\t\t","protected":false},"excerpt":{"rendered":"","protected":false},"author":1,"featured_media":0,"parent":0,"menu_order":0,"comment_status":"closed","ping_status":"closed","template":"","meta":{"_uag_custom_page_level_css":"","footnotes":""},"class_list":["post-7389","page","type-page","status-publish","hentry","entry"],"yoast_head":"<!-- This site is optimized with the Yoast SEO plugin v27.4 - https:\/\/yoast.com\/product\/yoast-seo-wordpress\/ -->\n<title>LANGUES - Club ABC<\/title>\n<meta name=\"description\" content=\"Vous souhaitez rafra\u00eechir, entretenir ou renforcer vos connaissances en anglais, allemand, italien, espagnol ou portugais. Vous souhaitez progresser ou exceller dans l\u2019art de la conversation des langues \u00e9trang\u00e8res tout en vous amusant. Contactez le club ABC de Verri\u00e8re le Buisson.\" \/>\n<meta name=\"robots\" content=\"index, follow, max-snippet:-1, max-image-preview:large, max-video-preview:-1\" \/>\n<link rel=\"canonical\" href=\"https:\/\/club-abc.fr\/index.php\/langues\/\" \/>\n<meta property=\"og:locale\" content=\"fr_FR\" \/>\n<meta property=\"og:type\" content=\"article\" \/>\n<meta property=\"og:title\" content=\"LANGUES - Club ABC\" \/>\n<meta property=\"og:description\" content=\"Vous souhaitez rafra\u00eechir, entretenir ou renforcer vos connaissances en anglais, allemand, italien, espagnol ou portugais. Vous souhaitez progresser ou exceller dans l\u2019art de la conversation des langues \u00e9trang\u00e8res tout en vous amusant. Contactez le club ABC de Verri\u00e8re le Buisson.\" \/>\n<meta property=\"og:url\" content=\"https:\/\/club-abc.fr\/index.php\/langues\/\" \/>\n<meta property=\"og:site_name\" content=\"Club ABC\" \/>\n<meta property=\"article:modified_time\" content=\"2026-03-25T07:15:08+00:00\" \/>\n<meta property=\"og:image\" content=\"https:\/\/club-abc.fr\/wp-content\/uploads\/2025\/02\/Club-ABC-Langues.jpg\" \/>\n\t<meta property=\"og:image:width\" content=\"1472\" \/>\n\t<meta property=\"og:image:height\" content=\"832\" \/>\n\t<meta property=\"og:image:type\" content=\"image\/jpeg\" \/>\n<meta name=\"twitter:card\" content=\"summary_large_image\" \/>\n<meta name=\"twitter:label1\" content=\"Dur\u00e9e de lecture estim\u00e9e\" \/>\n\t<meta name=\"twitter:data1\" content=\"1 minute\" \/>\n<script type=\"application\/ld+json\" class=\"yoast-schema-graph\">{\"@context\":\"https:\\\/\\\/schema.org\",\"@graph\":[{\"@type\":\"WebPage\",\"@id\":\"https:\\\/\\\/club-abc.fr\\\/index.php\\\/langues\\\/\",\"url\":\"https:\\\/\\\/club-abc.fr\\\/index.php\\\/langues\\\/\",\"name\":\"LANGUES - Club ABC\",\"isPartOf\":{\"@id\":\"https:\\\/\\\/club-abc.fr\\\/#website\"},\"primaryImageOfPage\":{\"@id\":\"https:\\\/\\\/club-abc.fr\\\/index.php\\\/langues\\\/#primaryimage\"},\"image\":{\"@id\":\"https:\\\/\\\/club-abc.fr\\\/index.php\\\/langues\\\/#primaryimage\"},\"thumbnailUrl\":\"https:\\\/\\\/club-abc.fr\\\/wp-content\\\/uploads\\\/2026\\\/03\\\/Vignettes_Langues_Anglais.jpg\",\"datePublished\":\"2025-01-22T23:31:49+00:00\",\"dateModified\":\"2026-03-25T07:15:08+00:00\",\"description\":\"Vous souhaitez rafra\u00eechir, entretenir ou renforcer vos connaissances en anglais, allemand, italien, espagnol ou portugais. Vous souhaitez progresser ou exceller dans l\u2019art de la conversation des langues \u00e9trang\u00e8res tout en vous amusant. Contactez le club ABC de Verri\u00e8re le Buisson.\",\"breadcrumb\":{\"@id\":\"https:\\\/\\\/club-abc.fr\\\/index.php\\\/langues\\\/#breadcrumb\"},\"inLanguage\":\"fr-FR\",\"potentialAction\":[{\"@type\":\"ReadAction\",\"target\":[\"https:\\\/\\\/club-abc.fr\\\/index.php\\\/langues\\\/\"]}]},{\"@type\":\"ImageObject\",\"inLanguage\":\"fr-FR\",\"@id\":\"https:\\\/\\\/club-abc.fr\\\/index.php\\\/langues\\\/#primaryimage\",\"url\":\"https:\\\/\\\/club-abc.fr\\\/wp-content\\\/uploads\\\/2026\\\/03\\\/Vignettes_Langues_Anglais.jpg\",\"contentUrl\":\"https:\\\/\\\/club-abc.fr\\\/wp-content\\\/uploads\\\/2026\\\/03\\\/Vignettes_Langues_Anglais.jpg\",\"width\":600,\"height\":450},{\"@type\":\"BreadcrumbList\",\"@id\":\"https:\\\/\\\/club-abc.fr\\\/index.php\\\/langues\\\/#breadcrumb\",\"itemListElement\":[{\"@type\":\"ListItem\",\"position\":1,\"name\":\"Accueil\",\"item\":\"https:\\\/\\\/club-abc.fr\\\/\"},{\"@type\":\"ListItem\",\"position\":2,\"name\":\"LANGUES\"}]},{\"@type\":\"WebSite\",\"@id\":\"https:\\\/\\\/club-abc.fr\\\/#website\",\"url\":\"https:\\\/\\\/club-abc.fr\\\/\",\"name\":\"Club ABC\",\"description\":\"Le club de vos loisirs\",\"publisher\":{\"@id\":\"https:\\\/\\\/club-abc.fr\\\/#organization\"},\"potentialAction\":[{\"@type\":\"SearchAction\",\"target\":{\"@type\":\"EntryPoint\",\"urlTemplate\":\"https:\\\/\\\/club-abc.fr\\\/?s={search_term_string}\"},\"query-input\":{\"@type\":\"PropertyValueSpecification\",\"valueRequired\":true,\"valueName\":\"search_term_string\"}}],\"inLanguage\":\"fr-FR\"},{\"@type\":\"Organization\",\"@id\":\"https:\\\/\\\/club-abc.fr\\\/#organization\",\"name\":\"Club ABC\",\"url\":\"https:\\\/\\\/club-abc.fr\\\/\",\"logo\":{\"@type\":\"ImageObject\",\"inLanguage\":\"fr-FR\",\"@id\":\"https:\\\/\\\/club-abc.fr\\\/#\\\/schema\\\/logo\\\/image\\\/\",\"url\":\"https:\\\/\\\/club-abc.fr\\\/wp-content\\\/uploads\\\/2023\\\/05\\\/cropped-Logo_Club-ABC.png\",\"contentUrl\":\"https:\\\/\\\/club-abc.fr\\\/wp-content\\\/uploads\\\/2023\\\/05\\\/cropped-Logo_Club-ABC.png\",\"width\":5100,\"height\":1658,\"caption\":\"Club ABC\"},\"image\":{\"@id\":\"https:\\\/\\\/club-abc.fr\\\/#\\\/schema\\\/logo\\\/image\\\/\"}}]}<\/script>\n<!-- \/ Yoast SEO plugin. -->","yoast_head_json":{"title":"LANGUES - Club ABC","description":"Vous souhaitez rafra\u00eechir, entretenir ou renforcer vos connaissances en anglais, allemand, italien, espagnol ou portugais. Vous souhaitez progresser ou exceller dans l\u2019art de la conversation des langues \u00e9trang\u00e8res tout en vous amusant. Contactez le club ABC de Verri\u00e8re le Buisson.","robots":{"index":"index","follow":"follow","max-snippet":"max-snippet:-1","max-image-preview":"max-image-preview:large","max-video-preview":"max-video-preview:-1"},"canonical":"https:\/\/club-abc.fr\/index.php\/langues\/","og_locale":"fr_FR","og_type":"article","og_title":"LANGUES - Club ABC","og_description":"Vous souhaitez rafra\u00eechir, entretenir ou renforcer vos connaissances en anglais, allemand, italien, espagnol ou portugais. Vous souhaitez progresser ou exceller dans l\u2019art de la conversation des langues \u00e9trang\u00e8res tout en vous amusant. Contactez le club ABC de Verri\u00e8re le Buisson.","og_url":"https:\/\/club-abc.fr\/index.php\/langues\/","og_site_name":"Club ABC","article_modified_time":"2026-03-25T07:15:08+00:00","og_image":[{"width":1472,"height":832,"url":"https:\/\/club-abc.fr\/wp-content\/uploads\/2025\/02\/Club-ABC-Langues.jpg","type":"image\/jpeg"}],"twitter_card":"summary_large_image","twitter_misc":{"Dur\u00e9e de lecture estim\u00e9e":"1 minute"},"schema":{"@context":"https:\/\/schema.org","@graph":[{"@type":"WebPage","@id":"https:\/\/club-abc.fr\/index.php\/langues\/","url":"https:\/\/club-abc.fr\/index.php\/langues\/","name":"LANGUES - Club ABC","isPartOf":{"@id":"https:\/\/club-abc.fr\/#website"},"primaryImageOfPage":{"@id":"https:\/\/club-abc.fr\/index.php\/langues\/#primaryimage"},"image":{"@id":"https:\/\/club-abc.fr\/index.php\/langues\/#primaryimage"},"thumbnailUrl":"https:\/\/club-abc.fr\/wp-content\/uploads\/2026\/03\/Vignettes_Langues_Anglais.jpg","datePublished":"2025-01-22T23:31:49+00:00","dateModified":"2026-03-25T07:15:08+00:00","description":"Vous souhaitez rafra\u00eechir, entretenir ou renforcer vos connaissances en anglais, allemand, italien, espagnol ou portugais. Vous souhaitez progresser ou exceller dans l\u2019art de la conversation des langues \u00e9trang\u00e8res tout en vous amusant. Contactez le club ABC de Verri\u00e8re le Buisson.","breadcrumb":{"@id":"https:\/\/club-abc.fr\/index.php\/langues\/#breadcrumb"},"inLanguage":"fr-FR","potentialAction":[{"@type":"ReadAction","target":["https:\/\/club-abc.fr\/index.php\/langues\/"]}]},{"@type":"ImageObject","inLanguage":"fr-FR","@id":"https:\/\/club-abc.fr\/index.php\/langues\/#primaryimage","url":"https:\/\/club-abc.fr\/wp-content\/uploads\/2026\/03\/Vignettes_Langues_Anglais.jpg","contentUrl":"https:\/\/club-abc.fr\/wp-content\/uploads\/2026\/03\/Vignettes_Langues_Anglais.jpg","width":600,"height":450},{"@type":"BreadcrumbList","@id":"https:\/\/club-abc.fr\/index.php\/langues\/#breadcrumb","itemListElement":[{"@type":"ListItem","position":1,"name":"Accueil","item":"https:\/\/club-abc.fr\/"},{"@type":"ListItem","position":2,"name":"LANGUES"}]},{"@type":"WebSite","@id":"https:\/\/club-abc.fr\/#website","url":"https:\/\/club-abc.fr\/","name":"Club ABC","description":"Le club de vos loisirs","publisher":{"@id":"https:\/\/club-abc.fr\/#organization"},"potentialAction":[{"@type":"SearchAction","target":{"@type":"EntryPoint","urlTemplate":"https:\/\/club-abc.fr\/?s={search_term_string}"},"query-input":{"@type":"PropertyValueSpecification","valueRequired":true,"valueName":"search_term_string"}}],"inLanguage":"fr-FR"},{"@type":"Organization","@id":"https:\/\/club-abc.fr\/#organization","name":"Club ABC","url":"https:\/\/club-abc.fr\/","logo":{"@type":"ImageObject","inLanguage":"fr-FR","@id":"https:\/\/club-abc.fr\/#\/schema\/logo\/image\/","url":"https:\/\/club-abc.fr\/wp-content\/uploads\/2023\/05\/cropped-Logo_Club-ABC.png","contentUrl":"https:\/\/club-abc.fr\/wp-content\/uploads\/2023\/05\/cropped-Logo_Club-ABC.png","width":5100,"height":1658,"caption":"Club ABC"},"image":{"@id":"https:\/\/club-abc.fr\/#\/schema\/logo\/image\/"}}]}},"featured_image_src":null,"featured_image_src_square":null,"uagb_featured_image_src":{"full":false,"thumbnail":false,"medium":false,"medium_large":false,"large":false,"1536x1536":false,"2048x2048":false,"ocean-thumb-m":false,"ocean-thumb-ml":false,"ocean-thumb-l":false,"ab-block-post-grid-landscape":false,"ab-block-post-grid-square":false},"uagb_author_info":{"display_name":"admin6119","author_link":"https:\/\/club-abc.fr\/index.php\/author\/admin6119\/"},"uagb_comment_info":0,"uagb_excerpt":null,"jetpack_sharing_enabled":true,"_links":{"self":[{"href":"https:\/\/club-abc.fr\/index.php\/wp-json\/wp\/v2\/pages\/7389","targetHints":{"allow":["GET"]}}],"collection":[{"href":"https:\/\/club-abc.fr\/index.php\/wp-json\/wp\/v2\/pages"}],"about":[{"href":"https:\/\/club-abc.fr\/index.php\/wp-json\/wp\/v2\/types\/page"}],"author":[{"embeddable":true,"href":"https:\/\/club-abc.fr\/index.php\/wp-json\/wp\/v2\/users\/1"}],"replies":[{"embeddable":true,"href":"https:\/\/club-abc.fr\/index.php\/wp-json\/wp\/v2\/comments?post=7389"}],"version-history":[{"count":0,"href":"https:\/\/club-abc.fr\/index.php\/wp-json\/wp\/v2\/pages\/7389\/revisions"}],"wp:attachment":[{"href":"https:\/\/club-abc.fr\/index.php\/wp-json\/wp\/v2\/media?parent=7389"}],"curies":[{"name":"wp","href":"https:\/\/api.w.org\/{rel}","templated":true}]}}