{"id":260,"date":"2023-04-26T18:37:41","date_gmt":"2023-04-26T16:37:41","guid":{"rendered":"http:\/\/club-abc.fr\/?page_id=260"},"modified":"2025-07-09T14:34:02","modified_gmt":"2025-07-09T12:34:02","slug":"peinture-creative-arts-plastiques","status":"publish","type":"page","link":"https:\/\/club-abc.fr\/index.php\/peinture-creative-arts-plastiques\/","title":{"rendered":"Peinture Cr\u00e9ative"},"content":{"rendered":"\n<div class=\"wp-block-uagb-container uagb-block-2eff1d0c alignfull uagb-is-root-container\"><div class=\"uagb-container-inner-blocks-wrap\">\n<div class=\"wp-block-uagb-container uagb-block-4e09d678\">\n<div class=\"wp-block-uagb-image uagb-block-34d9e48a wp-block-uagb-image--layout-default wp-block-uagb-image--effect-static wp-block-uagb-image--align-none\"><figure class=\"wp-block-uagb-image__figure\"><img loading=\"lazy\" decoding=\"async\" srcset=\"https:\/\/club-abc.fr\/wp-content\/uploads\/2023\/05\/peinture-creative_800px.jpg \" sizes=\"auto, (max-width: 480px) 150px\" src=\"https:\/\/club-abc.fr\/wp-content\/uploads\/2023\/05\/peinture-creative_800px.jpg\" alt=\"\" class=\"uag-image-702\" width=\"353\" height=\"252\" title=\"\" loading=\"lazy\" role=\"img\"\/><\/figure><\/div>\n\n\n\n<div class=\"wp-block-uagb-advanced-heading uagb-block-c0c561f4\"><\/div>\n\n\n\n<div class=\"wp-block-buttons is-content-justification-center is-layout-flex wp-container-core-buttons-is-layout-16018d1d wp-block-buttons-is-layout-flex\">\n<div class=\"wp-block-button\"><a class=\"wp-block-button__link has-white-color has-text-color has-background has-link-color wp-element-button\" href=\"https:\/\/club-abc.monclub.app\/app?selectedMembership=68035a473f1bddeb01546fad&amp;step=1&amp;selectedSlots=68028170a423f52b72eb7844&amp;waitingSlots=&amp;childSubscription=false\" style=\"background-color:#ff8c8c\" target=\"_blank\" rel=\"noreferrer noopener\">Je m&rsquo;inscris<br>pour 8 s\u00e9ances<\/a><\/div>\n\n\n\n<div class=\"wp-block-button\"><a class=\"wp-block-button__link has-white-color has-text-color has-background has-link-color wp-element-button\" href=\"https:\/\/club-abc.monclub.app\/app?selectedMembership=68035af8c9f7f68acfb3c432&amp;step=1&amp;selectedSlots=680281afa423f52b72eb7a0a&amp;waitingSlots=&amp;childSubscription=false\" style=\"background-color:#ff8c8c\" target=\"_blank\" rel=\"noreferrer noopener\">Je m&rsquo;inscris<br>pour 1 s\u00e9ance<\/a><\/div>\n<\/div>\n<\/div>\n\n\n\n<div class=\"wp-block-uagb-container uagb-block-bfff66f7\">\n<h1 class=\"wp-block-heading has-text-color has-x-large-font-size\" style=\"color:#004aad;font-style:normal;font-weight:600;letter-spacing:1px\">Peinture Cr\u00e9ative<\/h1>\n\n\n\n<h3 class=\"wp-block-heading has-text-align-left has-text-color\" style=\"color:#084aad;font-size:40px;font-style:normal;font-weight:200;text-transform:capitalize\">Danielle Mar\u00e9chal <\/h3>\n\n\n\n<div class=\"wp-block-uagb-advanced-heading uagb-block-1c2637d0\"><p class=\"uagb-desc-text\">Des effets bluffants rendus possibles gr\u00e2ce au m\u00e9lange de peintures diff\u00e9rentes&nbsp;: r\u00e9sine, peinture vitrail, peinture c\u00e9ramique, acrylique liquide.<br> On travaille \u00e9galement le relief avec des auxiliaires plus ou moins \u00e9pais, plus ou moins denses, etc.<br>Le rendu est \u00e9tonnant et facile \u00e0 r\u00e9aliser.<br>La cr\u00e9ativit\u00e9 est au rendez-vous&nbsp;!<\/p><\/div>\n<\/div>\n<\/div><\/div>\n\n\n\n<div class=\"wp-block-uagb-container uagb-block-b9dbb26b alignfull uagb-is-root-container\"><div class=\"uagb-container-inner-blocks-wrap\">\n<div class=\"wp-block-uagb-container uagb-block-e8a0cf67\">\n<h2 class=\"wp-block-heading has-text-align-center\" style=\"font-size:30px;font-style:normal;font-weight:400\">Dates des 10 cours propos\u00e9s<\/h2>\n<\/div>\n\n\n\n<div class=\"wp-block-uagb-container uagb-block-99747b06\">\n<p class=\"has-text-align-center\"><strong>Samedi de 9h \u00e0 15h<\/strong><\/p>\n\n\n\n<p class=\"has-text-align-center\">27-09\/11-10\/8-11\/6-12 <strong>2025<\/strong><\/p>\n\n\n\n<p class=\"has-text-align-center\">10-01\/7-02\/14-03\/11-04\/23-05<br>6-06 <strong>2026<\/strong><\/p>\n\n\n\n<p class=\"has-text-align-center\"><\/p>\n<\/div>\n<\/div><\/div>\n\n\n\n<div style=\"height:20px\" aria-hidden=\"true\" class=\"wp-block-spacer\"><\/div>\n\n\n\n<div class=\"wp-block-columns alignwide is-layout-flex wp-container-core-columns-is-layout-829b1d53 wp-block-columns-is-layout-flex\" style=\"margin-bottom:0\">\n<div class=\"wp-block-column has-white-background-color has-text-color has-background has-link-color wp-elements-5791048c9a46f1df00069b95741bcd63 is-layout-flow wp-block-column-is-layout-flow\" style=\"color:#000000;padding-top:2em;padding-right:2em;padding-bottom:2em;padding-left:2em\">\n<h2 class=\"wp-block-heading has-text-align-center\" id=\"family\" style=\"font-size:30px;font-style:normal;font-weight:400\">Tarif base<br> 8 cours<\/h2>\n\n\n\n<div class=\"wp-block-buttons alignfull is-horizontal is-content-justification-center is-layout-flex wp-container-core-buttons-is-layout-499968f5 wp-block-buttons-is-layout-flex\">\n<div class=\"wp-block-button\"><a class=\"wp-block-button__link has-white-color has-text-color has-background has-text-align-center wp-element-button\" style=\"background-color:#084aad\">524 \u20ac<\/a><\/div>\n<\/div>\n\n\n\n<div style=\"height:8px\" aria-hidden=\"true\" class=\"wp-block-spacer\"><\/div>\n<\/div>\n\n\n\n<div class=\"wp-block-column has-white-background-color has-text-color has-background has-link-color wp-elements-760ee530db9ba207ee432f540e79afb3 is-layout-flow wp-block-column-is-layout-flow\" style=\"color:#000000;padding-top:2em;padding-right:2em;padding-bottom:2em;padding-left:2em\">\n<h2 class=\"wp-block-heading has-text-align-center\" id=\"family\" style=\"font-size:30px;font-style:normal;font-weight:400\">Tarif VLB <br>8 cours<\/h2>\n\n\n\n<div class=\"wp-block-buttons alignfull is-horizontal is-content-justification-center is-layout-flex wp-container-core-buttons-is-layout-499968f5 wp-block-buttons-is-layout-flex\">\n<div class=\"wp-block-button\"><a class=\"wp-block-button__link has-white-color has-text-color has-background has-text-align-center wp-element-button\" style=\"background-color:#084aad\">476\u20ac<\/a><\/div>\n<\/div>\n<\/div>\n\n\n\n<div class=\"wp-block-column has-white-background-color has-text-color has-background has-link-color wp-elements-afa91e9d31255ad1ab72ae8cbade4678 is-layout-flow wp-block-column-is-layout-flow\" style=\"color:#000000;padding-top:2em;padding-right:2em;padding-bottom:2em;padding-left:2em\">\n<h2 class=\"wp-block-heading has-text-align-center\" id=\"family\" style=\"font-size:30px;font-style:normal;font-weight:400\">Tarif base<br>Cours<br>suppl\u00e9mentaire<\/h2>\n\n\n\n<div class=\"wp-block-buttons alignfull is-horizontal is-content-justification-center is-layout-flex wp-container-core-buttons-is-layout-499968f5 wp-block-buttons-is-layout-flex\">\n<div class=\"wp-block-button\"><a class=\"wp-block-button__link has-white-color has-text-color has-background has-text-align-center wp-element-button\" style=\"background-color:#084aad\">81\u20ac<\/a><\/div>\n<\/div>\n\n\n\n<h2 class=\"wp-block-heading has-text-align-center\" id=\"family\" style=\"font-size:30px;font-style:normal;font-weight:400\">Tarif VLB <br>Cours suppl\u00e9mentaire<\/h2>\n\n\n\n<div class=\"wp-block-buttons alignfull is-horizontal is-content-justification-center is-layout-flex wp-container-core-buttons-is-layout-499968f5 wp-block-buttons-is-layout-flex\">\n<div class=\"wp-block-button\"><a class=\"wp-block-button__link has-white-color has-text-color has-background has-text-align-center wp-element-button\" style=\"background-color:#084aad\">74\u20ac<\/a><\/div>\n<\/div>\n<\/div>\n<\/div>\n\n\n\n<div class=\"wp-block-columns is-layout-flex wp-container-core-columns-is-layout-9d6595d7 wp-block-columns-is-layout-flex\">\n<div class=\"wp-block-column is-layout-flow wp-block-column-is-layout-flow\">\n<p class=\"has-text-align-right\">Adh\u00e9sion annuelle au Club ABC en sus<\/p>\n<\/div>\n\n\n\n<div class=\"wp-block-column is-layout-flow wp-block-column-is-layout-flow\">\n<div class=\"wp-block-buttons is-content-justification-center is-layout-flex wp-container-core-buttons-is-layout-16018d1d wp-block-buttons-is-layout-flex\">\n<div class=\"wp-block-button\"><a class=\"wp-block-button__link has-background has-text-align-right wp-element-button\" style=\"background-color:#084aad\">32 \u20ac<\/a><\/div>\n<\/div>\n<\/div>\n<\/div>\n\n\n\n<div class=\"wp-block-uagb-info-box uagb-block-53d84958 uagb-infobox__content-wrap  uagb-infobox-icon-above-title uagb-infobox-image-valign-top\"><div class=\"uagb-ifb-content\"><div class=\"uagb-ifb-title-wrap\"><h3 class=\"uagb-ifb-title\">Lieu<\/h3><\/div><p class=\"uagb-ifb-desc\">Le Relais &#8211; 64 rue d&rsquo;Estienne d&rsquo;Orves &#8211; 91370 Verri\u00e8res le Buisson<\/p><div class=\"uagb-ifb-button-wrapper wp-block-button\"><a href=\"#\" target=\"_self\" onclick=\"return false;\" class=\"uagb-infobox-cta-link\" rel=\"noopener noreferrer\"><span class=\"uagb-inline-editing\"><\/span><svg xmlns=\"https:\/\/www.w3.org\/2000\/svg\" viewBox=\"0 0 512 512\"><path d=\"M504.3 273.6l-112.1 104c-6.992 6.484-17.18 8.218-25.94 4.406c-8.758-3.812-14.42-12.45-14.42-21.1L351.9 288H32C14.33 288 .0002 273.7 .0002 255.1S14.33 224 32 224h319.9l0-72c0-9.547 5.66-18.19 14.42-22c8.754-3.809 18.95-2.075 25.94 4.41l112.1 104C514.6 247.9 514.6 264.1 504.3 273.6z\"><\/path><\/svg><\/a><\/div><\/div><\/div>\n\n\n\n<div style=\"height:50px\" aria-hidden=\"true\" class=\"wp-block-spacer\"><\/div>\n\n\n\n<div class=\"wp-block-uagb-container uagb-block-a561223a alignfull uagb-is-root-container\"><div class=\"uagb-container-inner-blocks-wrap\">\n<figure class=\"wp-block-gallery has-nested-images columns-default is-cropped wp-block-gallery-1 is-layout-flex wp-block-gallery-is-layout-flex\">\n<figure class=\"wp-block-image size-full\"><img fetchpriority=\"high\" decoding=\"async\" width=\"240\" height=\"320\" data-id=\"2376\" src=\"https:\/\/club-abc.fr\/wp-content\/uploads\/2023\/05\/Peinture-creative-11.jpeg\" alt=\"\" class=\"wp-image-2376\" srcset=\"https:\/\/club-abc.fr\/wp-content\/uploads\/2023\/05\/Peinture-creative-11.jpeg 240w, https:\/\/club-abc.fr\/wp-content\/uploads\/2023\/05\/Peinture-creative-11-225x300.jpeg 225w\" sizes=\"(max-width: 240px) 100vw, 240px\" \/><\/figure>\n\n\n\n<figure class=\"wp-block-image size-full\"><img decoding=\"async\" width=\"240\" height=\"320\" data-id=\"2374\" src=\"https:\/\/club-abc.fr\/wp-content\/uploads\/2023\/05\/Peinture-creative-21-rotated.jpeg\" alt=\"\" class=\"wp-image-2374\" srcset=\"https:\/\/club-abc.fr\/wp-content\/uploads\/2023\/05\/Peinture-creative-21-rotated.jpeg 240w, https:\/\/club-abc.fr\/wp-content\/uploads\/2023\/05\/Peinture-creative-21-225x300.jpeg 225w\" sizes=\"(max-width: 240px) 100vw, 240px\" \/><\/figure>\n\n\n\n<figure class=\"wp-block-image size-full\"><img decoding=\"async\" width=\"240\" height=\"320\" data-id=\"2377\" src=\"https:\/\/club-abc.fr\/wp-content\/uploads\/2023\/05\/Peinture-creative-15-rotated.jpeg\" alt=\"\" class=\"wp-image-2377\" srcset=\"https:\/\/club-abc.fr\/wp-content\/uploads\/2023\/05\/Peinture-creative-15-rotated.jpeg 240w, https:\/\/club-abc.fr\/wp-content\/uploads\/2023\/05\/Peinture-creative-15-225x300.jpeg 225w\" sizes=\"(max-width: 240px) 100vw, 240px\" \/><\/figure>\n\n\n\n<figure class=\"wp-block-image size-large\"><img loading=\"lazy\" decoding=\"async\" width=\"1024\" height=\"680\" data-id=\"279\" src=\"https:\/\/club-abc.fr\/wp-content\/uploads\/2023\/04\/12-4-peinture-creative-1024x680.png\" alt=\"\" class=\"wp-image-279\" srcset=\"https:\/\/club-abc.fr\/wp-content\/uploads\/2023\/04\/12-4-peinture-creative-1024x680.png 1024w, https:\/\/club-abc.fr\/wp-content\/uploads\/2023\/04\/12-4-peinture-creative-300x199.png 300w, https:\/\/club-abc.fr\/wp-content\/uploads\/2023\/04\/12-4-peinture-creative-768x510.png 768w, https:\/\/club-abc.fr\/wp-content\/uploads\/2023\/04\/12-4-peinture-creative.png 1252w\" sizes=\"(max-width: 1024px) 100vw, 1024px\" \/><\/figure>\n<\/figure>\n<\/div><\/div>\n\n\n\n<p><\/p>\n","protected":false},"excerpt":{"rendered":"<p>Peinture Cr\u00e9ative Danielle Mar\u00e9chal Des effets bluffants rendus possibles gr\u00e2ce au m\u00e9lange de peintures diff\u00e9rentes&nbsp;: r\u00e9sine, peinture vitrail, peinture c\u00e9ramique, acrylique liquide. On travaille \u00e9galement le relief avec des auxiliaires plus ou moins \u00e9pais, plus ou moins denses, etc.Le rendu est \u00e9tonnant et facile \u00e0 r\u00e9aliser.La cr\u00e9ativit\u00e9 est au rendez-vous&nbsp;! Dates des 10 cours propos\u00e9s [&hellip;]<\/p>\n","protected":false},"author":1,"featured_media":279,"parent":0,"menu_order":0,"comment_status":"closed","ping_status":"closed","template":"","meta":{"_uag_custom_page_level_css":"","footnotes":""},"class_list":["post-260","page","type-page","status-publish","has-post-thumbnail","hentry","entry","has-media"],"yoast_head":"<!-- This site is optimized with the Yoast SEO plugin v27.4 - https:\/\/yoast.com\/product\/yoast-seo-wordpress\/ -->\n<title>Peinture Cr\u00e9ative - Club ABC<\/title>\n<meta name=\"robots\" content=\"index, follow, max-snippet:-1, max-image-preview:large, max-video-preview:-1\" \/>\n<link rel=\"canonical\" href=\"https:\/\/club-abc.fr\/index.php\/peinture-creative-arts-plastiques\/\" \/>\n<meta property=\"og:locale\" content=\"fr_FR\" \/>\n<meta property=\"og:type\" content=\"article\" \/>\n<meta property=\"og:title\" content=\"Peinture Cr\u00e9ative - Club ABC\" \/>\n<meta property=\"og:description\" content=\"Peinture Cr\u00e9ative Danielle Mar\u00e9chal Des effets bluffants rendus possibles gr\u00e2ce au m\u00e9lange de peintures diff\u00e9rentes&nbsp;: r\u00e9sine, peinture vitrail, peinture c\u00e9ramique, acrylique liquide. On travaille \u00e9galement le relief avec des auxiliaires plus ou moins \u00e9pais, plus ou moins denses, etc.Le rendu est \u00e9tonnant et facile \u00e0 r\u00e9aliser.La cr\u00e9ativit\u00e9 est au rendez-vous&nbsp;! Dates des 10 cours propos\u00e9s [&hellip;]\" \/>\n<meta property=\"og:url\" content=\"https:\/\/club-abc.fr\/index.php\/peinture-creative-arts-plastiques\/\" \/>\n<meta property=\"og:site_name\" content=\"Club ABC\" \/>\n<meta property=\"article:modified_time\" content=\"2025-07-09T12:34:02+00:00\" \/>\n<meta property=\"og:image\" content=\"https:\/\/club-abc.fr\/wp-content\/uploads\/2023\/04\/12-4-peinture-creative-1024x680.png\" \/>\n\t<meta property=\"og:image:width\" content=\"1024\" \/>\n\t<meta property=\"og:image:height\" content=\"680\" \/>\n\t<meta property=\"og:image:type\" content=\"image\/png\" \/>\n<meta name=\"twitter:card\" content=\"summary_large_image\" \/>\n<meta name=\"twitter:label1\" content=\"Dur\u00e9e de lecture estim\u00e9e\" \/>\n\t<meta name=\"twitter:data1\" content=\"2 minutes\" \/>\n<script type=\"application\/ld+json\" class=\"yoast-schema-graph\">{\"@context\":\"https:\\\/\\\/schema.org\",\"@graph\":[{\"@type\":\"WebPage\",\"@id\":\"https:\\\/\\\/club-abc.fr\\\/index.php\\\/peinture-creative-arts-plastiques\\\/\",\"url\":\"https:\\\/\\\/club-abc.fr\\\/index.php\\\/peinture-creative-arts-plastiques\\\/\",\"name\":\"Peinture Cr\u00e9ative - Club ABC\",\"isPartOf\":{\"@id\":\"https:\\\/\\\/club-abc.fr\\\/#website\"},\"primaryImageOfPage\":{\"@id\":\"https:\\\/\\\/club-abc.fr\\\/index.php\\\/peinture-creative-arts-plastiques\\\/#primaryimage\"},\"image\":{\"@id\":\"https:\\\/\\\/club-abc.fr\\\/index.php\\\/peinture-creative-arts-plastiques\\\/#primaryimage\"},\"thumbnailUrl\":\"https:\\\/\\\/club-abc.fr\\\/wp-content\\\/uploads\\\/2023\\\/04\\\/12-4-peinture-creative.png\",\"datePublished\":\"2023-04-26T16:37:41+00:00\",\"dateModified\":\"2025-07-09T12:34:02+00:00\",\"breadcrumb\":{\"@id\":\"https:\\\/\\\/club-abc.fr\\\/index.php\\\/peinture-creative-arts-plastiques\\\/#breadcrumb\"},\"inLanguage\":\"fr-FR\",\"potentialAction\":[{\"@type\":\"ReadAction\",\"target\":[\"https:\\\/\\\/club-abc.fr\\\/index.php\\\/peinture-creative-arts-plastiques\\\/\"]}]},{\"@type\":\"ImageObject\",\"inLanguage\":\"fr-FR\",\"@id\":\"https:\\\/\\\/club-abc.fr\\\/index.php\\\/peinture-creative-arts-plastiques\\\/#primaryimage\",\"url\":\"https:\\\/\\\/club-abc.fr\\\/wp-content\\\/uploads\\\/2023\\\/04\\\/12-4-peinture-creative.png\",\"contentUrl\":\"https:\\\/\\\/club-abc.fr\\\/wp-content\\\/uploads\\\/2023\\\/04\\\/12-4-peinture-creative.png\",\"width\":1252,\"height\":831},{\"@type\":\"BreadcrumbList\",\"@id\":\"https:\\\/\\\/club-abc.fr\\\/index.php\\\/peinture-creative-arts-plastiques\\\/#breadcrumb\",\"itemListElement\":[{\"@type\":\"ListItem\",\"position\":1,\"name\":\"Accueil\",\"item\":\"https:\\\/\\\/club-abc.fr\\\/\"},{\"@type\":\"ListItem\",\"position\":2,\"name\":\"Peinture Cr\u00e9ative\"}]},{\"@type\":\"WebSite\",\"@id\":\"https:\\\/\\\/club-abc.fr\\\/#website\",\"url\":\"https:\\\/\\\/club-abc.fr\\\/\",\"name\":\"Club ABC\",\"description\":\"Le club de vos loisirs\",\"publisher\":{\"@id\":\"https:\\\/\\\/club-abc.fr\\\/#organization\"},\"potentialAction\":[{\"@type\":\"SearchAction\",\"target\":{\"@type\":\"EntryPoint\",\"urlTemplate\":\"https:\\\/\\\/club-abc.fr\\\/?s={search_term_string}\"},\"query-input\":{\"@type\":\"PropertyValueSpecification\",\"valueRequired\":true,\"valueName\":\"search_term_string\"}}],\"inLanguage\":\"fr-FR\"},{\"@type\":\"Organization\",\"@id\":\"https:\\\/\\\/club-abc.fr\\\/#organization\",\"name\":\"Club ABC\",\"url\":\"https:\\\/\\\/club-abc.fr\\\/\",\"logo\":{\"@type\":\"ImageObject\",\"inLanguage\":\"fr-FR\",\"@id\":\"https:\\\/\\\/club-abc.fr\\\/#\\\/schema\\\/logo\\\/image\\\/\",\"url\":\"https:\\\/\\\/club-abc.fr\\\/wp-content\\\/uploads\\\/2023\\\/05\\\/cropped-Logo_Club-ABC.png\",\"contentUrl\":\"https:\\\/\\\/club-abc.fr\\\/wp-content\\\/uploads\\\/2023\\\/05\\\/cropped-Logo_Club-ABC.png\",\"width\":5100,\"height\":1658,\"caption\":\"Club ABC\"},\"image\":{\"@id\":\"https:\\\/\\\/club-abc.fr\\\/#\\\/schema\\\/logo\\\/image\\\/\"}}]}<\/script>\n<!-- \/ Yoast SEO plugin. -->","yoast_head_json":{"title":"Peinture Cr\u00e9ative - Club ABC","robots":{"index":"index","follow":"follow","max-snippet":"max-snippet:-1","max-image-preview":"max-image-preview:large","max-video-preview":"max-video-preview:-1"},"canonical":"https:\/\/club-abc.fr\/index.php\/peinture-creative-arts-plastiques\/","og_locale":"fr_FR","og_type":"article","og_title":"Peinture Cr\u00e9ative - Club ABC","og_description":"Peinture Cr\u00e9ative Danielle Mar\u00e9chal Des effets bluffants rendus possibles gr\u00e2ce au m\u00e9lange de peintures diff\u00e9rentes&nbsp;: r\u00e9sine, peinture vitrail, peinture c\u00e9ramique, acrylique liquide. On travaille \u00e9galement le relief avec des auxiliaires plus ou moins \u00e9pais, plus ou moins denses, etc.Le rendu est \u00e9tonnant et facile \u00e0 r\u00e9aliser.La cr\u00e9ativit\u00e9 est au rendez-vous&nbsp;! Dates des 10 cours propos\u00e9s [&hellip;]","og_url":"https:\/\/club-abc.fr\/index.php\/peinture-creative-arts-plastiques\/","og_site_name":"Club ABC","article_modified_time":"2025-07-09T12:34:02+00:00","og_image":[{"width":1024,"height":680,"url":"https:\/\/club-abc.fr\/wp-content\/uploads\/2023\/04\/12-4-peinture-creative-1024x680.png","type":"image\/png"}],"twitter_card":"summary_large_image","twitter_misc":{"Dur\u00e9e de lecture estim\u00e9e":"2 minutes"},"schema":{"@context":"https:\/\/schema.org","@graph":[{"@type":"WebPage","@id":"https:\/\/club-abc.fr\/index.php\/peinture-creative-arts-plastiques\/","url":"https:\/\/club-abc.fr\/index.php\/peinture-creative-arts-plastiques\/","name":"Peinture Cr\u00e9ative - Club ABC","isPartOf":{"@id":"https:\/\/club-abc.fr\/#website"},"primaryImageOfPage":{"@id":"https:\/\/club-abc.fr\/index.php\/peinture-creative-arts-plastiques\/#primaryimage"},"image":{"@id":"https:\/\/club-abc.fr\/index.php\/peinture-creative-arts-plastiques\/#primaryimage"},"thumbnailUrl":"https:\/\/club-abc.fr\/wp-content\/uploads\/2023\/04\/12-4-peinture-creative.png","datePublished":"2023-04-26T16:37:41+00:00","dateModified":"2025-07-09T12:34:02+00:00","breadcrumb":{"@id":"https:\/\/club-abc.fr\/index.php\/peinture-creative-arts-plastiques\/#breadcrumb"},"inLanguage":"fr-FR","potentialAction":[{"@type":"ReadAction","target":["https:\/\/club-abc.fr\/index.php\/peinture-creative-arts-plastiques\/"]}]},{"@type":"ImageObject","inLanguage":"fr-FR","@id":"https:\/\/club-abc.fr\/index.php\/peinture-creative-arts-plastiques\/#primaryimage","url":"https:\/\/club-abc.fr\/wp-content\/uploads\/2023\/04\/12-4-peinture-creative.png","contentUrl":"https:\/\/club-abc.fr\/wp-content\/uploads\/2023\/04\/12-4-peinture-creative.png","width":1252,"height":831},{"@type":"BreadcrumbList","@id":"https:\/\/club-abc.fr\/index.php\/peinture-creative-arts-plastiques\/#breadcrumb","itemListElement":[{"@type":"ListItem","position":1,"name":"Accueil","item":"https:\/\/club-abc.fr\/"},{"@type":"ListItem","position":2,"name":"Peinture Cr\u00e9ative"}]},{"@type":"WebSite","@id":"https:\/\/club-abc.fr\/#website","url":"https:\/\/club-abc.fr\/","name":"Club ABC","description":"Le club de vos loisirs","publisher":{"@id":"https:\/\/club-abc.fr\/#organization"},"potentialAction":[{"@type":"SearchAction","target":{"@type":"EntryPoint","urlTemplate":"https:\/\/club-abc.fr\/?s={search_term_string}"},"query-input":{"@type":"PropertyValueSpecification","valueRequired":true,"valueName":"search_term_string"}}],"inLanguage":"fr-FR"},{"@type":"Organization","@id":"https:\/\/club-abc.fr\/#organization","name":"Club ABC","url":"https:\/\/club-abc.fr\/","logo":{"@type":"ImageObject","inLanguage":"fr-FR","@id":"https:\/\/club-abc.fr\/#\/schema\/logo\/image\/","url":"https:\/\/club-abc.fr\/wp-content\/uploads\/2023\/05\/cropped-Logo_Club-ABC.png","contentUrl":"https:\/\/club-abc.fr\/wp-content\/uploads\/2023\/05\/cropped-Logo_Club-ABC.png","width":5100,"height":1658,"caption":"Club ABC"},"image":{"@id":"https:\/\/club-abc.fr\/#\/schema\/logo\/image\/"}}]}},"featured_image_src":"https:\/\/club-abc.fr\/wp-content\/uploads\/2023\/04\/12-4-peinture-creative-600x400.png","featured_image_src_square":"https:\/\/club-abc.fr\/wp-content\/uploads\/2023\/04\/12-4-peinture-creative-600x600.png","uagb_featured_image_src":{"full":["https:\/\/club-abc.fr\/wp-content\/uploads\/2023\/04\/12-4-peinture-creative.png",1252,831,false],"thumbnail":["https:\/\/club-abc.fr\/wp-content\/uploads\/2023\/04\/12-4-peinture-creative-150x150.png",150,150,true],"medium":["https:\/\/club-abc.fr\/wp-content\/uploads\/2023\/04\/12-4-peinture-creative-300x199.png",300,199,true],"medium_large":["https:\/\/club-abc.fr\/wp-content\/uploads\/2023\/04\/12-4-peinture-creative-768x510.png",768,510,true],"large":["https:\/\/club-abc.fr\/wp-content\/uploads\/2023\/04\/12-4-peinture-creative-1024x680.png",1024,680,true],"1536x1536":["https:\/\/club-abc.fr\/wp-content\/uploads\/2023\/04\/12-4-peinture-creative.png",1252,831,false],"2048x2048":["https:\/\/club-abc.fr\/wp-content\/uploads\/2023\/04\/12-4-peinture-creative.png",1252,831,false],"ocean-thumb-m":["https:\/\/club-abc.fr\/wp-content\/uploads\/2023\/04\/12-4-peinture-creative-600x600.png",600,600,true],"ocean-thumb-ml":["https:\/\/club-abc.fr\/wp-content\/uploads\/2023\/04\/12-4-peinture-creative-800x450.png",800,450,true],"ocean-thumb-l":["https:\/\/club-abc.fr\/wp-content\/uploads\/2023\/04\/12-4-peinture-creative-1200x700.png",1200,700,true],"ab-block-post-grid-landscape":["https:\/\/club-abc.fr\/wp-content\/uploads\/2023\/04\/12-4-peinture-creative-600x400.png",600,400,true],"ab-block-post-grid-square":["https:\/\/club-abc.fr\/wp-content\/uploads\/2023\/04\/12-4-peinture-creative-600x600.png",600,600,true]},"uagb_author_info":{"display_name":"admin6119","author_link":"https:\/\/club-abc.fr\/index.php\/author\/admin6119\/"},"uagb_comment_info":0,"uagb_excerpt":"Peinture Cr\u00e9ative Danielle Mar\u00e9chal Des effets bluffants rendus possibles gr\u00e2ce au m\u00e9lange de peintures diff\u00e9rentes&nbsp;: r\u00e9sine, peinture vitrail, peinture c\u00e9ramique, acrylique liquide. On travaille \u00e9galement le relief avec des auxiliaires plus ou moins \u00e9pais, plus ou moins denses, etc.Le rendu est \u00e9tonnant et facile \u00e0 r\u00e9aliser.La cr\u00e9ativit\u00e9 est au rendez-vous&nbsp;! Dates des 10 cours propos\u00e9s\u2026","jetpack_sharing_enabled":true,"_links":{"self":[{"href":"https:\/\/club-abc.fr\/index.php\/wp-json\/wp\/v2\/pages\/260","targetHints":{"allow":["GET"]}}],"collection":[{"href":"https:\/\/club-abc.fr\/index.php\/wp-json\/wp\/v2\/pages"}],"about":[{"href":"https:\/\/club-abc.fr\/index.php\/wp-json\/wp\/v2\/types\/page"}],"author":[{"embeddable":true,"href":"https:\/\/club-abc.fr\/index.php\/wp-json\/wp\/v2\/users\/1"}],"replies":[{"embeddable":true,"href":"https:\/\/club-abc.fr\/index.php\/wp-json\/wp\/v2\/comments?post=260"}],"version-history":[{"count":0,"href":"https:\/\/club-abc.fr\/index.php\/wp-json\/wp\/v2\/pages\/260\/revisions"}],"wp:featuredmedia":[{"embeddable":true,"href":"https:\/\/club-abc.fr\/index.php\/wp-json\/wp\/v2\/media\/279"}],"wp:attachment":[{"href":"https:\/\/club-abc.fr\/index.php\/wp-json\/wp\/v2\/media?parent=260"}],"curies":[{"name":"wp","href":"https:\/\/api.w.org\/{rel}","templated":true}]}}