{"id":187,"date":"2023-04-18T01:21:47","date_gmt":"2023-04-17T23:21:47","guid":{"rendered":"http:\/\/club-abc.fr\/?page_id=187"},"modified":"2026-03-23T13:08:48","modified_gmt":"2026-03-23T12:08:48","slug":"mentions-legales","status":"publish","type":"page","link":"https:\/\/club-abc.fr\/index.php\/mentions-legales\/","title":{"rendered":"Mentions l\u00e9gales"},"content":{"rendered":"\n<h4 class=\"wp-block-heading has-text-align-center has-text-color has-large-font-size\" style=\"color:#004aad;font-style:normal;font-weight:400\">Mentions l\u00e9gales<\/h4>\n\n\n\n<p>Conform\u00e9ment aux dispositions des articles 6-III et 19 de la Loi n\u00b0 2004-575 du 21 juin 2004 pour la confiance dans l\u2019\u00e9conomie num\u00e9rique, dite L.C.E.N., il est port\u00e9 \u00e0 la connaissance des utilisateurs et visiteurs du site club-abc.fr les pr\u00e9sentes mentions l\u00e9gales.<\/p>\n\n\n\n<p>Le site club-abc.fr est accessible \u00e0 l\u2019adresse suivante : https:\/\/club-abc.fr. L\u2019acc\u00e8s et l\u2019utilisation du site sont soumis aux pr\u00e9sentes mentions l\u00e9gales d\u00e9taill\u00e9es ci-apr\u00e8s ainsi qu\u2019aux lois et\/ou r\u00e8glements applicables.<\/p>\n\n\n\n<p>La connexion, l\u2019utilisation et l\u2019acc\u00e8s \u00e0 ce site impliquent l\u2019acceptation int\u00e9grale et sans r\u00e9serve de l\u2019internaute de toutes les dispositions des pr\u00e9sentes mentions l\u00e9gales.<br><br><\/p>\n\n\n\n<h4 class=\"wp-block-heading has-text-color has-medium-font-size\" style=\"color:#004aad;font-style:normal;font-weight:400\">Droit D\u2019auteur \u2013 Respect de la propri\u00e9t\u00e9 intellectuelle<\/h4>\n\n\n\n<p>Toutes les marques, photographies, textes, commentaires, illustrations, images anim\u00e9es ou non, s\u00e9quences vid\u00e9o, sons, ainsi que toutes les applications informatiques qui pourraient \u00eatre utilis\u00e9es pour faire fonctionner le site et plus g\u00e9n\u00e9ralement tous les \u00e9l\u00e9ments reproduits ou utilis\u00e9s sur le site sont prot\u00e9g\u00e9s par les lois en vigueur au titre de la propri\u00e9t\u00e9 intellectuelle.<\/p>\n\n\n\n<p>Ils sont la propri\u00e9t\u00e9 pleine et enti\u00e8re de l&rsquo;\u00e9diteur ou de ses partenaires, sauf mentions particuli\u00e8res. Toute reproduction, repr\u00e9sentation, utilisation ou adaptation, sous quelque forme que ce soit, de tout ou partie de ces \u00e9l\u00e9ments, y compris les applications informatiques, sans l&rsquo;accord pr\u00e9alable et \u00e9crit de l&rsquo;\u00e9diteur, sont strictement interdites. Le fait pour l&rsquo;\u00e9diteur de ne pas engager de proc\u00e9dure d\u00e8s la prise de connaissance de ces utilisations non autoris\u00e9es ne vaut pas acceptation desdites utilisations et renonciation aux poursuites.<\/p>\n\n\n\n<p>Seule l&rsquo;utilisation pour un usage priv\u00e9 dans un cercle de famille est autoris\u00e9e et toute autre utilisation est constitutive de contrefa\u00e7on et\/ou d&rsquo;atteinte aux droits voisins, sanctionn\u00e9es par Code de la propri\u00e9t\u00e9 intellectuelle.<\/p>\n\n\n\n<p>La reprise de tout ou partie de ce contenu n\u00e9cessite l&rsquo;autorisation pr\u00e9alable de l&rsquo;\u00e9diteur ou du titulaire des droits sur ce contenu.<\/p>\n\n\n\n<p>Cr\u00e9dits photos : Les images utilis\u00e9es sur ce site proviennent d&rsquo;images ou de photographies cr\u00e9\u00e9es par le Club ABC, de Freepik (<a href=\"https:\/\/www.google.com\/url?sa=E&amp;source=gmail&amp;q=https:\/\/www.freepik.com\" target=\"_blank\" rel=\"noreferrer noopener\">www.freepik.com<\/a>) et de Canva (<a href=\"https:\/\/www.canva.com\" target=\"_blank\" rel=\"noreferrer noopener\">www.canva.com<\/a>).\u00a0\u00bb<br><br><\/p>\n\n\n\n<h4 class=\"wp-block-heading has-text-color has-medium-font-size\" style=\"color:#004aad;font-style:normal;font-weight:400\">Article 1 \u2013 Informations l\u00e9gales<\/h4>\n\n\n\n<p>En vertu de l\u2019article 6 de la Loi n\u00b0 2004-575 du 21 juin 2004 pour la confiance dans l\u2019\u00e9conomie num\u00e9rique, il est pr\u00e9cis\u00e9 dans cet article l\u2019identit\u00e9 des diff\u00e9rents intervenants dans le cadre de sa r\u00e9alisation et de son suivi.<\/p>\n\n\n\n<p>Le site club-abc.fr est \u00e9dit\u00e9 par LMWB immatricul\u00e9 au num\u00e9ro suivant :<\/p>\n\n\n\n<p>| Siret : 80968080400014 \u2013 APE 18132<br>| N\u00b0 CMA : 809.680.804 RM 78<br>| Chambre de m\u00e9tiers et de l\u2019artisanat des Yvelines<br>| N\u00b0 NAFA 1813ZA<br>| Adresse e-mail : contact@lmwb.fr<\/p>\n\n\n\n<p>LMWB en est le chef de projet et cr\u00e9ateur de solution Internet.<br>Certification TOSA pour le pack Adobe<\/p>\n\n\n\n<p>Directrice de la publication : Catherine GAL<\/p>\n\n\n\n<p>club-abc.fr est \u00e9dit\u00e9 par WordPress.<\/p>\n\n\n\n<p>club-abc.fr est h\u00e9berg\u00e9 par OVH&nbsp;:<\/p>\n\n\n\n<p>OVH<br>RCS Roubaix \u2013 Tourcoing<br>AS au capital de 10&nbsp;069&nbsp;020&nbsp;\u20ac<br>RCS Lille M\u00e9tropole 424 761 419 00045<br>Code APE 2620Z<br>N\u00b0 TVA : FR 22 424 761 419<br>Si\u00e8ge social : 2 rue Kellermann \u2013 59100 Roubaix \u2013 France.<\/p>\n\n\n\n<p>Sont consid\u00e9r\u00e9s comme utilisateurs tous les internautes qui naviguent, lisent, visionnent et utilisent le site club-abc.fr.<br><br><\/p>\n\n\n\n<h4 class=\"wp-block-heading has-text-color has-medium-font-size\" style=\"color:#004aad;font-style:normal;font-weight:400\">Article 2 \u2013 Accessibilit\u00e9<\/h4>\n\n\n\n<p>Le site est par principe accessible aux utilisateurs 24\/24h et 7\/7jr, sauf interruption, programm\u00e9e ou non, pour des besoins de maintenance ou en cas de force majeure.<\/p>\n\n\n\n<p>En cas d\u2019impossibilit\u00e9 d\u2019acc\u00e8s au site, celui-ci s\u2019engage \u00e0 faire son maximum afin d\u2019en r\u00e9tablir l\u2019acc\u00e8s. Le site ne saurait \u00eatre tenu pour responsable de tout dommage, quelle qu\u2019en soit la nature r\u00e9sultant de son indisponibilit\u00e9.<br><br><\/p>\n\n\n\n<h4 class=\"wp-block-heading has-text-color has-medium-font-size\" style=\"color:#004aad;font-style:normal;font-weight:400\">Article 3 \u2013 Collecte de donn\u00e9es et loi informatique et libert\u00e9s<\/h4>\n\n\n\n<p>Le site club-abc.fr est exempt\u00e9 de d\u00e9claration \u00e0 la Commission nationale informatique et Libert\u00e9s (CNIL) dans la mesure o\u00f9 il ne collecte aucune donn\u00e9e des utilisateurs.<br><br><\/p>\n\n\n\n<h4 class=\"wp-block-heading has-text-color has-medium-font-size\" style=\"color:#004aad;font-style:normal;font-weight:400\">Article 4 \u2013 Politique de cookies<\/h4>\n\n\n\n<p>Le site club-abc.fr a \u00e9ventuellement recours aux techniques de \u00ab&nbsp;cookies&nbsp;\u00bb lui permettant de traiter des statistiques et des informations sur le trafic, de faciliter la navigation et d\u2019am\u00e9liorer le service pour le confort de l\u2019utilisateur.<\/p>\n\n\n\n<p>Conform\u00e9ment \u00e0 la l\u00e9gislation europ\u00e9enne, le site club-abc.fr a mis \u00e0 jour sa politique de confidentialit\u00e9 en mati\u00e8re de cookies. L\u2019utilisateur est libre d\u2019accepter ou de refuser les cookies de tous les sites Internet en modifiant les param\u00e8tres de son navigateur Internet.<\/p>\n\n\n\n<p>Politique de confidentialit\u00e9&nbsp;:&nbsp;tel que recommand\u00e9 par les directives RGPD, la collecte d\u2019informations (adresses mails, nom et pr\u00e9nom\u2026) ne fait l\u2019objet d\u2019aucune exploitation de notre part. En cas de collecte, vos informations sont syst\u00e9matiquement d\u00e9truites au bout de 4 ans. Vous pouvez \u00e0 tout moment exercer votre droit de modification ou de suppression de vos donn\u00e9es propres.<br><br><\/p>\n\n\n\n<h4 class=\"wp-block-heading has-text-color has-medium-font-size\" style=\"color:#004aad;font-style:normal;font-weight:400\">Article 5 \u2013 Liens hypertextes<\/h4>\n\n\n\n<p>Le site peut contenir des liens hypertextes donnant acc\u00e8s \u00e0 d&rsquo;autres sites web \u00e9dit\u00e9s et g\u00e9r\u00e9s par des tiers et non par l&rsquo;\u00e9diteur. L&rsquo;\u00e9diteur ne pourra \u00eatre tenu responsable directement ou indirectement dans le cas o\u00f9 lesdits sites tiers ne respecteraient pas les dispositions l\u00e9gales.<br><br><\/p>\n\n\n\n<h4 class=\"wp-block-heading has-text-color has-medium-font-size\" style=\"color:#004aad;font-style:normal;font-weight:400\">Article 6 \u2013 Loi applicable et juridiction<\/h4>\n\n\n\n<p>Les pr\u00e9sentes Mentions l\u00e9gales sont r\u00e9gies par la loi fran\u00e7aise. En cas de diff\u00e9rend et \u00e0 d\u00e9faut d\u2019accord amiable, le litige sera port\u00e9 devant les tribunaux fran\u00e7ais conform\u00e9ment aux r\u00e8gles de comp\u00e9tence en vigueur.<br><br><\/p>\n\n\n\n<h4 class=\"wp-block-heading has-text-color has-medium-font-size\" style=\"color:#004aad;font-style:normal;font-weight:400\">Article 7 \u2013 Contact <\/h4>\n\n\n\n<p>Pour tout signalement de contenus ou d\u2019activit\u00e9s illicites, l\u2019utilisateur peut contacter l\u2019\u00e9diteur \u00e0 l\u2019adresse suivante : <a href=\"mailto:clubabc@orange.fr\">clubabc@orange.fr<\/a> ou par courrier recommand\u00e9 avec accus\u00e9 de r\u00e9ception adress\u00e9 \u00e0 l\u2019\u00e9diteur aux coordonn\u00e9es pr\u00e9cis\u00e9es dans les pr\u00e9sentes mentions l\u00e9gales.<\/p>\n","protected":false},"excerpt":{"rendered":"<p>Mentions l\u00e9gales Conform\u00e9ment aux dispositions des articles 6-III et 19 de la Loi n\u00b0 2004-575 du 21 juin 2004 pour la confiance dans l\u2019\u00e9conomie num\u00e9rique, dite L.C.E.N., il est port\u00e9 \u00e0 la connaissance des utilisateurs et visiteurs du site club-abc.fr les pr\u00e9sentes mentions l\u00e9gales. Le site club-abc.fr est accessible \u00e0 l\u2019adresse suivante : https:\/\/club-abc.fr. L\u2019acc\u00e8s [&hellip;]<\/p>\n","protected":false},"author":1,"featured_media":0,"parent":0,"menu_order":0,"comment_status":"closed","ping_status":"closed","template":"","meta":{"_uag_custom_page_level_css":"","footnotes":""},"class_list":["post-187","page","type-page","status-publish","hentry","entry"],"yoast_head":"<!-- This site is optimized with the Yoast SEO plugin v27.4 - https:\/\/yoast.com\/product\/yoast-seo-wordpress\/ -->\n<title>Mentions l\u00e9gales - Club ABC<\/title>\n<meta name=\"robots\" content=\"index, follow, max-snippet:-1, max-image-preview:large, max-video-preview:-1\" \/>\n<link rel=\"canonical\" href=\"https:\/\/club-abc.fr\/index.php\/mentions-legales\/\" \/>\n<meta property=\"og:locale\" content=\"fr_FR\" \/>\n<meta property=\"og:type\" content=\"article\" \/>\n<meta property=\"og:title\" content=\"Mentions l\u00e9gales - Club ABC\" \/>\n<meta property=\"og:description\" content=\"Mentions l\u00e9gales Conform\u00e9ment aux dispositions des articles 6-III et 19 de la Loi n\u00b0 2004-575 du 21 juin 2004 pour la confiance dans l\u2019\u00e9conomie num\u00e9rique, dite L.C.E.N., il est port\u00e9 \u00e0 la connaissance des utilisateurs et visiteurs du site club-abc.fr les pr\u00e9sentes mentions l\u00e9gales. Le site club-abc.fr est accessible \u00e0 l\u2019adresse suivante : https:\/\/club-abc.fr. L\u2019acc\u00e8s [&hellip;]\" \/>\n<meta property=\"og:url\" content=\"https:\/\/club-abc.fr\/index.php\/mentions-legales\/\" \/>\n<meta property=\"og:site_name\" content=\"Club ABC\" \/>\n<meta property=\"article:modified_time\" content=\"2026-03-23T12:08:48+00:00\" \/>\n<meta name=\"twitter:card\" content=\"summary_large_image\" \/>\n<meta name=\"twitter:label1\" content=\"Dur\u00e9e de lecture estim\u00e9e\" \/>\n\t<meta name=\"twitter:data1\" content=\"5 minutes\" \/>\n<script type=\"application\/ld+json\" class=\"yoast-schema-graph\">{\"@context\":\"https:\\\/\\\/schema.org\",\"@graph\":[{\"@type\":\"WebPage\",\"@id\":\"https:\\\/\\\/club-abc.fr\\\/index.php\\\/mentions-legales\\\/\",\"url\":\"https:\\\/\\\/club-abc.fr\\\/index.php\\\/mentions-legales\\\/\",\"name\":\"Mentions l\u00e9gales - Club ABC\",\"isPartOf\":{\"@id\":\"https:\\\/\\\/club-abc.fr\\\/#website\"},\"datePublished\":\"2023-04-17T23:21:47+00:00\",\"dateModified\":\"2026-03-23T12:08:48+00:00\",\"breadcrumb\":{\"@id\":\"https:\\\/\\\/club-abc.fr\\\/index.php\\\/mentions-legales\\\/#breadcrumb\"},\"inLanguage\":\"fr-FR\",\"potentialAction\":[{\"@type\":\"ReadAction\",\"target\":[\"https:\\\/\\\/club-abc.fr\\\/index.php\\\/mentions-legales\\\/\"]}]},{\"@type\":\"BreadcrumbList\",\"@id\":\"https:\\\/\\\/club-abc.fr\\\/index.php\\\/mentions-legales\\\/#breadcrumb\",\"itemListElement\":[{\"@type\":\"ListItem\",\"position\":1,\"name\":\"Accueil\",\"item\":\"https:\\\/\\\/club-abc.fr\\\/\"},{\"@type\":\"ListItem\",\"position\":2,\"name\":\"Mentions l\u00e9gales\"}]},{\"@type\":\"WebSite\",\"@id\":\"https:\\\/\\\/club-abc.fr\\\/#website\",\"url\":\"https:\\\/\\\/club-abc.fr\\\/\",\"name\":\"Club ABC\",\"description\":\"Le club de vos loisirs\",\"publisher\":{\"@id\":\"https:\\\/\\\/club-abc.fr\\\/#organization\"},\"potentialAction\":[{\"@type\":\"SearchAction\",\"target\":{\"@type\":\"EntryPoint\",\"urlTemplate\":\"https:\\\/\\\/club-abc.fr\\\/?s={search_term_string}\"},\"query-input\":{\"@type\":\"PropertyValueSpecification\",\"valueRequired\":true,\"valueName\":\"search_term_string\"}}],\"inLanguage\":\"fr-FR\"},{\"@type\":\"Organization\",\"@id\":\"https:\\\/\\\/club-abc.fr\\\/#organization\",\"name\":\"Club ABC\",\"url\":\"https:\\\/\\\/club-abc.fr\\\/\",\"logo\":{\"@type\":\"ImageObject\",\"inLanguage\":\"fr-FR\",\"@id\":\"https:\\\/\\\/club-abc.fr\\\/#\\\/schema\\\/logo\\\/image\\\/\",\"url\":\"https:\\\/\\\/club-abc.fr\\\/wp-content\\\/uploads\\\/2023\\\/05\\\/cropped-Logo_Club-ABC.png\",\"contentUrl\":\"https:\\\/\\\/club-abc.fr\\\/wp-content\\\/uploads\\\/2023\\\/05\\\/cropped-Logo_Club-ABC.png\",\"width\":5100,\"height\":1658,\"caption\":\"Club ABC\"},\"image\":{\"@id\":\"https:\\\/\\\/club-abc.fr\\\/#\\\/schema\\\/logo\\\/image\\\/\"}}]}<\/script>\n<!-- \/ Yoast SEO plugin. -->","yoast_head_json":{"title":"Mentions l\u00e9gales - Club ABC","robots":{"index":"index","follow":"follow","max-snippet":"max-snippet:-1","max-image-preview":"max-image-preview:large","max-video-preview":"max-video-preview:-1"},"canonical":"https:\/\/club-abc.fr\/index.php\/mentions-legales\/","og_locale":"fr_FR","og_type":"article","og_title":"Mentions l\u00e9gales - Club ABC","og_description":"Mentions l\u00e9gales Conform\u00e9ment aux dispositions des articles 6-III et 19 de la Loi n\u00b0 2004-575 du 21 juin 2004 pour la confiance dans l\u2019\u00e9conomie num\u00e9rique, dite L.C.E.N., il est port\u00e9 \u00e0 la connaissance des utilisateurs et visiteurs du site club-abc.fr les pr\u00e9sentes mentions l\u00e9gales. Le site club-abc.fr est accessible \u00e0 l\u2019adresse suivante : https:\/\/club-abc.fr. L\u2019acc\u00e8s [&hellip;]","og_url":"https:\/\/club-abc.fr\/index.php\/mentions-legales\/","og_site_name":"Club ABC","article_modified_time":"2026-03-23T12:08:48+00:00","twitter_card":"summary_large_image","twitter_misc":{"Dur\u00e9e de lecture estim\u00e9e":"5 minutes"},"schema":{"@context":"https:\/\/schema.org","@graph":[{"@type":"WebPage","@id":"https:\/\/club-abc.fr\/index.php\/mentions-legales\/","url":"https:\/\/club-abc.fr\/index.php\/mentions-legales\/","name":"Mentions l\u00e9gales - Club ABC","isPartOf":{"@id":"https:\/\/club-abc.fr\/#website"},"datePublished":"2023-04-17T23:21:47+00:00","dateModified":"2026-03-23T12:08:48+00:00","breadcrumb":{"@id":"https:\/\/club-abc.fr\/index.php\/mentions-legales\/#breadcrumb"},"inLanguage":"fr-FR","potentialAction":[{"@type":"ReadAction","target":["https:\/\/club-abc.fr\/index.php\/mentions-legales\/"]}]},{"@type":"BreadcrumbList","@id":"https:\/\/club-abc.fr\/index.php\/mentions-legales\/#breadcrumb","itemListElement":[{"@type":"ListItem","position":1,"name":"Accueil","item":"https:\/\/club-abc.fr\/"},{"@type":"ListItem","position":2,"name":"Mentions l\u00e9gales"}]},{"@type":"WebSite","@id":"https:\/\/club-abc.fr\/#website","url":"https:\/\/club-abc.fr\/","name":"Club ABC","description":"Le club de vos loisirs","publisher":{"@id":"https:\/\/club-abc.fr\/#organization"},"potentialAction":[{"@type":"SearchAction","target":{"@type":"EntryPoint","urlTemplate":"https:\/\/club-abc.fr\/?s={search_term_string}"},"query-input":{"@type":"PropertyValueSpecification","valueRequired":true,"valueName":"search_term_string"}}],"inLanguage":"fr-FR"},{"@type":"Organization","@id":"https:\/\/club-abc.fr\/#organization","name":"Club ABC","url":"https:\/\/club-abc.fr\/","logo":{"@type":"ImageObject","inLanguage":"fr-FR","@id":"https:\/\/club-abc.fr\/#\/schema\/logo\/image\/","url":"https:\/\/club-abc.fr\/wp-content\/uploads\/2023\/05\/cropped-Logo_Club-ABC.png","contentUrl":"https:\/\/club-abc.fr\/wp-content\/uploads\/2023\/05\/cropped-Logo_Club-ABC.png","width":5100,"height":1658,"caption":"Club ABC"},"image":{"@id":"https:\/\/club-abc.fr\/#\/schema\/logo\/image\/"}}]}},"featured_image_src":null,"featured_image_src_square":null,"uagb_featured_image_src":{"full":false,"thumbnail":false,"medium":false,"medium_large":false,"large":false,"1536x1536":false,"2048x2048":false,"ocean-thumb-m":false,"ocean-thumb-ml":false,"ocean-thumb-l":false,"ab-block-post-grid-landscape":false,"ab-block-post-grid-square":false},"uagb_author_info":{"display_name":"admin6119","author_link":"https:\/\/club-abc.fr\/index.php\/author\/admin6119\/"},"uagb_comment_info":0,"uagb_excerpt":"Mentions l\u00e9gales Conform\u00e9ment aux dispositions des articles 6-III et 19 de la Loi n\u00b0 2004-575 du 21 juin 2004 pour la confiance dans l\u2019\u00e9conomie num\u00e9rique, dite L.C.E.N., il est port\u00e9 \u00e0 la connaissance des utilisateurs et visiteurs du site club-abc.fr les pr\u00e9sentes mentions l\u00e9gales. Le site club-abc.fr est accessible \u00e0 l\u2019adresse suivante : https:\/\/club-abc.fr. L\u2019acc\u00e8s\u2026","jetpack_sharing_enabled":true,"_links":{"self":[{"href":"https:\/\/club-abc.fr\/index.php\/wp-json\/wp\/v2\/pages\/187","targetHints":{"allow":["GET"]}}],"collection":[{"href":"https:\/\/club-abc.fr\/index.php\/wp-json\/wp\/v2\/pages"}],"about":[{"href":"https:\/\/club-abc.fr\/index.php\/wp-json\/wp\/v2\/types\/page"}],"author":[{"embeddable":true,"href":"https:\/\/club-abc.fr\/index.php\/wp-json\/wp\/v2\/users\/1"}],"replies":[{"embeddable":true,"href":"https:\/\/club-abc.fr\/index.php\/wp-json\/wp\/v2\/comments?post=187"}],"version-history":[{"count":0,"href":"https:\/\/club-abc.fr\/index.php\/wp-json\/wp\/v2\/pages\/187\/revisions"}],"wp:attachment":[{"href":"https:\/\/club-abc.fr\/index.php\/wp-json\/wp\/v2\/media?parent=187"}],"curies":[{"name":"wp","href":"https:\/\/api.w.org\/{rel}","templated":true}]}}