{"id":1734,"date":"2023-05-13T17:51:28","date_gmt":"2023-05-13T15:51:28","guid":{"rendered":"https:\/\/club-abc.fr\/?page_id=1734"},"modified":"2026-03-24T17:43:56","modified_gmt":"2026-03-24T16:43:56","slug":"repair-cafe","status":"publish","type":"page","link":"https:\/\/club-abc.fr\/index.php\/repair-cafe\/","title":{"rendered":"Repair caf\u00e9"},"content":{"rendered":"\n<div class=\"wp-block-uagb-container uagb-block-1af946c1 alignfull uagb-is-root-container\"><div class=\"uagb-container-inner-blocks-wrap\">\n<div class=\"wp-block-uagb-container uagb-block-dc54a26c\">\n<div class=\"wp-block-uagb-image uagb-block-ee015f6a wp-block-uagb-image--layout-default wp-block-uagb-image--effect-static wp-block-uagb-image--align-none\"><figure class=\"wp-block-uagb-image__figure\"><img loading=\"lazy\" decoding=\"async\" srcset=\"https:\/\/club-abc.fr\/wp-content\/uploads\/2023\/05\/4C-Culture-Repair-Cafe-1024x768.jpg ,https:\/\/club-abc.fr\/wp-content\/uploads\/2023\/05\/4C-Culture-Repair-Cafe.jpg 780w, https:\/\/club-abc.fr\/wp-content\/uploads\/2023\/05\/4C-Culture-Repair-Cafe.jpg 360w\" sizes=\"auto, (max-width: 480px) 150px\" src=\"https:\/\/club-abc.fr\/wp-content\/uploads\/2023\/05\/4C-Culture-Repair-Cafe-1024x768.jpg\" alt=\"\" class=\"uag-image-2697\" width=\"300\" height=\"225\" title=\"4C Culture Repair Cafe\" loading=\"lazy\" role=\"img\"\/><\/figure><\/div>\n\n\n\n<div class=\"wp-block-uagb-advanced-heading uagb-block-f667d28a\"><\/div>\n<\/div>\n\n\n\n<div class=\"wp-block-uagb-container uagb-block-11478b23\">\n<h1 class=\"wp-block-heading has-text-color has-x-large-font-size\" style=\"color:#004aad;font-style:normal;font-weight:600;letter-spacing:1px\">Repair Caf\u00e9<\/h1>\n\n\n\n<h3 class=\"wp-block-heading\" style=\"font-size:40px;font-style:normal;font-weight:200\">Catherine Gal<\/h3>\n\n\n\n<p>Vous venez avec votre \u00e9quipement en panne (petit \u00e9lectrom\u00e9nager, mat\u00e9riel informatique ou audio ou \u00e9lectronique, objets du quotidien) et nos r\u00e9parateurs b\u00e9n\u00e9voles vous aident \u00e0 le r\u00e9parer.<br>Un atelier Repair V\u00e9lo est ouvert \u00e0 partir du samedi 28 mars dans la cour du Relais<\/p>\n\n\n\n<p>Vos objets ont de la valeur, donnez-leur une deuxi\u00e8me vie !<\/p>\n<\/div>\n<\/div><\/div>\n\n\n\n<p class=\"has-text-align-center\">Une fois par mois, le samedi apr\u00e8s-midi de 14h30 \u00e0 18h.<br>Entr\u00e9e libre, ouverte \u00e0 tous et sans rendez-vous.<\/p>\n\n\n\n<h2 class=\"wp-block-heading\">Prochaines s\u00e9ances Repair Caf\u00e9 : 13 d\u00e9cembre 2025 et 31 janvier 2026<br>Prochaines s\u00e9ances Repair Caf\u00e9 + Repair V\u00e9lo : 28 mars, 30 mai et 27 juin 2026<br><\/h2>\n\n\n\n<div class=\"wp-block-group\"><div class=\"wp-block-group__inner-container is-layout-constrained wp-block-group-is-layout-constrained\">\n<figure class=\"wp-block-gallery has-nested-images columns-default is-cropped wp-block-gallery-1 is-layout-flex wp-block-gallery-is-layout-flex\">\n<figure class=\"wp-block-image size-large\"><img fetchpriority=\"high\" decoding=\"async\" width=\"1024\" height=\"783\" data-id=\"9642\" src=\"https:\/\/club-abc.fr\/wp-content\/uploads\/2025\/09\/1-Repair-Cafe-0020-1024x783.jpg\" alt=\"\" class=\"wp-image-9642\" srcset=\"https:\/\/club-abc.fr\/wp-content\/uploads\/2025\/09\/1-Repair-Cafe-0020-1024x783.jpg 1024w, https:\/\/club-abc.fr\/wp-content\/uploads\/2025\/09\/1-Repair-Cafe-0020-300x230.jpg 300w, https:\/\/club-abc.fr\/wp-content\/uploads\/2025\/09\/1-Repair-Cafe-0020-768x588.jpg 768w, https:\/\/club-abc.fr\/wp-content\/uploads\/2025\/09\/1-Repair-Cafe-0020-1536x1175.jpg 1536w, https:\/\/club-abc.fr\/wp-content\/uploads\/2025\/09\/1-Repair-Cafe-0020.jpg 1673w\" sizes=\"(max-width: 1024px) 100vw, 1024px\" \/><\/figure>\n\n\n\n<figure class=\"wp-block-image size-large\"><img decoding=\"async\" width=\"480\" height=\"640\" data-id=\"9643\" src=\"https:\/\/club-abc.fr\/wp-content\/uploads\/2025\/09\/2-la-visiteuse-aux-cafetieres-rotated.jpg\" alt=\"\" class=\"wp-image-9643\" srcset=\"https:\/\/club-abc.fr\/wp-content\/uploads\/2025\/09\/2-la-visiteuse-aux-cafetieres-rotated.jpg 480w, https:\/\/club-abc.fr\/wp-content\/uploads\/2025\/09\/2-la-visiteuse-aux-cafetieres-225x300.jpg 225w\" sizes=\"(max-width: 480px) 100vw, 480px\" \/><\/figure>\n\n\n\n<figure class=\"wp-block-image size-large\"><img decoding=\"async\" width=\"1024\" height=\"683\" data-id=\"9644\" src=\"https:\/\/club-abc.fr\/wp-content\/uploads\/2025\/09\/3-Repair-Cafe-0059-1024x683.jpg\" alt=\"\" class=\"wp-image-9644\" srcset=\"https:\/\/club-abc.fr\/wp-content\/uploads\/2025\/09\/3-Repair-Cafe-0059-1024x683.jpg 1024w, https:\/\/club-abc.fr\/wp-content\/uploads\/2025\/09\/3-Repair-Cafe-0059-300x200.jpg 300w, https:\/\/club-abc.fr\/wp-content\/uploads\/2025\/09\/3-Repair-Cafe-0059-768x512.jpg 768w, https:\/\/club-abc.fr\/wp-content\/uploads\/2025\/09\/3-Repair-Cafe-0059-1536x1024.jpg 1536w, https:\/\/club-abc.fr\/wp-content\/uploads\/2025\/09\/3-Repair-Cafe-0059-600x400.jpg 600w, https:\/\/club-abc.fr\/wp-content\/uploads\/2025\/09\/3-Repair-Cafe-0059.jpg 1920w\" sizes=\"(max-width: 1024px) 100vw, 1024px\" \/><\/figure>\n\n\n\n<figure class=\"wp-block-image size-large\"><img loading=\"lazy\" decoding=\"async\" width=\"480\" height=\"640\" data-id=\"9645\" src=\"https:\/\/club-abc.fr\/wp-content\/uploads\/2025\/09\/4-DISPATCH-A-DONF-rotated.jpg\" alt=\"\" class=\"wp-image-9645\" srcset=\"https:\/\/club-abc.fr\/wp-content\/uploads\/2025\/09\/4-DISPATCH-A-DONF-rotated.jpg 480w, https:\/\/club-abc.fr\/wp-content\/uploads\/2025\/09\/4-DISPATCH-A-DONF-225x300.jpg 225w\" sizes=\"(max-width: 480px) 100vw, 480px\" \/><\/figure>\n\n\n\n<figure class=\"wp-block-image size-large\"><img loading=\"lazy\" decoding=\"async\" width=\"1024\" height=\"898\" data-id=\"9660\" src=\"https:\/\/club-abc.fr\/wp-content\/uploads\/2025\/09\/5-robot-en-diagnostic-Copie-1-1024x898.jpg\" alt=\"\" class=\"wp-image-9660\" srcset=\"https:\/\/club-abc.fr\/wp-content\/uploads\/2025\/09\/5-robot-en-diagnostic-Copie-1-1024x898.jpg 1024w, https:\/\/club-abc.fr\/wp-content\/uploads\/2025\/09\/5-robot-en-diagnostic-Copie-1-300x263.jpg 300w, https:\/\/club-abc.fr\/wp-content\/uploads\/2025\/09\/5-robot-en-diagnostic-Copie-1-768x673.jpg 768w, https:\/\/club-abc.fr\/wp-content\/uploads\/2025\/09\/5-robot-en-diagnostic-Copie-1.jpg 1062w\" sizes=\"(max-width: 1024px) 100vw, 1024px\" \/><\/figure>\n\n\n\n<figure class=\"wp-block-image size-large\"><img loading=\"lazy\" decoding=\"async\" width=\"1024\" height=\"897\" data-id=\"9662\" src=\"https:\/\/club-abc.fr\/wp-content\/uploads\/2025\/09\/6-Patrice-et-Laurent-Copie-1024x897.jpg\" alt=\"\" class=\"wp-image-9662\" srcset=\"https:\/\/club-abc.fr\/wp-content\/uploads\/2025\/09\/6-Patrice-et-Laurent-Copie-1024x897.jpg 1024w, https:\/\/club-abc.fr\/wp-content\/uploads\/2025\/09\/6-Patrice-et-Laurent-Copie-300x263.jpg 300w, https:\/\/club-abc.fr\/wp-content\/uploads\/2025\/09\/6-Patrice-et-Laurent-Copie-768x673.jpg 768w, https:\/\/club-abc.fr\/wp-content\/uploads\/2025\/09\/6-Patrice-et-Laurent-Copie-1536x1345.jpg 1536w, https:\/\/club-abc.fr\/wp-content\/uploads\/2025\/09\/6-Patrice-et-Laurent-Copie-2048x1793.jpg 2048w\" sizes=\"(max-width: 1024px) 100vw, 1024px\" \/><\/figure>\n\n\n\n<figure class=\"wp-block-image size-large\"><img loading=\"lazy\" decoding=\"async\" width=\"768\" height=\"1024\" data-id=\"9648\" src=\"https:\/\/club-abc.fr\/wp-content\/uploads\/2025\/09\/7-Pierre-et-la-tondeuse-768x1024.jpg\" alt=\"\" class=\"wp-image-9648\" srcset=\"https:\/\/club-abc.fr\/wp-content\/uploads\/2025\/09\/7-Pierre-et-la-tondeuse-768x1024.jpg 768w, https:\/\/club-abc.fr\/wp-content\/uploads\/2025\/09\/7-Pierre-et-la-tondeuse-225x300.jpg 225w, https:\/\/club-abc.fr\/wp-content\/uploads\/2025\/09\/7-Pierre-et-la-tondeuse-1152x1536.jpg 1152w, https:\/\/club-abc.fr\/wp-content\/uploads\/2025\/09\/7-Pierre-et-la-tondeuse.jpg 1200w\" sizes=\"(max-width: 768px) 100vw, 768px\" \/><\/figure>\n\n\n\n<figure class=\"wp-block-image size-large\"><img loading=\"lazy\" decoding=\"async\" width=\"1024\" height=\"825\" data-id=\"9664\" src=\"https:\/\/club-abc.fr\/wp-content\/uploads\/2025\/09\/8-Repair-Cafe-0034-Copie-1024x825.jpg\" alt=\"\" class=\"wp-image-9664\" srcset=\"https:\/\/club-abc.fr\/wp-content\/uploads\/2025\/09\/8-Repair-Cafe-0034-Copie-1024x825.jpg 1024w, https:\/\/club-abc.fr\/wp-content\/uploads\/2025\/09\/8-Repair-Cafe-0034-Copie-300x242.jpg 300w, https:\/\/club-abc.fr\/wp-content\/uploads\/2025\/09\/8-Repair-Cafe-0034-Copie-768x619.jpg 768w, https:\/\/club-abc.fr\/wp-content\/uploads\/2025\/09\/8-Repair-Cafe-0034-Copie-1536x1237.jpg 1536w, https:\/\/club-abc.fr\/wp-content\/uploads\/2025\/09\/8-Repair-Cafe-0034-Copie.jpg 1589w\" sizes=\"(max-width: 1024px) 100vw, 1024px\" \/><\/figure>\n\n\n\n<figure class=\"wp-block-image size-large\"><img loading=\"lazy\" decoding=\"async\" width=\"1024\" height=\"683\" data-id=\"9650\" src=\"https:\/\/club-abc.fr\/wp-content\/uploads\/2025\/09\/9-Repair-Cafe-0024-1024x683.jpg\" alt=\"\" class=\"wp-image-9650\" srcset=\"https:\/\/club-abc.fr\/wp-content\/uploads\/2025\/09\/9-Repair-Cafe-0024-1024x683.jpg 1024w, https:\/\/club-abc.fr\/wp-content\/uploads\/2025\/09\/9-Repair-Cafe-0024-300x200.jpg 300w, https:\/\/club-abc.fr\/wp-content\/uploads\/2025\/09\/9-Repair-Cafe-0024-768x512.jpg 768w, https:\/\/club-abc.fr\/wp-content\/uploads\/2025\/09\/9-Repair-Cafe-0024-1536x1024.jpg 1536w, https:\/\/club-abc.fr\/wp-content\/uploads\/2025\/09\/9-Repair-Cafe-0024-600x400.jpg 600w, https:\/\/club-abc.fr\/wp-content\/uploads\/2025\/09\/9-Repair-Cafe-0024.jpg 1920w\" sizes=\"(max-width: 1024px) 100vw, 1024px\" \/><\/figure>\n\n\n\n<figure class=\"wp-block-image size-large\"><img loading=\"lazy\" decoding=\"async\" width=\"1024\" height=\"768\" data-id=\"9651\" src=\"https:\/\/club-abc.fr\/wp-content\/uploads\/2025\/09\/10-David-1024x768.jpg\" alt=\"\" class=\"wp-image-9651\" srcset=\"https:\/\/club-abc.fr\/wp-content\/uploads\/2025\/09\/10-David-1024x768.jpg 1024w, https:\/\/club-abc.fr\/wp-content\/uploads\/2025\/09\/10-David-300x225.jpg 300w, https:\/\/club-abc.fr\/wp-content\/uploads\/2025\/09\/10-David-768x576.jpg 768w, https:\/\/club-abc.fr\/wp-content\/uploads\/2025\/09\/10-David-1536x1152.jpg 1536w, https:\/\/club-abc.fr\/wp-content\/uploads\/2025\/09\/10-David.jpg 2016w\" sizes=\"(max-width: 1024px) 100vw, 1024px\" \/><\/figure>\n\n\n\n<figure class=\"wp-block-image size-large\"><img loading=\"lazy\" decoding=\"async\" width=\"768\" height=\"1024\" data-id=\"9652\" src=\"https:\/\/club-abc.fr\/wp-content\/uploads\/2025\/09\/11-anthony-768x1024.jpg\" alt=\"\" class=\"wp-image-9652\" srcset=\"https:\/\/club-abc.fr\/wp-content\/uploads\/2025\/09\/11-anthony-768x1024.jpg 768w, https:\/\/club-abc.fr\/wp-content\/uploads\/2025\/09\/11-anthony-225x300.jpg 225w, https:\/\/club-abc.fr\/wp-content\/uploads\/2025\/09\/11-anthony-1152x1536.jpg 1152w, https:\/\/club-abc.fr\/wp-content\/uploads\/2025\/09\/11-anthony.jpg 1200w\" sizes=\"(max-width: 768px) 100vw, 768px\" \/><\/figure>\n\n\n\n<figure class=\"wp-block-image size-large\"><img loading=\"lazy\" decoding=\"async\" width=\"768\" height=\"1024\" data-id=\"9653\" src=\"https:\/\/club-abc.fr\/wp-content\/uploads\/2025\/09\/12-La-galere-du-Karcher-768x1024.jpg\" alt=\"\" class=\"wp-image-9653\" srcset=\"https:\/\/club-abc.fr\/wp-content\/uploads\/2025\/09\/12-La-galere-du-Karcher-768x1024.jpg 768w, https:\/\/club-abc.fr\/wp-content\/uploads\/2025\/09\/12-La-galere-du-Karcher-225x300.jpg 225w, https:\/\/club-abc.fr\/wp-content\/uploads\/2025\/09\/12-La-galere-du-Karcher-1152x1536.jpg 1152w, https:\/\/club-abc.fr\/wp-content\/uploads\/2025\/09\/12-La-galere-du-Karcher-rotated.jpg 1512w\" sizes=\"(max-width: 768px) 100vw, 768px\" \/><\/figure>\n\n\n\n<figure class=\"wp-block-image size-large\"><img loading=\"lazy\" decoding=\"async\" width=\"1024\" height=\"683\" data-id=\"9654\" src=\"https:\/\/club-abc.fr\/wp-content\/uploads\/2025\/09\/13-Repair-Cafe-0035-1024x683.jpg\" alt=\"\" class=\"wp-image-9654\" srcset=\"https:\/\/club-abc.fr\/wp-content\/uploads\/2025\/09\/13-Repair-Cafe-0035-1024x683.jpg 1024w, https:\/\/club-abc.fr\/wp-content\/uploads\/2025\/09\/13-Repair-Cafe-0035-300x200.jpg 300w, https:\/\/club-abc.fr\/wp-content\/uploads\/2025\/09\/13-Repair-Cafe-0035-768x512.jpg 768w, https:\/\/club-abc.fr\/wp-content\/uploads\/2025\/09\/13-Repair-Cafe-0035-1536x1024.jpg 1536w, https:\/\/club-abc.fr\/wp-content\/uploads\/2025\/09\/13-Repair-Cafe-0035-600x400.jpg 600w, https:\/\/club-abc.fr\/wp-content\/uploads\/2025\/09\/13-Repair-Cafe-0035.jpg 1920w\" sizes=\"(max-width: 1024px) 100vw, 1024px\" \/><\/figure>\n\n\n\n<figure class=\"wp-block-image size-large\"><img loading=\"lazy\" decoding=\"async\" width=\"480\" height=\"640\" data-id=\"9655\" src=\"https:\/\/club-abc.fr\/wp-content\/uploads\/2025\/09\/14-Jean-Marc-Chauvel-rotated.jpg\" alt=\"\" class=\"wp-image-9655\" srcset=\"https:\/\/club-abc.fr\/wp-content\/uploads\/2025\/09\/14-Jean-Marc-Chauvel-rotated.jpg 480w, https:\/\/club-abc.fr\/wp-content\/uploads\/2025\/09\/14-Jean-Marc-Chauvel-225x300.jpg 225w\" sizes=\"(max-width: 480px) 100vw, 480px\" \/><\/figure>\n\n\n\n<figure class=\"wp-block-image size-large\"><img loading=\"lazy\" decoding=\"async\" width=\"1024\" height=\"683\" data-id=\"9656\" src=\"https:\/\/club-abc.fr\/wp-content\/uploads\/2025\/09\/15-Repair-Cafe-0041-1-1024x683.jpg\" alt=\"\" class=\"wp-image-9656\" srcset=\"https:\/\/club-abc.fr\/wp-content\/uploads\/2025\/09\/15-Repair-Cafe-0041-1-1024x683.jpg 1024w, https:\/\/club-abc.fr\/wp-content\/uploads\/2025\/09\/15-Repair-Cafe-0041-1-300x200.jpg 300w, https:\/\/club-abc.fr\/wp-content\/uploads\/2025\/09\/15-Repair-Cafe-0041-1-768x512.jpg 768w, https:\/\/club-abc.fr\/wp-content\/uploads\/2025\/09\/15-Repair-Cafe-0041-1-1536x1024.jpg 1536w, https:\/\/club-abc.fr\/wp-content\/uploads\/2025\/09\/15-Repair-Cafe-0041-1-600x400.jpg 600w, https:\/\/club-abc.fr\/wp-content\/uploads\/2025\/09\/15-Repair-Cafe-0041-1.jpg 1920w\" sizes=\"(max-width: 1024px) 100vw, 1024px\" \/><\/figure>\n\n\n\n<figure class=\"wp-block-image size-large\"><img loading=\"lazy\" decoding=\"async\" width=\"640\" height=\"480\" data-id=\"9658\" src=\"https:\/\/club-abc.fr\/wp-content\/uploads\/2025\/09\/16-Yann-et-l-Ipad.jpg\" alt=\"\" class=\"wp-image-9658\" srcset=\"https:\/\/club-abc.fr\/wp-content\/uploads\/2025\/09\/16-Yann-et-l-Ipad.jpg 640w, https:\/\/club-abc.fr\/wp-content\/uploads\/2025\/09\/16-Yann-et-l-Ipad-300x225.jpg 300w\" sizes=\"(max-width: 640px) 100vw, 640px\" \/><\/figure>\n\n\n\n<figure class=\"wp-block-image size-large\"><img loading=\"lazy\" decoding=\"async\" width=\"1024\" height=\"768\" data-id=\"9657\" src=\"https:\/\/club-abc.fr\/wp-content\/uploads\/2025\/09\/16-les-jeunes-reparateurs-1-1024x768.jpg\" alt=\"\" class=\"wp-image-9657\" srcset=\"https:\/\/club-abc.fr\/wp-content\/uploads\/2025\/09\/16-les-jeunes-reparateurs-1-1024x768.jpg 1024w, https:\/\/club-abc.fr\/wp-content\/uploads\/2025\/09\/16-les-jeunes-reparateurs-1-300x225.jpg 300w, https:\/\/club-abc.fr\/wp-content\/uploads\/2025\/09\/16-les-jeunes-reparateurs-1-768x576.jpg 768w, https:\/\/club-abc.fr\/wp-content\/uploads\/2025\/09\/16-les-jeunes-reparateurs-1-1536x1152.jpg 1536w, https:\/\/club-abc.fr\/wp-content\/uploads\/2025\/09\/16-les-jeunes-reparateurs-1-2048x1536.jpg 2048w\" sizes=\"(max-width: 1024px) 100vw, 1024px\" \/><\/figure>\n<\/figure>\n<\/div><\/div>\n\n\n\n<p><\/p>\n\n\n\n<p><\/p>\n","protected":false},"excerpt":{"rendered":"<p>Repair Caf\u00e9 Catherine Gal Vous venez avec votre \u00e9quipement en panne (petit \u00e9lectrom\u00e9nager, mat\u00e9riel informatique ou audio ou \u00e9lectronique, objets du quotidien) et nos r\u00e9parateurs b\u00e9n\u00e9voles vous aident \u00e0 le r\u00e9parer.Un atelier Repair V\u00e9lo est ouvert \u00e0 partir du samedi 28 mars dans la cour du Relais Vos objets ont de la valeur, donnez-leur une [&hellip;]<\/p>\n","protected":false},"author":1,"featured_media":8044,"parent":0,"menu_order":0,"comment_status":"closed","ping_status":"closed","template":"","meta":{"_uag_custom_page_level_css":"","footnotes":""},"class_list":["post-1734","page","type-page","status-publish","has-post-thumbnail","hentry","entry","has-media"],"yoast_head":"<!-- This site is optimized with the Yoast SEO plugin v27.4 - https:\/\/yoast.com\/product\/yoast-seo-wordpress\/ -->\n<title>Repair caf\u00e9 - Club ABC<\/title>\n<meta name=\"robots\" content=\"index, follow, max-snippet:-1, max-image-preview:large, max-video-preview:-1\" \/>\n<link rel=\"canonical\" href=\"https:\/\/club-abc.fr\/index.php\/repair-cafe\/\" \/>\n<meta property=\"og:locale\" content=\"fr_FR\" \/>\n<meta property=\"og:type\" content=\"article\" \/>\n<meta property=\"og:title\" content=\"Repair caf\u00e9 - Club ABC\" \/>\n<meta property=\"og:description\" content=\"Repair Caf\u00e9 Catherine Gal Vous venez avec votre \u00e9quipement en panne (petit \u00e9lectrom\u00e9nager, mat\u00e9riel informatique ou audio ou \u00e9lectronique, objets du quotidien) et nos r\u00e9parateurs b\u00e9n\u00e9voles vous aident \u00e0 le r\u00e9parer.Un atelier Repair V\u00e9lo est ouvert \u00e0 partir du samedi 28 mars dans la cour du Relais Vos objets ont de la valeur, donnez-leur une [&hellip;]\" \/>\n<meta property=\"og:url\" content=\"https:\/\/club-abc.fr\/index.php\/repair-cafe\/\" \/>\n<meta property=\"og:site_name\" content=\"Club ABC\" \/>\n<meta property=\"article:modified_time\" content=\"2026-03-24T16:43:56+00:00\" \/>\n<meta property=\"og:image\" content=\"https:\/\/club-abc.fr\/wp-content\/uploads\/2025\/02\/Repair-Cafe-scaled.jpg\" \/>\n\t<meta property=\"og:image:width\" content=\"2560\" \/>\n\t<meta property=\"og:image:height\" content=\"1920\" \/>\n\t<meta property=\"og:image:type\" content=\"image\/jpeg\" \/>\n<meta name=\"twitter:card\" content=\"summary_large_image\" \/>\n<meta name=\"twitter:label1\" content=\"Dur\u00e9e de lecture estim\u00e9e\" \/>\n\t<meta name=\"twitter:data1\" content=\"5 minutes\" \/>\n<script type=\"application\/ld+json\" class=\"yoast-schema-graph\">{\"@context\":\"https:\\\/\\\/schema.org\",\"@graph\":[{\"@type\":\"WebPage\",\"@id\":\"https:\\\/\\\/club-abc.fr\\\/index.php\\\/repair-cafe\\\/\",\"url\":\"https:\\\/\\\/club-abc.fr\\\/index.php\\\/repair-cafe\\\/\",\"name\":\"Repair caf\u00e9 - Club ABC\",\"isPartOf\":{\"@id\":\"https:\\\/\\\/club-abc.fr\\\/#website\"},\"primaryImageOfPage\":{\"@id\":\"https:\\\/\\\/club-abc.fr\\\/index.php\\\/repair-cafe\\\/#primaryimage\"},\"image\":{\"@id\":\"https:\\\/\\\/club-abc.fr\\\/index.php\\\/repair-cafe\\\/#primaryimage\"},\"thumbnailUrl\":\"https:\\\/\\\/club-abc.fr\\\/wp-content\\\/uploads\\\/2025\\\/02\\\/Repair-Cafe-scaled.jpg\",\"datePublished\":\"2023-05-13T15:51:28+00:00\",\"dateModified\":\"2026-03-24T16:43:56+00:00\",\"breadcrumb\":{\"@id\":\"https:\\\/\\\/club-abc.fr\\\/index.php\\\/repair-cafe\\\/#breadcrumb\"},\"inLanguage\":\"fr-FR\",\"potentialAction\":[{\"@type\":\"ReadAction\",\"target\":[\"https:\\\/\\\/club-abc.fr\\\/index.php\\\/repair-cafe\\\/\"]}]},{\"@type\":\"ImageObject\",\"inLanguage\":\"fr-FR\",\"@id\":\"https:\\\/\\\/club-abc.fr\\\/index.php\\\/repair-cafe\\\/#primaryimage\",\"url\":\"https:\\\/\\\/club-abc.fr\\\/wp-content\\\/uploads\\\/2025\\\/02\\\/Repair-Cafe-scaled.jpg\",\"contentUrl\":\"https:\\\/\\\/club-abc.fr\\\/wp-content\\\/uploads\\\/2025\\\/02\\\/Repair-Cafe-scaled.jpg\",\"width\":2560,\"height\":1920,\"caption\":\"OLYMPUS DIGITAL CAMERA\"},{\"@type\":\"BreadcrumbList\",\"@id\":\"https:\\\/\\\/club-abc.fr\\\/index.php\\\/repair-cafe\\\/#breadcrumb\",\"itemListElement\":[{\"@type\":\"ListItem\",\"position\":1,\"name\":\"Accueil\",\"item\":\"https:\\\/\\\/club-abc.fr\\\/\"},{\"@type\":\"ListItem\",\"position\":2,\"name\":\"Repair caf\u00e9\"}]},{\"@type\":\"WebSite\",\"@id\":\"https:\\\/\\\/club-abc.fr\\\/#website\",\"url\":\"https:\\\/\\\/club-abc.fr\\\/\",\"name\":\"Club ABC\",\"description\":\"Le club de vos loisirs\",\"publisher\":{\"@id\":\"https:\\\/\\\/club-abc.fr\\\/#organization\"},\"potentialAction\":[{\"@type\":\"SearchAction\",\"target\":{\"@type\":\"EntryPoint\",\"urlTemplate\":\"https:\\\/\\\/club-abc.fr\\\/?s={search_term_string}\"},\"query-input\":{\"@type\":\"PropertyValueSpecification\",\"valueRequired\":true,\"valueName\":\"search_term_string\"}}],\"inLanguage\":\"fr-FR\"},{\"@type\":\"Organization\",\"@id\":\"https:\\\/\\\/club-abc.fr\\\/#organization\",\"name\":\"Club ABC\",\"url\":\"https:\\\/\\\/club-abc.fr\\\/\",\"logo\":{\"@type\":\"ImageObject\",\"inLanguage\":\"fr-FR\",\"@id\":\"https:\\\/\\\/club-abc.fr\\\/#\\\/schema\\\/logo\\\/image\\\/\",\"url\":\"https:\\\/\\\/club-abc.fr\\\/wp-content\\\/uploads\\\/2023\\\/05\\\/cropped-Logo_Club-ABC.png\",\"contentUrl\":\"https:\\\/\\\/club-abc.fr\\\/wp-content\\\/uploads\\\/2023\\\/05\\\/cropped-Logo_Club-ABC.png\",\"width\":5100,\"height\":1658,\"caption\":\"Club ABC\"},\"image\":{\"@id\":\"https:\\\/\\\/club-abc.fr\\\/#\\\/schema\\\/logo\\\/image\\\/\"}}]}<\/script>\n<!-- \/ Yoast SEO plugin. -->","yoast_head_json":{"title":"Repair caf\u00e9 - Club ABC","robots":{"index":"index","follow":"follow","max-snippet":"max-snippet:-1","max-image-preview":"max-image-preview:large","max-video-preview":"max-video-preview:-1"},"canonical":"https:\/\/club-abc.fr\/index.php\/repair-cafe\/","og_locale":"fr_FR","og_type":"article","og_title":"Repair caf\u00e9 - Club ABC","og_description":"Repair Caf\u00e9 Catherine Gal Vous venez avec votre \u00e9quipement en panne (petit \u00e9lectrom\u00e9nager, mat\u00e9riel informatique ou audio ou \u00e9lectronique, objets du quotidien) et nos r\u00e9parateurs b\u00e9n\u00e9voles vous aident \u00e0 le r\u00e9parer.Un atelier Repair V\u00e9lo est ouvert \u00e0 partir du samedi 28 mars dans la cour du Relais Vos objets ont de la valeur, donnez-leur une [&hellip;]","og_url":"https:\/\/club-abc.fr\/index.php\/repair-cafe\/","og_site_name":"Club ABC","article_modified_time":"2026-03-24T16:43:56+00:00","og_image":[{"width":2560,"height":1920,"url":"https:\/\/club-abc.fr\/wp-content\/uploads\/2025\/02\/Repair-Cafe-scaled.jpg","type":"image\/jpeg"}],"twitter_card":"summary_large_image","twitter_misc":{"Dur\u00e9e de lecture estim\u00e9e":"5 minutes"},"schema":{"@context":"https:\/\/schema.org","@graph":[{"@type":"WebPage","@id":"https:\/\/club-abc.fr\/index.php\/repair-cafe\/","url":"https:\/\/club-abc.fr\/index.php\/repair-cafe\/","name":"Repair caf\u00e9 - Club ABC","isPartOf":{"@id":"https:\/\/club-abc.fr\/#website"},"primaryImageOfPage":{"@id":"https:\/\/club-abc.fr\/index.php\/repair-cafe\/#primaryimage"},"image":{"@id":"https:\/\/club-abc.fr\/index.php\/repair-cafe\/#primaryimage"},"thumbnailUrl":"https:\/\/club-abc.fr\/wp-content\/uploads\/2025\/02\/Repair-Cafe-scaled.jpg","datePublished":"2023-05-13T15:51:28+00:00","dateModified":"2026-03-24T16:43:56+00:00","breadcrumb":{"@id":"https:\/\/club-abc.fr\/index.php\/repair-cafe\/#breadcrumb"},"inLanguage":"fr-FR","potentialAction":[{"@type":"ReadAction","target":["https:\/\/club-abc.fr\/index.php\/repair-cafe\/"]}]},{"@type":"ImageObject","inLanguage":"fr-FR","@id":"https:\/\/club-abc.fr\/index.php\/repair-cafe\/#primaryimage","url":"https:\/\/club-abc.fr\/wp-content\/uploads\/2025\/02\/Repair-Cafe-scaled.jpg","contentUrl":"https:\/\/club-abc.fr\/wp-content\/uploads\/2025\/02\/Repair-Cafe-scaled.jpg","width":2560,"height":1920,"caption":"OLYMPUS DIGITAL CAMERA"},{"@type":"BreadcrumbList","@id":"https:\/\/club-abc.fr\/index.php\/repair-cafe\/#breadcrumb","itemListElement":[{"@type":"ListItem","position":1,"name":"Accueil","item":"https:\/\/club-abc.fr\/"},{"@type":"ListItem","position":2,"name":"Repair caf\u00e9"}]},{"@type":"WebSite","@id":"https:\/\/club-abc.fr\/#website","url":"https:\/\/club-abc.fr\/","name":"Club ABC","description":"Le club de vos loisirs","publisher":{"@id":"https:\/\/club-abc.fr\/#organization"},"potentialAction":[{"@type":"SearchAction","target":{"@type":"EntryPoint","urlTemplate":"https:\/\/club-abc.fr\/?s={search_term_string}"},"query-input":{"@type":"PropertyValueSpecification","valueRequired":true,"valueName":"search_term_string"}}],"inLanguage":"fr-FR"},{"@type":"Organization","@id":"https:\/\/club-abc.fr\/#organization","name":"Club ABC","url":"https:\/\/club-abc.fr\/","logo":{"@type":"ImageObject","inLanguage":"fr-FR","@id":"https:\/\/club-abc.fr\/#\/schema\/logo\/image\/","url":"https:\/\/club-abc.fr\/wp-content\/uploads\/2023\/05\/cropped-Logo_Club-ABC.png","contentUrl":"https:\/\/club-abc.fr\/wp-content\/uploads\/2023\/05\/cropped-Logo_Club-ABC.png","width":5100,"height":1658,"caption":"Club ABC"},"image":{"@id":"https:\/\/club-abc.fr\/#\/schema\/logo\/image\/"}}]}},"featured_image_src":"https:\/\/club-abc.fr\/wp-content\/uploads\/2025\/02\/Repair-Cafe-600x400.jpg","featured_image_src_square":"https:\/\/club-abc.fr\/wp-content\/uploads\/2025\/02\/Repair-Cafe-600x600.jpg","uagb_featured_image_src":{"full":["https:\/\/club-abc.fr\/wp-content\/uploads\/2025\/02\/Repair-Cafe-scaled.jpg",2560,1920,false],"thumbnail":["https:\/\/club-abc.fr\/wp-content\/uploads\/2025\/02\/Repair-Cafe-150x150.jpg",150,150,true],"medium":["https:\/\/club-abc.fr\/wp-content\/uploads\/2025\/02\/Repair-Cafe-300x225.jpg",300,225,true],"medium_large":["https:\/\/club-abc.fr\/wp-content\/uploads\/2025\/02\/Repair-Cafe-768x576.jpg",768,576,true],"large":["https:\/\/club-abc.fr\/wp-content\/uploads\/2025\/02\/Repair-Cafe-1024x768.jpg",1024,768,true],"1536x1536":["https:\/\/club-abc.fr\/wp-content\/uploads\/2025\/02\/Repair-Cafe-1536x1152.jpg",1536,1152,true],"2048x2048":["https:\/\/club-abc.fr\/wp-content\/uploads\/2025\/02\/Repair-Cafe-2048x1536.jpg",2048,1536,true],"ocean-thumb-m":["https:\/\/club-abc.fr\/wp-content\/uploads\/2025\/02\/Repair-Cafe-600x600.jpg",600,600,true],"ocean-thumb-ml":["https:\/\/club-abc.fr\/wp-content\/uploads\/2025\/02\/Repair-Cafe-800x450.jpg",800,450,true],"ocean-thumb-l":["https:\/\/club-abc.fr\/wp-content\/uploads\/2025\/02\/Repair-Cafe-1200x700.jpg",1200,700,true],"ab-block-post-grid-landscape":["https:\/\/club-abc.fr\/wp-content\/uploads\/2025\/02\/Repair-Cafe-600x400.jpg",600,400,true],"ab-block-post-grid-square":["https:\/\/club-abc.fr\/wp-content\/uploads\/2025\/02\/Repair-Cafe-600x600.jpg",600,600,true]},"uagb_author_info":{"display_name":"admin6119","author_link":"https:\/\/club-abc.fr\/index.php\/author\/admin6119\/"},"uagb_comment_info":0,"uagb_excerpt":"Repair Caf\u00e9 Catherine Gal Vous venez avec votre \u00e9quipement en panne (petit \u00e9lectrom\u00e9nager, mat\u00e9riel informatique ou audio ou \u00e9lectronique, objets du quotidien) et nos r\u00e9parateurs b\u00e9n\u00e9voles vous aident \u00e0 le r\u00e9parer.Un atelier Repair V\u00e9lo est ouvert \u00e0 partir du samedi 28 mars dans la cour du Relais Vos objets ont de la valeur, donnez-leur une\u2026","jetpack_sharing_enabled":true,"_links":{"self":[{"href":"https:\/\/club-abc.fr\/index.php\/wp-json\/wp\/v2\/pages\/1734","targetHints":{"allow":["GET"]}}],"collection":[{"href":"https:\/\/club-abc.fr\/index.php\/wp-json\/wp\/v2\/pages"}],"about":[{"href":"https:\/\/club-abc.fr\/index.php\/wp-json\/wp\/v2\/types\/page"}],"author":[{"embeddable":true,"href":"https:\/\/club-abc.fr\/index.php\/wp-json\/wp\/v2\/users\/1"}],"replies":[{"embeddable":true,"href":"https:\/\/club-abc.fr\/index.php\/wp-json\/wp\/v2\/comments?post=1734"}],"version-history":[{"count":0,"href":"https:\/\/club-abc.fr\/index.php\/wp-json\/wp\/v2\/pages\/1734\/revisions"}],"wp:featuredmedia":[{"embeddable":true,"href":"https:\/\/club-abc.fr\/index.php\/wp-json\/wp\/v2\/media\/8044"}],"wp:attachment":[{"href":"https:\/\/club-abc.fr\/index.php\/wp-json\/wp\/v2\/media?parent=1734"}],"curies":[{"name":"wp","href":"https:\/\/api.w.org\/{rel}","templated":true}]}}