{"id":1728,"date":"2023-05-13T17:50:14","date_gmt":"2023-05-13T15:50:14","guid":{"rendered":"https:\/\/club-abc.fr\/?page_id=1728"},"modified":"2026-04-26T18:27:54","modified_gmt":"2026-04-26T16:27:54","slug":"plaisir-decrire","status":"publish","type":"page","link":"https:\/\/club-abc.fr\/index.php\/plaisir-decrire\/","title":{"rendered":"Plaisir d&rsquo;\u00e9crire"},"content":{"rendered":"\n<div class=\"wp-block-uagb-container uagb-block-3d0a3a42 alignfull uagb-is-root-container\"><div class=\"uagb-container-inner-blocks-wrap\">\n<div class=\"wp-block-uagb-container uagb-block-a9ce4076\">\n<div class=\"wp-block-uagb-image uagb-block-03dc4fc0 wp-block-uagb-image--layout-default wp-block-uagb-image--effect-static wp-block-uagb-image--align-none\"><figure class=\"wp-block-uagb-image__figure\"><img loading=\"lazy\" decoding=\"async\" srcset=\"https:\/\/club-abc.fr\/wp-content\/uploads\/2023\/05\/49-Culture-Plaisir-decrire-300x225.jpg \" sizes=\"auto, (max-width: 480px) 150px\" src=\"https:\/\/club-abc.fr\/wp-content\/uploads\/2023\/05\/49-Culture-Plaisir-decrire-300x225.jpg\" alt=\"\" class=\"uag-image-2694\" width=\"300\" height=\"225\" title=\"\" loading=\"lazy\" role=\"img\"\/><\/figure><\/div>\n\n\n\n<div class=\"wp-block-uagb-advanced-heading uagb-block-8951583a\"><\/div>\n\n\n\n<div class=\"wp-block-uagb-buttons uagb-buttons__outer-wrap uagb-btn__default-btn uagb-btn-tablet__default-btn uagb-btn-mobile__default-btn uagb-block-8dcb4770\" id=\"https:\/\/club-abc.monclub.app\/app?selectedMembership=66327bf68651d9009e825576&amp;step=1&amp;selectedSlots=662d2a0791736d00a759f02a\"><div class=\"uagb-buttons__wrap uagb-buttons-layout-wrap \">\n<div class=\"wp-block-uagb-buttons-child uagb-buttons__outer-wrap uagb-block-4185c618 wp-block-button\"><div class=\"uagb-button__wrapper\"><a class=\"uagb-buttons-repeater wp-block-button__link\" aria-label=\"\" href=\"https:\/\/club-abc.monclub.app\/app?selectedMembership=69cfc520effca1946edb214e&amp;step=1&amp;selectedSlots=69ca88ff6a95ea1397bb1f5c&amp;waitingSlots=&amp;childSubscription=false\" rel=\"follow noopener\" target=\"_blank\" role=\"button\"><div class=\"uagb-button__link\">Je m&rsquo;inscris<\/div><\/a><\/div><\/div>\n<\/div><\/div>\n<\/div>\n\n\n\n<div class=\"wp-block-uagb-container uagb-block-188cd9f0\">\n<h1 class=\"wp-block-heading has-text-color has-x-large-font-size\" style=\"color:#004aad;font-style:normal;font-weight:600;letter-spacing:1px\">Plaisir d&rsquo;\u00e9crire<\/h1>\n\n\n\n<h1 class=\"wp-block-heading has-text-color has-x-large-font-size\" style=\"color:#004aad;font-style:normal;font-weight:600;letter-spacing:1px\">Atelier anim\u00e9 par Fran\u00e7oise<\/h1>\n\n\n\n<p>Un lieu de cr\u00e9ation ouvert \u00e0 toute personne anim\u00e9e par le d\u00e9sir d&rsquo;\u00e9crire.<\/p>\n\n\n\n<p>Un lieu o\u00f9 se retrouvent des personnes qui ont envie de jouer avec les mots.<\/p>\n\n\n\n<p>Un lieu o\u00f9 on laisse courir les id\u00e9es et les sons des voyelles et des consonnes.<\/p>\n\n\n\n<p>D\u00e9but des cours le 29 septembre 2026<\/p>\n<\/div>\n<\/div><\/div>\n\n\n\n<h1 class=\"wp-block-heading has-text-align-center\">Horaires<\/h1>\n\n\n\n<p class=\"has-text-align-center\">les mardis de 18h \u00e0 20h une fois par mois<br>29\/09, 13\/10, 17\/11, 15\/12, 19\/01, 23\/02, 16\/03, 20\/04, 18\/05, 15\/06<br><\/p>\n\n\n\n<div class=\"wp-block-columns alignwide is-layout-flex wp-container-core-columns-is-layout-829b1d53 wp-block-columns-is-layout-flex\" style=\"margin-bottom:0;font-size:14px\">\n<div class=\"wp-block-column has-white-background-color has-text-color has-background has-link-color wp-elements-d326743ab4d19c7478f16f354f24c85d is-layout-flow wp-block-column-is-layout-flow\" style=\"color:#000000;padding-top:2em;padding-right:2em;padding-bottom:2em;padding-left:2em\"><\/div>\n\n\n\n<div class=\"wp-block-column has-white-background-color has-text-color has-background has-link-color wp-elements-795e6a6cffa6027e0f9bba8d3fa42631 is-layout-flow wp-block-column-is-layout-flow\" style=\"color:#000000;padding-top:2em;padding-right:2em;padding-bottom:2em;padding-left:2em\">\n<h2 class=\"wp-block-heading has-text-align-center\" id=\"family\" style=\"font-size:25px;font-style:normal;font-weight:400\">Tarif base<\/h2>\n\n\n\n<div class=\"wp-block-buttons is-content-justification-center is-layout-flex wp-container-core-buttons-is-layout-16018d1d wp-block-buttons-is-layout-flex\">\n<div class=\"wp-block-button\"><a class=\"wp-block-button__link has-white-color has-text-color has-background has-text-align-center has-custom-font-size wp-element-button\" style=\"background-color:#084aad;font-size:16px\">39 \u20ac<\/a><\/div>\n<\/div>\n<\/div>\n\n\n\n<div class=\"wp-block-column has-white-background-color has-text-color has-background has-link-color wp-elements-3035ff41ef576bfcfba44cab609b59a2 is-layout-flow wp-block-column-is-layout-flow\" style=\"color:#000000;padding-top:2em;padding-right:2em;padding-bottom:2em;padding-left:2em\">\n<h2 class=\"wp-block-heading has-text-align-center\" id=\"family\" style=\"font-size:25px;font-style:normal;font-weight:400\">Tarif VLB<\/h2>\n\n\n\n<div class=\"wp-block-buttons is-content-justification-center is-layout-flex wp-container-core-buttons-is-layout-16018d1d wp-block-buttons-is-layout-flex\">\n<div class=\"wp-block-button\"><a class=\"wp-block-button__link has-white-color has-text-color has-background has-text-align-center has-custom-font-size wp-element-button\" style=\"background-color:#084aad;font-size:16px\">35 \u20ac<\/a><\/div>\n<\/div>\n<\/div>\n<\/div>\n\n\n\n<div class=\"wp-block-uagb-container uagb-block-776b6006 alignfull uagb-is-root-container\"><div class=\"uagb-container-inner-blocks-wrap\">\n<div class=\"wp-block-uagb-container uagb-block-56f01918\">\n<p class=\"has-text-align-right has-normal-font-size\" style=\"line-height:1.5\">Adh\u00e9sion annuelle au club ABC en sus<\/p>\n<\/div>\n\n\n\n<div class=\"wp-block-uagb-container uagb-block-a5100d5f\">\n<div class=\"wp-block-uagb-container uagb-block-cc1d4e30\">\n<div class=\"wp-block-buttons is-content-justification-center is-layout-flex wp-container-core-buttons-is-layout-8057eaf3 wp-block-buttons-is-layout-flex\">\n<div class=\"wp-block-button\"><a class=\"wp-block-button__link has-white-color has-text-color has-background has-custom-font-size wp-element-button\" style=\"background-color:#084aad;font-size:16px\">32 \u20ac<\/a><\/div>\n<\/div>\n<\/div>\n<\/div>\n<\/div><\/div>\n\n\n\n<div class=\"wp-block-uagb-info-box uagb-block-e425fff9 uagb-infobox__content-wrap  uagb-infobox-icon-above-title uagb-infobox-image-valign-top\"><div class=\"uagb-ifb-content\"><div class=\"uagb-ifb-title-wrap\"><h3 class=\"uagb-ifb-title\">Lieu<\/h3><\/div><p class=\"uagb-ifb-desc\">Le Relais &#8211; 64 rue d&rsquo;Estienne d&rsquo;Orves &#8211; 91370 Verri\u00e8res le Buisson<\/p><div class=\"uagb-ifb-button-wrapper wp-block-button\"><a href=\"#\" target=\"_self\" onclick=\"return false;\" class=\"uagb-infobox-cta-link\" rel=\"noopener noreferrer\"><span class=\"uagb-inline-editing\"><\/span><svg xmlns=\"https:\/\/www.w3.org\/2000\/svg\" viewBox=\"0 0 512 512\"><path d=\"M504.3 273.6l-112.1 104c-6.992 6.484-17.18 8.218-25.94 4.406c-8.758-3.812-14.42-12.45-14.42-21.1L351.9 288H32C14.33 288 .0002 273.7 .0002 255.1S14.33 224 32 224h319.9l0-72c0-9.547 5.66-18.19 14.42-22c8.754-3.809 18.95-2.075 25.94 4.41l112.1 104C514.6 247.9 514.6 264.1 504.3 273.6z\"><\/path><\/svg><\/a><\/div><\/div><\/div>\n\n\n\n<p><\/p>\n","protected":false},"excerpt":{"rendered":"<p>Plaisir d&rsquo;\u00e9crire Atelier anim\u00e9 par Fran\u00e7oise Un lieu de cr\u00e9ation ouvert \u00e0 toute personne anim\u00e9e par le d\u00e9sir d&rsquo;\u00e9crire. Un lieu o\u00f9 se retrouvent des personnes qui ont envie de jouer avec les mots. Un lieu o\u00f9 on laisse courir les id\u00e9es et les sons des voyelles et des consonnes. D\u00e9but des cours le 29 [&hellip;]<\/p>\n","protected":false},"author":1,"featured_media":0,"parent":0,"menu_order":0,"comment_status":"closed","ping_status":"closed","template":"","meta":{"_uag_custom_page_level_css":"","footnotes":""},"class_list":["post-1728","page","type-page","status-publish","hentry","entry"],"yoast_head":"<!-- This site is optimized with the Yoast SEO plugin v27.4 - https:\/\/yoast.com\/product\/yoast-seo-wordpress\/ -->\n<title>Plaisir d&#039;\u00e9crire - Club ABC<\/title>\n<meta name=\"robots\" content=\"index, follow, max-snippet:-1, max-image-preview:large, max-video-preview:-1\" \/>\n<link rel=\"canonical\" href=\"https:\/\/club-abc.fr\/index.php\/plaisir-decrire\/\" \/>\n<meta property=\"og:locale\" content=\"fr_FR\" \/>\n<meta property=\"og:type\" content=\"article\" \/>\n<meta property=\"og:title\" content=\"Plaisir d&#039;\u00e9crire - Club ABC\" \/>\n<meta property=\"og:description\" content=\"Plaisir d&rsquo;\u00e9crire Atelier anim\u00e9 par Fran\u00e7oise Un lieu de cr\u00e9ation ouvert \u00e0 toute personne anim\u00e9e par le d\u00e9sir d&rsquo;\u00e9crire. Un lieu o\u00f9 se retrouvent des personnes qui ont envie de jouer avec les mots. Un lieu o\u00f9 on laisse courir les id\u00e9es et les sons des voyelles et des consonnes. D\u00e9but des cours le 29 [&hellip;]\" \/>\n<meta property=\"og:url\" content=\"https:\/\/club-abc.fr\/index.php\/plaisir-decrire\/\" \/>\n<meta property=\"og:site_name\" content=\"Club ABC\" \/>\n<meta property=\"article:modified_time\" content=\"2026-04-26T16:27:54+00:00\" \/>\n<meta property=\"og:image\" content=\"https:\/\/club-abc.fr\/wp-content\/uploads\/2023\/05\/49-Culture-Plaisir-decrire-300x225.jpg\" \/>\n<meta name=\"twitter:card\" content=\"summary_large_image\" \/>\n<meta name=\"twitter:label1\" content=\"Dur\u00e9e de lecture estim\u00e9e\" \/>\n\t<meta name=\"twitter:data1\" content=\"1 minute\" \/>\n<script type=\"application\/ld+json\" class=\"yoast-schema-graph\">{\"@context\":\"https:\\\/\\\/schema.org\",\"@graph\":[{\"@type\":\"WebPage\",\"@id\":\"https:\\\/\\\/club-abc.fr\\\/index.php\\\/plaisir-decrire\\\/\",\"url\":\"https:\\\/\\\/club-abc.fr\\\/index.php\\\/plaisir-decrire\\\/\",\"name\":\"Plaisir d'\u00e9crire - Club ABC\",\"isPartOf\":{\"@id\":\"https:\\\/\\\/club-abc.fr\\\/#website\"},\"primaryImageOfPage\":{\"@id\":\"https:\\\/\\\/club-abc.fr\\\/index.php\\\/plaisir-decrire\\\/#primaryimage\"},\"image\":{\"@id\":\"https:\\\/\\\/club-abc.fr\\\/index.php\\\/plaisir-decrire\\\/#primaryimage\"},\"thumbnailUrl\":\"https:\\\/\\\/club-abc.fr\\\/wp-content\\\/uploads\\\/2023\\\/05\\\/49-Culture-Plaisir-decrire-300x225.jpg\",\"datePublished\":\"2023-05-13T15:50:14+00:00\",\"dateModified\":\"2026-04-26T16:27:54+00:00\",\"breadcrumb\":{\"@id\":\"https:\\\/\\\/club-abc.fr\\\/index.php\\\/plaisir-decrire\\\/#breadcrumb\"},\"inLanguage\":\"fr-FR\",\"potentialAction\":[{\"@type\":\"ReadAction\",\"target\":[\"https:\\\/\\\/club-abc.fr\\\/index.php\\\/plaisir-decrire\\\/\"]}]},{\"@type\":\"ImageObject\",\"inLanguage\":\"fr-FR\",\"@id\":\"https:\\\/\\\/club-abc.fr\\\/index.php\\\/plaisir-decrire\\\/#primaryimage\",\"url\":\"https:\\\/\\\/club-abc.fr\\\/wp-content\\\/uploads\\\/2023\\\/05\\\/49-Culture-Plaisir-decrire.jpg\",\"contentUrl\":\"https:\\\/\\\/club-abc.fr\\\/wp-content\\\/uploads\\\/2023\\\/05\\\/49-Culture-Plaisir-decrire.jpg\",\"width\":1800,\"height\":1350},{\"@type\":\"BreadcrumbList\",\"@id\":\"https:\\\/\\\/club-abc.fr\\\/index.php\\\/plaisir-decrire\\\/#breadcrumb\",\"itemListElement\":[{\"@type\":\"ListItem\",\"position\":1,\"name\":\"Accueil\",\"item\":\"https:\\\/\\\/club-abc.fr\\\/\"},{\"@type\":\"ListItem\",\"position\":2,\"name\":\"Plaisir d&rsquo;\u00e9crire\"}]},{\"@type\":\"WebSite\",\"@id\":\"https:\\\/\\\/club-abc.fr\\\/#website\",\"url\":\"https:\\\/\\\/club-abc.fr\\\/\",\"name\":\"Club ABC\",\"description\":\"Le club de vos loisirs\",\"publisher\":{\"@id\":\"https:\\\/\\\/club-abc.fr\\\/#organization\"},\"potentialAction\":[{\"@type\":\"SearchAction\",\"target\":{\"@type\":\"EntryPoint\",\"urlTemplate\":\"https:\\\/\\\/club-abc.fr\\\/?s={search_term_string}\"},\"query-input\":{\"@type\":\"PropertyValueSpecification\",\"valueRequired\":true,\"valueName\":\"search_term_string\"}}],\"inLanguage\":\"fr-FR\"},{\"@type\":\"Organization\",\"@id\":\"https:\\\/\\\/club-abc.fr\\\/#organization\",\"name\":\"Club ABC\",\"url\":\"https:\\\/\\\/club-abc.fr\\\/\",\"logo\":{\"@type\":\"ImageObject\",\"inLanguage\":\"fr-FR\",\"@id\":\"https:\\\/\\\/club-abc.fr\\\/#\\\/schema\\\/logo\\\/image\\\/\",\"url\":\"https:\\\/\\\/club-abc.fr\\\/wp-content\\\/uploads\\\/2023\\\/05\\\/cropped-Logo_Club-ABC.png\",\"contentUrl\":\"https:\\\/\\\/club-abc.fr\\\/wp-content\\\/uploads\\\/2023\\\/05\\\/cropped-Logo_Club-ABC.png\",\"width\":5100,\"height\":1658,\"caption\":\"Club ABC\"},\"image\":{\"@id\":\"https:\\\/\\\/club-abc.fr\\\/#\\\/schema\\\/logo\\\/image\\\/\"}}]}<\/script>\n<!-- \/ Yoast SEO plugin. -->","yoast_head_json":{"title":"Plaisir d'\u00e9crire - Club ABC","robots":{"index":"index","follow":"follow","max-snippet":"max-snippet:-1","max-image-preview":"max-image-preview:large","max-video-preview":"max-video-preview:-1"},"canonical":"https:\/\/club-abc.fr\/index.php\/plaisir-decrire\/","og_locale":"fr_FR","og_type":"article","og_title":"Plaisir d'\u00e9crire - Club ABC","og_description":"Plaisir d&rsquo;\u00e9crire Atelier anim\u00e9 par Fran\u00e7oise Un lieu de cr\u00e9ation ouvert \u00e0 toute personne anim\u00e9e par le d\u00e9sir d&rsquo;\u00e9crire. Un lieu o\u00f9 se retrouvent des personnes qui ont envie de jouer avec les mots. Un lieu o\u00f9 on laisse courir les id\u00e9es et les sons des voyelles et des consonnes. D\u00e9but des cours le 29 [&hellip;]","og_url":"https:\/\/club-abc.fr\/index.php\/plaisir-decrire\/","og_site_name":"Club ABC","article_modified_time":"2026-04-26T16:27:54+00:00","og_image":[{"url":"https:\/\/club-abc.fr\/wp-content\/uploads\/2023\/05\/49-Culture-Plaisir-decrire-300x225.jpg","type":"","width":"","height":""}],"twitter_card":"summary_large_image","twitter_misc":{"Dur\u00e9e de lecture estim\u00e9e":"1 minute"},"schema":{"@context":"https:\/\/schema.org","@graph":[{"@type":"WebPage","@id":"https:\/\/club-abc.fr\/index.php\/plaisir-decrire\/","url":"https:\/\/club-abc.fr\/index.php\/plaisir-decrire\/","name":"Plaisir d'\u00e9crire - Club ABC","isPartOf":{"@id":"https:\/\/club-abc.fr\/#website"},"primaryImageOfPage":{"@id":"https:\/\/club-abc.fr\/index.php\/plaisir-decrire\/#primaryimage"},"image":{"@id":"https:\/\/club-abc.fr\/index.php\/plaisir-decrire\/#primaryimage"},"thumbnailUrl":"https:\/\/club-abc.fr\/wp-content\/uploads\/2023\/05\/49-Culture-Plaisir-decrire-300x225.jpg","datePublished":"2023-05-13T15:50:14+00:00","dateModified":"2026-04-26T16:27:54+00:00","breadcrumb":{"@id":"https:\/\/club-abc.fr\/index.php\/plaisir-decrire\/#breadcrumb"},"inLanguage":"fr-FR","potentialAction":[{"@type":"ReadAction","target":["https:\/\/club-abc.fr\/index.php\/plaisir-decrire\/"]}]},{"@type":"ImageObject","inLanguage":"fr-FR","@id":"https:\/\/club-abc.fr\/index.php\/plaisir-decrire\/#primaryimage","url":"https:\/\/club-abc.fr\/wp-content\/uploads\/2023\/05\/49-Culture-Plaisir-decrire.jpg","contentUrl":"https:\/\/club-abc.fr\/wp-content\/uploads\/2023\/05\/49-Culture-Plaisir-decrire.jpg","width":1800,"height":1350},{"@type":"BreadcrumbList","@id":"https:\/\/club-abc.fr\/index.php\/plaisir-decrire\/#breadcrumb","itemListElement":[{"@type":"ListItem","position":1,"name":"Accueil","item":"https:\/\/club-abc.fr\/"},{"@type":"ListItem","position":2,"name":"Plaisir d&rsquo;\u00e9crire"}]},{"@type":"WebSite","@id":"https:\/\/club-abc.fr\/#website","url":"https:\/\/club-abc.fr\/","name":"Club ABC","description":"Le club de vos loisirs","publisher":{"@id":"https:\/\/club-abc.fr\/#organization"},"potentialAction":[{"@type":"SearchAction","target":{"@type":"EntryPoint","urlTemplate":"https:\/\/club-abc.fr\/?s={search_term_string}"},"query-input":{"@type":"PropertyValueSpecification","valueRequired":true,"valueName":"search_term_string"}}],"inLanguage":"fr-FR"},{"@type":"Organization","@id":"https:\/\/club-abc.fr\/#organization","name":"Club ABC","url":"https:\/\/club-abc.fr\/","logo":{"@type":"ImageObject","inLanguage":"fr-FR","@id":"https:\/\/club-abc.fr\/#\/schema\/logo\/image\/","url":"https:\/\/club-abc.fr\/wp-content\/uploads\/2023\/05\/cropped-Logo_Club-ABC.png","contentUrl":"https:\/\/club-abc.fr\/wp-content\/uploads\/2023\/05\/cropped-Logo_Club-ABC.png","width":5100,"height":1658,"caption":"Club ABC"},"image":{"@id":"https:\/\/club-abc.fr\/#\/schema\/logo\/image\/"}}]}},"featured_image_src":null,"featured_image_src_square":null,"uagb_featured_image_src":{"full":false,"thumbnail":false,"medium":false,"medium_large":false,"large":false,"1536x1536":false,"2048x2048":false,"ocean-thumb-m":false,"ocean-thumb-ml":false,"ocean-thumb-l":false,"ab-block-post-grid-landscape":false,"ab-block-post-grid-square":false},"uagb_author_info":{"display_name":"admin6119","author_link":"https:\/\/club-abc.fr\/index.php\/author\/admin6119\/"},"uagb_comment_info":0,"uagb_excerpt":"Plaisir d&rsquo;\u00e9crire Atelier anim\u00e9 par Fran\u00e7oise Un lieu de cr\u00e9ation ouvert \u00e0 toute personne anim\u00e9e par le d\u00e9sir d&rsquo;\u00e9crire. Un lieu o\u00f9 se retrouvent des personnes qui ont envie de jouer avec les mots. Un lieu o\u00f9 on laisse courir les id\u00e9es et les sons des voyelles et des consonnes. D\u00e9but des cours le 29\u2026","jetpack_sharing_enabled":true,"_links":{"self":[{"href":"https:\/\/club-abc.fr\/index.php\/wp-json\/wp\/v2\/pages\/1728","targetHints":{"allow":["GET"]}}],"collection":[{"href":"https:\/\/club-abc.fr\/index.php\/wp-json\/wp\/v2\/pages"}],"about":[{"href":"https:\/\/club-abc.fr\/index.php\/wp-json\/wp\/v2\/types\/page"}],"author":[{"embeddable":true,"href":"https:\/\/club-abc.fr\/index.php\/wp-json\/wp\/v2\/users\/1"}],"replies":[{"embeddable":true,"href":"https:\/\/club-abc.fr\/index.php\/wp-json\/wp\/v2\/comments?post=1728"}],"version-history":[{"count":2,"href":"https:\/\/club-abc.fr\/index.php\/wp-json\/wp\/v2\/pages\/1728\/revisions"}],"predecessor-version":[{"id":10619,"href":"https:\/\/club-abc.fr\/index.php\/wp-json\/wp\/v2\/pages\/1728\/revisions\/10619"}],"wp:attachment":[{"href":"https:\/\/club-abc.fr\/index.php\/wp-json\/wp\/v2\/media?parent=1728"}],"curies":[{"name":"wp","href":"https:\/\/api.w.org\/{rel}","templated":true}]}}