{"id":1726,"date":"2023-05-13T17:49:51","date_gmt":"2023-05-13T15:49:51","guid":{"rendered":"https:\/\/club-abc.fr\/?page_id=1726"},"modified":"2026-04-27T10:05:03","modified_gmt":"2026-04-27T08:05:03","slug":"genealogie","status":"publish","type":"page","link":"https:\/\/club-abc.fr\/index.php\/genealogie\/","title":{"rendered":"G\u00e9n\u00e9alogie"},"content":{"rendered":"\n<div class=\"wp-block-uagb-container uagb-block-1af946c1 alignfull uagb-is-root-container\"><div class=\"uagb-container-inner-blocks-wrap\">\n<div class=\"wp-block-uagb-container uagb-block-dc54a26c\">\n<div class=\"wp-block-uagb-image uagb-block-ee015f6a wp-block-uagb-image--layout-default wp-block-uagb-image--effect-static wp-block-uagb-image--align-none\"><figure class=\"wp-block-uagb-image__figure\"><img loading=\"lazy\" decoding=\"async\" srcset=\"https:\/\/club-abc.fr\/wp-content\/uploads\/2023\/05\/48-Culture-Genealogie-300x225.jpg \" sizes=\"auto, (max-width: 480px) 150px\" src=\"https:\/\/club-abc.fr\/wp-content\/uploads\/2023\/05\/48-Culture-Genealogie-300x225.jpg\" alt=\"\" class=\"uag-image-2693\" width=\"300\" height=\"225\" title=\"\" loading=\"lazy\" role=\"img\"\/><\/figure><\/div>\n\n\n\n<div class=\"wp-block-uagb-advanced-heading uagb-block-f667d28a\"><\/div>\n\n\n\n<div class=\"wp-block-uagb-buttons uagb-buttons__outer-wrap uagb-btn__default-btn uagb-btn-tablet__default-btn uagb-btn-mobile__default-btn uagb-block-9abea414\"><div class=\"uagb-buttons__wrap uagb-buttons-layout-wrap \">\n<div class=\"wp-block-uagb-buttons-child uagb-buttons__outer-wrap uagb-block-2f4a1aaa wp-block-button\"><div class=\"uagb-button__wrapper\"><a class=\"uagb-buttons-repeater wp-block-button__link\" aria-label=\"\" href=\"https:\/\/club-abc.monclub.app\/app?selectedMembership=69cfc2a9286a8b8ecf712192&amp;step=1&amp;selectedSlots=69ca862d9860d26f439bd23c&amp;waitingSlots=&amp;childSubscription=false\" rel=\"follow noopener\" target=\"_blank\" role=\"button\"><div class=\"uagb-button__link\">Je m&rsquo;inscris<br>D\u00e9butant<\/div><\/a><\/div><\/div>\n<\/div><\/div>\n\n\n\n<div class=\"wp-block-uagb-buttons uagb-buttons__outer-wrap uagb-btn__default-btn uagb-btn-tablet__default-btn uagb-btn-mobile__default-btn uagb-block-e44cc123\" id=\"https:\/\/club-abc.monclub.app\/app?selectedMembership=6632640a0d34f300ab3911c6&amp;step=1&amp;selectedSlots=662d30a35ee018009de650d3\"><div class=\"uagb-buttons__wrap uagb-buttons-layout-wrap \">\n<div class=\"wp-block-uagb-buttons-child uagb-buttons__outer-wrap uagb-block-c46e6979 wp-block-button\"><div class=\"uagb-button__wrapper\"><a class=\"uagb-buttons-repeater wp-block-button__link\" aria-label=\"\" href=\"https:\/\/club-abc.monclub.app\/app?selectedMembership=69cfc46c286a8b8ecf72a177&amp;step=1&amp;selectedSlots=69ca868c1a602aab45b75c40&amp;waitingSlots=&amp;childSubscription=false\" rel=\"follow noopener\" target=\"_blank\" role=\"button\"><div class=\"uagb-button__link\">Je m&rsquo;inscris<br>Interm\u00e9diaire &amp; confirm\u00e9<\/div><\/a><\/div><\/div>\n<\/div><\/div>\n<\/div>\n\n\n\n<div class=\"wp-block-uagb-container uagb-block-11478b23\">\n<h1 class=\"wp-block-heading has-text-color has-x-large-font-size\" style=\"color:#004aad;font-style:normal;font-weight:600;letter-spacing:1px\">G\u00e9n\u00e9alogie<\/h1>\n\n\n\n<h3 class=\"wp-block-heading\" style=\"font-size:40px;font-style:normal;font-weight:200\">Evelyne Achon<\/h3>\n\n\n\n<p>Tel un d\u00e9tective, menez votre enqu\u00eate et explorez de nouvelles pistes.<\/p>\n\n\n\n<p>Comprenez l\u2019histoire de votre famille en la repla\u00e7ant dans son contexte historique, g\u00e9ographique et soci\u00e9tal.<\/p>\n\n\n\n<p>Conna\u00eetre d\u2019o\u00f9 l\u2019on vient, pour savoir o\u00f9 l\u2019on va\u2026<\/p>\n\n\n\n<p>&nbsp;Les ateliers sont sous la forme de discussions et d\u2019\u00e9changes. Il y a un atelier pour les d\u00e9butants et un atelier pour les confirm\u00e9s. Les recherches s&rsquo;appuient&nbsp;sur l\u2019utilisation de sites Internet et d&rsquo;outils informatiques d\u00e9di\u00e9s \u00e0 la g\u00e9n\u00e9alogie.<\/p>\n\n\n\n<p class=\"has-text-align-left\">D\u00e9but des cours le 21 septembre 2026<\/p>\n<\/div>\n<\/div><\/div>\n\n\n\n<div class=\"wp-block-columns alignwide is-layout-flex wp-container-core-columns-is-layout-829b1d53 wp-block-columns-is-layout-flex\" style=\"margin-bottom:0;font-size:14px\">\n<div class=\"wp-block-column has-white-background-color has-text-color has-background has-link-color wp-elements-b8e3207c40c3b8fd8cee84674927f9d4 is-layout-flow wp-block-column-is-layout-flow\" style=\"color:#000000;padding-top:2em;padding-right:2em;padding-bottom:2em;padding-left:2em\">\n<h2 class=\"wp-block-heading has-text-align-center\" id=\"single\" style=\"font-size:30px;font-style:normal;font-weight:400\">Atelier D\u00e9butants<\/h2>\n\n\n\n<p class=\"has-text-align-center\" style=\"font-size:18px\"><br>Lundi<\/p>\n\n\n\n<p class=\"has-text-align-center\" style=\"font-size:18px\">13h30 \u00e0 15h00<\/p>\n<\/div>\n\n\n\n<div class=\"wp-block-column has-white-background-color has-text-color has-background has-link-color wp-elements-f090f712ae84d0af522b657e2a4c6890 is-layout-flow wp-block-column-is-layout-flow\" style=\"color:#000000;padding-top:2em;padding-right:2em;padding-bottom:2em;padding-left:2em\">\n<h2 class=\"wp-block-heading has-text-align-center\" id=\"single\" style=\"font-size:30px;font-style:normal;font-weight:400\">Atelier Interm\u00e9diaires<br>&amp; Confirm\u00e9s<\/h2>\n\n\n\n<p class=\"has-text-align-center\" style=\"font-size:18px\">Lundi<\/p>\n\n\n\n<p class=\"has-text-align-center\" style=\"font-size:18px\">15h \u00e0 17h<\/p>\n<\/div>\n<\/div>\n\n\n\n<div class=\"wp-block-columns alignwide is-layout-flex wp-container-core-columns-is-layout-829b1d53 wp-block-columns-is-layout-flex\" style=\"margin-bottom:0;font-size:14px\">\n<div class=\"wp-block-column has-white-background-color has-text-color has-background has-link-color wp-elements-c17fa73dc57634e753edbfa0dde11804 is-layout-flow wp-block-column-is-layout-flow\" style=\"color:#000000;padding-top:2em;padding-right:2em;padding-bottom:2em;padding-left:2em\">\n<h2 class=\"wp-block-heading has-text-align-center\" id=\"family\" style=\"font-size:25px;font-style:normal;font-weight:400\">Tarif base<\/h2>\n\n\n\n<div class=\"wp-block-buttons is-content-justification-center is-layout-flex wp-container-core-buttons-is-layout-16018d1d wp-block-buttons-is-layout-flex\">\n<div class=\"wp-block-button\"><a class=\"wp-block-button__link has-white-color has-text-color has-background has-text-align-center has-custom-font-size wp-element-button\" style=\"background-color:#084aad;font-size:16px\">50 \u20ac<\/a><\/div>\n<\/div>\n<\/div>\n\n\n\n<div class=\"wp-block-column has-white-background-color has-text-color has-background has-link-color wp-elements-b8c23aa4a2565ff4d519fc1783f924ec is-layout-flow wp-block-column-is-layout-flow\" style=\"color:#000000;padding-top:2em;padding-right:2em;padding-bottom:2em;padding-left:2em\">\n<h2 class=\"wp-block-heading has-text-align-center\" id=\"family\" style=\"font-size:25px;font-style:normal;font-weight:400\">Tarif VLB<\/h2>\n\n\n\n<div class=\"wp-block-buttons is-content-justification-center is-layout-flex wp-container-core-buttons-is-layout-16018d1d wp-block-buttons-is-layout-flex\">\n<div class=\"wp-block-button\"><a class=\"wp-block-button__link has-white-color has-text-color has-background has-text-align-center has-custom-font-size wp-element-button\" style=\"background-color:#084aad;font-size:16px\">45 \u20ac<\/a><\/div>\n<\/div>\n<\/div>\n<\/div>\n\n\n\n<div class=\"wp-block-uagb-container uagb-block-0b5187a1 alignfull uagb-is-root-container\"><div class=\"uagb-container-inner-blocks-wrap\">\n<div class=\"wp-block-uagb-container uagb-block-87859bd6\">\n<p class=\"has-text-align-right has-normal-font-size\" style=\"line-height:1.5\">Adh\u00e9sion annuelle au club ABC en sus<\/p>\n<\/div>\n\n\n\n<div class=\"wp-block-uagb-container uagb-block-ec82e2e7\">\n<div class=\"wp-block-uagb-container uagb-block-36e5db8e\">\n<div class=\"wp-block-buttons is-content-justification-center is-layout-flex wp-container-core-buttons-is-layout-8057eaf3 wp-block-buttons-is-layout-flex\">\n<div class=\"wp-block-button\"><a class=\"wp-block-button__link has-white-color has-text-color has-background has-custom-font-size wp-element-button\" style=\"background-color:#084aad;font-size:16px\">32 \u20ac<\/a><\/div>\n<\/div>\n<\/div>\n<\/div>\n<\/div><\/div>\n\n\n\n<div style=\"height:50px\" aria-hidden=\"true\" class=\"wp-block-spacer\"><\/div>\n\n\n\n<div class=\"wp-block-uagb-info-box uagb-block-37836c11 uagb-infobox__content-wrap  uagb-infobox-icon-above-title uagb-infobox-image-valign-top\"><div class=\"uagb-ifb-content\"><div class=\"uagb-ifb-title-wrap\"><h3 class=\"uagb-ifb-title\">Dates des 12 s\u00e9ances<\/h3><\/div><p class=\"uagb-ifb-desc\">21\/09 ; 5\/10 ; 9\/11 ; 23\/11 ; 7\/12 ; 11\/01 ; 25\/01 ; 1\/02 ; 15\/03 ; 24\/05 ; 7\/06 ; 21\/06<\/p><div class=\"uagb-ifb-button-wrapper wp-block-button\"><a href=\"#\" target=\"_self\" onclick=\"return false;\" class=\"uagb-infobox-cta-link\" rel=\"noopener noreferrer\"><span class=\"uagb-inline-editing\"><\/span><svg xmlns=\"https:\/\/www.w3.org\/2000\/svg\" viewBox=\"0 0 512 512\"><path d=\"M504.3 273.6l-112.1 104c-6.992 6.484-17.18 8.218-25.94 4.406c-8.758-3.812-14.42-12.45-14.42-21.1L351.9 288H32C14.33 288 .0002 273.7 .0002 255.1S14.33 224 32 224h319.9l0-72c0-9.547 5.66-18.19 14.42-22c8.754-3.809 18.95-2.075 25.94 4.41l112.1 104C514.6 247.9 514.6 264.1 504.3 273.6z\"><\/path><\/svg><\/a><\/div><\/div><\/div>\n\n\n\n<div class=\"wp-block-uagb-info-box uagb-block-4807d437 uagb-infobox__content-wrap  uagb-infobox-icon-above-title uagb-infobox-image-valign-top\"><div class=\"uagb-ifb-content\"><div class=\"uagb-ifb-title-wrap\"><h3 class=\"uagb-ifb-title\">Lieu<\/h3><\/div><p class=\"uagb-ifb-desc\">Le Relais &#8211; 64 rue d&rsquo;Estienne d&rsquo;Orves &#8211; 91370 Verri\u00e8res le Buisson<\/p><div class=\"uagb-ifb-button-wrapper wp-block-button\"><a href=\"#\" target=\"_self\" onclick=\"return false;\" class=\"uagb-infobox-cta-link\" rel=\"noopener noreferrer\"><span class=\"uagb-inline-editing\"><\/span><svg xmlns=\"https:\/\/www.w3.org\/2000\/svg\" viewBox=\"0 0 512 512\"><path d=\"M504.3 273.6l-112.1 104c-6.992 6.484-17.18 8.218-25.94 4.406c-8.758-3.812-14.42-12.45-14.42-21.1L351.9 288H32C14.33 288 .0002 273.7 .0002 255.1S14.33 224 32 224h319.9l0-72c0-9.547 5.66-18.19 14.42-22c8.754-3.809 18.95-2.075 25.94 4.41l112.1 104C514.6 247.9 514.6 264.1 504.3 273.6z\"><\/path><\/svg><\/a><\/div><\/div><\/div>\n\n\n\n<p><\/p>\n","protected":false},"excerpt":{"rendered":"<p>G\u00e9n\u00e9alogie Evelyne Achon Tel un d\u00e9tective, menez votre enqu\u00eate et explorez de nouvelles pistes. Comprenez l\u2019histoire de votre famille en la repla\u00e7ant dans son contexte historique, g\u00e9ographique et soci\u00e9tal. Conna\u00eetre d\u2019o\u00f9 l\u2019on vient, pour savoir o\u00f9 l\u2019on va\u2026 &nbsp;Les ateliers sont sous la forme de discussions et d\u2019\u00e9changes. Il y a un atelier pour les [&hellip;]<\/p>\n","protected":false},"author":1,"featured_media":8038,"parent":0,"menu_order":0,"comment_status":"closed","ping_status":"closed","template":"","meta":{"_uag_custom_page_level_css":"","footnotes":""},"class_list":["post-1726","page","type-page","status-publish","has-post-thumbnail","hentry","entry","has-media"],"yoast_head":"<!-- This site is optimized with the Yoast SEO plugin v27.4 - https:\/\/yoast.com\/product\/yoast-seo-wordpress\/ -->\n<title>G\u00e9n\u00e9alogie - Club ABC<\/title>\n<meta name=\"robots\" content=\"index, follow, max-snippet:-1, max-image-preview:large, max-video-preview:-1\" \/>\n<link rel=\"canonical\" href=\"https:\/\/club-abc.fr\/index.php\/genealogie\/\" \/>\n<meta property=\"og:locale\" content=\"fr_FR\" \/>\n<meta property=\"og:type\" content=\"article\" \/>\n<meta property=\"og:title\" content=\"G\u00e9n\u00e9alogie - Club ABC\" \/>\n<meta property=\"og:description\" content=\"G\u00e9n\u00e9alogie Evelyne Achon Tel un d\u00e9tective, menez votre enqu\u00eate et explorez de nouvelles pistes. Comprenez l\u2019histoire de votre famille en la repla\u00e7ant dans son contexte historique, g\u00e9ographique et soci\u00e9tal. Conna\u00eetre d\u2019o\u00f9 l\u2019on vient, pour savoir o\u00f9 l\u2019on va\u2026 &nbsp;Les ateliers sont sous la forme de discussions et d\u2019\u00e9changes. Il y a un atelier pour les [&hellip;]\" \/>\n<meta property=\"og:url\" content=\"https:\/\/club-abc.fr\/index.php\/genealogie\/\" \/>\n<meta property=\"og:site_name\" content=\"Club ABC\" \/>\n<meta property=\"article:modified_time\" content=\"2026-04-27T08:05:03+00:00\" \/>\n<meta property=\"og:image\" content=\"https:\/\/club-abc.fr\/wp-content\/uploads\/2025\/02\/Genealogie-1-2-scaled.jpg\" \/>\n\t<meta property=\"og:image:width\" content=\"2560\" \/>\n\t<meta property=\"og:image:height\" content=\"1707\" \/>\n\t<meta property=\"og:image:type\" content=\"image\/jpeg\" \/>\n<meta name=\"twitter:card\" content=\"summary_large_image\" \/>\n<meta name=\"twitter:label1\" content=\"Dur\u00e9e de lecture estim\u00e9e\" \/>\n\t<meta name=\"twitter:data1\" content=\"2 minutes\" \/>\n<script type=\"application\/ld+json\" class=\"yoast-schema-graph\">{\"@context\":\"https:\\\/\\\/schema.org\",\"@graph\":[{\"@type\":\"WebPage\",\"@id\":\"https:\\\/\\\/club-abc.fr\\\/index.php\\\/genealogie\\\/\",\"url\":\"https:\\\/\\\/club-abc.fr\\\/index.php\\\/genealogie\\\/\",\"name\":\"G\u00e9n\u00e9alogie - Club ABC\",\"isPartOf\":{\"@id\":\"https:\\\/\\\/club-abc.fr\\\/#website\"},\"primaryImageOfPage\":{\"@id\":\"https:\\\/\\\/club-abc.fr\\\/index.php\\\/genealogie\\\/#primaryimage\"},\"image\":{\"@id\":\"https:\\\/\\\/club-abc.fr\\\/index.php\\\/genealogie\\\/#primaryimage\"},\"thumbnailUrl\":\"https:\\\/\\\/club-abc.fr\\\/wp-content\\\/uploads\\\/2025\\\/02\\\/Genealogie-1-2-scaled.jpg\",\"datePublished\":\"2023-05-13T15:49:51+00:00\",\"dateModified\":\"2026-04-27T08:05:03+00:00\",\"breadcrumb\":{\"@id\":\"https:\\\/\\\/club-abc.fr\\\/index.php\\\/genealogie\\\/#breadcrumb\"},\"inLanguage\":\"fr-FR\",\"potentialAction\":[{\"@type\":\"ReadAction\",\"target\":[\"https:\\\/\\\/club-abc.fr\\\/index.php\\\/genealogie\\\/\"]}]},{\"@type\":\"ImageObject\",\"inLanguage\":\"fr-FR\",\"@id\":\"https:\\\/\\\/club-abc.fr\\\/index.php\\\/genealogie\\\/#primaryimage\",\"url\":\"https:\\\/\\\/club-abc.fr\\\/wp-content\\\/uploads\\\/2025\\\/02\\\/Genealogie-1-2-scaled.jpg\",\"contentUrl\":\"https:\\\/\\\/club-abc.fr\\\/wp-content\\\/uploads\\\/2025\\\/02\\\/Genealogie-1-2-scaled.jpg\",\"width\":2560,\"height\":1707},{\"@type\":\"BreadcrumbList\",\"@id\":\"https:\\\/\\\/club-abc.fr\\\/index.php\\\/genealogie\\\/#breadcrumb\",\"itemListElement\":[{\"@type\":\"ListItem\",\"position\":1,\"name\":\"Accueil\",\"item\":\"https:\\\/\\\/club-abc.fr\\\/\"},{\"@type\":\"ListItem\",\"position\":2,\"name\":\"G\u00e9n\u00e9alogie\"}]},{\"@type\":\"WebSite\",\"@id\":\"https:\\\/\\\/club-abc.fr\\\/#website\",\"url\":\"https:\\\/\\\/club-abc.fr\\\/\",\"name\":\"Club ABC\",\"description\":\"Le club de vos loisirs\",\"publisher\":{\"@id\":\"https:\\\/\\\/club-abc.fr\\\/#organization\"},\"potentialAction\":[{\"@type\":\"SearchAction\",\"target\":{\"@type\":\"EntryPoint\",\"urlTemplate\":\"https:\\\/\\\/club-abc.fr\\\/?s={search_term_string}\"},\"query-input\":{\"@type\":\"PropertyValueSpecification\",\"valueRequired\":true,\"valueName\":\"search_term_string\"}}],\"inLanguage\":\"fr-FR\"},{\"@type\":\"Organization\",\"@id\":\"https:\\\/\\\/club-abc.fr\\\/#organization\",\"name\":\"Club ABC\",\"url\":\"https:\\\/\\\/club-abc.fr\\\/\",\"logo\":{\"@type\":\"ImageObject\",\"inLanguage\":\"fr-FR\",\"@id\":\"https:\\\/\\\/club-abc.fr\\\/#\\\/schema\\\/logo\\\/image\\\/\",\"url\":\"https:\\\/\\\/club-abc.fr\\\/wp-content\\\/uploads\\\/2023\\\/05\\\/cropped-Logo_Club-ABC.png\",\"contentUrl\":\"https:\\\/\\\/club-abc.fr\\\/wp-content\\\/uploads\\\/2023\\\/05\\\/cropped-Logo_Club-ABC.png\",\"width\":5100,\"height\":1658,\"caption\":\"Club ABC\"},\"image\":{\"@id\":\"https:\\\/\\\/club-abc.fr\\\/#\\\/schema\\\/logo\\\/image\\\/\"}}]}<\/script>\n<!-- \/ Yoast SEO plugin. -->","yoast_head_json":{"title":"G\u00e9n\u00e9alogie - Club ABC","robots":{"index":"index","follow":"follow","max-snippet":"max-snippet:-1","max-image-preview":"max-image-preview:large","max-video-preview":"max-video-preview:-1"},"canonical":"https:\/\/club-abc.fr\/index.php\/genealogie\/","og_locale":"fr_FR","og_type":"article","og_title":"G\u00e9n\u00e9alogie - Club ABC","og_description":"G\u00e9n\u00e9alogie Evelyne Achon Tel un d\u00e9tective, menez votre enqu\u00eate et explorez de nouvelles pistes. Comprenez l\u2019histoire de votre famille en la repla\u00e7ant dans son contexte historique, g\u00e9ographique et soci\u00e9tal. Conna\u00eetre d\u2019o\u00f9 l\u2019on vient, pour savoir o\u00f9 l\u2019on va\u2026 &nbsp;Les ateliers sont sous la forme de discussions et d\u2019\u00e9changes. Il y a un atelier pour les [&hellip;]","og_url":"https:\/\/club-abc.fr\/index.php\/genealogie\/","og_site_name":"Club ABC","article_modified_time":"2026-04-27T08:05:03+00:00","og_image":[{"width":2560,"height":1707,"url":"https:\/\/club-abc.fr\/wp-content\/uploads\/2025\/02\/Genealogie-1-2-scaled.jpg","type":"image\/jpeg"}],"twitter_card":"summary_large_image","twitter_misc":{"Dur\u00e9e de lecture estim\u00e9e":"2 minutes"},"schema":{"@context":"https:\/\/schema.org","@graph":[{"@type":"WebPage","@id":"https:\/\/club-abc.fr\/index.php\/genealogie\/","url":"https:\/\/club-abc.fr\/index.php\/genealogie\/","name":"G\u00e9n\u00e9alogie - Club ABC","isPartOf":{"@id":"https:\/\/club-abc.fr\/#website"},"primaryImageOfPage":{"@id":"https:\/\/club-abc.fr\/index.php\/genealogie\/#primaryimage"},"image":{"@id":"https:\/\/club-abc.fr\/index.php\/genealogie\/#primaryimage"},"thumbnailUrl":"https:\/\/club-abc.fr\/wp-content\/uploads\/2025\/02\/Genealogie-1-2-scaled.jpg","datePublished":"2023-05-13T15:49:51+00:00","dateModified":"2026-04-27T08:05:03+00:00","breadcrumb":{"@id":"https:\/\/club-abc.fr\/index.php\/genealogie\/#breadcrumb"},"inLanguage":"fr-FR","potentialAction":[{"@type":"ReadAction","target":["https:\/\/club-abc.fr\/index.php\/genealogie\/"]}]},{"@type":"ImageObject","inLanguage":"fr-FR","@id":"https:\/\/club-abc.fr\/index.php\/genealogie\/#primaryimage","url":"https:\/\/club-abc.fr\/wp-content\/uploads\/2025\/02\/Genealogie-1-2-scaled.jpg","contentUrl":"https:\/\/club-abc.fr\/wp-content\/uploads\/2025\/02\/Genealogie-1-2-scaled.jpg","width":2560,"height":1707},{"@type":"BreadcrumbList","@id":"https:\/\/club-abc.fr\/index.php\/genealogie\/#breadcrumb","itemListElement":[{"@type":"ListItem","position":1,"name":"Accueil","item":"https:\/\/club-abc.fr\/"},{"@type":"ListItem","position":2,"name":"G\u00e9n\u00e9alogie"}]},{"@type":"WebSite","@id":"https:\/\/club-abc.fr\/#website","url":"https:\/\/club-abc.fr\/","name":"Club ABC","description":"Le club de vos loisirs","publisher":{"@id":"https:\/\/club-abc.fr\/#organization"},"potentialAction":[{"@type":"SearchAction","target":{"@type":"EntryPoint","urlTemplate":"https:\/\/club-abc.fr\/?s={search_term_string}"},"query-input":{"@type":"PropertyValueSpecification","valueRequired":true,"valueName":"search_term_string"}}],"inLanguage":"fr-FR"},{"@type":"Organization","@id":"https:\/\/club-abc.fr\/#organization","name":"Club ABC","url":"https:\/\/club-abc.fr\/","logo":{"@type":"ImageObject","inLanguage":"fr-FR","@id":"https:\/\/club-abc.fr\/#\/schema\/logo\/image\/","url":"https:\/\/club-abc.fr\/wp-content\/uploads\/2023\/05\/cropped-Logo_Club-ABC.png","contentUrl":"https:\/\/club-abc.fr\/wp-content\/uploads\/2023\/05\/cropped-Logo_Club-ABC.png","width":5100,"height":1658,"caption":"Club ABC"},"image":{"@id":"https:\/\/club-abc.fr\/#\/schema\/logo\/image\/"}}]}},"featured_image_src":"https:\/\/club-abc.fr\/wp-content\/uploads\/2025\/02\/Genealogie-1-2-scaled.jpg","featured_image_src_square":"https:\/\/club-abc.fr\/wp-content\/uploads\/2025\/02\/Genealogie-1-2-scaled.jpg","uagb_featured_image_src":{"full":["https:\/\/club-abc.fr\/wp-content\/uploads\/2025\/02\/Genealogie-1-2-scaled.jpg",2560,1707,false],"thumbnail":["https:\/\/club-abc.fr\/wp-content\/uploads\/2025\/02\/Genealogie-1-2-150x150.jpg",150,150,true],"medium":["https:\/\/club-abc.fr\/wp-content\/uploads\/2025\/02\/Genealogie-1-2-300x200.jpg",300,200,true],"medium_large":["https:\/\/club-abc.fr\/wp-content\/uploads\/2025\/02\/Genealogie-1-2-768x512.jpg",768,512,true],"large":["https:\/\/club-abc.fr\/wp-content\/uploads\/2025\/02\/Genealogie-1-2-1024x683.jpg",1024,683,true],"1536x1536":["https:\/\/club-abc.fr\/wp-content\/uploads\/2025\/02\/Genealogie-1-2-1536x1024.jpg",1536,1024,true],"2048x2048":["https:\/\/club-abc.fr\/wp-content\/uploads\/2025\/02\/Genealogie-1-2-scaled.jpg",2048,1366,false],"ocean-thumb-m":["https:\/\/club-abc.fr\/wp-content\/uploads\/2025\/02\/Genealogie-1-2-scaled.jpg",600,400,false],"ocean-thumb-ml":["https:\/\/club-abc.fr\/wp-content\/uploads\/2025\/02\/Genealogie-1-2-scaled.jpg",675,450,false],"ocean-thumb-l":["https:\/\/club-abc.fr\/wp-content\/uploads\/2025\/02\/Genealogie-1-2-scaled.jpg",1050,700,false],"ab-block-post-grid-landscape":["https:\/\/club-abc.fr\/wp-content\/uploads\/2025\/02\/Genealogie-1-2-scaled.jpg",600,400,false],"ab-block-post-grid-square":["https:\/\/club-abc.fr\/wp-content\/uploads\/2025\/02\/Genealogie-1-2-scaled.jpg",600,400,false]},"uagb_author_info":{"display_name":"admin6119","author_link":"https:\/\/club-abc.fr\/index.php\/author\/admin6119\/"},"uagb_comment_info":0,"uagb_excerpt":"G\u00e9n\u00e9alogie Evelyne Achon Tel un d\u00e9tective, menez votre enqu\u00eate et explorez de nouvelles pistes. Comprenez l\u2019histoire de votre famille en la repla\u00e7ant dans son contexte historique, g\u00e9ographique et soci\u00e9tal. Conna\u00eetre d\u2019o\u00f9 l\u2019on vient, pour savoir o\u00f9 l\u2019on va\u2026 &nbsp;Les ateliers sont sous la forme de discussions et d\u2019\u00e9changes. Il y a un atelier pour les\u2026","jetpack_sharing_enabled":true,"_links":{"self":[{"href":"https:\/\/club-abc.fr\/index.php\/wp-json\/wp\/v2\/pages\/1726","targetHints":{"allow":["GET"]}}],"collection":[{"href":"https:\/\/club-abc.fr\/index.php\/wp-json\/wp\/v2\/pages"}],"about":[{"href":"https:\/\/club-abc.fr\/index.php\/wp-json\/wp\/v2\/types\/page"}],"author":[{"embeddable":true,"href":"https:\/\/club-abc.fr\/index.php\/wp-json\/wp\/v2\/users\/1"}],"replies":[{"embeddable":true,"href":"https:\/\/club-abc.fr\/index.php\/wp-json\/wp\/v2\/comments?post=1726"}],"version-history":[{"count":4,"href":"https:\/\/club-abc.fr\/index.php\/wp-json\/wp\/v2\/pages\/1726\/revisions"}],"predecessor-version":[{"id":10618,"href":"https:\/\/club-abc.fr\/index.php\/wp-json\/wp\/v2\/pages\/1726\/revisions\/10618"}],"wp:featuredmedia":[{"embeddable":true,"href":"https:\/\/club-abc.fr\/index.php\/wp-json\/wp\/v2\/media\/8038"}],"wp:attachment":[{"href":"https:\/\/club-abc.fr\/index.php\/wp-json\/wp\/v2\/media?parent=1726"}],"curies":[{"name":"wp","href":"https:\/\/api.w.org\/{rel}","templated":true}]}}