{"id":1724,"date":"2023-05-13T17:49:30","date_gmt":"2023-05-13T15:49:30","guid":{"rendered":"https:\/\/club-abc.fr\/?page_id=1724"},"modified":"2026-01-17T17:11:57","modified_gmt":"2026-01-17T16:11:57","slug":"conferences","status":"publish","type":"page","link":"https:\/\/club-abc.fr\/index.php\/conferences\/","title":{"rendered":"Conf\u00e9rences"},"content":{"rendered":"\n<div class=\"wp-block-uagb-container uagb-block-f8fd1582 alignfull uagb-is-root-container\"><div class=\"uagb-container-inner-blocks-wrap\">\n<div class=\"wp-block-uagb-container uagb-block-18401fd0\">\n<div class=\"wp-block-uagb-image uagb-block-e6f8e88f wp-block-uagb-image--layout-default wp-block-uagb-image--effect-static wp-block-uagb-image--align-none\"><figure class=\"wp-block-uagb-image__figure\"><img loading=\"lazy\" decoding=\"async\" srcset=\"https:\/\/club-abc.fr\/wp-content\/uploads\/2023\/05\/47-Culture-Conference-300x225.png \" sizes=\"auto, (max-width: 480px) 150px\" src=\"https:\/\/club-abc.fr\/wp-content\/uploads\/2023\/05\/47-Culture-Conference-300x225.png\" alt=\"\" class=\"uag-image-2692\" width=\"300\" height=\"225\" title=\"\" loading=\"lazy\" role=\"img\"\/><\/figure><\/div>\n\n\n\n<div class=\"wp-block-uagb-advanced-heading uagb-block-e38e6d8e\"><\/div>\n<\/div>\n\n\n\n<div class=\"wp-block-uagb-container uagb-block-c945ccd8\">\n<h1 class=\"wp-block-heading has-text-color has-x-large-font-size\" style=\"color:#004aad;font-style:normal;font-weight:600;letter-spacing:1px\">Conf\u00e9rences<\/h1>\n\n\n\n<p>Le Club ABC organise des conf\u00e9rences sur des sujets de soci\u00e9t\u00e9 tr\u00e8s divers\u2026 actualit\u00e9, environnement, art, histoire, nouvelles technologies etc.<\/p>\n\n\n\n<p>Ces conf\u00e9rences ont lieu \u00e0 Verri\u00e8res-le-Buisson, le soir en semaine pour que toutes et tous puissent y participer.<\/p>\n\n\n\n<div class=\"wp-block-uagb-separator uagb-block-82c72d3b\"><div class=\"wp-block-uagb-separator__inner\" style=\"--my-background-image:\"><\/div><\/div>\n<\/div>\n<\/div><\/div>\n\n\n\n<div class=\"wp-block-media-text alignwide is-stacked-on-mobile has-background\" style=\"background-color:#abb7c212;grid-template-columns:37% auto\"><figure class=\"wp-block-media-text__media\"><img fetchpriority=\"high\" decoding=\"async\" width=\"724\" height=\"1024\" src=\"https:\/\/club-abc.fr\/wp-content\/uploads\/2026\/01\/20260320-Conference-Climat-1-724x1024.jpg\" alt=\"\" class=\"wp-image-10153 size-full\" srcset=\"https:\/\/club-abc.fr\/wp-content\/uploads\/2026\/01\/20260320-Conference-Climat-1-724x1024.jpg 724w, https:\/\/club-abc.fr\/wp-content\/uploads\/2026\/01\/20260320-Conference-Climat-1-212x300.jpg 212w, https:\/\/club-abc.fr\/wp-content\/uploads\/2026\/01\/20260320-Conference-Climat-1-768x1086.jpg 768w, https:\/\/club-abc.fr\/wp-content\/uploads\/2026\/01\/20260320-Conference-Climat-1-1086x1536.jpg 1086w, https:\/\/club-abc.fr\/wp-content\/uploads\/2026\/01\/20260320-Conference-Climat-1-1448x2048.jpg 1448w, https:\/\/club-abc.fr\/wp-content\/uploads\/2026\/01\/20260320-Conference-Climat-1.jpg 1587w\" sizes=\"(max-width: 724px) 100vw, 724px\" \/><\/figure><div class=\"wp-block-media-text__content\">\n<h2 class=\"wp-block-heading has-text-align-center has-text-color has-link-color has-large-font-size wp-elements-5e7f5273c442d15e942a8c18116840ad\" style=\"color:#084aaa;font-style:normal;font-weight:400\">CONF\u00c9RENCE-D\u00c9BAT<br>Changement climatique :<br>subir ou trouver des solutions?<br>20 mars 2026 \u00e0 20h \u00e0 la Maison Vaillant<\/h2>\n\n\n\n<p class=\"has-text-align-left\">Les activit\u00e9s humaines conduisent \u00e0 un d\u00e9r\u00e8glement climatique majeur, dont les effets se font de plus en plus sentir. R\u00e9duire les \u00e9missions de gaz \u00e0 effet de serre est imp\u00e9ratif et urgent, mais ne suffit pas : nous devons, individuellement et collectivement, transformer nos modes de transport, d\u2019habitation, de consommation, pour nous adapter. Pr\u00e9sent\u00e9e et anim\u00e9e par <strong>Laurence Eymard<\/strong> , <strong>directrice de recherche au CNRS.<\/strong><\/p>\n\n\n\n<p>La conf\u00e9rence sera suivi d&rsquo;un d\u00e9bat avec les participants.<\/p>\n\n\n\n<p>Suivi du verre de l&rsquo;amiti\u00e9 pour \u00e9changer plus librement jusqu&rsquo;\u00e0 22 heures.<\/p>\n\n\n\n<p>Entr\u00e9e libre sans r\u00e9servation<br>Maison Vaillant, 66 rue d&rsquo;Estiennes d&rsquo;Orves,  Verri\u00e8res-le-Buisson<\/p>\n<\/div><\/div>\n\n\n\n<p><\/p>\n","protected":false},"excerpt":{"rendered":"<p>Conf\u00e9rences Le Club ABC organise des conf\u00e9rences sur des sujets de soci\u00e9t\u00e9 tr\u00e8s divers\u2026 actualit\u00e9, environnement, art, histoire, nouvelles technologies etc. Ces conf\u00e9rences ont lieu \u00e0 Verri\u00e8res-le-Buisson, le soir en semaine pour que toutes et tous puissent y participer. CONF\u00c9RENCE-D\u00c9BATChangement climatique :subir ou trouver des solutions?20 mars 2026 \u00e0 20h \u00e0 la Maison Vaillant Les [&hellip;]<\/p>\n","protected":false},"author":1,"featured_media":1284,"parent":0,"menu_order":0,"comment_status":"closed","ping_status":"closed","template":"","meta":{"_uag_custom_page_level_css":"","footnotes":""},"class_list":["post-1724","page","type-page","status-publish","has-post-thumbnail","hentry","entry","has-media"],"yoast_head":"<!-- This site is optimized with the Yoast SEO plugin v27.4 - https:\/\/yoast.com\/product\/yoast-seo-wordpress\/ -->\n<title>Conf\u00e9rences - Club ABC<\/title>\n<meta name=\"robots\" content=\"index, follow, max-snippet:-1, max-image-preview:large, max-video-preview:-1\" \/>\n<link rel=\"canonical\" href=\"https:\/\/club-abc.fr\/index.php\/conferences\/\" \/>\n<meta property=\"og:locale\" content=\"fr_FR\" \/>\n<meta property=\"og:type\" content=\"article\" \/>\n<meta property=\"og:title\" content=\"Conf\u00e9rences - Club ABC\" \/>\n<meta property=\"og:description\" content=\"Conf\u00e9rences Le Club ABC organise des conf\u00e9rences sur des sujets de soci\u00e9t\u00e9 tr\u00e8s divers\u2026 actualit\u00e9, environnement, art, histoire, nouvelles technologies etc. Ces conf\u00e9rences ont lieu \u00e0 Verri\u00e8res-le-Buisson, le soir en semaine pour que toutes et tous puissent y participer. CONF\u00c9RENCE-D\u00c9BATChangement climatique :subir ou trouver des solutions?20 mars 2026 \u00e0 20h \u00e0 la Maison Vaillant Les [&hellip;]\" \/>\n<meta property=\"og:url\" content=\"https:\/\/club-abc.fr\/index.php\/conferences\/\" \/>\n<meta property=\"og:site_name\" content=\"Club ABC\" \/>\n<meta property=\"article:modified_time\" content=\"2026-01-17T16:11:57+00:00\" \/>\n<meta property=\"og:image\" content=\"https:\/\/club-abc.fr\/wp-content\/uploads\/2023\/05\/conference2.jpg\" \/>\n\t<meta property=\"og:image:width\" content=\"477\" \/>\n\t<meta property=\"og:image:height\" content=\"320\" \/>\n\t<meta property=\"og:image:type\" content=\"image\/jpeg\" \/>\n<meta name=\"twitter:card\" content=\"summary_large_image\" \/>\n<meta name=\"twitter:label1\" content=\"Dur\u00e9e de lecture estim\u00e9e\" \/>\n\t<meta name=\"twitter:data1\" content=\"2 minutes\" \/>\n<script type=\"application\/ld+json\" class=\"yoast-schema-graph\">{\"@context\":\"https:\\\/\\\/schema.org\",\"@graph\":[{\"@type\":\"WebPage\",\"@id\":\"https:\\\/\\\/club-abc.fr\\\/index.php\\\/conferences\\\/\",\"url\":\"https:\\\/\\\/club-abc.fr\\\/index.php\\\/conferences\\\/\",\"name\":\"Conf\u00e9rences - Club ABC\",\"isPartOf\":{\"@id\":\"https:\\\/\\\/club-abc.fr\\\/#website\"},\"primaryImageOfPage\":{\"@id\":\"https:\\\/\\\/club-abc.fr\\\/index.php\\\/conferences\\\/#primaryimage\"},\"image\":{\"@id\":\"https:\\\/\\\/club-abc.fr\\\/index.php\\\/conferences\\\/#primaryimage\"},\"thumbnailUrl\":\"https:\\\/\\\/club-abc.fr\\\/wp-content\\\/uploads\\\/2023\\\/05\\\/conference2.jpg\",\"datePublished\":\"2023-05-13T15:49:30+00:00\",\"dateModified\":\"2026-01-17T16:11:57+00:00\",\"breadcrumb\":{\"@id\":\"https:\\\/\\\/club-abc.fr\\\/index.php\\\/conferences\\\/#breadcrumb\"},\"inLanguage\":\"fr-FR\",\"potentialAction\":[{\"@type\":\"ReadAction\",\"target\":[\"https:\\\/\\\/club-abc.fr\\\/index.php\\\/conferences\\\/\"]}]},{\"@type\":\"ImageObject\",\"inLanguage\":\"fr-FR\",\"@id\":\"https:\\\/\\\/club-abc.fr\\\/index.php\\\/conferences\\\/#primaryimage\",\"url\":\"https:\\\/\\\/club-abc.fr\\\/wp-content\\\/uploads\\\/2023\\\/05\\\/conference2.jpg\",\"contentUrl\":\"https:\\\/\\\/club-abc.fr\\\/wp-content\\\/uploads\\\/2023\\\/05\\\/conference2.jpg\",\"width\":477,\"height\":320},{\"@type\":\"BreadcrumbList\",\"@id\":\"https:\\\/\\\/club-abc.fr\\\/index.php\\\/conferences\\\/#breadcrumb\",\"itemListElement\":[{\"@type\":\"ListItem\",\"position\":1,\"name\":\"Accueil\",\"item\":\"https:\\\/\\\/club-abc.fr\\\/\"},{\"@type\":\"ListItem\",\"position\":2,\"name\":\"Conf\u00e9rences\"}]},{\"@type\":\"WebSite\",\"@id\":\"https:\\\/\\\/club-abc.fr\\\/#website\",\"url\":\"https:\\\/\\\/club-abc.fr\\\/\",\"name\":\"Club ABC\",\"description\":\"Le club de vos loisirs\",\"publisher\":{\"@id\":\"https:\\\/\\\/club-abc.fr\\\/#organization\"},\"potentialAction\":[{\"@type\":\"SearchAction\",\"target\":{\"@type\":\"EntryPoint\",\"urlTemplate\":\"https:\\\/\\\/club-abc.fr\\\/?s={search_term_string}\"},\"query-input\":{\"@type\":\"PropertyValueSpecification\",\"valueRequired\":true,\"valueName\":\"search_term_string\"}}],\"inLanguage\":\"fr-FR\"},{\"@type\":\"Organization\",\"@id\":\"https:\\\/\\\/club-abc.fr\\\/#organization\",\"name\":\"Club ABC\",\"url\":\"https:\\\/\\\/club-abc.fr\\\/\",\"logo\":{\"@type\":\"ImageObject\",\"inLanguage\":\"fr-FR\",\"@id\":\"https:\\\/\\\/club-abc.fr\\\/#\\\/schema\\\/logo\\\/image\\\/\",\"url\":\"https:\\\/\\\/club-abc.fr\\\/wp-content\\\/uploads\\\/2023\\\/05\\\/cropped-Logo_Club-ABC.png\",\"contentUrl\":\"https:\\\/\\\/club-abc.fr\\\/wp-content\\\/uploads\\\/2023\\\/05\\\/cropped-Logo_Club-ABC.png\",\"width\":5100,\"height\":1658,\"caption\":\"Club ABC\"},\"image\":{\"@id\":\"https:\\\/\\\/club-abc.fr\\\/#\\\/schema\\\/logo\\\/image\\\/\"}}]}<\/script>\n<!-- \/ Yoast SEO plugin. -->","yoast_head_json":{"title":"Conf\u00e9rences - Club ABC","robots":{"index":"index","follow":"follow","max-snippet":"max-snippet:-1","max-image-preview":"max-image-preview:large","max-video-preview":"max-video-preview:-1"},"canonical":"https:\/\/club-abc.fr\/index.php\/conferences\/","og_locale":"fr_FR","og_type":"article","og_title":"Conf\u00e9rences - Club ABC","og_description":"Conf\u00e9rences Le Club ABC organise des conf\u00e9rences sur des sujets de soci\u00e9t\u00e9 tr\u00e8s divers\u2026 actualit\u00e9, environnement, art, histoire, nouvelles technologies etc. Ces conf\u00e9rences ont lieu \u00e0 Verri\u00e8res-le-Buisson, le soir en semaine pour que toutes et tous puissent y participer. CONF\u00c9RENCE-D\u00c9BATChangement climatique :subir ou trouver des solutions?20 mars 2026 \u00e0 20h \u00e0 la Maison Vaillant Les [&hellip;]","og_url":"https:\/\/club-abc.fr\/index.php\/conferences\/","og_site_name":"Club ABC","article_modified_time":"2026-01-17T16:11:57+00:00","og_image":[{"width":477,"height":320,"url":"https:\/\/club-abc.fr\/wp-content\/uploads\/2023\/05\/conference2.jpg","type":"image\/jpeg"}],"twitter_card":"summary_large_image","twitter_misc":{"Dur\u00e9e de lecture estim\u00e9e":"2 minutes"},"schema":{"@context":"https:\/\/schema.org","@graph":[{"@type":"WebPage","@id":"https:\/\/club-abc.fr\/index.php\/conferences\/","url":"https:\/\/club-abc.fr\/index.php\/conferences\/","name":"Conf\u00e9rences - Club ABC","isPartOf":{"@id":"https:\/\/club-abc.fr\/#website"},"primaryImageOfPage":{"@id":"https:\/\/club-abc.fr\/index.php\/conferences\/#primaryimage"},"image":{"@id":"https:\/\/club-abc.fr\/index.php\/conferences\/#primaryimage"},"thumbnailUrl":"https:\/\/club-abc.fr\/wp-content\/uploads\/2023\/05\/conference2.jpg","datePublished":"2023-05-13T15:49:30+00:00","dateModified":"2026-01-17T16:11:57+00:00","breadcrumb":{"@id":"https:\/\/club-abc.fr\/index.php\/conferences\/#breadcrumb"},"inLanguage":"fr-FR","potentialAction":[{"@type":"ReadAction","target":["https:\/\/club-abc.fr\/index.php\/conferences\/"]}]},{"@type":"ImageObject","inLanguage":"fr-FR","@id":"https:\/\/club-abc.fr\/index.php\/conferences\/#primaryimage","url":"https:\/\/club-abc.fr\/wp-content\/uploads\/2023\/05\/conference2.jpg","contentUrl":"https:\/\/club-abc.fr\/wp-content\/uploads\/2023\/05\/conference2.jpg","width":477,"height":320},{"@type":"BreadcrumbList","@id":"https:\/\/club-abc.fr\/index.php\/conferences\/#breadcrumb","itemListElement":[{"@type":"ListItem","position":1,"name":"Accueil","item":"https:\/\/club-abc.fr\/"},{"@type":"ListItem","position":2,"name":"Conf\u00e9rences"}]},{"@type":"WebSite","@id":"https:\/\/club-abc.fr\/#website","url":"https:\/\/club-abc.fr\/","name":"Club ABC","description":"Le club de vos loisirs","publisher":{"@id":"https:\/\/club-abc.fr\/#organization"},"potentialAction":[{"@type":"SearchAction","target":{"@type":"EntryPoint","urlTemplate":"https:\/\/club-abc.fr\/?s={search_term_string}"},"query-input":{"@type":"PropertyValueSpecification","valueRequired":true,"valueName":"search_term_string"}}],"inLanguage":"fr-FR"},{"@type":"Organization","@id":"https:\/\/club-abc.fr\/#organization","name":"Club ABC","url":"https:\/\/club-abc.fr\/","logo":{"@type":"ImageObject","inLanguage":"fr-FR","@id":"https:\/\/club-abc.fr\/#\/schema\/logo\/image\/","url":"https:\/\/club-abc.fr\/wp-content\/uploads\/2023\/05\/cropped-Logo_Club-ABC.png","contentUrl":"https:\/\/club-abc.fr\/wp-content\/uploads\/2023\/05\/cropped-Logo_Club-ABC.png","width":5100,"height":1658,"caption":"Club ABC"},"image":{"@id":"https:\/\/club-abc.fr\/#\/schema\/logo\/image\/"}}]}},"featured_image_src":"https:\/\/club-abc.fr\/wp-content\/uploads\/2023\/05\/conference2.jpg","featured_image_src_square":"https:\/\/club-abc.fr\/wp-content\/uploads\/2023\/05\/conference2.jpg","uagb_featured_image_src":{"full":["https:\/\/club-abc.fr\/wp-content\/uploads\/2023\/05\/conference2.jpg",477,320,false],"thumbnail":["https:\/\/club-abc.fr\/wp-content\/uploads\/2023\/05\/conference2-150x150.jpg",150,150,true],"medium":["https:\/\/club-abc.fr\/wp-content\/uploads\/2023\/05\/conference2-300x201.jpg",300,201,true],"medium_large":["https:\/\/club-abc.fr\/wp-content\/uploads\/2023\/05\/conference2.jpg",477,320,false],"large":["https:\/\/club-abc.fr\/wp-content\/uploads\/2023\/05\/conference2.jpg",477,320,false],"1536x1536":["https:\/\/club-abc.fr\/wp-content\/uploads\/2023\/05\/conference2.jpg",477,320,false],"2048x2048":["https:\/\/club-abc.fr\/wp-content\/uploads\/2023\/05\/conference2.jpg",477,320,false],"ocean-thumb-m":["https:\/\/club-abc.fr\/wp-content\/uploads\/2023\/05\/conference2.jpg",477,320,false],"ocean-thumb-ml":["https:\/\/club-abc.fr\/wp-content\/uploads\/2023\/05\/conference2.jpg",477,320,false],"ocean-thumb-l":["https:\/\/club-abc.fr\/wp-content\/uploads\/2023\/05\/conference2.jpg",477,320,false],"ab-block-post-grid-landscape":["https:\/\/club-abc.fr\/wp-content\/uploads\/2023\/05\/conference2.jpg",477,320,false],"ab-block-post-grid-square":["https:\/\/club-abc.fr\/wp-content\/uploads\/2023\/05\/conference2.jpg",477,320,false]},"uagb_author_info":{"display_name":"admin6119","author_link":"https:\/\/club-abc.fr\/index.php\/author\/admin6119\/"},"uagb_comment_info":0,"uagb_excerpt":"Conf\u00e9rences Le Club ABC organise des conf\u00e9rences sur des sujets de soci\u00e9t\u00e9 tr\u00e8s divers\u2026 actualit\u00e9, environnement, art, histoire, nouvelles technologies etc. Ces conf\u00e9rences ont lieu \u00e0 Verri\u00e8res-le-Buisson, le soir en semaine pour que toutes et tous puissent y participer. CONF\u00c9RENCE-D\u00c9BATChangement climatique :subir ou trouver des solutions?20 mars 2026 \u00e0 20h \u00e0 la Maison Vaillant Les\u2026","jetpack_sharing_enabled":true,"_links":{"self":[{"href":"https:\/\/club-abc.fr\/index.php\/wp-json\/wp\/v2\/pages\/1724","targetHints":{"allow":["GET"]}}],"collection":[{"href":"https:\/\/club-abc.fr\/index.php\/wp-json\/wp\/v2\/pages"}],"about":[{"href":"https:\/\/club-abc.fr\/index.php\/wp-json\/wp\/v2\/types\/page"}],"author":[{"embeddable":true,"href":"https:\/\/club-abc.fr\/index.php\/wp-json\/wp\/v2\/users\/1"}],"replies":[{"embeddable":true,"href":"https:\/\/club-abc.fr\/index.php\/wp-json\/wp\/v2\/comments?post=1724"}],"version-history":[{"count":0,"href":"https:\/\/club-abc.fr\/index.php\/wp-json\/wp\/v2\/pages\/1724\/revisions"}],"wp:featuredmedia":[{"embeddable":true,"href":"https:\/\/club-abc.fr\/index.php\/wp-json\/wp\/v2\/media\/1284"}],"wp:attachment":[{"href":"https:\/\/club-abc.fr\/index.php\/wp-json\/wp\/v2\/media?parent=1724"}],"curies":[{"name":"wp","href":"https:\/\/api.w.org\/{rel}","templated":true}]}}