{"id":1720,"date":"2023-05-13T17:48:46","date_gmt":"2023-05-13T15:48:46","guid":{"rendered":"https:\/\/club-abc.fr\/?page_id=1720"},"modified":"2026-02-10T17:00:15","modified_gmt":"2026-02-10T16:00:15","slug":"chant-et-interpretation","status":"publish","type":"page","link":"https:\/\/club-abc.fr\/index.php\/chant-et-interpretation\/","title":{"rendered":"Chant &amp; Interpr\u00e9tation"},"content":{"rendered":"\n<div class=\"wp-block-uagb-container uagb-block-76da382e alignfull uagb-is-root-container\"><div class=\"uagb-container-inner-blocks-wrap\">\n<div class=\"wp-block-uagb-container uagb-block-45346083\">\n<div class=\"wp-block-uagb-image uagb-block-a6ea1e35 wp-block-uagb-image--layout-default wp-block-uagb-image--effect-static wp-block-uagb-image--align-none\"><figure class=\"wp-block-uagb-image__figure\"><img loading=\"lazy\" decoding=\"async\" srcset=\"https:\/\/club-abc.fr\/wp-content\/uploads\/2024\/07\/Vignettes-chant-site-web-600-\u00d7-450-px.png ,https:\/\/club-abc.fr\/wp-content\/uploads\/2024\/07\/Vignettes-chant-site-web-600-\u00d7-450-px.png 780w, https:\/\/club-abc.fr\/wp-content\/uploads\/2024\/07\/Vignettes-chant-site-web-600-\u00d7-450-px.png 360w\" sizes=\"auto, (max-width: 480px) 150px\" src=\"https:\/\/club-abc.fr\/wp-content\/uploads\/2024\/07\/Vignettes-chant-site-web-600-\u00d7-450-px.png\" alt=\"\" class=\"uag-image-6300\" width=\"1024\" height=\"768\" title=\"Vignettes chant site web (600\u00a0\u00d7\u00a0450\u00a0px)\" loading=\"lazy\" role=\"img\"\/><\/figure><\/div>\n<\/div>\n\n\n\n<div class=\"wp-block-uagb-container uagb-block-56e22974\">\n<h1 class=\"wp-block-heading has-text-color has-x-large-font-size\" style=\"color:#004aad;font-style:normal;font-weight:600;letter-spacing:1px\">Stage Chant &amp; Interpr\u00e9tation<\/h1>\n\n\n\n<div class=\"wp-block-uagb-advanced-heading uagb-block-ada9af19\"><h3 class=\"uagb-heading-text\">Alexia Cascales<\/h3><p class=\"uagb-desc-text\">Acqu\u00e9rir ou perfectionner ses \u00ab outils \u00bb pour laisser libre cours \u00e0 son chant<br>&nbsp;<br><strong>Objectif du stage :<\/strong><br>&#8211; Connaitre et savoir utiliser les diff\u00e9rentes approches du travail du corps, le geste,<br>l\u2019espace comme outils d\u2019expression.<br>&#8211; Prendre conscience de sa posture et du mouvement pour un l\u00e2cher-prise plus<br>efficace<br>&#8211; Affiner et pr\u00e9ciser la conscience de sa propre technique et de son adaptabilit\u00e9<br>&#8211; D\u00e9velopper de nouvelles palettes vocales en fonction des registres choisis, des<br>r\u00e9pertoires, des intentions musicales.<br>&nbsp;<br><strong>Contenus et axes de travail :<\/strong><br>&#8211; Clarification des bases anatomiques de la respiration et du chant<br>&#8211; Exercices corporels issus de la m\u00e9thode Alexander et de la m\u00e9ditation<br>&#8211; Jeux d\u2019agilit\u00e9 vocale, d\u2019\u00e9coute et de transmission<br>&#8211; Exercices de coordination corps\/voix\/rythme<br>&#8211; Exploration des couleurs, des timbres et des intentions vocales<br>&#8211; A partir de chants, chansons que vous choisirez en amont du stage (tous les styles<br>sont les bienvenus), nous mettrons en application directement les divers exercices exp\u00e9riment\u00e9s en amont.<\/p><\/div>\n<\/div>\n<\/div><\/div>\n\n\n\n<p class=\"has-text-align-center\" style=\"font-size:16px\">Dates des 2 prochains stages<\/p>\n\n\n\n<div class=\"wp-block-columns alignwide is-layout-flex wp-container-core-columns-is-layout-829b1d53 wp-block-columns-is-layout-flex\" style=\"margin-bottom:0\">\n<div class=\"wp-block-column has-white-background-color has-text-color has-background has-link-color wp-elements-10708688ae679cdbbc2aad5560009e78 is-layout-flow wp-block-column-is-layout-flow\" style=\"color:#000000;padding-top:2em;padding-right:2em;padding-bottom:2em;padding-left:2em\">\n<h2 class=\"wp-block-heading has-text-align-center\" id=\"single\" style=\"font-size:30px;font-style:normal;font-weight:400\">Jour<\/h2>\n\n\n\n<p class=\"has-text-align-center\">Samedi 4\/04\/2026<\/p>\n<\/div>\n\n\n\n<div class=\"wp-block-column has-white-background-color has-text-color has-background has-link-color wp-elements-1415c35ace85664173d9519872edb736 is-layout-flow wp-block-column-is-layout-flow\" style=\"color:#000000;padding-top:2em;padding-right:2em;padding-bottom:2em;padding-left:2em\">\n<h2 class=\"wp-block-heading has-text-align-center\" id=\"family\" style=\"font-size:30px;font-style:normal;font-weight:400\">Horaires<\/h2>\n\n\n\n<p class=\"has-text-align-center\" style=\"font-size:18px;line-height:1.5\"><br>10h30<br> \u00e0 <br>18h30<\/p>\n<\/div>\n\n\n\n<div class=\"wp-block-column has-white-background-color has-text-color has-background has-link-color wp-elements-9ccfc04d726fda1943648b8679e0d44f is-layout-flow wp-block-column-is-layout-flow\" style=\"color:#000000;padding-top:2em;padding-right:2em;padding-bottom:2em;padding-left:2em\">\n<h2 class=\"wp-block-heading has-text-align-center\" id=\"family\" style=\"font-size:30px;font-style:normal;font-weight:400\">Tarif adh\u00e9rent<\/h2>\n\n\n\n<div class=\"wp-block-buttons is-content-justification-center is-layout-flex wp-container-core-buttons-is-layout-16018d1d wp-block-buttons-is-layout-flex\">\n<div class=\"wp-block-button\"><a class=\"wp-block-button__link has-white-color has-text-color has-background has-text-align-center has-custom-font-size wp-element-button\" style=\"background-color:#084aad;font-size:16px\">60 \u20ac<\/a><\/div>\n<\/div>\n<\/div>\n\n\n\n<div class=\"wp-block-column has-white-background-color has-text-color has-background has-link-color wp-elements-8aa220c905206615771c64976fac7e20 is-layout-flow wp-block-column-is-layout-flow\" style=\"color:#000000;padding-top:2em;padding-right:2em;padding-bottom:2em;padding-left:2em\">\n<h2 class=\"wp-block-heading has-text-align-center\" id=\"family\" style=\"font-size:30px;font-style:normal;font-weight:400\">Tarif non adh\u00e9rent<\/h2>\n\n\n\n<div class=\"wp-block-buttons is-content-justification-center is-layout-flex wp-container-core-buttons-is-layout-16018d1d wp-block-buttons-is-layout-flex\">\n<div class=\"wp-block-button\"><a class=\"wp-block-button__link has-white-color has-text-color has-background has-text-align-center has-custom-font-size wp-element-button\" style=\"background-color:#084aad;font-size:16px\">70 \u20ac<\/a><\/div>\n<\/div>\n<\/div>\n<\/div>\n\n\n\n<div class=\"wp-block-uagb-container uagb-block-df68aff0 alignfull uagb-is-root-container\"><div class=\"uagb-container-inner-blocks-wrap\"><\/div><\/div>\n\n\n\n<p><\/p>\n\n\n\n<div class=\"wp-block-uagb-container uagb-block-85b895a9 alignfull uagb-is-root-container\"><div class=\"uagb-container-inner-blocks-wrap\">\n<div class=\"wp-block-uagb-buttons uagb-buttons__outer-wrap uagb-btn__default-btn uagb-btn-tablet__default-btn uagb-btn-mobile__default-btn uagb-block-b7ba9ecb\"><div class=\"uagb-buttons__wrap uagb-buttons-layout-wrap \">\n<div class=\"wp-block-uagb-buttons-child uagb-buttons__outer-wrap uagb-block-bb894131 wp-block-button\"><div class=\"uagb-button__wrapper\"><a class=\"uagb-buttons-repeater wp-block-button__link\" aria-label=\"\" href=\"https:\/\/www.payasso.fr\/clubabc\/stagechant14mars\" rel=\"follow noopener\" target=\"_self\" role=\"button\"><div class=\"uagb-button__link\">Inscription 4 avril 2026<\/div><\/a><\/div><\/div>\n<\/div><\/div>\n<\/div><\/div>\n\n\n\n<div class=\"wp-block-uagb-info-box uagb-block-b20ac396 uagb-infobox__content-wrap  uagb-infobox-icon-above-title uagb-infobox-image-valign-top\"><div class=\"uagb-ifb-content\"><div class=\"uagb-ifb-title-wrap\"><h3 class=\"uagb-ifb-title\"><br>Lieu<\/h3><\/div><p class=\"uagb-ifb-desc\">Le Relais &#8211; salle 4 &#8211; 64 rue d&rsquo;Estienne d&rsquo;Orves &#8211; 91370 Verri\u00e8res le Buisson<\/p><div class=\"uagb-ifb-button-wrapper wp-block-button\"><a href=\"#\" target=\"_self\" onclick=\"return false;\" class=\"uagb-infobox-cta-link\" rel=\"noopener noreferrer\"><span class=\"uagb-inline-editing\"><\/span><svg xmlns=\"https:\/\/www.w3.org\/2000\/svg\" viewBox=\"0 0 512 512\"><path d=\"M504.3 273.6l-112.1 104c-6.992 6.484-17.18 8.218-25.94 4.406c-8.758-3.812-14.42-12.45-14.42-21.1L351.9 288H32C14.33 288 .0002 273.7 .0002 255.1S14.33 224 32 224h319.9l0-72c0-9.547 5.66-18.19 14.42-22c8.754-3.809 18.95-2.075 25.94 4.41l112.1 104C514.6 247.9 514.6 264.1 504.3 273.6z\"><\/path><\/svg><\/a><\/div><\/div><\/div>\n\n\n\n<p><\/p>\n","protected":false},"excerpt":{"rendered":"<p>Stage Chant &amp; Interpr\u00e9tation Alexia Cascales Acqu\u00e9rir ou perfectionner ses \u00ab outils \u00bb pour laisser libre cours \u00e0 son chant&nbsp;Objectif du stage :&#8211; Connaitre et savoir utiliser les diff\u00e9rentes approches du travail du corps, le geste,l\u2019espace comme outils d\u2019expression.&#8211; Prendre conscience de sa posture et du mouvement pour un l\u00e2cher-prise plusefficace&#8211; Affiner et pr\u00e9ciser la [&hellip;]<\/p>\n","protected":false},"author":1,"featured_media":8031,"parent":0,"menu_order":0,"comment_status":"closed","ping_status":"closed","template":"","meta":{"_uag_custom_page_level_css":"","footnotes":""},"class_list":["post-1720","page","type-page","status-publish","has-post-thumbnail","hentry","entry","has-media"],"yoast_head":"<!-- This site is optimized with the Yoast SEO plugin v27.4 - https:\/\/yoast.com\/product\/yoast-seo-wordpress\/ -->\n<title>Chant &amp; Interpr\u00e9tation - Club ABC<\/title>\n<meta name=\"robots\" content=\"index, follow, max-snippet:-1, max-image-preview:large, max-video-preview:-1\" \/>\n<link rel=\"canonical\" href=\"https:\/\/club-abc.fr\/index.php\/chant-et-interpretation\/\" \/>\n<meta property=\"og:locale\" content=\"fr_FR\" \/>\n<meta property=\"og:type\" content=\"article\" \/>\n<meta property=\"og:title\" content=\"Chant &amp; Interpr\u00e9tation - Club ABC\" \/>\n<meta property=\"og:description\" content=\"Stage Chant &amp; Interpr\u00e9tation Alexia Cascales Acqu\u00e9rir ou perfectionner ses \u00ab outils \u00bb pour laisser libre cours \u00e0 son chant&nbsp;Objectif du stage :&#8211; Connaitre et savoir utiliser les diff\u00e9rentes approches du travail du corps, le geste,l\u2019espace comme outils d\u2019expression.&#8211; Prendre conscience de sa posture et du mouvement pour un l\u00e2cher-prise plusefficace&#8211; Affiner et pr\u00e9ciser la [&hellip;]\" \/>\n<meta property=\"og:url\" content=\"https:\/\/club-abc.fr\/index.php\/chant-et-interpretation\/\" \/>\n<meta property=\"og:site_name\" content=\"Club ABC\" \/>\n<meta property=\"article:modified_time\" content=\"2026-02-10T16:00:15+00:00\" \/>\n<meta property=\"og:image\" content=\"https:\/\/club-abc.fr\/wp-content\/uploads\/2025\/02\/Chant-et-interpretation.png\" \/>\n\t<meta property=\"og:image:width\" content=\"1024\" \/>\n\t<meta property=\"og:image:height\" content=\"1024\" \/>\n\t<meta property=\"og:image:type\" content=\"image\/png\" \/>\n<meta name=\"twitter:card\" content=\"summary_large_image\" \/>\n<meta name=\"twitter:label1\" content=\"Dur\u00e9e de lecture estim\u00e9e\" \/>\n\t<meta name=\"twitter:data1\" content=\"2 minutes\" \/>\n<script type=\"application\/ld+json\" class=\"yoast-schema-graph\">{\"@context\":\"https:\\\/\\\/schema.org\",\"@graph\":[{\"@type\":\"WebPage\",\"@id\":\"https:\\\/\\\/club-abc.fr\\\/index.php\\\/chant-et-interpretation\\\/\",\"url\":\"https:\\\/\\\/club-abc.fr\\\/index.php\\\/chant-et-interpretation\\\/\",\"name\":\"Chant &amp; Interpr\u00e9tation - Club ABC\",\"isPartOf\":{\"@id\":\"https:\\\/\\\/club-abc.fr\\\/#website\"},\"primaryImageOfPage\":{\"@id\":\"https:\\\/\\\/club-abc.fr\\\/index.php\\\/chant-et-interpretation\\\/#primaryimage\"},\"image\":{\"@id\":\"https:\\\/\\\/club-abc.fr\\\/index.php\\\/chant-et-interpretation\\\/#primaryimage\"},\"thumbnailUrl\":\"https:\\\/\\\/club-abc.fr\\\/wp-content\\\/uploads\\\/2025\\\/02\\\/Chant-et-interpretation.png\",\"datePublished\":\"2023-05-13T15:48:46+00:00\",\"dateModified\":\"2026-02-10T16:00:15+00:00\",\"breadcrumb\":{\"@id\":\"https:\\\/\\\/club-abc.fr\\\/index.php\\\/chant-et-interpretation\\\/#breadcrumb\"},\"inLanguage\":\"fr-FR\",\"potentialAction\":[{\"@type\":\"ReadAction\",\"target\":[\"https:\\\/\\\/club-abc.fr\\\/index.php\\\/chant-et-interpretation\\\/\"]}]},{\"@type\":\"ImageObject\",\"inLanguage\":\"fr-FR\",\"@id\":\"https:\\\/\\\/club-abc.fr\\\/index.php\\\/chant-et-interpretation\\\/#primaryimage\",\"url\":\"https:\\\/\\\/club-abc.fr\\\/wp-content\\\/uploads\\\/2025\\\/02\\\/Chant-et-interpretation.png\",\"contentUrl\":\"https:\\\/\\\/club-abc.fr\\\/wp-content\\\/uploads\\\/2025\\\/02\\\/Chant-et-interpretation.png\",\"width\":1024,\"height\":1024},{\"@type\":\"BreadcrumbList\",\"@id\":\"https:\\\/\\\/club-abc.fr\\\/index.php\\\/chant-et-interpretation\\\/#breadcrumb\",\"itemListElement\":[{\"@type\":\"ListItem\",\"position\":1,\"name\":\"Accueil\",\"item\":\"https:\\\/\\\/club-abc.fr\\\/\"},{\"@type\":\"ListItem\",\"position\":2,\"name\":\"Chant &amp; Interpr\u00e9tation\"}]},{\"@type\":\"WebSite\",\"@id\":\"https:\\\/\\\/club-abc.fr\\\/#website\",\"url\":\"https:\\\/\\\/club-abc.fr\\\/\",\"name\":\"Club ABC\",\"description\":\"Le club de vos loisirs\",\"publisher\":{\"@id\":\"https:\\\/\\\/club-abc.fr\\\/#organization\"},\"potentialAction\":[{\"@type\":\"SearchAction\",\"target\":{\"@type\":\"EntryPoint\",\"urlTemplate\":\"https:\\\/\\\/club-abc.fr\\\/?s={search_term_string}\"},\"query-input\":{\"@type\":\"PropertyValueSpecification\",\"valueRequired\":true,\"valueName\":\"search_term_string\"}}],\"inLanguage\":\"fr-FR\"},{\"@type\":\"Organization\",\"@id\":\"https:\\\/\\\/club-abc.fr\\\/#organization\",\"name\":\"Club ABC\",\"url\":\"https:\\\/\\\/club-abc.fr\\\/\",\"logo\":{\"@type\":\"ImageObject\",\"inLanguage\":\"fr-FR\",\"@id\":\"https:\\\/\\\/club-abc.fr\\\/#\\\/schema\\\/logo\\\/image\\\/\",\"url\":\"https:\\\/\\\/club-abc.fr\\\/wp-content\\\/uploads\\\/2023\\\/05\\\/cropped-Logo_Club-ABC.png\",\"contentUrl\":\"https:\\\/\\\/club-abc.fr\\\/wp-content\\\/uploads\\\/2023\\\/05\\\/cropped-Logo_Club-ABC.png\",\"width\":5100,\"height\":1658,\"caption\":\"Club ABC\"},\"image\":{\"@id\":\"https:\\\/\\\/club-abc.fr\\\/#\\\/schema\\\/logo\\\/image\\\/\"}}]}<\/script>\n<!-- \/ Yoast SEO plugin. -->","yoast_head_json":{"title":"Chant &amp; Interpr\u00e9tation - Club ABC","robots":{"index":"index","follow":"follow","max-snippet":"max-snippet:-1","max-image-preview":"max-image-preview:large","max-video-preview":"max-video-preview:-1"},"canonical":"https:\/\/club-abc.fr\/index.php\/chant-et-interpretation\/","og_locale":"fr_FR","og_type":"article","og_title":"Chant &amp; Interpr\u00e9tation - Club ABC","og_description":"Stage Chant &amp; Interpr\u00e9tation Alexia Cascales Acqu\u00e9rir ou perfectionner ses \u00ab outils \u00bb pour laisser libre cours \u00e0 son chant&nbsp;Objectif du stage :&#8211; Connaitre et savoir utiliser les diff\u00e9rentes approches du travail du corps, le geste,l\u2019espace comme outils d\u2019expression.&#8211; Prendre conscience de sa posture et du mouvement pour un l\u00e2cher-prise plusefficace&#8211; Affiner et pr\u00e9ciser la [&hellip;]","og_url":"https:\/\/club-abc.fr\/index.php\/chant-et-interpretation\/","og_site_name":"Club ABC","article_modified_time":"2026-02-10T16:00:15+00:00","og_image":[{"width":1024,"height":1024,"url":"https:\/\/club-abc.fr\/wp-content\/uploads\/2025\/02\/Chant-et-interpretation.png","type":"image\/png"}],"twitter_card":"summary_large_image","twitter_misc":{"Dur\u00e9e de lecture estim\u00e9e":"2 minutes"},"schema":{"@context":"https:\/\/schema.org","@graph":[{"@type":"WebPage","@id":"https:\/\/club-abc.fr\/index.php\/chant-et-interpretation\/","url":"https:\/\/club-abc.fr\/index.php\/chant-et-interpretation\/","name":"Chant &amp; Interpr\u00e9tation - Club ABC","isPartOf":{"@id":"https:\/\/club-abc.fr\/#website"},"primaryImageOfPage":{"@id":"https:\/\/club-abc.fr\/index.php\/chant-et-interpretation\/#primaryimage"},"image":{"@id":"https:\/\/club-abc.fr\/index.php\/chant-et-interpretation\/#primaryimage"},"thumbnailUrl":"https:\/\/club-abc.fr\/wp-content\/uploads\/2025\/02\/Chant-et-interpretation.png","datePublished":"2023-05-13T15:48:46+00:00","dateModified":"2026-02-10T16:00:15+00:00","breadcrumb":{"@id":"https:\/\/club-abc.fr\/index.php\/chant-et-interpretation\/#breadcrumb"},"inLanguage":"fr-FR","potentialAction":[{"@type":"ReadAction","target":["https:\/\/club-abc.fr\/index.php\/chant-et-interpretation\/"]}]},{"@type":"ImageObject","inLanguage":"fr-FR","@id":"https:\/\/club-abc.fr\/index.php\/chant-et-interpretation\/#primaryimage","url":"https:\/\/club-abc.fr\/wp-content\/uploads\/2025\/02\/Chant-et-interpretation.png","contentUrl":"https:\/\/club-abc.fr\/wp-content\/uploads\/2025\/02\/Chant-et-interpretation.png","width":1024,"height":1024},{"@type":"BreadcrumbList","@id":"https:\/\/club-abc.fr\/index.php\/chant-et-interpretation\/#breadcrumb","itemListElement":[{"@type":"ListItem","position":1,"name":"Accueil","item":"https:\/\/club-abc.fr\/"},{"@type":"ListItem","position":2,"name":"Chant &amp; Interpr\u00e9tation"}]},{"@type":"WebSite","@id":"https:\/\/club-abc.fr\/#website","url":"https:\/\/club-abc.fr\/","name":"Club ABC","description":"Le club de vos loisirs","publisher":{"@id":"https:\/\/club-abc.fr\/#organization"},"potentialAction":[{"@type":"SearchAction","target":{"@type":"EntryPoint","urlTemplate":"https:\/\/club-abc.fr\/?s={search_term_string}"},"query-input":{"@type":"PropertyValueSpecification","valueRequired":true,"valueName":"search_term_string"}}],"inLanguage":"fr-FR"},{"@type":"Organization","@id":"https:\/\/club-abc.fr\/#organization","name":"Club ABC","url":"https:\/\/club-abc.fr\/","logo":{"@type":"ImageObject","inLanguage":"fr-FR","@id":"https:\/\/club-abc.fr\/#\/schema\/logo\/image\/","url":"https:\/\/club-abc.fr\/wp-content\/uploads\/2023\/05\/cropped-Logo_Club-ABC.png","contentUrl":"https:\/\/club-abc.fr\/wp-content\/uploads\/2023\/05\/cropped-Logo_Club-ABC.png","width":5100,"height":1658,"caption":"Club ABC"},"image":{"@id":"https:\/\/club-abc.fr\/#\/schema\/logo\/image\/"}}]}},"featured_image_src":"https:\/\/club-abc.fr\/wp-content\/uploads\/2025\/02\/Chant-et-interpretation-600x400.png","featured_image_src_square":"https:\/\/club-abc.fr\/wp-content\/uploads\/2025\/02\/Chant-et-interpretation-600x600.png","uagb_featured_image_src":{"full":["https:\/\/club-abc.fr\/wp-content\/uploads\/2025\/02\/Chant-et-interpretation.png",1024,1024,false],"thumbnail":["https:\/\/club-abc.fr\/wp-content\/uploads\/2025\/02\/Chant-et-interpretation-150x150.png",150,150,true],"medium":["https:\/\/club-abc.fr\/wp-content\/uploads\/2025\/02\/Chant-et-interpretation-300x300.png",300,300,true],"medium_large":["https:\/\/club-abc.fr\/wp-content\/uploads\/2025\/02\/Chant-et-interpretation-768x768.png",768,768,true],"large":["https:\/\/club-abc.fr\/wp-content\/uploads\/2025\/02\/Chant-et-interpretation.png",1024,1024,false],"1536x1536":["https:\/\/club-abc.fr\/wp-content\/uploads\/2025\/02\/Chant-et-interpretation.png",1024,1024,false],"2048x2048":["https:\/\/club-abc.fr\/wp-content\/uploads\/2025\/02\/Chant-et-interpretation.png",1024,1024,false],"ocean-thumb-m":["https:\/\/club-abc.fr\/wp-content\/uploads\/2025\/02\/Chant-et-interpretation-600x600.png",600,600,true],"ocean-thumb-ml":["https:\/\/club-abc.fr\/wp-content\/uploads\/2025\/02\/Chant-et-interpretation-800x450.png",800,450,true],"ocean-thumb-l":["https:\/\/club-abc.fr\/wp-content\/uploads\/2025\/02\/Chant-et-interpretation-1024x700.png",1024,700,true],"ab-block-post-grid-landscape":["https:\/\/club-abc.fr\/wp-content\/uploads\/2025\/02\/Chant-et-interpretation-600x400.png",600,400,true],"ab-block-post-grid-square":["https:\/\/club-abc.fr\/wp-content\/uploads\/2025\/02\/Chant-et-interpretation-600x600.png",600,600,true]},"uagb_author_info":{"display_name":"admin6119","author_link":"https:\/\/club-abc.fr\/index.php\/author\/admin6119\/"},"uagb_comment_info":0,"uagb_excerpt":"Stage Chant &amp; Interpr\u00e9tation Alexia Cascales Acqu\u00e9rir ou perfectionner ses \u00ab outils \u00bb pour laisser libre cours \u00e0 son chant&nbsp;Objectif du stage :&#8211; Connaitre et savoir utiliser les diff\u00e9rentes approches du travail du corps, le geste,l\u2019espace comme outils d\u2019expression.&#8211; Prendre conscience de sa posture et du mouvement pour un l\u00e2cher-prise plusefficace&#8211; Affiner et pr\u00e9ciser la\u2026","jetpack_sharing_enabled":true,"_links":{"self":[{"href":"https:\/\/club-abc.fr\/index.php\/wp-json\/wp\/v2\/pages\/1720","targetHints":{"allow":["GET"]}}],"collection":[{"href":"https:\/\/club-abc.fr\/index.php\/wp-json\/wp\/v2\/pages"}],"about":[{"href":"https:\/\/club-abc.fr\/index.php\/wp-json\/wp\/v2\/types\/page"}],"author":[{"embeddable":true,"href":"https:\/\/club-abc.fr\/index.php\/wp-json\/wp\/v2\/users\/1"}],"replies":[{"embeddable":true,"href":"https:\/\/club-abc.fr\/index.php\/wp-json\/wp\/v2\/comments?post=1720"}],"version-history":[{"count":0,"href":"https:\/\/club-abc.fr\/index.php\/wp-json\/wp\/v2\/pages\/1720\/revisions"}],"wp:featuredmedia":[{"embeddable":true,"href":"https:\/\/club-abc.fr\/index.php\/wp-json\/wp\/v2\/media\/8031"}],"wp:attachment":[{"href":"https:\/\/club-abc.fr\/index.php\/wp-json\/wp\/v2\/media?parent=1720"}],"curies":[{"name":"wp","href":"https:\/\/api.w.org\/{rel}","templated":true}]}}