{"id":1714,"date":"2023-05-13T17:47:30","date_gmt":"2023-05-13T15:47:30","guid":{"rendered":"https:\/\/club-abc.fr\/?page_id=1714"},"modified":"2026-03-24T07:20:29","modified_gmt":"2026-03-24T06:20:29","slug":"allemand-cours-debutant-confirme-conversation","status":"publish","type":"page","link":"https:\/\/club-abc.fr\/index.php\/allemand-cours-debutant-confirme-conversation\/","title":{"rendered":"Allemand"},"content":{"rendered":"\n<div class=\"wp-block-uagb-container uagb-block-9cdf3c1b alignfull uagb-is-root-container\"><div class=\"uagb-container-inner-blocks-wrap\">\n<div class=\"wp-block-uagb-container uagb-block-761e0fb4\">\n<div class=\"wp-block-uagb-image uagb-block-cb589025 wp-block-uagb-image--layout-default wp-block-uagb-image--effect-static wp-block-uagb-image--align-none\"><figure class=\"wp-block-uagb-image__figure\"><img loading=\"lazy\" decoding=\"async\" srcset=\"https:\/\/club-abc.fr\/wp-content\/uploads\/2026\/03\/Vignettes_Langues_Allemand.jpg ,https:\/\/club-abc.fr\/wp-content\/uploads\/2026\/03\/Vignettes_Langues_Allemand.jpg 780w, https:\/\/club-abc.fr\/wp-content\/uploads\/2026\/03\/Vignettes_Langues_Allemand.jpg 360w\" sizes=\"auto, (max-width: 480px) 150px\" src=\"https:\/\/club-abc.fr\/wp-content\/uploads\/2026\/03\/Vignettes_Langues_Allemand.jpg\" alt=\"\" class=\"uag-image-10372\" width=\"300\" height=\"225\" title=\"Vignettes_Langues_Allemand\" loading=\"lazy\" role=\"img\"\/><\/figure><\/div>\n\n\n\n<div class=\"wp-block-uagb-advanced-heading uagb-block-1fe4af61\"><\/div>\n\n\n\n<div class=\"wp-block-uagb-buttons uagb-buttons__outer-wrap uagb-btn__default-btn uagb-btn-tablet__default-btn uagb-btn-mobile__default-btn uagb-block-f601d110\"><div class=\"uagb-buttons__wrap uagb-buttons-layout-wrap \">\n<div class=\"wp-block-uagb-buttons-child uagb-buttons__outer-wrap uagb-block-a58f697c wp-block-button\"><div class=\"uagb-button__wrapper\"><a class=\"uagb-buttons-repeater wp-block-button__link\" aria-label=\"\" href=\"https:\/\/club-abc.monclub.app\/app?selectedMembership=680f8b6409858e44a024a893&amp;step=1&amp;selectedSlots=67fcf5d2602f83c9e3186390&amp;waitingSlots=&amp;childSubscription=false\" rel=\"follow noopener\" target=\"_blank\" role=\"button\"><div class=\"uagb-button__link\">Je m&rsquo;inscris<br>interm\u00e9diaire<\/div><\/a><\/div><\/div>\n<\/div><\/div>\n\n\n\n<div class=\"wp-block-uagb-buttons uagb-buttons__outer-wrap uagb-btn__default-btn uagb-btn-tablet__default-btn uagb-btn-mobile__default-btn uagb-block-17386045\"><div class=\"uagb-buttons__wrap uagb-buttons-layout-wrap \">\n<div class=\"wp-block-uagb-buttons-child uagb-buttons__outer-wrap uagb-block-e0b82fc0 wp-block-button\"><div class=\"uagb-button__wrapper\"><a class=\"uagb-buttons-repeater wp-block-button__link\" aria-label=\"\" href=\"https:\/\/club-abc.monclub.app\/app?selectedMembership=680f8b6409858e44a024a890&amp;step=1&amp;selectedSlots=67fcf2719d853cda4b2738f6&amp;waitingSlots=&amp;childSubscription=false\" rel=\"follow noopener\" target=\"_blank\" role=\"button\"><div class=\"uagb-button__link\">Je m&rsquo;inscris<br>conversation<\/div><\/a><\/div><\/div>\n<\/div><\/div>\n<\/div>\n\n\n\n<div class=\"wp-block-uagb-container uagb-block-3ac04102\">\n<h1 class=\"wp-block-heading has-text-color has-x-large-font-size\" style=\"color:#004aad;font-style:normal;font-weight:600;letter-spacing:1px\">Allemand<\/h1>\n\n\n\n<h3 class=\"wp-block-heading\" style=\"font-size:40px;font-style:normal;font-weight:200\">Christiane Ledig<\/h3>\n\n\n\n<p>Vous souhaitez rafra\u00eechir, entretenir ou renforcer vos connaissances et progresser ou exceller dans l\u2019art de&nbsp;la conversation tout en vous amusant : soyez les bienvenus au cours du mercredi. Les supports de conversations propos\u00e9s sont vari\u00e9s et adapt\u00e9s au profil des participants.<\/p>\n\n\n\n<p>Vous souhaitez apprendre ou consolider vos comp\u00e9tences linguistiques (lexique,&nbsp;grammaire, structures, traditions culturelles) : soyez les bienvenus aux&nbsp;cours du jeudi !<\/p>\n<\/div>\n<\/div><\/div>\n\n\n\n<p class=\"has-text-align-center\" style=\"font-size:16px\">D\u00e9but des cours les 24 et 25 septembre 2025<\/p>\n\n\n\n<div class=\"wp-block-columns alignwide is-layout-flex wp-container-core-columns-is-layout-829b1d53 wp-block-columns-is-layout-flex\" style=\"margin-bottom:0;font-size:14px\">\n<div class=\"wp-block-column has-white-background-color has-text-color has-background has-link-color wp-elements-70838f34a950acc12f323fb1a1d4711d is-layout-flow wp-block-column-is-layout-flow\" style=\"color:#000000;padding-top:2em;padding-right:2em;padding-bottom:2em;padding-left:2em\">\n<h2 class=\"wp-block-heading has-text-align-center\" id=\"single\" style=\"font-size:30px;font-style:normal;font-weight:400\">Niveau Interm\u00e9diaire<\/h2>\n\n\n\n<p class=\"has-text-align-center\" style=\"font-size:16px\">Jeudi<\/p>\n\n\n\n<p class=\"has-text-align-center\" style=\"font-size:18px;line-height:1.5\">18h \u00e0 19h30<\/p>\n<\/div>\n\n\n\n<div class=\"wp-block-column has-white-background-color has-text-color has-background has-link-color wp-elements-530bf48626789ce68419c9c7c5a95928 is-layout-flow wp-block-column-is-layout-flow\" style=\"color:#000000;padding-top:2em;padding-right:2em;padding-bottom:2em;padding-left:2em\">\n<h2 class=\"wp-block-heading has-text-align-center\" id=\"family\" style=\"font-size:30px;font-style:normal;font-weight:400\">Niveau Conversation<\/h2>\n\n\n\n<p class=\"has-text-align-center\" style=\"font-size:16px\">Mercredi<\/p>\n\n\n\n<p class=\"has-text-align-center\" style=\"font-size:18px;line-height:1.5\">18h \u00e0 19h30<\/p>\n<\/div>\n<\/div>\n\n\n\n<div class=\"wp-block-columns alignwide is-layout-flex wp-container-core-columns-is-layout-829b1d53 wp-block-columns-is-layout-flex\" style=\"margin-bottom:0;font-size:14px\">\n<div class=\"wp-block-column has-white-background-color has-text-color has-background has-link-color wp-elements-62555d1bcd411638ef25cdfc334a301a is-layout-flow wp-block-column-is-layout-flow\" style=\"color:#000000;padding-top:2em;padding-right:2em;padding-bottom:2em;padding-left:2em\">\n<h2 class=\"wp-block-heading has-text-align-center\" id=\"family\" style=\"font-size:30px;font-style:normal;font-weight:400\">Tarif de base<\/h2>\n\n\n\n<div class=\"wp-block-buttons is-content-justification-center is-layout-flex wp-container-core-buttons-is-layout-16018d1d wp-block-buttons-is-layout-flex\">\n<div class=\"wp-block-button\"><a class=\"wp-block-button__link has-white-color has-text-color has-background has-text-align-center has-custom-font-size wp-element-button\" style=\"background-color:#084aad;font-size:16px\">273 \u20ac<\/a><\/div>\n<\/div>\n<\/div>\n\n\n\n<div class=\"wp-block-column has-white-background-color has-text-color has-background has-link-color wp-elements-1947d8437607e2762a2996fc6df4ea81 is-layout-flow wp-block-column-is-layout-flow\" style=\"color:#000000;padding-top:2em;padding-right:2em;padding-bottom:2em;padding-left:2em\">\n<h2 class=\"wp-block-heading has-text-align-center\" id=\"family\" style=\"font-size:30px;font-style:normal;font-weight:400\">Tarif VLB<\/h2>\n\n\n\n<div class=\"wp-block-buttons is-content-justification-center is-layout-flex wp-container-core-buttons-is-layout-16018d1d wp-block-buttons-is-layout-flex\">\n<div class=\"wp-block-button\"><a class=\"wp-block-button__link has-white-color has-text-color has-background has-text-align-center has-custom-font-size wp-element-button\" style=\"background-color:#084aad;font-size:16px\">248 \u20ac<\/a><\/div>\n<\/div>\n<\/div>\n<\/div>\n\n\n\n<div class=\"wp-block-uagb-container uagb-block-34f9789d alignfull uagb-is-root-container\"><div class=\"uagb-container-inner-blocks-wrap\">\n<div class=\"wp-block-uagb-container uagb-block-669dd3e6\">\n<p class=\"has-text-align-right has-normal-font-size\" style=\"line-height:1.5\">Adh\u00e9sion annuelle au club ABC en sus<\/p>\n<\/div>\n\n\n\n<div class=\"wp-block-uagb-container uagb-block-285fcbe9\">\n<div class=\"wp-block-uagb-container uagb-block-a6ddac6d\">\n<div class=\"wp-block-buttons is-content-justification-center is-layout-flex wp-container-core-buttons-is-layout-8057eaf3 wp-block-buttons-is-layout-flex\">\n<div class=\"wp-block-button\"><a class=\"wp-block-button__link has-white-color has-text-color has-background has-custom-font-size wp-element-button\" style=\"background-color:#084aad;font-size:16px\">32\u20ac<\/a><\/div>\n<\/div>\n<\/div>\n<\/div>\n<\/div><\/div>\n\n\n\n<div class=\"wp-block-uagb-info-box uagb-block-7003cb25 uagb-infobox__content-wrap  uagb-infobox-icon-above-title uagb-infobox-image-valign-top\"><div class=\"uagb-ifb-content\"><div class=\"uagb-ifb-title-wrap\"><h3 class=\"uagb-ifb-title\">Lieu<\/h3><\/div><p class=\"uagb-ifb-desc\">Le Moulin de Grais &#8211; 12 rue du Lavoir &#8211; 91370 Verri\u00e8res le Buisson<\/p><div class=\"uagb-ifb-button-wrapper wp-block-button\"><a href=\"#\" target=\"_self\" onclick=\"return false;\" class=\"uagb-infobox-cta-link\" rel=\"noopener noreferrer\"><span class=\"uagb-inline-editing\"><\/span><svg xmlns=\"https:\/\/www.w3.org\/2000\/svg\" viewBox=\"0 0 512 512\"><path d=\"M504.3 273.6l-112.1 104c-6.992 6.484-17.18 8.218-25.94 4.406c-8.758-3.812-14.42-12.45-14.42-21.1L351.9 288H32C14.33 288 .0002 273.7 .0002 255.1S14.33 224 32 224h319.9l0-72c0-9.547 5.66-18.19 14.42-22c8.754-3.809 18.95-2.075 25.94 4.41l112.1 104C514.6 247.9 514.6 264.1 504.3 273.6z\"><\/path><\/svg><\/a><\/div><\/div><\/div>\n\n\n\n<p><\/p>\n","protected":false},"excerpt":{"rendered":"<p>Allemand Christiane Ledig Vous souhaitez rafra\u00eechir, entretenir ou renforcer vos connaissances et progresser ou exceller dans l\u2019art de&nbsp;la conversation tout en vous amusant : soyez les bienvenus au cours du mercredi. Les supports de conversations propos\u00e9s sont vari\u00e9s et adapt\u00e9s au profil des participants. Vous souhaitez apprendre ou consolider vos comp\u00e9tences linguistiques (lexique,&nbsp;grammaire, structures, traditions [&hellip;]<\/p>\n","protected":false},"author":1,"featured_media":0,"parent":0,"menu_order":0,"comment_status":"closed","ping_status":"closed","template":"","meta":{"_uag_custom_page_level_css":"","footnotes":""},"class_list":["post-1714","page","type-page","status-publish","hentry","entry"],"yoast_head":"<!-- This site is optimized with the Yoast SEO plugin v27.4 - https:\/\/yoast.com\/product\/yoast-seo-wordpress\/ -->\n<title>Allemand - Club ABC<\/title>\n<meta name=\"robots\" content=\"index, follow, max-snippet:-1, max-image-preview:large, max-video-preview:-1\" \/>\n<link rel=\"canonical\" href=\"https:\/\/club-abc.fr\/index.php\/allemand-cours-debutant-confirme-conversation\/\" \/>\n<meta property=\"og:locale\" content=\"fr_FR\" \/>\n<meta property=\"og:type\" content=\"article\" \/>\n<meta property=\"og:title\" content=\"Allemand - Club ABC\" \/>\n<meta property=\"og:description\" content=\"Allemand Christiane Ledig Vous souhaitez rafra\u00eechir, entretenir ou renforcer vos connaissances et progresser ou exceller dans l\u2019art de&nbsp;la conversation tout en vous amusant : soyez les bienvenus au cours du mercredi. Les supports de conversations propos\u00e9s sont vari\u00e9s et adapt\u00e9s au profil des participants. Vous souhaitez apprendre ou consolider vos comp\u00e9tences linguistiques (lexique,&nbsp;grammaire, structures, traditions [&hellip;]\" \/>\n<meta property=\"og:url\" content=\"https:\/\/club-abc.fr\/index.php\/allemand-cours-debutant-confirme-conversation\/\" \/>\n<meta property=\"og:site_name\" content=\"Club ABC\" \/>\n<meta property=\"article:modified_time\" content=\"2026-03-24T06:20:29+00:00\" \/>\n<meta property=\"og:image\" content=\"https:\/\/club-abc.fr\/wp-content\/uploads\/2026\/03\/Vignettes_Langues_Allemand.jpg\" \/>\n<meta name=\"twitter:card\" content=\"summary_large_image\" \/>\n<meta name=\"twitter:label1\" content=\"Dur\u00e9e de lecture estim\u00e9e\" \/>\n\t<meta name=\"twitter:data1\" content=\"1 minute\" \/>\n<script type=\"application\/ld+json\" class=\"yoast-schema-graph\">{\"@context\":\"https:\\\/\\\/schema.org\",\"@graph\":[{\"@type\":\"WebPage\",\"@id\":\"https:\\\/\\\/club-abc.fr\\\/index.php\\\/allemand-cours-debutant-confirme-conversation\\\/\",\"url\":\"https:\\\/\\\/club-abc.fr\\\/index.php\\\/allemand-cours-debutant-confirme-conversation\\\/\",\"name\":\"Allemand - Club ABC\",\"isPartOf\":{\"@id\":\"https:\\\/\\\/club-abc.fr\\\/#website\"},\"primaryImageOfPage\":{\"@id\":\"https:\\\/\\\/club-abc.fr\\\/index.php\\\/allemand-cours-debutant-confirme-conversation\\\/#primaryimage\"},\"image\":{\"@id\":\"https:\\\/\\\/club-abc.fr\\\/index.php\\\/allemand-cours-debutant-confirme-conversation\\\/#primaryimage\"},\"thumbnailUrl\":\"https:\\\/\\\/club-abc.fr\\\/wp-content\\\/uploads\\\/2026\\\/03\\\/Vignettes_Langues_Allemand.jpg\",\"datePublished\":\"2023-05-13T15:47:30+00:00\",\"dateModified\":\"2026-03-24T06:20:29+00:00\",\"breadcrumb\":{\"@id\":\"https:\\\/\\\/club-abc.fr\\\/index.php\\\/allemand-cours-debutant-confirme-conversation\\\/#breadcrumb\"},\"inLanguage\":\"fr-FR\",\"potentialAction\":[{\"@type\":\"ReadAction\",\"target\":[\"https:\\\/\\\/club-abc.fr\\\/index.php\\\/allemand-cours-debutant-confirme-conversation\\\/\"]}]},{\"@type\":\"ImageObject\",\"inLanguage\":\"fr-FR\",\"@id\":\"https:\\\/\\\/club-abc.fr\\\/index.php\\\/allemand-cours-debutant-confirme-conversation\\\/#primaryimage\",\"url\":\"https:\\\/\\\/club-abc.fr\\\/wp-content\\\/uploads\\\/2026\\\/03\\\/Vignettes_Langues_Allemand.jpg\",\"contentUrl\":\"https:\\\/\\\/club-abc.fr\\\/wp-content\\\/uploads\\\/2026\\\/03\\\/Vignettes_Langues_Allemand.jpg\",\"width\":600,\"height\":450},{\"@type\":\"BreadcrumbList\",\"@id\":\"https:\\\/\\\/club-abc.fr\\\/index.php\\\/allemand-cours-debutant-confirme-conversation\\\/#breadcrumb\",\"itemListElement\":[{\"@type\":\"ListItem\",\"position\":1,\"name\":\"Accueil\",\"item\":\"https:\\\/\\\/club-abc.fr\\\/\"},{\"@type\":\"ListItem\",\"position\":2,\"name\":\"Allemand\"}]},{\"@type\":\"WebSite\",\"@id\":\"https:\\\/\\\/club-abc.fr\\\/#website\",\"url\":\"https:\\\/\\\/club-abc.fr\\\/\",\"name\":\"Club ABC\",\"description\":\"Le club de vos loisirs\",\"publisher\":{\"@id\":\"https:\\\/\\\/club-abc.fr\\\/#organization\"},\"potentialAction\":[{\"@type\":\"SearchAction\",\"target\":{\"@type\":\"EntryPoint\",\"urlTemplate\":\"https:\\\/\\\/club-abc.fr\\\/?s={search_term_string}\"},\"query-input\":{\"@type\":\"PropertyValueSpecification\",\"valueRequired\":true,\"valueName\":\"search_term_string\"}}],\"inLanguage\":\"fr-FR\"},{\"@type\":\"Organization\",\"@id\":\"https:\\\/\\\/club-abc.fr\\\/#organization\",\"name\":\"Club ABC\",\"url\":\"https:\\\/\\\/club-abc.fr\\\/\",\"logo\":{\"@type\":\"ImageObject\",\"inLanguage\":\"fr-FR\",\"@id\":\"https:\\\/\\\/club-abc.fr\\\/#\\\/schema\\\/logo\\\/image\\\/\",\"url\":\"https:\\\/\\\/club-abc.fr\\\/wp-content\\\/uploads\\\/2023\\\/05\\\/cropped-Logo_Club-ABC.png\",\"contentUrl\":\"https:\\\/\\\/club-abc.fr\\\/wp-content\\\/uploads\\\/2023\\\/05\\\/cropped-Logo_Club-ABC.png\",\"width\":5100,\"height\":1658,\"caption\":\"Club ABC\"},\"image\":{\"@id\":\"https:\\\/\\\/club-abc.fr\\\/#\\\/schema\\\/logo\\\/image\\\/\"}}]}<\/script>\n<!-- \/ Yoast SEO plugin. -->","yoast_head_json":{"title":"Allemand - Club ABC","robots":{"index":"index","follow":"follow","max-snippet":"max-snippet:-1","max-image-preview":"max-image-preview:large","max-video-preview":"max-video-preview:-1"},"canonical":"https:\/\/club-abc.fr\/index.php\/allemand-cours-debutant-confirme-conversation\/","og_locale":"fr_FR","og_type":"article","og_title":"Allemand - Club ABC","og_description":"Allemand Christiane Ledig Vous souhaitez rafra\u00eechir, entretenir ou renforcer vos connaissances et progresser ou exceller dans l\u2019art de&nbsp;la conversation tout en vous amusant : soyez les bienvenus au cours du mercredi. Les supports de conversations propos\u00e9s sont vari\u00e9s et adapt\u00e9s au profil des participants. Vous souhaitez apprendre ou consolider vos comp\u00e9tences linguistiques (lexique,&nbsp;grammaire, structures, traditions [&hellip;]","og_url":"https:\/\/club-abc.fr\/index.php\/allemand-cours-debutant-confirme-conversation\/","og_site_name":"Club ABC","article_modified_time":"2026-03-24T06:20:29+00:00","og_image":[{"url":"https:\/\/club-abc.fr\/wp-content\/uploads\/2026\/03\/Vignettes_Langues_Allemand.jpg","type":"","width":"","height":""}],"twitter_card":"summary_large_image","twitter_misc":{"Dur\u00e9e de lecture estim\u00e9e":"1 minute"},"schema":{"@context":"https:\/\/schema.org","@graph":[{"@type":"WebPage","@id":"https:\/\/club-abc.fr\/index.php\/allemand-cours-debutant-confirme-conversation\/","url":"https:\/\/club-abc.fr\/index.php\/allemand-cours-debutant-confirme-conversation\/","name":"Allemand - Club ABC","isPartOf":{"@id":"https:\/\/club-abc.fr\/#website"},"primaryImageOfPage":{"@id":"https:\/\/club-abc.fr\/index.php\/allemand-cours-debutant-confirme-conversation\/#primaryimage"},"image":{"@id":"https:\/\/club-abc.fr\/index.php\/allemand-cours-debutant-confirme-conversation\/#primaryimage"},"thumbnailUrl":"https:\/\/club-abc.fr\/wp-content\/uploads\/2026\/03\/Vignettes_Langues_Allemand.jpg","datePublished":"2023-05-13T15:47:30+00:00","dateModified":"2026-03-24T06:20:29+00:00","breadcrumb":{"@id":"https:\/\/club-abc.fr\/index.php\/allemand-cours-debutant-confirme-conversation\/#breadcrumb"},"inLanguage":"fr-FR","potentialAction":[{"@type":"ReadAction","target":["https:\/\/club-abc.fr\/index.php\/allemand-cours-debutant-confirme-conversation\/"]}]},{"@type":"ImageObject","inLanguage":"fr-FR","@id":"https:\/\/club-abc.fr\/index.php\/allemand-cours-debutant-confirme-conversation\/#primaryimage","url":"https:\/\/club-abc.fr\/wp-content\/uploads\/2026\/03\/Vignettes_Langues_Allemand.jpg","contentUrl":"https:\/\/club-abc.fr\/wp-content\/uploads\/2026\/03\/Vignettes_Langues_Allemand.jpg","width":600,"height":450},{"@type":"BreadcrumbList","@id":"https:\/\/club-abc.fr\/index.php\/allemand-cours-debutant-confirme-conversation\/#breadcrumb","itemListElement":[{"@type":"ListItem","position":1,"name":"Accueil","item":"https:\/\/club-abc.fr\/"},{"@type":"ListItem","position":2,"name":"Allemand"}]},{"@type":"WebSite","@id":"https:\/\/club-abc.fr\/#website","url":"https:\/\/club-abc.fr\/","name":"Club ABC","description":"Le club de vos loisirs","publisher":{"@id":"https:\/\/club-abc.fr\/#organization"},"potentialAction":[{"@type":"SearchAction","target":{"@type":"EntryPoint","urlTemplate":"https:\/\/club-abc.fr\/?s={search_term_string}"},"query-input":{"@type":"PropertyValueSpecification","valueRequired":true,"valueName":"search_term_string"}}],"inLanguage":"fr-FR"},{"@type":"Organization","@id":"https:\/\/club-abc.fr\/#organization","name":"Club ABC","url":"https:\/\/club-abc.fr\/","logo":{"@type":"ImageObject","inLanguage":"fr-FR","@id":"https:\/\/club-abc.fr\/#\/schema\/logo\/image\/","url":"https:\/\/club-abc.fr\/wp-content\/uploads\/2023\/05\/cropped-Logo_Club-ABC.png","contentUrl":"https:\/\/club-abc.fr\/wp-content\/uploads\/2023\/05\/cropped-Logo_Club-ABC.png","width":5100,"height":1658,"caption":"Club ABC"},"image":{"@id":"https:\/\/club-abc.fr\/#\/schema\/logo\/image\/"}}]}},"featured_image_src":null,"featured_image_src_square":null,"uagb_featured_image_src":{"full":false,"thumbnail":false,"medium":false,"medium_large":false,"large":false,"1536x1536":false,"2048x2048":false,"ocean-thumb-m":false,"ocean-thumb-ml":false,"ocean-thumb-l":false,"ab-block-post-grid-landscape":false,"ab-block-post-grid-square":false},"uagb_author_info":{"display_name":"admin6119","author_link":"https:\/\/club-abc.fr\/index.php\/author\/admin6119\/"},"uagb_comment_info":0,"uagb_excerpt":"Allemand Christiane Ledig Vous souhaitez rafra\u00eechir, entretenir ou renforcer vos connaissances et progresser ou exceller dans l\u2019art de&nbsp;la conversation tout en vous amusant : soyez les bienvenus au cours du mercredi. Les supports de conversations propos\u00e9s sont vari\u00e9s et adapt\u00e9s au profil des participants. Vous souhaitez apprendre ou consolider vos comp\u00e9tences linguistiques (lexique,&nbsp;grammaire, structures, traditions\u2026","jetpack_sharing_enabled":true,"_links":{"self":[{"href":"https:\/\/club-abc.fr\/index.php\/wp-json\/wp\/v2\/pages\/1714","targetHints":{"allow":["GET"]}}],"collection":[{"href":"https:\/\/club-abc.fr\/index.php\/wp-json\/wp\/v2\/pages"}],"about":[{"href":"https:\/\/club-abc.fr\/index.php\/wp-json\/wp\/v2\/types\/page"}],"author":[{"embeddable":true,"href":"https:\/\/club-abc.fr\/index.php\/wp-json\/wp\/v2\/users\/1"}],"replies":[{"embeddable":true,"href":"https:\/\/club-abc.fr\/index.php\/wp-json\/wp\/v2\/comments?post=1714"}],"version-history":[{"count":0,"href":"https:\/\/club-abc.fr\/index.php\/wp-json\/wp\/v2\/pages\/1714\/revisions"}],"wp:attachment":[{"href":"https:\/\/club-abc.fr\/index.php\/wp-json\/wp\/v2\/media?parent=1714"}],"curies":[{"name":"wp","href":"https:\/\/api.w.org\/{rel}","templated":true}]}}