{"id":1694,"date":"2023-05-13T17:43:44","date_gmt":"2023-05-13T15:43:44","guid":{"rendered":"https:\/\/club-abc.fr\/?page_id=1694"},"modified":"2026-04-25T16:14:10","modified_gmt":"2026-04-25T14:14:10","slug":"encadrement-cartonnage","status":"publish","type":"page","link":"https:\/\/club-abc.fr\/index.php\/encadrement-cartonnage\/","title":{"rendered":"Cartonnage -Encadrement"},"content":{"rendered":"\n<div class=\"wp-block-uagb-container uagb-block-a376201a alignfull uagb-is-root-container\"><div class=\"uagb-container-inner-blocks-wrap\">\n<div class=\"wp-block-uagb-container uagb-block-0916ba54\">\n<div class=\"wp-block-uagb-image uagb-block-41bf3fda wp-block-uagb-image--layout-default wp-block-uagb-image--effect-static wp-block-uagb-image--align-none\"><figure class=\"wp-block-uagb-image__figure\"><img loading=\"lazy\" decoding=\"async\" srcset=\"https:\/\/club-abc.fr\/wp-content\/uploads\/2026\/04\/cartonnage-encadrement.png ,https:\/\/club-abc.fr\/wp-content\/uploads\/2026\/04\/cartonnage-encadrement.png 780w, https:\/\/club-abc.fr\/wp-content\/uploads\/2026\/04\/cartonnage-encadrement.png 360w\" sizes=\"auto, (max-width: 480px) 150px\" src=\"https:\/\/club-abc.fr\/wp-content\/uploads\/2026\/04\/cartonnage-encadrement.png\" alt=\"\" class=\"uag-image-10445\" width=\"1800\" height=\"1350\" title=\"cartonnage encadrement\" loading=\"lazy\" role=\"img\"\/><\/figure><\/div>\n\n\n\n<div class=\"wp-block-uagb-advanced-heading uagb-block-8d4be06f\"><\/div>\n\n\n\n<div class=\"wp-block-uagb-buttons uagb-buttons__outer-wrap uagb-btn__default-btn uagb-btn-tablet__default-btn uagb-btn-mobile__default-btn uagb-block-488c228b\"><div class=\"uagb-buttons__wrap uagb-buttons-layout-wrap \">\n<div class=\"wp-block-uagb-buttons-child uagb-buttons__outer-wrap uagb-block-efebd4f5 wp-block-button\"><div class=\"uagb-button__wrapper\"><a class=\"uagb-buttons-repeater wp-block-button__link\" aria-label=\"\" href=\"https:\/\/club-abc.monclub.app\/app?selectedMembership=6810b119daec5ed30b4e0621&amp;step=1&amp;selectedSlots=&amp;waitingSlots=&amp;childSubscription=false\" rel=\"follow noopener\" target=\"_blank\" role=\"button\"><div class=\"uagb-button__link\">Je m&rsquo;inscris<\/div><\/a><\/div><\/div>\n<\/div><\/div>\n<\/div>\n\n\n\n<div class=\"wp-block-uagb-container uagb-block-146dd3d1\">\n<h1 class=\"wp-block-heading has-text-color has-x-large-font-size\" style=\"color:#004aad;font-style:normal;font-weight:600;letter-spacing:1px\"> Cartonnage-Encadrement<\/h1>\n\n\n\n<div class=\"wp-block-uagb-advanced-heading uagb-block-52758b42\"><p class=\"uagb-heading-text\">Pascale Chalhoub<\/p><p class=\"uagb-desc-text\">Cr\u00e9ez \u00e0 partir d\u2019une feuille de carton, des coffrets \u00e0 bijoux, des boites \u00e0 couture, des tiroirs, des plateaux, des sacs \u00e0 main et plus encore.<br>Si vous le souhaitez dans le m\u00eame atelier mettez vos objets ou vos tableaux en valeur avec la technique de l\u2019encadrement.<br><br><\/p><\/div>\n<\/div>\n<\/div><\/div>\n\n\n\n<p class=\"has-text-align-center\" style=\"font-size:16px\">Cours toutes les 2 semaines  <br>D\u00e9but des cours le 21 septembre 2026 pour le groupe 1 et le 28 septembre pour le groupe 2<\/p>\n\n\n\n<div class=\"wp-block-columns alignwide is-layout-flex wp-container-core-columns-is-layout-829b1d53 wp-block-columns-is-layout-flex\" style=\"margin-bottom:0\">\n<div class=\"wp-block-column has-white-background-color has-text-color has-background has-link-color wp-elements-387709f02b3f1a82a24d45f696be8b74 is-layout-flow wp-block-column-is-layout-flow\" style=\"color:#000000;padding-top:2em;padding-right:2em;padding-bottom:2em;padding-left:2em\">\n<h2 class=\"wp-block-heading has-text-align-center\" id=\"family\" style=\"font-size:30px;font-style:normal;font-weight:400\">Lundi<\/h2>\n\n\n\n<p class=\"has-text-align-center has-normal-font-size\" style=\"line-height:1.5\">13h30 \u00e0 18h30<\/p>\n<\/div>\n\n\n\n<div class=\"wp-block-column has-white-background-color has-text-color has-background has-link-color wp-elements-a824f4c89cb0f2aede9f3474afa6baa7 is-layout-flow wp-block-column-is-layout-flow\" style=\"color:#000000;padding-top:2em;padding-right:2em;padding-bottom:2em;padding-left:2em\">\n<h2 class=\"wp-block-heading has-text-align-center\" id=\"family\" style=\"font-size:30px;font-style:normal;font-weight:400\">Tarif de base<\/h2>\n\n\n\n<div class=\"wp-block-buttons is-content-justification-center is-layout-flex wp-container-core-buttons-is-layout-16018d1d wp-block-buttons-is-layout-flex\">\n<div class=\"wp-block-button\"><a class=\"wp-block-button__link has-white-color has-text-color has-background wp-element-button\" style=\"background-color:#004aad\">325 \u20ac<\/a><\/div>\n<\/div>\n<\/div>\n\n\n\n<div class=\"wp-block-column has-white-background-color has-text-color has-background has-link-color wp-elements-2bd7291c7d52e58b36dc0ea66fec9ff2 is-layout-flow wp-block-column-is-layout-flow\" style=\"color:#000000;padding-top:2em;padding-right:2em;padding-bottom:2em;padding-left:2em\">\n<h2 class=\"wp-block-heading has-text-align-center\" id=\"family\" style=\"font-size:30px;font-style:normal;font-weight:400\">Tarif VLB<\/h2>\n\n\n\n<div class=\"wp-block-buttons is-content-justification-center is-layout-flex wp-container-core-buttons-is-layout-16018d1d wp-block-buttons-is-layout-flex\">\n<div class=\"wp-block-button\"><a class=\"wp-block-button__link has-white-color has-text-color has-background wp-element-button\" style=\"background-color:#004aad\">295 \u20ac<\/a><\/div>\n<\/div>\n<\/div>\n<\/div>\n\n\n\n<div class=\"wp-block-uagb-container uagb-block-6faa5b7f alignfull uagb-is-root-container\"><div class=\"uagb-container-inner-blocks-wrap\">\n<div class=\"wp-block-uagb-container uagb-block-07db7ba4\">\n<p class=\"has-text-align-right has-normal-font-size\" style=\"line-height:1.5\">Adh\u00e9sion annuelle au club ABC en sus<\/p>\n<\/div>\n\n\n\n<div class=\"wp-block-uagb-container uagb-block-81c15bab\">\n<div class=\"wp-block-uagb-container uagb-block-66b5282e\">\n<div class=\"wp-block-buttons is-content-justification-center is-layout-flex wp-container-core-buttons-is-layout-8057eaf3 wp-block-buttons-is-layout-flex\">\n<div class=\"wp-block-button\"><a class=\"wp-block-button__link has-white-color has-text-color has-background has-custom-font-size wp-element-button\" style=\"background-color:#084aad;font-size:16px\">32 \u20ac<\/a><\/div>\n<\/div>\n<\/div>\n<\/div>\n<\/div><\/div>\n\n\n\n<div class=\"wp-block-uagb-info-box uagb-block-f9ae847e uagb-infobox__content-wrap  uagb-infobox-icon-above-title uagb-infobox-image-valign-top\"><div class=\"uagb-ifb-content\"><div class=\"uagb-ifb-title-wrap\"><h3 class=\"uagb-ifb-title\">Lieu<\/h3><\/div><p class=\"uagb-ifb-desc\">Le Relais &#8211; 64 rue d&rsquo;Estienne d&rsquo;Orves &#8211; 91370 Verri\u00e8res le Buisson<\/p><div class=\"uagb-ifb-button-wrapper wp-block-button\"><a href=\"#\" target=\"_self\" onclick=\"return false;\" class=\"uagb-infobox-cta-link\" rel=\"noopener noreferrer\"><span class=\"uagb-inline-editing\"><\/span><svg xmlns=\"https:\/\/www.w3.org\/2000\/svg\" viewBox=\"0 0 512 512\"><path d=\"M504.3 273.6l-112.1 104c-6.992 6.484-17.18 8.218-25.94 4.406c-8.758-3.812-14.42-12.45-14.42-21.1L351.9 288H32C14.33 288 .0002 273.7 .0002 255.1S14.33 224 32 224h319.9l0-72c0-9.547 5.66-18.19 14.42-22c8.754-3.809 18.95-2.075 25.94 4.41l112.1 104C514.6 247.9 514.6 264.1 504.3 273.6z\"><\/path><\/svg><\/a><\/div><\/div><\/div>\n\n\n\n<div class=\"wp-block-uagb-container uagb-block-7df32578 alignfull uagb-is-root-container\"><div class=\"uagb-container-inner-blocks-wrap\">\n<figure class=\"wp-block-gallery has-nested-images columns-default is-cropped wp-block-gallery-1 is-layout-flex wp-block-gallery-is-layout-flex\">\n<figure class=\"wp-block-image size-large\"><img fetchpriority=\"high\" decoding=\"async\" width=\"1024\" height=\"913\" data-id=\"2168\" src=\"https:\/\/club-abc.fr\/wp-content\/uploads\/2023\/05\/25-1-Artisanat-Encadrement-galerie-1024x913.jpeg\" alt=\"\" class=\"wp-image-2168\" srcset=\"https:\/\/club-abc.fr\/wp-content\/uploads\/2023\/05\/25-1-Artisanat-Encadrement-galerie-1024x913.jpeg 1024w, https:\/\/club-abc.fr\/wp-content\/uploads\/2023\/05\/25-1-Artisanat-Encadrement-galerie-300x268.jpeg 300w, https:\/\/club-abc.fr\/wp-content\/uploads\/2023\/05\/25-1-Artisanat-Encadrement-galerie-768x685.jpeg 768w, https:\/\/club-abc.fr\/wp-content\/uploads\/2023\/05\/25-1-Artisanat-Encadrement-galerie.jpeg 1175w\" sizes=\"(max-width: 1024px) 100vw, 1024px\" \/><\/figure>\n\n\n\n<figure class=\"wp-block-image size-large\"><img decoding=\"async\" width=\"1024\" height=\"770\" data-id=\"2169\" src=\"https:\/\/club-abc.fr\/wp-content\/uploads\/2023\/05\/25-2-Artisanat-Encadrement-galerie-1024x770.jpeg\" alt=\"\" class=\"wp-image-2169\" srcset=\"https:\/\/club-abc.fr\/wp-content\/uploads\/2023\/05\/25-2-Artisanat-Encadrement-galerie-1024x770.jpeg 1024w, https:\/\/club-abc.fr\/wp-content\/uploads\/2023\/05\/25-2-Artisanat-Encadrement-galerie-300x226.jpeg 300w, https:\/\/club-abc.fr\/wp-content\/uploads\/2023\/05\/25-2-Artisanat-Encadrement-galerie-768x577.jpeg 768w, https:\/\/club-abc.fr\/wp-content\/uploads\/2023\/05\/25-2-Artisanat-Encadrement-galerie.jpeg 1181w\" sizes=\"(max-width: 1024px) 100vw, 1024px\" \/><\/figure>\n\n\n\n<figure class=\"wp-block-image size-large\"><img decoding=\"async\" width=\"766\" height=\"1024\" data-id=\"2170\" src=\"https:\/\/club-abc.fr\/wp-content\/uploads\/2023\/05\/25-3-Artisanat-Encadrement-galerie-766x1024.jpeg\" alt=\"\" class=\"wp-image-2170\" srcset=\"https:\/\/club-abc.fr\/wp-content\/uploads\/2023\/05\/25-3-Artisanat-Encadrement-galerie-766x1024.jpeg 766w, https:\/\/club-abc.fr\/wp-content\/uploads\/2023\/05\/25-3-Artisanat-Encadrement-galerie-224x300.jpeg 224w, https:\/\/club-abc.fr\/wp-content\/uploads\/2023\/05\/25-3-Artisanat-Encadrement-galerie-768x1027.jpeg 768w, https:\/\/club-abc.fr\/wp-content\/uploads\/2023\/05\/25-3-Artisanat-Encadrement-galerie.jpeg 1147w\" sizes=\"(max-width: 766px) 100vw, 766px\" \/><\/figure>\n\n\n\n<figure class=\"wp-block-image size-large\"><img loading=\"lazy\" decoding=\"async\" width=\"765\" height=\"1024\" data-id=\"2171\" src=\"https:\/\/club-abc.fr\/wp-content\/uploads\/2023\/05\/25-4-Artisanant-Encadrement-galerie-765x1024.jpeg\" alt=\"\" class=\"wp-image-2171\" srcset=\"https:\/\/club-abc.fr\/wp-content\/uploads\/2023\/05\/25-4-Artisanant-Encadrement-galerie-765x1024.jpeg 765w, https:\/\/club-abc.fr\/wp-content\/uploads\/2023\/05\/25-4-Artisanant-Encadrement-galerie-224x300.jpeg 224w, https:\/\/club-abc.fr\/wp-content\/uploads\/2023\/05\/25-4-Artisanant-Encadrement-galerie-768x1028.jpeg 768w, https:\/\/club-abc.fr\/wp-content\/uploads\/2023\/05\/25-4-Artisanant-Encadrement-galerie-1148x1536.jpeg 1148w, https:\/\/club-abc.fr\/wp-content\/uploads\/2023\/05\/25-4-Artisanant-Encadrement-galerie.jpeg 1154w\" sizes=\"(max-width: 765px) 100vw, 765px\" \/><\/figure>\n<\/figure>\n<\/div><\/div>\n\n\n\n<p><\/p>\n","protected":false},"excerpt":{"rendered":"<p>Cartonnage-Encadrement Pascale Chalhoub Cr\u00e9ez \u00e0 partir d\u2019une feuille de carton, des coffrets \u00e0 bijoux, des boites \u00e0 couture, des tiroirs, des plateaux, des sacs \u00e0 main et plus encore.Si vous le souhaitez dans le m\u00eame atelier mettez vos objets ou vos tableaux en valeur avec la technique de l\u2019encadrement. Cours toutes les 2 semaines D\u00e9but [&hellip;]<\/p>\n","protected":false},"author":1,"featured_media":2168,"parent":0,"menu_order":0,"comment_status":"closed","ping_status":"closed","template":"","meta":{"_uag_custom_page_level_css":"","footnotes":""},"class_list":["post-1694","page","type-page","status-publish","has-post-thumbnail","hentry","entry","has-media"],"yoast_head":"<!-- This site is optimized with the Yoast SEO plugin v27.5 - https:\/\/yoast.com\/product\/yoast-seo-wordpress\/ -->\n<title>Cartonnage -Encadrement - Club ABC<\/title>\n<meta name=\"robots\" content=\"index, follow, max-snippet:-1, max-image-preview:large, max-video-preview:-1\" \/>\n<link rel=\"canonical\" href=\"https:\/\/club-abc.fr\/index.php\/encadrement-cartonnage\/\" \/>\n<meta property=\"og:locale\" content=\"fr_FR\" \/>\n<meta property=\"og:type\" content=\"article\" \/>\n<meta property=\"og:title\" content=\"Cartonnage -Encadrement - Club ABC\" \/>\n<meta property=\"og:description\" content=\"Cartonnage-Encadrement Pascale Chalhoub Cr\u00e9ez \u00e0 partir d\u2019une feuille de carton, des coffrets \u00e0 bijoux, des boites \u00e0 couture, des tiroirs, des plateaux, des sacs \u00e0 main et plus encore.Si vous le souhaitez dans le m\u00eame atelier mettez vos objets ou vos tableaux en valeur avec la technique de l\u2019encadrement. Cours toutes les 2 semaines D\u00e9but [&hellip;]\" \/>\n<meta property=\"og:url\" content=\"https:\/\/club-abc.fr\/index.php\/encadrement-cartonnage\/\" \/>\n<meta property=\"og:site_name\" content=\"Club ABC\" \/>\n<meta property=\"article:modified_time\" content=\"2026-04-25T14:14:10+00:00\" \/>\n<meta property=\"og:image\" content=\"https:\/\/club-abc.fr\/wp-content\/uploads\/2023\/05\/25-1-Artisanat-Encadrement-galerie.jpeg\" \/>\n\t<meta property=\"og:image:width\" content=\"1175\" \/>\n\t<meta property=\"og:image:height\" content=\"1048\" \/>\n\t<meta property=\"og:image:type\" content=\"image\/jpeg\" \/>\n<meta name=\"twitter:card\" content=\"summary_large_image\" \/>\n<meta name=\"twitter:label1\" content=\"Dur\u00e9e de lecture estim\u00e9e\" \/>\n\t<meta name=\"twitter:data1\" content=\"2 minutes\" \/>\n<script type=\"application\/ld+json\" class=\"yoast-schema-graph\">{\"@context\":\"https:\\\/\\\/schema.org\",\"@graph\":[{\"@type\":\"WebPage\",\"@id\":\"https:\\\/\\\/club-abc.fr\\\/index.php\\\/encadrement-cartonnage\\\/\",\"url\":\"https:\\\/\\\/club-abc.fr\\\/index.php\\\/encadrement-cartonnage\\\/\",\"name\":\"Cartonnage -Encadrement - Club ABC\",\"isPartOf\":{\"@id\":\"https:\\\/\\\/club-abc.fr\\\/#website\"},\"primaryImageOfPage\":{\"@id\":\"https:\\\/\\\/club-abc.fr\\\/index.php\\\/encadrement-cartonnage\\\/#primaryimage\"},\"image\":{\"@id\":\"https:\\\/\\\/club-abc.fr\\\/index.php\\\/encadrement-cartonnage\\\/#primaryimage\"},\"thumbnailUrl\":\"https:\\\/\\\/club-abc.fr\\\/wp-content\\\/uploads\\\/2023\\\/05\\\/25-1-Artisanat-Encadrement-galerie.jpeg\",\"datePublished\":\"2023-05-13T15:43:44+00:00\",\"dateModified\":\"2026-04-25T14:14:10+00:00\",\"breadcrumb\":{\"@id\":\"https:\\\/\\\/club-abc.fr\\\/index.php\\\/encadrement-cartonnage\\\/#breadcrumb\"},\"inLanguage\":\"fr-FR\",\"potentialAction\":[{\"@type\":\"ReadAction\",\"target\":[\"https:\\\/\\\/club-abc.fr\\\/index.php\\\/encadrement-cartonnage\\\/\"]}]},{\"@type\":\"ImageObject\",\"inLanguage\":\"fr-FR\",\"@id\":\"https:\\\/\\\/club-abc.fr\\\/index.php\\\/encadrement-cartonnage\\\/#primaryimage\",\"url\":\"https:\\\/\\\/club-abc.fr\\\/wp-content\\\/uploads\\\/2023\\\/05\\\/25-1-Artisanat-Encadrement-galerie.jpeg\",\"contentUrl\":\"https:\\\/\\\/club-abc.fr\\\/wp-content\\\/uploads\\\/2023\\\/05\\\/25-1-Artisanat-Encadrement-galerie.jpeg\",\"width\":1175,\"height\":1048},{\"@type\":\"BreadcrumbList\",\"@id\":\"https:\\\/\\\/club-abc.fr\\\/index.php\\\/encadrement-cartonnage\\\/#breadcrumb\",\"itemListElement\":[{\"@type\":\"ListItem\",\"position\":1,\"name\":\"Accueil\",\"item\":\"https:\\\/\\\/club-abc.fr\\\/\"},{\"@type\":\"ListItem\",\"position\":2,\"name\":\"Cartonnage -Encadrement\"}]},{\"@type\":\"WebSite\",\"@id\":\"https:\\\/\\\/club-abc.fr\\\/#website\",\"url\":\"https:\\\/\\\/club-abc.fr\\\/\",\"name\":\"Club ABC\",\"description\":\"Le club de vos loisirs\",\"publisher\":{\"@id\":\"https:\\\/\\\/club-abc.fr\\\/#organization\"},\"potentialAction\":[{\"@type\":\"SearchAction\",\"target\":{\"@type\":\"EntryPoint\",\"urlTemplate\":\"https:\\\/\\\/club-abc.fr\\\/?s={search_term_string}\"},\"query-input\":{\"@type\":\"PropertyValueSpecification\",\"valueRequired\":true,\"valueName\":\"search_term_string\"}}],\"inLanguage\":\"fr-FR\"},{\"@type\":\"Organization\",\"@id\":\"https:\\\/\\\/club-abc.fr\\\/#organization\",\"name\":\"Club ABC\",\"url\":\"https:\\\/\\\/club-abc.fr\\\/\",\"logo\":{\"@type\":\"ImageObject\",\"inLanguage\":\"fr-FR\",\"@id\":\"https:\\\/\\\/club-abc.fr\\\/#\\\/schema\\\/logo\\\/image\\\/\",\"url\":\"https:\\\/\\\/club-abc.fr\\\/wp-content\\\/uploads\\\/2023\\\/05\\\/cropped-Logo_Club-ABC.png\",\"contentUrl\":\"https:\\\/\\\/club-abc.fr\\\/wp-content\\\/uploads\\\/2023\\\/05\\\/cropped-Logo_Club-ABC.png\",\"width\":5100,\"height\":1658,\"caption\":\"Club ABC\"},\"image\":{\"@id\":\"https:\\\/\\\/club-abc.fr\\\/#\\\/schema\\\/logo\\\/image\\\/\"}}]}<\/script>\n<!-- \/ Yoast SEO plugin. -->","yoast_head_json":{"title":"Cartonnage -Encadrement - Club ABC","robots":{"index":"index","follow":"follow","max-snippet":"max-snippet:-1","max-image-preview":"max-image-preview:large","max-video-preview":"max-video-preview:-1"},"canonical":"https:\/\/club-abc.fr\/index.php\/encadrement-cartonnage\/","og_locale":"fr_FR","og_type":"article","og_title":"Cartonnage -Encadrement - Club ABC","og_description":"Cartonnage-Encadrement Pascale Chalhoub Cr\u00e9ez \u00e0 partir d\u2019une feuille de carton, des coffrets \u00e0 bijoux, des boites \u00e0 couture, des tiroirs, des plateaux, des sacs \u00e0 main et plus encore.Si vous le souhaitez dans le m\u00eame atelier mettez vos objets ou vos tableaux en valeur avec la technique de l\u2019encadrement. Cours toutes les 2 semaines D\u00e9but [&hellip;]","og_url":"https:\/\/club-abc.fr\/index.php\/encadrement-cartonnage\/","og_site_name":"Club ABC","article_modified_time":"2026-04-25T14:14:10+00:00","og_image":[{"width":1175,"height":1048,"url":"https:\/\/club-abc.fr\/wp-content\/uploads\/2023\/05\/25-1-Artisanat-Encadrement-galerie.jpeg","type":"image\/jpeg"}],"twitter_card":"summary_large_image","twitter_misc":{"Dur\u00e9e de lecture estim\u00e9e":"2 minutes"},"schema":{"@context":"https:\/\/schema.org","@graph":[{"@type":"WebPage","@id":"https:\/\/club-abc.fr\/index.php\/encadrement-cartonnage\/","url":"https:\/\/club-abc.fr\/index.php\/encadrement-cartonnage\/","name":"Cartonnage -Encadrement - Club ABC","isPartOf":{"@id":"https:\/\/club-abc.fr\/#website"},"primaryImageOfPage":{"@id":"https:\/\/club-abc.fr\/index.php\/encadrement-cartonnage\/#primaryimage"},"image":{"@id":"https:\/\/club-abc.fr\/index.php\/encadrement-cartonnage\/#primaryimage"},"thumbnailUrl":"https:\/\/club-abc.fr\/wp-content\/uploads\/2023\/05\/25-1-Artisanat-Encadrement-galerie.jpeg","datePublished":"2023-05-13T15:43:44+00:00","dateModified":"2026-04-25T14:14:10+00:00","breadcrumb":{"@id":"https:\/\/club-abc.fr\/index.php\/encadrement-cartonnage\/#breadcrumb"},"inLanguage":"fr-FR","potentialAction":[{"@type":"ReadAction","target":["https:\/\/club-abc.fr\/index.php\/encadrement-cartonnage\/"]}]},{"@type":"ImageObject","inLanguage":"fr-FR","@id":"https:\/\/club-abc.fr\/index.php\/encadrement-cartonnage\/#primaryimage","url":"https:\/\/club-abc.fr\/wp-content\/uploads\/2023\/05\/25-1-Artisanat-Encadrement-galerie.jpeg","contentUrl":"https:\/\/club-abc.fr\/wp-content\/uploads\/2023\/05\/25-1-Artisanat-Encadrement-galerie.jpeg","width":1175,"height":1048},{"@type":"BreadcrumbList","@id":"https:\/\/club-abc.fr\/index.php\/encadrement-cartonnage\/#breadcrumb","itemListElement":[{"@type":"ListItem","position":1,"name":"Accueil","item":"https:\/\/club-abc.fr\/"},{"@type":"ListItem","position":2,"name":"Cartonnage -Encadrement"}]},{"@type":"WebSite","@id":"https:\/\/club-abc.fr\/#website","url":"https:\/\/club-abc.fr\/","name":"Club ABC","description":"Le club de vos loisirs","publisher":{"@id":"https:\/\/club-abc.fr\/#organization"},"potentialAction":[{"@type":"SearchAction","target":{"@type":"EntryPoint","urlTemplate":"https:\/\/club-abc.fr\/?s={search_term_string}"},"query-input":{"@type":"PropertyValueSpecification","valueRequired":true,"valueName":"search_term_string"}}],"inLanguage":"fr-FR"},{"@type":"Organization","@id":"https:\/\/club-abc.fr\/#organization","name":"Club ABC","url":"https:\/\/club-abc.fr\/","logo":{"@type":"ImageObject","inLanguage":"fr-FR","@id":"https:\/\/club-abc.fr\/#\/schema\/logo\/image\/","url":"https:\/\/club-abc.fr\/wp-content\/uploads\/2023\/05\/cropped-Logo_Club-ABC.png","contentUrl":"https:\/\/club-abc.fr\/wp-content\/uploads\/2023\/05\/cropped-Logo_Club-ABC.png","width":5100,"height":1658,"caption":"Club ABC"},"image":{"@id":"https:\/\/club-abc.fr\/#\/schema\/logo\/image\/"}}]}},"featured_image_src":"https:\/\/club-abc.fr\/wp-content\/uploads\/2023\/05\/25-1-Artisanat-Encadrement-galerie-600x400.jpeg","featured_image_src_square":"https:\/\/club-abc.fr\/wp-content\/uploads\/2023\/05\/25-1-Artisanat-Encadrement-galerie-600x600.jpeg","uagb_featured_image_src":{"full":["https:\/\/club-abc.fr\/wp-content\/uploads\/2023\/05\/25-1-Artisanat-Encadrement-galerie.jpeg",1175,1048,false],"thumbnail":["https:\/\/club-abc.fr\/wp-content\/uploads\/2023\/05\/25-1-Artisanat-Encadrement-galerie-150x150.jpeg",150,150,true],"medium":["https:\/\/club-abc.fr\/wp-content\/uploads\/2023\/05\/25-1-Artisanat-Encadrement-galerie-300x268.jpeg",300,268,true],"medium_large":["https:\/\/club-abc.fr\/wp-content\/uploads\/2023\/05\/25-1-Artisanat-Encadrement-galerie-768x685.jpeg",768,685,true],"large":["https:\/\/club-abc.fr\/wp-content\/uploads\/2023\/05\/25-1-Artisanat-Encadrement-galerie-1024x913.jpeg",1024,913,true],"1536x1536":["https:\/\/club-abc.fr\/wp-content\/uploads\/2023\/05\/25-1-Artisanat-Encadrement-galerie.jpeg",1175,1048,false],"2048x2048":["https:\/\/club-abc.fr\/wp-content\/uploads\/2023\/05\/25-1-Artisanat-Encadrement-galerie.jpeg",1175,1048,false],"ocean-thumb-m":["https:\/\/club-abc.fr\/wp-content\/uploads\/2023\/05\/25-1-Artisanat-Encadrement-galerie-600x600.jpeg",600,600,true],"ocean-thumb-ml":["https:\/\/club-abc.fr\/wp-content\/uploads\/2023\/05\/25-1-Artisanat-Encadrement-galerie-800x450.jpeg",800,450,true],"ocean-thumb-l":["https:\/\/club-abc.fr\/wp-content\/uploads\/2023\/05\/25-1-Artisanat-Encadrement-galerie-1175x700.jpeg",1175,700,true],"ab-block-post-grid-landscape":["https:\/\/club-abc.fr\/wp-content\/uploads\/2023\/05\/25-1-Artisanat-Encadrement-galerie-600x400.jpeg",600,400,true],"ab-block-post-grid-square":["https:\/\/club-abc.fr\/wp-content\/uploads\/2023\/05\/25-1-Artisanat-Encadrement-galerie-600x600.jpeg",600,600,true]},"uagb_author_info":{"display_name":"admin6119","author_link":"https:\/\/club-abc.fr\/index.php\/author\/admin6119\/"},"uagb_comment_info":0,"uagb_excerpt":"Cartonnage-Encadrement Pascale Chalhoub Cr\u00e9ez \u00e0 partir d\u2019une feuille de carton, des coffrets \u00e0 bijoux, des boites \u00e0 couture, des tiroirs, des plateaux, des sacs \u00e0 main et plus encore.Si vous le souhaitez dans le m\u00eame atelier mettez vos objets ou vos tableaux en valeur avec la technique de l\u2019encadrement. Cours toutes les 2 semaines D\u00e9but\u2026","jetpack_sharing_enabled":true,"_links":{"self":[{"href":"https:\/\/club-abc.fr\/index.php\/wp-json\/wp\/v2\/pages\/1694","targetHints":{"allow":["GET"]}}],"collection":[{"href":"https:\/\/club-abc.fr\/index.php\/wp-json\/wp\/v2\/pages"}],"about":[{"href":"https:\/\/club-abc.fr\/index.php\/wp-json\/wp\/v2\/types\/page"}],"author":[{"embeddable":true,"href":"https:\/\/club-abc.fr\/index.php\/wp-json\/wp\/v2\/users\/1"}],"replies":[{"embeddable":true,"href":"https:\/\/club-abc.fr\/index.php\/wp-json\/wp\/v2\/comments?post=1694"}],"version-history":[{"count":0,"href":"https:\/\/club-abc.fr\/index.php\/wp-json\/wp\/v2\/pages\/1694\/revisions"}],"wp:featuredmedia":[{"embeddable":true,"href":"https:\/\/club-abc.fr\/index.php\/wp-json\/wp\/v2\/media\/2168"}],"wp:attachment":[{"href":"https:\/\/club-abc.fr\/index.php\/wp-json\/wp\/v2\/media?parent=1694"}],"curies":[{"name":"wp","href":"https:\/\/api.w.org\/{rel}","templated":true}]}}