{"id":1692,"date":"2023-05-13T17:43:20","date_gmt":"2023-05-13T15:43:20","guid":{"rendered":"https:\/\/club-abc.fr\/?page_id=1692"},"modified":"2026-04-26T15:11:19","modified_gmt":"2026-04-26T13:11:19","slug":"3d-fab","status":"publish","type":"page","link":"https:\/\/club-abc.fr\/index.php\/3d-fab\/","title":{"rendered":"3D FAB"},"content":{"rendered":"\n<div class=\"wp-block-uagb-container uagb-block-8d7738ff alignfull uagb-is-root-container\"><div class=\"uagb-container-inner-blocks-wrap\">\n<div class=\"wp-block-uagb-container uagb-block-d4f32f01\">\n<div class=\"wp-block-uagb-image uagb-block-d31f931b wp-block-uagb-image--layout-default wp-block-uagb-image--effect-static wp-block-uagb-image--align-none\"><figure class=\"wp-block-uagb-image__figure\"><img loading=\"lazy\" decoding=\"async\" srcset=\"https:\/\/club-abc.fr\/wp-content\/uploads\/2023\/05\/34-Artisanat-3D-FAB-1024x768.jpg \" sizes=\"auto, (max-width: 480px) 150px\" src=\"https:\/\/club-abc.fr\/wp-content\/uploads\/2023\/05\/34-Artisanat-3D-FAB-1024x768.jpg\" alt=\"\" class=\"uag-image-1857\" width=\"353\" height=\"252\" title=\"\" loading=\"lazy\" role=\"img\"\/><\/figure><\/div>\n\n\n\n<div class=\"wp-block-uagb-advanced-heading uagb-block-31ecad4d\"><\/div>\n\n\n\n<div class=\"wp-block-uagb-buttons uagb-buttons__outer-wrap uagb-btn__default-btn uagb-btn-tablet__default-btn uagb-btn-mobile__default-btn uagb-block-768f5a7b\"><div class=\"uagb-buttons__wrap uagb-buttons-layout-wrap \">\n<div class=\"wp-block-uagb-buttons-child uagb-buttons__outer-wrap uagb-block-604048f0 wp-block-button\" id=\"https:\/\/club-abc.monclub.app\/app\/655729d7d406640685147aad?selectedMembership=69ce3173280d24cd458872f6&amp;step=1&amp;selectedSlots=69c649a88016d510c4bff0cb%2C69c64c6efb1dc6b70f772145&amp;waitingSlots=&amp;childSubscription=false\"><div class=\"uagb-button__wrapper\"><a class=\"uagb-buttons-repeater wp-block-button__link\" aria-label=\"\" href=\"https:\/\/club-abc.monclub.app\/app\/655729d7d406640685147aad?selectedMembership=69ce3173280d24cd458872f6&amp;step=1&amp;selectedSlots=69c649a88016d510c4bff0cb%2C69c64c6efb1dc6b70f772145&amp;waitingSlots=&amp;childSubscription=false\" rel=\"follow noopener\" target=\"_blank\" role=\"button\"><div class=\"uagb-button__link\">Je m&rsquo;inscris<\/div><\/a><\/div><\/div>\n<\/div><\/div>\n<\/div>\n\n\n\n<div class=\"wp-block-uagb-container uagb-block-f985b7c4\">\n<h1 class=\"wp-block-heading has-text-color has-x-large-font-size\" style=\"color:#004aad;font-style:normal;font-weight:600;letter-spacing:1px\">3D FAB<\/h1>\n\n\n\n<h3 class=\"wp-block-heading has-text-align-left has-text-color\" style=\"color:#084aad;font-size:40px;font-style:normal;font-weight:200;text-transform:capitalize\">bernard Briet<\/h3>\n\n\n\n<p style=\"font-size:16px\">Venez concevoir et fabriquer votre objet unique assist\u00e9 de nos experts en utilisant nos logiciels et nos outillages dont du mat\u00e9riel d\u2019impression et de scanning 3D.<br> Si vous pr\u00e9f\u00e9rez un projet collectif, contribuez \u00e0 une nouvelle proth\u00e8se main-bras combinant conception3D, \u00e9lectronique et langage informatique ou \u00e0 d\u2019autres projets \u00e0 d\u00e9finir ensemble.<\/p>\n\n\n\n<p class=\"has-text-color has-link-color wp-elements-1fc212fe2bcd4000f458125bedaa9833\" style=\"color:#084aaa\"><strong>Nouveau :<br>Projet de conception et de fabrication d&rsquo;un drone <\/strong><\/p>\n\n\n\n<p>Ouvert aux adultes et aux jeunes \u00e0 partir de 12 ans<\/p>\n<\/div>\n<\/div><\/div>\n\n\n\n<p class=\"has-text-align-center\">D\u00e9but des cours 23 septembre 2026<\/p>\n\n\n\n<div class=\"wp-block-columns alignwide are-vertically-aligned-top is-layout-flex wp-container-core-columns-is-layout-829b1d53 wp-block-columns-is-layout-flex\" style=\"margin-bottom:0\">\n<div class=\"wp-block-column is-vertically-aligned-top has-white-background-color has-text-color has-background has-link-color wp-elements-6b762eede54843d1e410934021fd1f57 is-layout-flow wp-block-column-is-layout-flow\" style=\"color:#000000;padding-top:2em;padding-right:2em;padding-bottom:2em;padding-left:2em\">\n<h2 class=\"wp-block-heading has-text-align-center\" id=\"family\" style=\"font-size:30px;font-style:normal;font-weight:400\">Mercredi<br>Samedi<\/h2>\n\n\n\n<p class=\"has-text-align-center\" style=\"font-size:14px;line-height:1.5\">9h30 \u00e0 12h<\/p>\n\n\n\n<p class=\"has-text-align-center\" style=\"font-size:12px;line-height:1.5\">une ou deux fois<br>par semaine<\/p>\n<\/div>\n\n\n\n<div class=\"wp-block-column is-vertically-aligned-top has-white-background-color has-text-color has-background has-link-color wp-elements-3440f94e1a557f81f7d2d7c1bbaaf7f9 is-layout-flow wp-block-column-is-layout-flow\" style=\"color:#000000;padding-top:2em;padding-right:2em;padding-bottom:2em;padding-left:2em\">\n<h2 class=\"wp-block-heading has-text-align-center\" id=\"family\" style=\"font-size:30px;font-style:normal;font-weight:400\">Tarif base<br><\/h2>\n\n\n\n<div class=\"wp-block-buttons is-content-justification-center is-layout-flex wp-container-core-buttons-is-layout-16018d1d wp-block-buttons-is-layout-flex\">\n<div class=\"wp-block-button\"><a class=\"wp-block-button__link has-white-color has-text-color has-background has-text-align-center has-custom-font-size wp-element-button\" style=\"background-color:#084aad;font-size:14px\">77 \u20ac<\/a><\/div>\n<\/div>\n<\/div>\n\n\n\n<div class=\"wp-block-column is-vertically-aligned-top has-white-background-color has-text-color has-background has-link-color wp-elements-30af6a143714e116bca227ca7cb03c0a is-layout-flow wp-block-column-is-layout-flow\" style=\"color:#000000;padding-top:2em;padding-right:2em;padding-bottom:2em;padding-left:2em\">\n<h2 class=\"wp-block-heading has-text-align-center\" id=\"family\" style=\"font-size:30px;font-style:normal;font-weight:400\">Tarif VLB<br><\/h2>\n\n\n\n<div class=\"wp-block-buttons is-content-justification-center is-layout-flex wp-container-core-buttons-is-layout-16018d1d wp-block-buttons-is-layout-flex\">\n<div class=\"wp-block-button\"><a class=\"wp-block-button__link has-white-color has-text-color has-background has-text-align-center has-custom-font-size wp-element-button\" style=\"background-color:#084aad;font-size:14px\">70 \u20ac<\/a><\/div>\n<\/div>\n<\/div>\n\n\n\n<div class=\"wp-block-column is-vertically-aligned-top has-white-background-color has-text-color has-background has-link-color wp-elements-e6fd0907bb55dbae6373ce29837aa4b7 is-layout-flow wp-block-column-is-layout-flow\" style=\"color:#000000;padding-top:2em;padding-right:2em;padding-bottom:2em;padding-left:2em\">\n<h2 class=\"wp-block-heading has-text-align-center\" id=\"family\" style=\"font-size:30px;font-style:normal;font-weight:400\">Tarif Jeune<br><\/h2>\n\n\n\n<div class=\"wp-block-buttons is-content-justification-center is-layout-flex wp-container-core-buttons-is-layout-16018d1d wp-block-buttons-is-layout-flex\">\n<div class=\"wp-block-button\"><a class=\"wp-block-button__link has-white-color has-text-color has-background has-text-align-center has-custom-font-size wp-element-button\" style=\"background-color:#084aad;font-size:14px\">35 \u20ac<\/a><\/div>\n<\/div>\n<\/div>\n<\/div>\n\n\n\n<div class=\"wp-block-uagb-container uagb-block-1bd11b4c alignfull uagb-is-root-container\"><div class=\"uagb-container-inner-blocks-wrap\">\n<div class=\"wp-block-uagb-container uagb-block-a58c5f0b\">\n<p class=\"has-text-align-right has-normal-font-size\" style=\"line-height:1.5\">Adh\u00e9sion annuelle au club ABC en sus (adulte\/jeune)<\/p>\n<\/div>\n\n\n\n<div class=\"wp-block-uagb-container uagb-block-c9d10522\">\n<div class=\"wp-block-uagb-container uagb-block-e94ee8d8\">\n<div class=\"wp-block-buttons is-content-justification-center is-layout-flex wp-container-core-buttons-is-layout-8057eaf3 wp-block-buttons-is-layout-flex\">\n<div class=\"wp-block-button\"><a class=\"wp-block-button__link has-white-color has-text-color has-background has-custom-font-size wp-element-button\" style=\"background-color:#084aad;font-size:14px\">32\u20ac \/ 16\u20ac<\/a><\/div>\n<\/div>\n<\/div>\n<\/div>\n<\/div><\/div>\n\n\n\n<div style=\"height:50px\" aria-hidden=\"true\" class=\"wp-block-spacer\"><\/div>\n\n\n\n<div class=\"wp-block-uagb-info-box uagb-block-3ae9137a uagb-infobox__content-wrap  uagb-infobox-icon-above-title uagb-infobox-image-valign-top\"><div class=\"uagb-ifb-content\"><div class=\"uagb-ifb-title-wrap\"><h3 class=\"uagb-ifb-title\">Lieu<\/h3><\/div><p class=\"uagb-ifb-desc\">Le Relais &#8211; 64 rue d&rsquo;Estienne d&rsquo;Orves &#8211; 91370 Verri\u00e8res le Buisson<\/p><div class=\"uagb-ifb-button-wrapper wp-block-button\"><a href=\"#\" target=\"_self\" onclick=\"return false;\" class=\"uagb-infobox-cta-link\" rel=\"noopener noreferrer\"><span class=\"uagb-inline-editing\"><\/span><svg xmlns=\"https:\/\/www.w3.org\/2000\/svg\" viewBox=\"0 0 512 512\"><path d=\"M504.3 273.6l-112.1 104c-6.992 6.484-17.18 8.218-25.94 4.406c-8.758-3.812-14.42-12.45-14.42-21.1L351.9 288H32C14.33 288 .0002 273.7 .0002 255.1S14.33 224 32 224h319.9l0-72c0-9.547 5.66-18.19 14.42-22c8.754-3.809 18.95-2.075 25.94 4.41l112.1 104C514.6 247.9 514.6 264.1 504.3 273.6z\"><\/path><\/svg><\/a><\/div><\/div><\/div>\n\n\n\n<div style=\"height:50px\" aria-hidden=\"true\" class=\"wp-block-spacer\"><\/div>\n\n\n\n<div style=\"height:50px\" aria-hidden=\"true\" class=\"wp-block-spacer\"><\/div>\n\n\n\n<figure class=\"wp-block-gallery has-nested-images columns-2 is-cropped wp-block-gallery-1 is-layout-flex wp-block-gallery-is-layout-flex\">\n<figure class=\"wp-block-image size-full\"><img fetchpriority=\"high\" decoding=\"async\" width=\"1239\" height=\"832\" data-id=\"2287\" src=\"https:\/\/club-abc.fr\/wp-content\/uploads\/2023\/05\/24N2-3D-FAB-Galerie.jpg\" alt=\"\" class=\"wp-image-2287\" srcset=\"https:\/\/club-abc.fr\/wp-content\/uploads\/2023\/05\/24N2-3D-FAB-Galerie.jpg 1239w, https:\/\/club-abc.fr\/wp-content\/uploads\/2023\/05\/24N2-3D-FAB-Galerie-300x201.jpg 300w, https:\/\/club-abc.fr\/wp-content\/uploads\/2023\/05\/24N2-3D-FAB-Galerie-1024x688.jpg 1024w, https:\/\/club-abc.fr\/wp-content\/uploads\/2023\/05\/24N2-3D-FAB-Galerie-768x516.jpg 768w\" sizes=\"(max-width: 1239px) 100vw, 1239px\" \/><\/figure>\n\n\n\n<figure class=\"wp-block-image size-full\"><img decoding=\"async\" width=\"1008\" height=\"1346\" data-id=\"2286\" src=\"https:\/\/club-abc.fr\/wp-content\/uploads\/2023\/05\/24N1-3D-FAB-Galerie.jpg\" alt=\"\" class=\"wp-image-2286\" srcset=\"https:\/\/club-abc.fr\/wp-content\/uploads\/2023\/05\/24N1-3D-FAB-Galerie.jpg 1008w, https:\/\/club-abc.fr\/wp-content\/uploads\/2023\/05\/24N1-3D-FAB-Galerie-225x300.jpg 225w, https:\/\/club-abc.fr\/wp-content\/uploads\/2023\/05\/24N1-3D-FAB-Galerie-767x1024.jpg 767w, https:\/\/club-abc.fr\/wp-content\/uploads\/2023\/05\/24N1-3D-FAB-Galerie-768x1026.jpg 768w\" sizes=\"(max-width: 1008px) 100vw, 1008px\" \/><\/figure>\n\n\n\n<figure class=\"wp-block-image size-full\"><img decoding=\"async\" width=\"1261\" height=\"864\" data-id=\"2288\" src=\"https:\/\/club-abc.fr\/wp-content\/uploads\/2023\/05\/24N3-3D-Fab-Galerie.jpg\" alt=\"\" class=\"wp-image-2288\" srcset=\"https:\/\/club-abc.fr\/wp-content\/uploads\/2023\/05\/24N3-3D-Fab-Galerie.jpg 1261w, https:\/\/club-abc.fr\/wp-content\/uploads\/2023\/05\/24N3-3D-Fab-Galerie-300x206.jpg 300w, https:\/\/club-abc.fr\/wp-content\/uploads\/2023\/05\/24N3-3D-Fab-Galerie-1024x702.jpg 1024w, https:\/\/club-abc.fr\/wp-content\/uploads\/2023\/05\/24N3-3D-Fab-Galerie-768x526.jpg 768w\" sizes=\"(max-width: 1261px) 100vw, 1261px\" \/><\/figure>\n<\/figure>\n\n\n\n<p><\/p>\n","protected":false},"excerpt":{"rendered":"<p>3D FAB bernard Briet Venez concevoir et fabriquer votre objet unique assist\u00e9 de nos experts en utilisant nos logiciels et nos outillages dont du mat\u00e9riel d\u2019impression et de scanning 3D. Si vous pr\u00e9f\u00e9rez un projet collectif, contribuez \u00e0 une nouvelle proth\u00e8se main-bras combinant conception3D, \u00e9lectronique et langage informatique ou \u00e0 d\u2019autres projets \u00e0 d\u00e9finir ensemble. [&hellip;]<\/p>\n","protected":false},"author":1,"featured_media":2288,"parent":0,"menu_order":0,"comment_status":"closed","ping_status":"closed","template":"","meta":{"_uag_custom_page_level_css":"","footnotes":""},"class_list":["post-1692","page","type-page","status-publish","has-post-thumbnail","hentry","entry","has-media"],"yoast_head":"<!-- This site is optimized with the Yoast SEO plugin v27.5 - https:\/\/yoast.com\/product\/yoast-seo-wordpress\/ -->\n<title>3D FAB - Club ABC<\/title>\n<meta name=\"robots\" content=\"index, follow, max-snippet:-1, max-image-preview:large, max-video-preview:-1\" \/>\n<link rel=\"canonical\" href=\"https:\/\/club-abc.fr\/index.php\/3d-fab\/\" \/>\n<meta property=\"og:locale\" content=\"fr_FR\" \/>\n<meta property=\"og:type\" content=\"article\" \/>\n<meta property=\"og:title\" content=\"3D FAB - Club ABC\" \/>\n<meta property=\"og:description\" content=\"3D FAB bernard Briet Venez concevoir et fabriquer votre objet unique assist\u00e9 de nos experts en utilisant nos logiciels et nos outillages dont du mat\u00e9riel d\u2019impression et de scanning 3D. Si vous pr\u00e9f\u00e9rez un projet collectif, contribuez \u00e0 une nouvelle proth\u00e8se main-bras combinant conception3D, \u00e9lectronique et langage informatique ou \u00e0 d\u2019autres projets \u00e0 d\u00e9finir ensemble. [&hellip;]\" \/>\n<meta property=\"og:url\" content=\"https:\/\/club-abc.fr\/index.php\/3d-fab\/\" \/>\n<meta property=\"og:site_name\" content=\"Club ABC\" \/>\n<meta property=\"article:modified_time\" content=\"2026-04-26T13:11:19+00:00\" \/>\n<meta property=\"og:image\" content=\"https:\/\/club-abc.fr\/wp-content\/uploads\/2023\/05\/24N3-3D-Fab-Galerie.jpg\" \/>\n\t<meta property=\"og:image:width\" content=\"1261\" \/>\n\t<meta property=\"og:image:height\" content=\"864\" \/>\n\t<meta property=\"og:image:type\" content=\"image\/jpeg\" \/>\n<meta name=\"twitter:card\" content=\"summary_large_image\" \/>\n<meta name=\"twitter:label1\" content=\"Dur\u00e9e de lecture estim\u00e9e\" \/>\n\t<meta name=\"twitter:data1\" content=\"2 minutes\" \/>\n<script type=\"application\/ld+json\" class=\"yoast-schema-graph\">{\"@context\":\"https:\\\/\\\/schema.org\",\"@graph\":[{\"@type\":\"WebPage\",\"@id\":\"https:\\\/\\\/club-abc.fr\\\/index.php\\\/3d-fab\\\/\",\"url\":\"https:\\\/\\\/club-abc.fr\\\/index.php\\\/3d-fab\\\/\",\"name\":\"3D FAB - Club ABC\",\"isPartOf\":{\"@id\":\"https:\\\/\\\/club-abc.fr\\\/#website\"},\"primaryImageOfPage\":{\"@id\":\"https:\\\/\\\/club-abc.fr\\\/index.php\\\/3d-fab\\\/#primaryimage\"},\"image\":{\"@id\":\"https:\\\/\\\/club-abc.fr\\\/index.php\\\/3d-fab\\\/#primaryimage\"},\"thumbnailUrl\":\"https:\\\/\\\/club-abc.fr\\\/wp-content\\\/uploads\\\/2023\\\/05\\\/24N3-3D-Fab-Galerie.jpg\",\"datePublished\":\"2023-05-13T15:43:20+00:00\",\"dateModified\":\"2026-04-26T13:11:19+00:00\",\"breadcrumb\":{\"@id\":\"https:\\\/\\\/club-abc.fr\\\/index.php\\\/3d-fab\\\/#breadcrumb\"},\"inLanguage\":\"fr-FR\",\"potentialAction\":[{\"@type\":\"ReadAction\",\"target\":[\"https:\\\/\\\/club-abc.fr\\\/index.php\\\/3d-fab\\\/\"]}]},{\"@type\":\"ImageObject\",\"inLanguage\":\"fr-FR\",\"@id\":\"https:\\\/\\\/club-abc.fr\\\/index.php\\\/3d-fab\\\/#primaryimage\",\"url\":\"https:\\\/\\\/club-abc.fr\\\/wp-content\\\/uploads\\\/2023\\\/05\\\/24N3-3D-Fab-Galerie.jpg\",\"contentUrl\":\"https:\\\/\\\/club-abc.fr\\\/wp-content\\\/uploads\\\/2023\\\/05\\\/24N3-3D-Fab-Galerie.jpg\",\"width\":1261,\"height\":864},{\"@type\":\"BreadcrumbList\",\"@id\":\"https:\\\/\\\/club-abc.fr\\\/index.php\\\/3d-fab\\\/#breadcrumb\",\"itemListElement\":[{\"@type\":\"ListItem\",\"position\":1,\"name\":\"Accueil\",\"item\":\"https:\\\/\\\/club-abc.fr\\\/\"},{\"@type\":\"ListItem\",\"position\":2,\"name\":\"3D FAB\"}]},{\"@type\":\"WebSite\",\"@id\":\"https:\\\/\\\/club-abc.fr\\\/#website\",\"url\":\"https:\\\/\\\/club-abc.fr\\\/\",\"name\":\"Club ABC\",\"description\":\"Le club de vos loisirs\",\"publisher\":{\"@id\":\"https:\\\/\\\/club-abc.fr\\\/#organization\"},\"potentialAction\":[{\"@type\":\"SearchAction\",\"target\":{\"@type\":\"EntryPoint\",\"urlTemplate\":\"https:\\\/\\\/club-abc.fr\\\/?s={search_term_string}\"},\"query-input\":{\"@type\":\"PropertyValueSpecification\",\"valueRequired\":true,\"valueName\":\"search_term_string\"}}],\"inLanguage\":\"fr-FR\"},{\"@type\":\"Organization\",\"@id\":\"https:\\\/\\\/club-abc.fr\\\/#organization\",\"name\":\"Club ABC\",\"url\":\"https:\\\/\\\/club-abc.fr\\\/\",\"logo\":{\"@type\":\"ImageObject\",\"inLanguage\":\"fr-FR\",\"@id\":\"https:\\\/\\\/club-abc.fr\\\/#\\\/schema\\\/logo\\\/image\\\/\",\"url\":\"https:\\\/\\\/club-abc.fr\\\/wp-content\\\/uploads\\\/2023\\\/05\\\/cropped-Logo_Club-ABC.png\",\"contentUrl\":\"https:\\\/\\\/club-abc.fr\\\/wp-content\\\/uploads\\\/2023\\\/05\\\/cropped-Logo_Club-ABC.png\",\"width\":5100,\"height\":1658,\"caption\":\"Club ABC\"},\"image\":{\"@id\":\"https:\\\/\\\/club-abc.fr\\\/#\\\/schema\\\/logo\\\/image\\\/\"}}]}<\/script>\n<!-- \/ Yoast SEO plugin. -->","yoast_head_json":{"title":"3D FAB - Club ABC","robots":{"index":"index","follow":"follow","max-snippet":"max-snippet:-1","max-image-preview":"max-image-preview:large","max-video-preview":"max-video-preview:-1"},"canonical":"https:\/\/club-abc.fr\/index.php\/3d-fab\/","og_locale":"fr_FR","og_type":"article","og_title":"3D FAB - Club ABC","og_description":"3D FAB bernard Briet Venez concevoir et fabriquer votre objet unique assist\u00e9 de nos experts en utilisant nos logiciels et nos outillages dont du mat\u00e9riel d\u2019impression et de scanning 3D. Si vous pr\u00e9f\u00e9rez un projet collectif, contribuez \u00e0 une nouvelle proth\u00e8se main-bras combinant conception3D, \u00e9lectronique et langage informatique ou \u00e0 d\u2019autres projets \u00e0 d\u00e9finir ensemble. [&hellip;]","og_url":"https:\/\/club-abc.fr\/index.php\/3d-fab\/","og_site_name":"Club ABC","article_modified_time":"2026-04-26T13:11:19+00:00","og_image":[{"width":1261,"height":864,"url":"https:\/\/club-abc.fr\/wp-content\/uploads\/2023\/05\/24N3-3D-Fab-Galerie.jpg","type":"image\/jpeg"}],"twitter_card":"summary_large_image","twitter_misc":{"Dur\u00e9e de lecture estim\u00e9e":"2 minutes"},"schema":{"@context":"https:\/\/schema.org","@graph":[{"@type":"WebPage","@id":"https:\/\/club-abc.fr\/index.php\/3d-fab\/","url":"https:\/\/club-abc.fr\/index.php\/3d-fab\/","name":"3D FAB - Club ABC","isPartOf":{"@id":"https:\/\/club-abc.fr\/#website"},"primaryImageOfPage":{"@id":"https:\/\/club-abc.fr\/index.php\/3d-fab\/#primaryimage"},"image":{"@id":"https:\/\/club-abc.fr\/index.php\/3d-fab\/#primaryimage"},"thumbnailUrl":"https:\/\/club-abc.fr\/wp-content\/uploads\/2023\/05\/24N3-3D-Fab-Galerie.jpg","datePublished":"2023-05-13T15:43:20+00:00","dateModified":"2026-04-26T13:11:19+00:00","breadcrumb":{"@id":"https:\/\/club-abc.fr\/index.php\/3d-fab\/#breadcrumb"},"inLanguage":"fr-FR","potentialAction":[{"@type":"ReadAction","target":["https:\/\/club-abc.fr\/index.php\/3d-fab\/"]}]},{"@type":"ImageObject","inLanguage":"fr-FR","@id":"https:\/\/club-abc.fr\/index.php\/3d-fab\/#primaryimage","url":"https:\/\/club-abc.fr\/wp-content\/uploads\/2023\/05\/24N3-3D-Fab-Galerie.jpg","contentUrl":"https:\/\/club-abc.fr\/wp-content\/uploads\/2023\/05\/24N3-3D-Fab-Galerie.jpg","width":1261,"height":864},{"@type":"BreadcrumbList","@id":"https:\/\/club-abc.fr\/index.php\/3d-fab\/#breadcrumb","itemListElement":[{"@type":"ListItem","position":1,"name":"Accueil","item":"https:\/\/club-abc.fr\/"},{"@type":"ListItem","position":2,"name":"3D FAB"}]},{"@type":"WebSite","@id":"https:\/\/club-abc.fr\/#website","url":"https:\/\/club-abc.fr\/","name":"Club ABC","description":"Le club de vos loisirs","publisher":{"@id":"https:\/\/club-abc.fr\/#organization"},"potentialAction":[{"@type":"SearchAction","target":{"@type":"EntryPoint","urlTemplate":"https:\/\/club-abc.fr\/?s={search_term_string}"},"query-input":{"@type":"PropertyValueSpecification","valueRequired":true,"valueName":"search_term_string"}}],"inLanguage":"fr-FR"},{"@type":"Organization","@id":"https:\/\/club-abc.fr\/#organization","name":"Club ABC","url":"https:\/\/club-abc.fr\/","logo":{"@type":"ImageObject","inLanguage":"fr-FR","@id":"https:\/\/club-abc.fr\/#\/schema\/logo\/image\/","url":"https:\/\/club-abc.fr\/wp-content\/uploads\/2023\/05\/cropped-Logo_Club-ABC.png","contentUrl":"https:\/\/club-abc.fr\/wp-content\/uploads\/2023\/05\/cropped-Logo_Club-ABC.png","width":5100,"height":1658,"caption":"Club ABC"},"image":{"@id":"https:\/\/club-abc.fr\/#\/schema\/logo\/image\/"}}]}},"featured_image_src":"https:\/\/club-abc.fr\/wp-content\/uploads\/2023\/05\/24N3-3D-Fab-Galerie-600x400.jpg","featured_image_src_square":"https:\/\/club-abc.fr\/wp-content\/uploads\/2023\/05\/24N3-3D-Fab-Galerie-600x600.jpg","uagb_featured_image_src":{"full":["https:\/\/club-abc.fr\/wp-content\/uploads\/2023\/05\/24N3-3D-Fab-Galerie.jpg",1261,864,false],"thumbnail":["https:\/\/club-abc.fr\/wp-content\/uploads\/2023\/05\/24N3-3D-Fab-Galerie-150x150.jpg",150,150,true],"medium":["https:\/\/club-abc.fr\/wp-content\/uploads\/2023\/05\/24N3-3D-Fab-Galerie-300x206.jpg",300,206,true],"medium_large":["https:\/\/club-abc.fr\/wp-content\/uploads\/2023\/05\/24N3-3D-Fab-Galerie-768x526.jpg",768,526,true],"large":["https:\/\/club-abc.fr\/wp-content\/uploads\/2023\/05\/24N3-3D-Fab-Galerie-1024x702.jpg",1024,702,true],"1536x1536":["https:\/\/club-abc.fr\/wp-content\/uploads\/2023\/05\/24N3-3D-Fab-Galerie.jpg",1261,864,false],"2048x2048":["https:\/\/club-abc.fr\/wp-content\/uploads\/2023\/05\/24N3-3D-Fab-Galerie.jpg",1261,864,false],"ocean-thumb-m":["https:\/\/club-abc.fr\/wp-content\/uploads\/2023\/05\/24N3-3D-Fab-Galerie-600x600.jpg",600,600,true],"ocean-thumb-ml":["https:\/\/club-abc.fr\/wp-content\/uploads\/2023\/05\/24N3-3D-Fab-Galerie-800x450.jpg",800,450,true],"ocean-thumb-l":["https:\/\/club-abc.fr\/wp-content\/uploads\/2023\/05\/24N3-3D-Fab-Galerie-1200x700.jpg",1200,700,true],"ab-block-post-grid-landscape":["https:\/\/club-abc.fr\/wp-content\/uploads\/2023\/05\/24N3-3D-Fab-Galerie-600x400.jpg",600,400,true],"ab-block-post-grid-square":["https:\/\/club-abc.fr\/wp-content\/uploads\/2023\/05\/24N3-3D-Fab-Galerie-600x600.jpg",600,600,true]},"uagb_author_info":{"display_name":"admin6119","author_link":"https:\/\/club-abc.fr\/index.php\/author\/admin6119\/"},"uagb_comment_info":0,"uagb_excerpt":"3D FAB bernard Briet Venez concevoir et fabriquer votre objet unique assist\u00e9 de nos experts en utilisant nos logiciels et nos outillages dont du mat\u00e9riel d\u2019impression et de scanning 3D. Si vous pr\u00e9f\u00e9rez un projet collectif, contribuez \u00e0 une nouvelle proth\u00e8se main-bras combinant conception3D, \u00e9lectronique et langage informatique ou \u00e0 d\u2019autres projets \u00e0 d\u00e9finir ensemble.\u2026","jetpack_sharing_enabled":true,"_links":{"self":[{"href":"https:\/\/club-abc.fr\/index.php\/wp-json\/wp\/v2\/pages\/1692","targetHints":{"allow":["GET"]}}],"collection":[{"href":"https:\/\/club-abc.fr\/index.php\/wp-json\/wp\/v2\/pages"}],"about":[{"href":"https:\/\/club-abc.fr\/index.php\/wp-json\/wp\/v2\/types\/page"}],"author":[{"embeddable":true,"href":"https:\/\/club-abc.fr\/index.php\/wp-json\/wp\/v2\/users\/1"}],"replies":[{"embeddable":true,"href":"https:\/\/club-abc.fr\/index.php\/wp-json\/wp\/v2\/comments?post=1692"}],"version-history":[{"count":0,"href":"https:\/\/club-abc.fr\/index.php\/wp-json\/wp\/v2\/pages\/1692\/revisions"}],"wp:featuredmedia":[{"embeddable":true,"href":"https:\/\/club-abc.fr\/index.php\/wp-json\/wp\/v2\/media\/2288"}],"wp:attachment":[{"href":"https:\/\/club-abc.fr\/index.php\/wp-json\/wp\/v2\/media?parent=1692"}],"curies":[{"name":"wp","href":"https:\/\/api.w.org\/{rel}","templated":true}]}}