{"id":1690,"date":"2023-05-13T17:42:58","date_gmt":"2023-05-13T15:42:58","guid":{"rendered":"https:\/\/club-abc.fr\/?page_id=1690"},"modified":"2025-07-07T17:08:33","modified_gmt":"2025-07-07T15:08:33","slug":"dentelle-aux-fuseaux","status":"publish","type":"page","link":"https:\/\/club-abc.fr\/index.php\/dentelle-aux-fuseaux\/","title":{"rendered":"Dentelle aux fuseaux"},"content":{"rendered":"\n<div class=\"wp-block-uagb-container uagb-block-ad5c8873 alignwide uagb-is-root-container\">\n<div class=\"wp-block-uagb-container uagb-block-ce057bcd\">\n<div class=\"wp-block-uagb-image uagb-block-1cd3c0e7 wp-block-uagb-image--layout-default wp-block-uagb-image--effect-static wp-block-uagb-image--align-none\"><figure class=\"wp-block-uagb-image__figure\"><img loading=\"lazy\" decoding=\"async\" srcset=\"https:\/\/club-abc.fr\/wp-content\/uploads\/2023\/05\/33-Artisanat-Dentelle-1024x768.jpg \" sizes=\"auto, (max-width: 480px) 150px\" src=\"https:\/\/club-abc.fr\/wp-content\/uploads\/2023\/05\/33-Artisanat-Dentelle-1024x768.jpg\" alt=\"\" class=\"uag-image-1856\" width=\"353\" height=\"252\" title=\"\" loading=\"lazy\" role=\"img\"\/><\/figure><\/div>\n\n\n\n<div class=\"wp-block-uagb-advanced-heading uagb-block-6bfe67fb\"><\/div>\n\n\n\n<div class=\"wp-block-uagb-buttons uagb-buttons__outer-wrap uagb-btn__default-btn uagb-btn-tablet__default-btn uagb-btn-mobile__default-btn uagb-block-79a91e22\" id=\"https:\/\/club-abc.monclub.app\/app?selectedMembership=66325a788651d9009e816803&amp;step=1&amp;selectedSlots=662ccd914eb85e0096ec9483\"><div class=\"uagb-buttons__wrap uagb-buttons-layout-wrap \">\n<div class=\"wp-block-uagb-buttons-child uagb-buttons__outer-wrap uagb-block-a6da3ec4 wp-block-button\" id=\"https:\/\/club-abc.monclub.app\/app?selectedMembership=66325a788651d9009e816803&amp;step=1&amp;selectedSlots=662ccd914eb85e0096ec9483\"><div class=\"uagb-button__wrapper\"><a class=\"uagb-buttons-repeater wp-block-button__link\" aria-label=\"\" href=\"https:\/\/club-abc.monclub.app\/app?selectedMembership=681126e5424d4ae42d179df9&amp;step=1&amp;selectedSlots=680100a3edb966b69209ee1f&amp;waitingSlots=&amp;childSubscription=false\" rel=\"follow noopener\" target=\"_blank\" role=\"button\"><div class=\"uagb-button__link\">Je m&rsquo;inscris<\/div><\/a><\/div><\/div>\n<\/div><\/div>\n<\/div>\n\n\n\n<div class=\"wp-block-uagb-container uagb-block-606fce96\">\n<h1 class=\"wp-block-heading has-text-color has-x-large-font-size\" style=\"color:#004aad;font-style:normal;font-weight:600;letter-spacing:1px\">Dentelle aux Fuseaux<\/h1>\n\n\n\n<h3 class=\"wp-block-heading has-text-align-left has-text-color\" style=\"color:#084aad;font-size:40px;font-style:normal;font-weight:200;text-transform:capitalize\">Irina Barash<\/h3>\n\n\n\n<p style=\"font-size:16px\">La dentelle revisit\u00e9e !<br>Venez cr\u00e9er des objets uniques, bracelets, d\u00e9corations \u2026tout en faisant travailler intensivement votre t\u00eate et vos deux mains&nbsp;!<br><\/p>\n\n\n\n<p class=\"has-text-align-center\" style=\"font-size:16px\">D\u00e9but des cours le 23 septembre 2025<\/p>\n<\/div>\n<\/div>\n\n\n\n<div class=\"wp-block-columns alignwide is-layout-flex wp-container-core-columns-is-layout-829b1d53 wp-block-columns-is-layout-flex\" style=\"margin-bottom:0\">\n<div class=\"wp-block-column has-white-background-color has-text-color has-background has-link-color wp-elements-9ba7062e68826b4cb08ac0010e8cc871 is-layout-flow wp-block-column-is-layout-flow\" style=\"color:#000000;padding-top:2em;padding-right:2em;padding-bottom:2em;padding-left:2em\">\n<h2 class=\"wp-block-heading has-text-align-center\" id=\"family\" style=\"font-size:30px;font-style:normal;font-weight:400\">Jour &#8211; Horaire<\/h2>\n\n\n\n<p class=\"has-text-align-center has-medium-font-size\">Mardi de 13h \u00e0 15h30<\/p>\n\n\n\n<div style=\"height:20px\" aria-hidden=\"true\" class=\"wp-block-spacer\"><\/div>\n<\/div>\n\n\n\n<div class=\"wp-block-column has-white-background-color has-text-color has-background has-link-color wp-elements-e82f89e8bb7e17fa7cb37f418b661e52 is-layout-flow wp-block-column-is-layout-flow\" style=\"color:#000000;padding-top:2em;padding-right:2em;padding-bottom:2em;padding-left:2em\">\n<h2 class=\"wp-block-heading has-text-align-center\" id=\"family\" style=\"font-size:30px;font-style:normal;font-weight:400\">Tarif de base<\/h2>\n\n\n\n<div class=\"wp-block-buttons alignfull is-horizontal is-content-justification-center is-layout-flex wp-container-core-buttons-is-layout-499968f5 wp-block-buttons-is-layout-flex\">\n<div class=\"wp-block-button is-style-fill\"><a class=\"wp-block-button__link has-white-color has-text-color has-background wp-element-button\" style=\"background-color:#084aad\">403 \u20ac<\/a><\/div>\n<\/div>\n<\/div>\n\n\n\n<div class=\"wp-block-column has-white-background-color has-text-color has-background has-link-color wp-elements-ae6f5ab4f644e2f50b24282685ba00a1 is-layout-flow wp-block-column-is-layout-flow\" style=\"color:#000000;padding-top:2em;padding-right:2em;padding-bottom:2em;padding-left:2em\">\n<h2 class=\"wp-block-heading has-text-align-center\" id=\"family\" style=\"font-size:30px;font-style:normal;font-weight:400\">Tarif  VLB<\/h2>\n\n\n\n<div class=\"wp-block-buttons alignfull is-horizontal is-content-justification-center is-layout-flex wp-container-core-buttons-is-layout-499968f5 wp-block-buttons-is-layout-flex\">\n<div class=\"wp-block-button is-style-fill\"><a class=\"wp-block-button__link has-white-color has-text-color has-background wp-element-button\" style=\"background-color:#084aad\">366 \u20ac<\/a><\/div>\n<\/div>\n<\/div>\n<\/div>\n\n\n\n<div class=\"wp-block-uagb-container uagb-block-4ae621b8 alignfull uagb-is-root-container\"><div class=\"uagb-container-inner-blocks-wrap\">\n<div class=\"wp-block-uagb-container uagb-block-103ce482\">\n<p class=\"has-text-align-right\" style=\"font-size:18px;line-height:1.5\">Adh\u00e9sion annuelle au club ABC en sus<\/p>\n<\/div>\n\n\n\n<div class=\"wp-block-uagb-container uagb-block-a995b874\">\n<div class=\"wp-block-uagb-container uagb-block-5339cd0e\">\n<div class=\"wp-block-buttons is-content-justification-center is-layout-flex wp-container-core-buttons-is-layout-8057eaf3 wp-block-buttons-is-layout-flex\">\n<div class=\"wp-block-button has-custom-font-size\" style=\"font-size:16px\"><a class=\"wp-block-button__link has-white-color has-text-color has-background wp-element-button\" style=\"background-color:#084aad\">32 \u20ac<\/a><\/div>\n<\/div>\n<\/div>\n<\/div>\n<\/div><\/div>\n\n\n\n<div class=\"wp-block-uagb-info-box uagb-block-235a66eb uagb-infobox__content-wrap  uagb-infobox-icon-above-title uagb-infobox-image-valign-top\"><div class=\"uagb-ifb-content\"><div class=\"uagb-ifb-title-wrap\"><h3 class=\"uagb-ifb-title\">Lieu<\/h3><\/div><p class=\"uagb-ifb-desc\">Le Moulin de Grais &#8211; 12 rue du Lavoir \u2013 91370 Verri\u00e8res le Buisson<\/p><div class=\"uagb-ifb-button-wrapper wp-block-button\"><a href=\"#\" target=\"_self\" onclick=\"return false;\" class=\"uagb-infobox-cta-link\" rel=\"noopener noreferrer\"><span class=\"uagb-inline-editing\"><\/span><svg xmlns=\"https:\/\/www.w3.org\/2000\/svg\" viewBox=\"0 0 512 512\"><path d=\"M504.3 273.6l-112.1 104c-6.992 6.484-17.18 8.218-25.94 4.406c-8.758-3.812-14.42-12.45-14.42-21.1L351.9 288H32C14.33 288 .0002 273.7 .0002 255.1S14.33 224 32 224h319.9l0-72c0-9.547 5.66-18.19 14.42-22c8.754-3.809 18.95-2.075 25.94 4.41l112.1 104C514.6 247.9 514.6 264.1 504.3 273.6z\"><\/path><\/svg><\/a><\/div><\/div><\/div>\n\n\n\n<div class=\"wp-block-uagb-container uagb-block-232d7823 alignfull uagb-is-root-container\"><div class=\"uagb-container-inner-blocks-wrap\">\n<figure class=\"wp-block-gallery has-nested-images columns-default is-cropped wp-block-gallery-1 is-layout-flex wp-block-gallery-is-layout-flex\">\n<figure class=\"wp-block-image size-large\"><img fetchpriority=\"high\" decoding=\"async\" width=\"768\" height=\"1024\" data-id=\"3154\" src=\"https:\/\/club-abc.fr\/wp-content\/uploads\/2023\/06\/IMG_1767-768x1024.jpeg\" alt=\"\" class=\"wp-image-3154\" srcset=\"https:\/\/club-abc.fr\/wp-content\/uploads\/2023\/06\/IMG_1767-768x1024.jpeg 768w, https:\/\/club-abc.fr\/wp-content\/uploads\/2023\/06\/IMG_1767-225x300.jpeg 225w, https:\/\/club-abc.fr\/wp-content\/uploads\/2023\/06\/IMG_1767-1152x1536.jpeg 1152w, https:\/\/club-abc.fr\/wp-content\/uploads\/2023\/06\/IMG_1767-1536x2048.jpeg 1536w, https:\/\/club-abc.fr\/wp-content\/uploads\/2023\/06\/IMG_1767-scaled.jpeg 1920w\" sizes=\"(max-width: 768px) 100vw, 768px\" \/><\/figure>\n\n\n\n<figure class=\"wp-block-image size-large\"><img decoding=\"async\" width=\"768\" height=\"1024\" data-id=\"3159\" src=\"https:\/\/club-abc.fr\/wp-content\/uploads\/2023\/06\/IMG_1769-768x1024.jpeg\" alt=\"\" class=\"wp-image-3159\" srcset=\"https:\/\/club-abc.fr\/wp-content\/uploads\/2023\/06\/IMG_1769-768x1024.jpeg 768w, https:\/\/club-abc.fr\/wp-content\/uploads\/2023\/06\/IMG_1769-225x300.jpeg 225w, https:\/\/club-abc.fr\/wp-content\/uploads\/2023\/06\/IMG_1769-1152x1536.jpeg 1152w, https:\/\/club-abc.fr\/wp-content\/uploads\/2023\/06\/IMG_1769-1536x2048.jpeg 1536w, https:\/\/club-abc.fr\/wp-content\/uploads\/2023\/06\/IMG_1769-scaled.jpeg 1920w\" sizes=\"(max-width: 768px) 100vw, 768px\" \/><\/figure>\n\n\n\n<figure class=\"wp-block-image size-large\"><img decoding=\"async\" width=\"1024\" height=\"665\" data-id=\"2119\" src=\"https:\/\/club-abc.fr\/wp-content\/uploads\/2023\/05\/23-3-dentelle-Galerie-1024x665.jpg\" alt=\"\" class=\"wp-image-2119\" srcset=\"https:\/\/club-abc.fr\/wp-content\/uploads\/2023\/05\/23-3-dentelle-Galerie-1024x665.jpg 1024w, https:\/\/club-abc.fr\/wp-content\/uploads\/2023\/05\/23-3-dentelle-Galerie-300x195.jpg 300w, https:\/\/club-abc.fr\/wp-content\/uploads\/2023\/05\/23-3-dentelle-Galerie-768x499.jpg 768w, https:\/\/club-abc.fr\/wp-content\/uploads\/2023\/05\/23-3-dentelle-Galerie.jpg 1265w\" sizes=\"(max-width: 1024px) 100vw, 1024px\" \/><\/figure>\n<\/figure>\n<\/div><\/div>\n\n\n\n<p><\/p>\n","protected":false},"excerpt":{"rendered":"<p>Dentelle aux Fuseaux Irina Barash La dentelle revisit\u00e9e !Venez cr\u00e9er des objets uniques, bracelets, d\u00e9corations \u2026tout en faisant travailler intensivement votre t\u00eate et vos deux mains&nbsp;! D\u00e9but des cours le 23 septembre 2025 Jour &#8211; Horaire Mardi de 13h \u00e0 15h30 Tarif de base Tarif VLB<\/p>\n","protected":false},"author":1,"featured_media":2120,"parent":0,"menu_order":0,"comment_status":"closed","ping_status":"closed","template":"","meta":{"_uag_custom_page_level_css":"","footnotes":""},"class_list":["post-1690","page","type-page","status-publish","has-post-thumbnail","hentry","entry","has-media"],"yoast_head":"<!-- This site is optimized with the Yoast SEO plugin v27.4 - https:\/\/yoast.com\/product\/yoast-seo-wordpress\/ -->\n<title>Dentelle aux fuseaux - Club ABC<\/title>\n<meta name=\"robots\" content=\"index, follow, max-snippet:-1, max-image-preview:large, max-video-preview:-1\" \/>\n<link rel=\"canonical\" href=\"https:\/\/club-abc.fr\/index.php\/dentelle-aux-fuseaux\/\" \/>\n<meta property=\"og:locale\" content=\"fr_FR\" \/>\n<meta property=\"og:type\" content=\"article\" \/>\n<meta property=\"og:title\" content=\"Dentelle aux fuseaux - Club ABC\" \/>\n<meta property=\"og:description\" content=\"Dentelle aux Fuseaux Irina Barash La dentelle revisit\u00e9e !Venez cr\u00e9er des objets uniques, bracelets, d\u00e9corations \u2026tout en faisant travailler intensivement votre t\u00eate et vos deux mains&nbsp;! D\u00e9but des cours le 23 septembre 2025 Jour &#8211; Horaire Mardi de 13h \u00e0 15h30 Tarif de base Tarif VLB\" \/>\n<meta property=\"og:url\" content=\"https:\/\/club-abc.fr\/index.php\/dentelle-aux-fuseaux\/\" \/>\n<meta property=\"og:site_name\" content=\"Club ABC\" \/>\n<meta property=\"article:modified_time\" content=\"2025-07-07T15:08:33+00:00\" \/>\n<meta property=\"og:image\" content=\"https:\/\/club-abc.fr\/wp-content\/uploads\/2023\/05\/23-4-Dentelle-Galerie.jpg\" \/>\n\t<meta property=\"og:image:width\" content=\"1258\" \/>\n\t<meta property=\"og:image:height\" content=\"820\" \/>\n\t<meta property=\"og:image:type\" content=\"image\/jpeg\" \/>\n<meta name=\"twitter:card\" content=\"summary_large_image\" \/>\n<meta name=\"twitter:label1\" content=\"Dur\u00e9e de lecture estim\u00e9e\" \/>\n\t<meta name=\"twitter:data1\" content=\"2 minutes\" \/>\n<script type=\"application\/ld+json\" class=\"yoast-schema-graph\">{\"@context\":\"https:\\\/\\\/schema.org\",\"@graph\":[{\"@type\":\"WebPage\",\"@id\":\"https:\\\/\\\/club-abc.fr\\\/index.php\\\/dentelle-aux-fuseaux\\\/\",\"url\":\"https:\\\/\\\/club-abc.fr\\\/index.php\\\/dentelle-aux-fuseaux\\\/\",\"name\":\"Dentelle aux fuseaux - Club ABC\",\"isPartOf\":{\"@id\":\"https:\\\/\\\/club-abc.fr\\\/#website\"},\"primaryImageOfPage\":{\"@id\":\"https:\\\/\\\/club-abc.fr\\\/index.php\\\/dentelle-aux-fuseaux\\\/#primaryimage\"},\"image\":{\"@id\":\"https:\\\/\\\/club-abc.fr\\\/index.php\\\/dentelle-aux-fuseaux\\\/#primaryimage\"},\"thumbnailUrl\":\"https:\\\/\\\/club-abc.fr\\\/wp-content\\\/uploads\\\/2023\\\/05\\\/23-4-Dentelle-Galerie.jpg\",\"datePublished\":\"2023-05-13T15:42:58+00:00\",\"dateModified\":\"2025-07-07T15:08:33+00:00\",\"breadcrumb\":{\"@id\":\"https:\\\/\\\/club-abc.fr\\\/index.php\\\/dentelle-aux-fuseaux\\\/#breadcrumb\"},\"inLanguage\":\"fr-FR\",\"potentialAction\":[{\"@type\":\"ReadAction\",\"target\":[\"https:\\\/\\\/club-abc.fr\\\/index.php\\\/dentelle-aux-fuseaux\\\/\"]}]},{\"@type\":\"ImageObject\",\"inLanguage\":\"fr-FR\",\"@id\":\"https:\\\/\\\/club-abc.fr\\\/index.php\\\/dentelle-aux-fuseaux\\\/#primaryimage\",\"url\":\"https:\\\/\\\/club-abc.fr\\\/wp-content\\\/uploads\\\/2023\\\/05\\\/23-4-Dentelle-Galerie.jpg\",\"contentUrl\":\"https:\\\/\\\/club-abc.fr\\\/wp-content\\\/uploads\\\/2023\\\/05\\\/23-4-Dentelle-Galerie.jpg\",\"width\":1258,\"height\":820},{\"@type\":\"BreadcrumbList\",\"@id\":\"https:\\\/\\\/club-abc.fr\\\/index.php\\\/dentelle-aux-fuseaux\\\/#breadcrumb\",\"itemListElement\":[{\"@type\":\"ListItem\",\"position\":1,\"name\":\"Accueil\",\"item\":\"https:\\\/\\\/club-abc.fr\\\/\"},{\"@type\":\"ListItem\",\"position\":2,\"name\":\"Dentelle aux fuseaux\"}]},{\"@type\":\"WebSite\",\"@id\":\"https:\\\/\\\/club-abc.fr\\\/#website\",\"url\":\"https:\\\/\\\/club-abc.fr\\\/\",\"name\":\"Club ABC\",\"description\":\"Le club de vos loisirs\",\"publisher\":{\"@id\":\"https:\\\/\\\/club-abc.fr\\\/#organization\"},\"potentialAction\":[{\"@type\":\"SearchAction\",\"target\":{\"@type\":\"EntryPoint\",\"urlTemplate\":\"https:\\\/\\\/club-abc.fr\\\/?s={search_term_string}\"},\"query-input\":{\"@type\":\"PropertyValueSpecification\",\"valueRequired\":true,\"valueName\":\"search_term_string\"}}],\"inLanguage\":\"fr-FR\"},{\"@type\":\"Organization\",\"@id\":\"https:\\\/\\\/club-abc.fr\\\/#organization\",\"name\":\"Club ABC\",\"url\":\"https:\\\/\\\/club-abc.fr\\\/\",\"logo\":{\"@type\":\"ImageObject\",\"inLanguage\":\"fr-FR\",\"@id\":\"https:\\\/\\\/club-abc.fr\\\/#\\\/schema\\\/logo\\\/image\\\/\",\"url\":\"https:\\\/\\\/club-abc.fr\\\/wp-content\\\/uploads\\\/2023\\\/05\\\/cropped-Logo_Club-ABC.png\",\"contentUrl\":\"https:\\\/\\\/club-abc.fr\\\/wp-content\\\/uploads\\\/2023\\\/05\\\/cropped-Logo_Club-ABC.png\",\"width\":5100,\"height\":1658,\"caption\":\"Club ABC\"},\"image\":{\"@id\":\"https:\\\/\\\/club-abc.fr\\\/#\\\/schema\\\/logo\\\/image\\\/\"}}]}<\/script>\n<!-- \/ Yoast SEO plugin. -->","yoast_head_json":{"title":"Dentelle aux fuseaux - Club ABC","robots":{"index":"index","follow":"follow","max-snippet":"max-snippet:-1","max-image-preview":"max-image-preview:large","max-video-preview":"max-video-preview:-1"},"canonical":"https:\/\/club-abc.fr\/index.php\/dentelle-aux-fuseaux\/","og_locale":"fr_FR","og_type":"article","og_title":"Dentelle aux fuseaux - Club ABC","og_description":"Dentelle aux Fuseaux Irina Barash La dentelle revisit\u00e9e !Venez cr\u00e9er des objets uniques, bracelets, d\u00e9corations \u2026tout en faisant travailler intensivement votre t\u00eate et vos deux mains&nbsp;! D\u00e9but des cours le 23 septembre 2025 Jour &#8211; Horaire Mardi de 13h \u00e0 15h30 Tarif de base Tarif VLB","og_url":"https:\/\/club-abc.fr\/index.php\/dentelle-aux-fuseaux\/","og_site_name":"Club ABC","article_modified_time":"2025-07-07T15:08:33+00:00","og_image":[{"width":1258,"height":820,"url":"https:\/\/club-abc.fr\/wp-content\/uploads\/2023\/05\/23-4-Dentelle-Galerie.jpg","type":"image\/jpeg"}],"twitter_card":"summary_large_image","twitter_misc":{"Dur\u00e9e de lecture estim\u00e9e":"2 minutes"},"schema":{"@context":"https:\/\/schema.org","@graph":[{"@type":"WebPage","@id":"https:\/\/club-abc.fr\/index.php\/dentelle-aux-fuseaux\/","url":"https:\/\/club-abc.fr\/index.php\/dentelle-aux-fuseaux\/","name":"Dentelle aux fuseaux - Club ABC","isPartOf":{"@id":"https:\/\/club-abc.fr\/#website"},"primaryImageOfPage":{"@id":"https:\/\/club-abc.fr\/index.php\/dentelle-aux-fuseaux\/#primaryimage"},"image":{"@id":"https:\/\/club-abc.fr\/index.php\/dentelle-aux-fuseaux\/#primaryimage"},"thumbnailUrl":"https:\/\/club-abc.fr\/wp-content\/uploads\/2023\/05\/23-4-Dentelle-Galerie.jpg","datePublished":"2023-05-13T15:42:58+00:00","dateModified":"2025-07-07T15:08:33+00:00","breadcrumb":{"@id":"https:\/\/club-abc.fr\/index.php\/dentelle-aux-fuseaux\/#breadcrumb"},"inLanguage":"fr-FR","potentialAction":[{"@type":"ReadAction","target":["https:\/\/club-abc.fr\/index.php\/dentelle-aux-fuseaux\/"]}]},{"@type":"ImageObject","inLanguage":"fr-FR","@id":"https:\/\/club-abc.fr\/index.php\/dentelle-aux-fuseaux\/#primaryimage","url":"https:\/\/club-abc.fr\/wp-content\/uploads\/2023\/05\/23-4-Dentelle-Galerie.jpg","contentUrl":"https:\/\/club-abc.fr\/wp-content\/uploads\/2023\/05\/23-4-Dentelle-Galerie.jpg","width":1258,"height":820},{"@type":"BreadcrumbList","@id":"https:\/\/club-abc.fr\/index.php\/dentelle-aux-fuseaux\/#breadcrumb","itemListElement":[{"@type":"ListItem","position":1,"name":"Accueil","item":"https:\/\/club-abc.fr\/"},{"@type":"ListItem","position":2,"name":"Dentelle aux fuseaux"}]},{"@type":"WebSite","@id":"https:\/\/club-abc.fr\/#website","url":"https:\/\/club-abc.fr\/","name":"Club ABC","description":"Le club de vos loisirs","publisher":{"@id":"https:\/\/club-abc.fr\/#organization"},"potentialAction":[{"@type":"SearchAction","target":{"@type":"EntryPoint","urlTemplate":"https:\/\/club-abc.fr\/?s={search_term_string}"},"query-input":{"@type":"PropertyValueSpecification","valueRequired":true,"valueName":"search_term_string"}}],"inLanguage":"fr-FR"},{"@type":"Organization","@id":"https:\/\/club-abc.fr\/#organization","name":"Club ABC","url":"https:\/\/club-abc.fr\/","logo":{"@type":"ImageObject","inLanguage":"fr-FR","@id":"https:\/\/club-abc.fr\/#\/schema\/logo\/image\/","url":"https:\/\/club-abc.fr\/wp-content\/uploads\/2023\/05\/cropped-Logo_Club-ABC.png","contentUrl":"https:\/\/club-abc.fr\/wp-content\/uploads\/2023\/05\/cropped-Logo_Club-ABC.png","width":5100,"height":1658,"caption":"Club ABC"},"image":{"@id":"https:\/\/club-abc.fr\/#\/schema\/logo\/image\/"}}]}},"featured_image_src":"https:\/\/club-abc.fr\/wp-content\/uploads\/2023\/05\/23-4-Dentelle-Galerie-600x400.jpg","featured_image_src_square":"https:\/\/club-abc.fr\/wp-content\/uploads\/2023\/05\/23-4-Dentelle-Galerie-600x600.jpg","uagb_featured_image_src":{"full":["https:\/\/club-abc.fr\/wp-content\/uploads\/2023\/05\/23-4-Dentelle-Galerie.jpg",1258,820,false],"thumbnail":["https:\/\/club-abc.fr\/wp-content\/uploads\/2023\/05\/23-4-Dentelle-Galerie-150x150.jpg",150,150,true],"medium":["https:\/\/club-abc.fr\/wp-content\/uploads\/2023\/05\/23-4-Dentelle-Galerie-300x196.jpg",300,196,true],"medium_large":["https:\/\/club-abc.fr\/wp-content\/uploads\/2023\/05\/23-4-Dentelle-Galerie-768x501.jpg",768,501,true],"large":["https:\/\/club-abc.fr\/wp-content\/uploads\/2023\/05\/23-4-Dentelle-Galerie-1024x667.jpg",1024,667,true],"1536x1536":["https:\/\/club-abc.fr\/wp-content\/uploads\/2023\/05\/23-4-Dentelle-Galerie.jpg",1258,820,false],"2048x2048":["https:\/\/club-abc.fr\/wp-content\/uploads\/2023\/05\/23-4-Dentelle-Galerie.jpg",1258,820,false],"ocean-thumb-m":["https:\/\/club-abc.fr\/wp-content\/uploads\/2023\/05\/23-4-Dentelle-Galerie-600x600.jpg",600,600,true],"ocean-thumb-ml":["https:\/\/club-abc.fr\/wp-content\/uploads\/2023\/05\/23-4-Dentelle-Galerie-800x450.jpg",800,450,true],"ocean-thumb-l":["https:\/\/club-abc.fr\/wp-content\/uploads\/2023\/05\/23-4-Dentelle-Galerie-1200x700.jpg",1200,700,true],"ab-block-post-grid-landscape":["https:\/\/club-abc.fr\/wp-content\/uploads\/2023\/05\/23-4-Dentelle-Galerie-600x400.jpg",600,400,true],"ab-block-post-grid-square":["https:\/\/club-abc.fr\/wp-content\/uploads\/2023\/05\/23-4-Dentelle-Galerie-600x600.jpg",600,600,true]},"uagb_author_info":{"display_name":"admin6119","author_link":"https:\/\/club-abc.fr\/index.php\/author\/admin6119\/"},"uagb_comment_info":0,"uagb_excerpt":"Dentelle aux Fuseaux Irina Barash La dentelle revisit\u00e9e !Venez cr\u00e9er des objets uniques, bracelets, d\u00e9corations \u2026tout en faisant travailler intensivement votre t\u00eate et vos deux mains&nbsp;! D\u00e9but des cours le 23 septembre 2025 Jour &#8211; Horaire Mardi de 13h \u00e0 15h30 Tarif de base Tarif VLB","jetpack_sharing_enabled":true,"_links":{"self":[{"href":"https:\/\/club-abc.fr\/index.php\/wp-json\/wp\/v2\/pages\/1690","targetHints":{"allow":["GET"]}}],"collection":[{"href":"https:\/\/club-abc.fr\/index.php\/wp-json\/wp\/v2\/pages"}],"about":[{"href":"https:\/\/club-abc.fr\/index.php\/wp-json\/wp\/v2\/types\/page"}],"author":[{"embeddable":true,"href":"https:\/\/club-abc.fr\/index.php\/wp-json\/wp\/v2\/users\/1"}],"replies":[{"embeddable":true,"href":"https:\/\/club-abc.fr\/index.php\/wp-json\/wp\/v2\/comments?post=1690"}],"version-history":[{"count":0,"href":"https:\/\/club-abc.fr\/index.php\/wp-json\/wp\/v2\/pages\/1690\/revisions"}],"wp:featuredmedia":[{"embeddable":true,"href":"https:\/\/club-abc.fr\/index.php\/wp-json\/wp\/v2\/media\/2120"}],"wp:attachment":[{"href":"https:\/\/club-abc.fr\/index.php\/wp-json\/wp\/v2\/media?parent=1690"}],"curies":[{"name":"wp","href":"https:\/\/api.w.org\/{rel}","templated":true}]}}