{"id":1688,"date":"2023-05-13T17:42:29","date_gmt":"2023-05-13T15:42:29","guid":{"rendered":"https:\/\/club-abc.fr\/?page_id=1688"},"modified":"2025-07-09T14:06:38","modified_gmt":"2025-07-09T12:06:38","slug":"loisirs-creatifs-7-a-12-ans","status":"publish","type":"page","link":"https:\/\/club-abc.fr\/index.php\/loisirs-creatifs-7-a-12-ans\/","title":{"rendered":"Loisirs Cr\u00e9atifs"},"content":{"rendered":"\n<div class=\"wp-block-uagb-container uagb-block-82b229fd alignfull uagb-is-root-container\"><div class=\"uagb-container-inner-blocks-wrap\">\n<div class=\"wp-block-uagb-container uagb-block-06325319\">\n<div class=\"wp-block-uagb-image uagb-block-06f3efea wp-block-uagb-image--layout-default wp-block-uagb-image--effect-static wp-block-uagb-image--align-none\"><figure class=\"wp-block-uagb-image__figure\"><img loading=\"lazy\" decoding=\"async\" srcset=\"https:\/\/club-abc.fr\/wp-content\/uploads\/2025\/04\/Vignettes_Loisirs-creatifs_modifie-1.jpg ,https:\/\/club-abc.fr\/wp-content\/uploads\/2025\/04\/Vignettes_Loisirs-creatifs_modifie-1.jpg 780w, https:\/\/club-abc.fr\/wp-content\/uploads\/2025\/04\/Vignettes_Loisirs-creatifs_modifie-1.jpg 360w\" sizes=\"auto, (max-width: 480px) 150px\" src=\"https:\/\/club-abc.fr\/wp-content\/uploads\/2025\/04\/Vignettes_Loisirs-creatifs_modifie-1.jpg\" alt=\"\" class=\"uag-image-8603\" width=\"1024\" height=\"768\" title=\"Vignettes_Loisirs-cr\u00e9atifs_modifi\u00e9\" loading=\"lazy\" role=\"img\"\/><\/figure><\/div>\n\n\n\n<div style=\"height:42px\" aria-hidden=\"true\" class=\"wp-block-spacer\"><\/div>\n\n\n\n<div class=\"wp-block-buttons alignwide is-content-justification-center is-layout-flex wp-container-core-buttons-is-layout-16018d1d wp-block-buttons-is-layout-flex\">\n<div class=\"wp-block-button\"><a class=\"wp-block-button__link has-white-color has-text-color has-background has-link-color wp-element-button\" href=\"https:\/\/club-abc.monclub.app\/app?selectedMembership=68012f97a463a54e3046a202&amp;step=1&amp;selectedSlots=68012daefef3fe56c920971c&amp;waitingSlots=&amp;childSubscription=true\" style=\"background-color:#ff8c8c\" target=\"_blank\" rel=\"noreferrer noopener\">Je m&rsquo;inscris<\/a><\/div>\n<\/div>\n<\/div>\n\n\n\n<div class=\"wp-block-uagb-container uagb-block-bbd45695\">\n<h1 class=\"wp-block-heading has-text-color has-x-large-font-size\" style=\"color:#004aad;font-style:normal;font-weight:600;letter-spacing:1px\">Loisirs Cr\u00e9atifs<\/h1>\n\n\n\n<h4 class=\"wp-block-heading has-large-font-size\">Melissa Tresse<\/h4>\n\n\n\n<div class=\"wp-block-uagb-container uagb-block-6ce266a2\">\n<p class=\"has-text-align-center has-white-color has-text-color has-background has-link-color has-medium-font-size wp-elements-f9ac42be46bf2fccb846283c8d343f35\" style=\"background-color:#084aad\"><strong>NOUVEAU<\/strong><\/p>\n<\/div>\n\n\n\n<div class=\"wp-block-uagb-advanced-heading uagb-block-54e4b6d8\"><p class=\"uagb-heading-text\">Pour les jeunes de 7 \u00e0 12 ans<\/p><p class=\"uagb-desc-text\">Ce cours s&rsquo;adresse aux enfants qui souhaitent d\u00e9couvrir de tr\u00e8s nombreuses pratiques artistiques telles que la peinture, le modelage, le papier m\u00e2ch\u00e9, la linogravure, le collage etc&#8230;en s&rsquo;amusant !<\/p><\/div>\n<\/div>\n<\/div><\/div>\n\n\n\n<p class=\"has-text-align-center\" style=\"font-size:16px\">D\u00e9but des cours le 24 septembre 2025<\/p>\n\n\n\n<div class=\"wp-block-columns alignwide is-layout-flex wp-container-core-columns-is-layout-829b1d53 wp-block-columns-is-layout-flex\" style=\"margin-bottom:0\">\n<div class=\"wp-block-column has-white-background-color has-text-color has-background has-link-color wp-elements-e0b3c6cad03b101e91e99e0cbe0936c9 is-layout-flow wp-block-column-is-layout-flow\" style=\"color:#000000;padding-top:2em;padding-right:2em;padding-bottom:2em;padding-left:2em\">\n<h2 class=\"wp-block-heading has-text-align-center\" id=\"single\" style=\"font-size:30px;font-style:normal;font-weight:400\">Jour<\/h2>\n\n\n\n<p class=\"has-text-align-center\">Mercredi<\/p>\n<\/div>\n\n\n\n<div class=\"wp-block-column has-white-background-color has-text-color has-background has-link-color wp-elements-b3bb9bf3d6fcc96eb881ab4529d4e9f8 is-layout-flow wp-block-column-is-layout-flow\" style=\"color:#000000;padding-top:2em;padding-right:2em;padding-bottom:2em;padding-left:2em\">\n<h2 class=\"wp-block-heading has-text-align-center\" id=\"family\" style=\"font-size:30px;font-style:normal;font-weight:400\">Horaires<\/h2>\n\n\n\n<p class=\"has-text-align-center\" style=\"font-size:18px;line-height:1.5\">14h \u00e0 15h30<\/p>\n<\/div>\n\n\n\n<div class=\"wp-block-column has-white-background-color has-text-color has-background has-link-color wp-elements-4cfb447ff1dc147b0fd72662504b7833 is-layout-flow wp-block-column-is-layout-flow\" style=\"color:#000000;padding-top:2em;padding-right:2em;padding-bottom:2em;padding-left:2em\">\n<h2 class=\"wp-block-heading has-text-align-center\" id=\"family\" style=\"font-size:30px;font-style:normal;font-weight:400\">Tarif base<\/h2>\n\n\n\n<div class=\"wp-block-buttons is-content-justification-center is-layout-flex wp-container-core-buttons-is-layout-16018d1d wp-block-buttons-is-layout-flex\">\n<div class=\"wp-block-button\"><a class=\"wp-block-button__link has-white-color has-text-color has-background has-text-align-center has-custom-font-size wp-element-button\" style=\"background-color:#084aad;font-size:16px\">215 \u20ac<\/a><\/div>\n<\/div>\n<\/div>\n\n\n\n<div class=\"wp-block-column has-white-background-color has-text-color has-background has-link-color wp-elements-b4c3b48968c4277a608029f8e5f0e737 is-layout-flow wp-block-column-is-layout-flow\" style=\"color:#000000;padding-top:2em;padding-right:2em;padding-bottom:2em;padding-left:2em\">\n<h2 class=\"wp-block-heading has-text-align-center\" id=\"family\" style=\"font-size:30px;font-style:normal;font-weight:400\">Tarif VLB<\/h2>\n\n\n\n<div class=\"wp-block-buttons is-content-justification-center is-layout-flex wp-container-core-buttons-is-layout-16018d1d wp-block-buttons-is-layout-flex\">\n<div class=\"wp-block-button\"><a class=\"wp-block-button__link has-white-color has-text-color has-background has-text-align-center has-custom-font-size wp-element-button\" style=\"background-color:#084aad;font-size:16px\">237 \u20ac<\/a><\/div>\n<\/div>\n<\/div>\n<\/div>\n\n\n\n<div class=\"wp-block-columns is-layout-flex wp-container-core-columns-is-layout-9d6595d7 wp-block-columns-is-layout-flex\">\n<div class=\"wp-block-column is-layout-flow wp-block-column-is-layout-flow\" style=\"flex-basis:100%\">\n<div class=\"wp-block-uagb-container uagb-block-f53af2a9 default uagb-is-root-container\">\n<div class=\"wp-block-uagb-container uagb-block-7b0a915c\">\n<p class=\"has-text-align-right\" style=\"font-size:16px;line-height:1.5\">Adh\u00e9sion annuelle au club ABC en sus<\/p>\n<\/div>\n\n\n\n<div class=\"wp-block-uagb-container uagb-block-7dfa405d\">\n<div class=\"wp-block-buttons is-content-justification-center is-layout-flex wp-container-core-buttons-is-layout-16018d1d wp-block-buttons-is-layout-flex\">\n<div class=\"wp-block-button\"><a class=\"wp-block-button__link has-white-color has-text-color has-background has-custom-font-size wp-element-button\" style=\"background-color:#084aad;font-size:16px\">16 \u20ac<\/a><\/div>\n<\/div>\n<\/div>\n<\/div>\n<\/div>\n<\/div>\n\n\n\n<div style=\"height:50px\" aria-hidden=\"true\" class=\"wp-block-spacer\"><\/div>\n\n\n\n<div class=\"wp-block-columns is-layout-flex wp-container-core-columns-is-layout-9d6595d7 wp-block-columns-is-layout-flex\">\n<div class=\"wp-block-column is-layout-flow wp-block-column-is-layout-flow\" style=\"flex-basis:100%\">\n<div class=\"wp-block-uagb-info-box uagb-block-28bb34ec uagb-infobox__content-wrap  uagb-infobox-icon-above-title uagb-infobox-image-valign-top\"><div class=\"uagb-ifb-content\"><div class=\"uagb-ifb-title-wrap\"><h3 class=\"uagb-ifb-title\">Lieu<\/h3><\/div><p class=\"uagb-ifb-desc\">Le Relais &#8211; 64 rue d&rsquo;Estienne d&rsquo;Orves &#8211; 91370 Verri\u00e8res le Buisson<\/p><div class=\"uagb-ifb-button-wrapper wp-block-button\"><a href=\"#\" target=\"_self\" onclick=\"return false;\" class=\"uagb-infobox-cta-link\" rel=\"noopener noreferrer\"><span class=\"uagb-inline-editing\"><\/span><svg xmlns=\"https:\/\/www.w3.org\/2000\/svg\" viewBox=\"0 0 512 512\"><path d=\"M504.3 273.6l-112.1 104c-6.992 6.484-17.18 8.218-25.94 4.406c-8.758-3.812-14.42-12.45-14.42-21.1L351.9 288H32C14.33 288 .0002 273.7 .0002 255.1S14.33 224 32 224h319.9l0-72c0-9.547 5.66-18.19 14.42-22c8.754-3.809 18.95-2.075 25.94 4.41l112.1 104C514.6 247.9 514.6 264.1 504.3 273.6z\"><\/path><\/svg><\/a><\/div><\/div><\/div>\n<\/div>\n<\/div>\n\n\n\n<div style=\"height:50px\" aria-hidden=\"true\" class=\"wp-block-spacer\"><\/div>\n\n\n\n<figure class=\"wp-block-gallery has-nested-images columns-default is-cropped wp-block-gallery-1 is-layout-flex wp-block-gallery-is-layout-flex\">\n<figure class=\"wp-block-image size-full\"><img fetchpriority=\"high\" decoding=\"async\" width=\"414\" height=\"414\" data-id=\"2673\" src=\"https:\/\/club-abc.fr\/wp-content\/uploads\/2023\/05\/Jeunesse-Peinture-2.jpg\" alt=\"\" class=\"wp-image-2673\" srcset=\"https:\/\/club-abc.fr\/wp-content\/uploads\/2023\/05\/Jeunesse-Peinture-2.jpg 414w, https:\/\/club-abc.fr\/wp-content\/uploads\/2023\/05\/Jeunesse-Peinture-2-300x300.jpg 300w, https:\/\/club-abc.fr\/wp-content\/uploads\/2023\/05\/Jeunesse-Peinture-2-150x150.jpg 150w\" sizes=\"(max-width: 414px) 100vw, 414px\" \/><\/figure>\n\n\n\n<figure class=\"wp-block-image size-large\"><img decoding=\"async\" width=\"1024\" height=\"1024\" data-id=\"8757\" src=\"https:\/\/club-abc.fr\/wp-content\/uploads\/2025\/04\/Loisirs-creatifs_ado-1-1024x1024.jpg\" alt=\"\" class=\"wp-image-8757\" srcset=\"https:\/\/club-abc.fr\/wp-content\/uploads\/2025\/04\/Loisirs-creatifs_ado-1-1024x1024.jpg 1024w, https:\/\/club-abc.fr\/wp-content\/uploads\/2025\/04\/Loisirs-creatifs_ado-1-300x300.jpg 300w, https:\/\/club-abc.fr\/wp-content\/uploads\/2025\/04\/Loisirs-creatifs_ado-1-150x150.jpg 150w, https:\/\/club-abc.fr\/wp-content\/uploads\/2025\/04\/Loisirs-creatifs_ado-1-768x768.jpg 768w, https:\/\/club-abc.fr\/wp-content\/uploads\/2025\/04\/Loisirs-creatifs_ado-1-1536x1536.jpg 1536w, https:\/\/club-abc.fr\/wp-content\/uploads\/2025\/04\/Loisirs-creatifs_ado-1-600x600.jpg 600w, https:\/\/club-abc.fr\/wp-content\/uploads\/2025\/04\/Loisirs-creatifs_ado-1.jpg 2048w\" sizes=\"(max-width: 1024px) 100vw, 1024px\" \/><\/figure>\n\n\n\n<figure class=\"wp-block-image size-large\"><img decoding=\"async\" width=\"1024\" height=\"1024\" data-id=\"8758\" src=\"https:\/\/club-abc.fr\/wp-content\/uploads\/2025\/04\/Loisirs-creatifs_ado-2-1024x1024.jpg\" alt=\"\" class=\"wp-image-8758\" srcset=\"https:\/\/club-abc.fr\/wp-content\/uploads\/2025\/04\/Loisirs-creatifs_ado-2-1024x1024.jpg 1024w, https:\/\/club-abc.fr\/wp-content\/uploads\/2025\/04\/Loisirs-creatifs_ado-2-300x300.jpg 300w, https:\/\/club-abc.fr\/wp-content\/uploads\/2025\/04\/Loisirs-creatifs_ado-2-150x150.jpg 150w, https:\/\/club-abc.fr\/wp-content\/uploads\/2025\/04\/Loisirs-creatifs_ado-2-768x768.jpg 768w, https:\/\/club-abc.fr\/wp-content\/uploads\/2025\/04\/Loisirs-creatifs_ado-2-1536x1536.jpg 1536w, https:\/\/club-abc.fr\/wp-content\/uploads\/2025\/04\/Loisirs-creatifs_ado-2-600x600.jpg 600w, https:\/\/club-abc.fr\/wp-content\/uploads\/2025\/04\/Loisirs-creatifs_ado-2.jpg 2048w\" sizes=\"(max-width: 1024px) 100vw, 1024px\" \/><\/figure>\n\n\n\n<figure class=\"wp-block-image size-large\"><img loading=\"lazy\" decoding=\"async\" width=\"1024\" height=\"1024\" data-id=\"8755\" src=\"https:\/\/club-abc.fr\/wp-content\/uploads\/2025\/04\/Loisirs-creatifs-1-1024x1024.jpg\" alt=\"\" class=\"wp-image-8755\" srcset=\"https:\/\/club-abc.fr\/wp-content\/uploads\/2025\/04\/Loisirs-creatifs-1-1024x1024.jpg 1024w, https:\/\/club-abc.fr\/wp-content\/uploads\/2025\/04\/Loisirs-creatifs-1-300x300.jpg 300w, https:\/\/club-abc.fr\/wp-content\/uploads\/2025\/04\/Loisirs-creatifs-1-150x150.jpg 150w, https:\/\/club-abc.fr\/wp-content\/uploads\/2025\/04\/Loisirs-creatifs-1-768x768.jpg 768w, https:\/\/club-abc.fr\/wp-content\/uploads\/2025\/04\/Loisirs-creatifs-1-1536x1536.jpg 1536w, https:\/\/club-abc.fr\/wp-content\/uploads\/2025\/04\/Loisirs-creatifs-1-600x600.jpg 600w, https:\/\/club-abc.fr\/wp-content\/uploads\/2025\/04\/Loisirs-creatifs-1.jpg 2048w\" sizes=\"(max-width: 1024px) 100vw, 1024px\" \/><\/figure>\n<\/figure>\n\n\n\n<p><\/p>\n","protected":false},"excerpt":{"rendered":"<p>Loisirs Cr\u00e9atifs Melissa Tresse NOUVEAU Pour les jeunes de 7 \u00e0 12 ans Ce cours s&rsquo;adresse aux enfants qui souhaitent d\u00e9couvrir de tr\u00e8s nombreuses pratiques artistiques telles que la peinture, le modelage, le papier m\u00e2ch\u00e9, la linogravure, le collage etc&#8230;en s&rsquo;amusant ! D\u00e9but des cours le 24 septembre 2025 Jour Mercredi Horaires 14h \u00e0 15h30 [&hellip;]<\/p>\n","protected":false},"author":1,"featured_media":2674,"parent":0,"menu_order":0,"comment_status":"closed","ping_status":"closed","template":"","meta":{"_uag_custom_page_level_css":"","footnotes":""},"class_list":["post-1688","page","type-page","status-publish","has-post-thumbnail","hentry","entry","has-media"],"yoast_head":"<!-- This site is optimized with the Yoast SEO plugin v27.4 - https:\/\/yoast.com\/product\/yoast-seo-wordpress\/ -->\n<title>Loisirs Cr\u00e9atifs - Club ABC<\/title>\n<meta name=\"description\" content=\"loisirs cr\u00e9atifs atelier peinture modelage collage pate \u00e0 modeler dessin amusements mercredi apr\u00e8s-midi\" \/>\n<meta name=\"robots\" content=\"index, follow, max-snippet:-1, max-image-preview:large, max-video-preview:-1\" \/>\n<link rel=\"canonical\" href=\"https:\/\/club-abc.fr\/index.php\/loisirs-creatifs-7-a-12-ans\/\" \/>\n<meta property=\"og:locale\" content=\"fr_FR\" \/>\n<meta property=\"og:type\" content=\"article\" \/>\n<meta property=\"og:title\" content=\"Loisirs Cr\u00e9atifs - Club ABC\" \/>\n<meta property=\"og:description\" content=\"loisirs cr\u00e9atifs atelier peinture modelage collage pate \u00e0 modeler dessin amusements mercredi apr\u00e8s-midi\" \/>\n<meta property=\"og:url\" content=\"https:\/\/club-abc.fr\/index.php\/loisirs-creatifs-7-a-12-ans\/\" \/>\n<meta property=\"og:site_name\" content=\"Club ABC\" \/>\n<meta property=\"article:modified_time\" content=\"2025-07-09T12:06:38+00:00\" \/>\n<meta property=\"og:image\" content=\"https:\/\/club-abc.fr\/wp-content\/uploads\/2023\/05\/Jeunesse-peinture-3.jpg\" \/>\n\t<meta property=\"og:image:width\" content=\"2048\" \/>\n\t<meta property=\"og:image:height\" content=\"803\" \/>\n\t<meta property=\"og:image:type\" content=\"image\/jpeg\" \/>\n<meta name=\"twitter:card\" content=\"summary_large_image\" \/>\n<meta name=\"twitter:label1\" content=\"Dur\u00e9e de lecture estim\u00e9e\" \/>\n\t<meta name=\"twitter:data1\" content=\"2 minutes\" \/>\n<script type=\"application\/ld+json\" class=\"yoast-schema-graph\">{\"@context\":\"https:\\\/\\\/schema.org\",\"@graph\":[{\"@type\":\"WebPage\",\"@id\":\"https:\\\/\\\/club-abc.fr\\\/index.php\\\/loisirs-creatifs-7-a-12-ans\\\/\",\"url\":\"https:\\\/\\\/club-abc.fr\\\/index.php\\\/loisirs-creatifs-7-a-12-ans\\\/\",\"name\":\"Loisirs Cr\u00e9atifs - Club ABC\",\"isPartOf\":{\"@id\":\"https:\\\/\\\/club-abc.fr\\\/#website\"},\"primaryImageOfPage\":{\"@id\":\"https:\\\/\\\/club-abc.fr\\\/index.php\\\/loisirs-creatifs-7-a-12-ans\\\/#primaryimage\"},\"image\":{\"@id\":\"https:\\\/\\\/club-abc.fr\\\/index.php\\\/loisirs-creatifs-7-a-12-ans\\\/#primaryimage\"},\"thumbnailUrl\":\"https:\\\/\\\/club-abc.fr\\\/wp-content\\\/uploads\\\/2023\\\/05\\\/Jeunesse-peinture-3.jpg\",\"datePublished\":\"2023-05-13T15:42:29+00:00\",\"dateModified\":\"2025-07-09T12:06:38+00:00\",\"description\":\"loisirs cr\u00e9atifs atelier peinture modelage collage pate \u00e0 modeler dessin amusements mercredi apr\u00e8s-midi\",\"breadcrumb\":{\"@id\":\"https:\\\/\\\/club-abc.fr\\\/index.php\\\/loisirs-creatifs-7-a-12-ans\\\/#breadcrumb\"},\"inLanguage\":\"fr-FR\",\"potentialAction\":[{\"@type\":\"ReadAction\",\"target\":[\"https:\\\/\\\/club-abc.fr\\\/index.php\\\/loisirs-creatifs-7-a-12-ans\\\/\"]}]},{\"@type\":\"ImageObject\",\"inLanguage\":\"fr-FR\",\"@id\":\"https:\\\/\\\/club-abc.fr\\\/index.php\\\/loisirs-creatifs-7-a-12-ans\\\/#primaryimage\",\"url\":\"https:\\\/\\\/club-abc.fr\\\/wp-content\\\/uploads\\\/2023\\\/05\\\/Jeunesse-peinture-3.jpg\",\"contentUrl\":\"https:\\\/\\\/club-abc.fr\\\/wp-content\\\/uploads\\\/2023\\\/05\\\/Jeunesse-peinture-3.jpg\",\"width\":2048,\"height\":803},{\"@type\":\"BreadcrumbList\",\"@id\":\"https:\\\/\\\/club-abc.fr\\\/index.php\\\/loisirs-creatifs-7-a-12-ans\\\/#breadcrumb\",\"itemListElement\":[{\"@type\":\"ListItem\",\"position\":1,\"name\":\"Accueil\",\"item\":\"https:\\\/\\\/club-abc.fr\\\/\"},{\"@type\":\"ListItem\",\"position\":2,\"name\":\"Loisirs Cr\u00e9atifs\"}]},{\"@type\":\"WebSite\",\"@id\":\"https:\\\/\\\/club-abc.fr\\\/#website\",\"url\":\"https:\\\/\\\/club-abc.fr\\\/\",\"name\":\"Club ABC\",\"description\":\"Le club de vos loisirs\",\"publisher\":{\"@id\":\"https:\\\/\\\/club-abc.fr\\\/#organization\"},\"potentialAction\":[{\"@type\":\"SearchAction\",\"target\":{\"@type\":\"EntryPoint\",\"urlTemplate\":\"https:\\\/\\\/club-abc.fr\\\/?s={search_term_string}\"},\"query-input\":{\"@type\":\"PropertyValueSpecification\",\"valueRequired\":true,\"valueName\":\"search_term_string\"}}],\"inLanguage\":\"fr-FR\"},{\"@type\":\"Organization\",\"@id\":\"https:\\\/\\\/club-abc.fr\\\/#organization\",\"name\":\"Club ABC\",\"url\":\"https:\\\/\\\/club-abc.fr\\\/\",\"logo\":{\"@type\":\"ImageObject\",\"inLanguage\":\"fr-FR\",\"@id\":\"https:\\\/\\\/club-abc.fr\\\/#\\\/schema\\\/logo\\\/image\\\/\",\"url\":\"https:\\\/\\\/club-abc.fr\\\/wp-content\\\/uploads\\\/2023\\\/05\\\/cropped-Logo_Club-ABC.png\",\"contentUrl\":\"https:\\\/\\\/club-abc.fr\\\/wp-content\\\/uploads\\\/2023\\\/05\\\/cropped-Logo_Club-ABC.png\",\"width\":5100,\"height\":1658,\"caption\":\"Club ABC\"},\"image\":{\"@id\":\"https:\\\/\\\/club-abc.fr\\\/#\\\/schema\\\/logo\\\/image\\\/\"}}]}<\/script>\n<!-- \/ Yoast SEO plugin. -->","yoast_head_json":{"title":"Loisirs Cr\u00e9atifs - Club ABC","description":"loisirs cr\u00e9atifs atelier peinture modelage collage pate \u00e0 modeler dessin amusements mercredi apr\u00e8s-midi","robots":{"index":"index","follow":"follow","max-snippet":"max-snippet:-1","max-image-preview":"max-image-preview:large","max-video-preview":"max-video-preview:-1"},"canonical":"https:\/\/club-abc.fr\/index.php\/loisirs-creatifs-7-a-12-ans\/","og_locale":"fr_FR","og_type":"article","og_title":"Loisirs Cr\u00e9atifs - Club ABC","og_description":"loisirs cr\u00e9atifs atelier peinture modelage collage pate \u00e0 modeler dessin amusements mercredi apr\u00e8s-midi","og_url":"https:\/\/club-abc.fr\/index.php\/loisirs-creatifs-7-a-12-ans\/","og_site_name":"Club ABC","article_modified_time":"2025-07-09T12:06:38+00:00","og_image":[{"width":2048,"height":803,"url":"https:\/\/club-abc.fr\/wp-content\/uploads\/2023\/05\/Jeunesse-peinture-3.jpg","type":"image\/jpeg"}],"twitter_card":"summary_large_image","twitter_misc":{"Dur\u00e9e de lecture estim\u00e9e":"2 minutes"},"schema":{"@context":"https:\/\/schema.org","@graph":[{"@type":"WebPage","@id":"https:\/\/club-abc.fr\/index.php\/loisirs-creatifs-7-a-12-ans\/","url":"https:\/\/club-abc.fr\/index.php\/loisirs-creatifs-7-a-12-ans\/","name":"Loisirs Cr\u00e9atifs - Club ABC","isPartOf":{"@id":"https:\/\/club-abc.fr\/#website"},"primaryImageOfPage":{"@id":"https:\/\/club-abc.fr\/index.php\/loisirs-creatifs-7-a-12-ans\/#primaryimage"},"image":{"@id":"https:\/\/club-abc.fr\/index.php\/loisirs-creatifs-7-a-12-ans\/#primaryimage"},"thumbnailUrl":"https:\/\/club-abc.fr\/wp-content\/uploads\/2023\/05\/Jeunesse-peinture-3.jpg","datePublished":"2023-05-13T15:42:29+00:00","dateModified":"2025-07-09T12:06:38+00:00","description":"loisirs cr\u00e9atifs atelier peinture modelage collage pate \u00e0 modeler dessin amusements mercredi apr\u00e8s-midi","breadcrumb":{"@id":"https:\/\/club-abc.fr\/index.php\/loisirs-creatifs-7-a-12-ans\/#breadcrumb"},"inLanguage":"fr-FR","potentialAction":[{"@type":"ReadAction","target":["https:\/\/club-abc.fr\/index.php\/loisirs-creatifs-7-a-12-ans\/"]}]},{"@type":"ImageObject","inLanguage":"fr-FR","@id":"https:\/\/club-abc.fr\/index.php\/loisirs-creatifs-7-a-12-ans\/#primaryimage","url":"https:\/\/club-abc.fr\/wp-content\/uploads\/2023\/05\/Jeunesse-peinture-3.jpg","contentUrl":"https:\/\/club-abc.fr\/wp-content\/uploads\/2023\/05\/Jeunesse-peinture-3.jpg","width":2048,"height":803},{"@type":"BreadcrumbList","@id":"https:\/\/club-abc.fr\/index.php\/loisirs-creatifs-7-a-12-ans\/#breadcrumb","itemListElement":[{"@type":"ListItem","position":1,"name":"Accueil","item":"https:\/\/club-abc.fr\/"},{"@type":"ListItem","position":2,"name":"Loisirs Cr\u00e9atifs"}]},{"@type":"WebSite","@id":"https:\/\/club-abc.fr\/#website","url":"https:\/\/club-abc.fr\/","name":"Club ABC","description":"Le club de vos loisirs","publisher":{"@id":"https:\/\/club-abc.fr\/#organization"},"potentialAction":[{"@type":"SearchAction","target":{"@type":"EntryPoint","urlTemplate":"https:\/\/club-abc.fr\/?s={search_term_string}"},"query-input":{"@type":"PropertyValueSpecification","valueRequired":true,"valueName":"search_term_string"}}],"inLanguage":"fr-FR"},{"@type":"Organization","@id":"https:\/\/club-abc.fr\/#organization","name":"Club ABC","url":"https:\/\/club-abc.fr\/","logo":{"@type":"ImageObject","inLanguage":"fr-FR","@id":"https:\/\/club-abc.fr\/#\/schema\/logo\/image\/","url":"https:\/\/club-abc.fr\/wp-content\/uploads\/2023\/05\/cropped-Logo_Club-ABC.png","contentUrl":"https:\/\/club-abc.fr\/wp-content\/uploads\/2023\/05\/cropped-Logo_Club-ABC.png","width":5100,"height":1658,"caption":"Club ABC"},"image":{"@id":"https:\/\/club-abc.fr\/#\/schema\/logo\/image\/"}}]}},"featured_image_src":"https:\/\/club-abc.fr\/wp-content\/uploads\/2023\/05\/Jeunesse-peinture-3-600x400.jpg","featured_image_src_square":"https:\/\/club-abc.fr\/wp-content\/uploads\/2023\/05\/Jeunesse-peinture-3-600x600.jpg","uagb_featured_image_src":{"full":["https:\/\/club-abc.fr\/wp-content\/uploads\/2023\/05\/Jeunesse-peinture-3.jpg",2048,803,false],"thumbnail":["https:\/\/club-abc.fr\/wp-content\/uploads\/2023\/05\/Jeunesse-peinture-3-150x150.jpg",150,150,true],"medium":["https:\/\/club-abc.fr\/wp-content\/uploads\/2023\/05\/Jeunesse-peinture-3-300x118.jpg",300,118,true],"medium_large":["https:\/\/club-abc.fr\/wp-content\/uploads\/2023\/05\/Jeunesse-peinture-3-768x301.jpg",768,301,true],"large":["https:\/\/club-abc.fr\/wp-content\/uploads\/2023\/05\/Jeunesse-peinture-3-1024x402.jpg",1024,402,true],"1536x1536":["https:\/\/club-abc.fr\/wp-content\/uploads\/2023\/05\/Jeunesse-peinture-3-1536x602.jpg",1536,602,true],"2048x2048":["https:\/\/club-abc.fr\/wp-content\/uploads\/2023\/05\/Jeunesse-peinture-3.jpg",2048,803,false],"ocean-thumb-m":["https:\/\/club-abc.fr\/wp-content\/uploads\/2023\/05\/Jeunesse-peinture-3-600x600.jpg",600,600,true],"ocean-thumb-ml":["https:\/\/club-abc.fr\/wp-content\/uploads\/2023\/05\/Jeunesse-peinture-3-800x450.jpg",800,450,true],"ocean-thumb-l":["https:\/\/club-abc.fr\/wp-content\/uploads\/2023\/05\/Jeunesse-peinture-3-1200x700.jpg",1200,700,true],"ab-block-post-grid-landscape":["https:\/\/club-abc.fr\/wp-content\/uploads\/2023\/05\/Jeunesse-peinture-3-600x400.jpg",600,400,true],"ab-block-post-grid-square":["https:\/\/club-abc.fr\/wp-content\/uploads\/2023\/05\/Jeunesse-peinture-3-600x600.jpg",600,600,true]},"uagb_author_info":{"display_name":"admin6119","author_link":"https:\/\/club-abc.fr\/index.php\/author\/admin6119\/"},"uagb_comment_info":0,"uagb_excerpt":"Loisirs Cr\u00e9atifs Melissa Tresse NOUVEAU Pour les jeunes de 7 \u00e0 12 ans Ce cours s&rsquo;adresse aux enfants qui souhaitent d\u00e9couvrir de tr\u00e8s nombreuses pratiques artistiques telles que la peinture, le modelage, le papier m\u00e2ch\u00e9, la linogravure, le collage etc&#8230;en s&rsquo;amusant ! D\u00e9but des cours le 24 septembre 2025 Jour Mercredi Horaires 14h \u00e0 15h30\u2026","jetpack_sharing_enabled":true,"_links":{"self":[{"href":"https:\/\/club-abc.fr\/index.php\/wp-json\/wp\/v2\/pages\/1688","targetHints":{"allow":["GET"]}}],"collection":[{"href":"https:\/\/club-abc.fr\/index.php\/wp-json\/wp\/v2\/pages"}],"about":[{"href":"https:\/\/club-abc.fr\/index.php\/wp-json\/wp\/v2\/types\/page"}],"author":[{"embeddable":true,"href":"https:\/\/club-abc.fr\/index.php\/wp-json\/wp\/v2\/users\/1"}],"replies":[{"embeddable":true,"href":"https:\/\/club-abc.fr\/index.php\/wp-json\/wp\/v2\/comments?post=1688"}],"version-history":[{"count":0,"href":"https:\/\/club-abc.fr\/index.php\/wp-json\/wp\/v2\/pages\/1688\/revisions"}],"wp:featuredmedia":[{"embeddable":true,"href":"https:\/\/club-abc.fr\/index.php\/wp-json\/wp\/v2\/media\/2674"}],"wp:attachment":[{"href":"https:\/\/club-abc.fr\/index.php\/wp-json\/wp\/v2\/media?parent=1688"}],"curies":[{"name":"wp","href":"https:\/\/api.w.org\/{rel}","templated":true}]}}