{"id":10452,"date":"2026-04-03T09:45:10","date_gmt":"2026-04-03T07:45:10","guid":{"rendered":"https:\/\/club-abc.fr\/?page_id=10452"},"modified":"2026-04-03T10:36:02","modified_gmt":"2026-04-03T08:36:02","slug":"vannerie","status":"publish","type":"page","link":"https:\/\/club-abc.fr\/index.php\/vannerie\/","title":{"rendered":"Vannerie"},"content":{"rendered":"\n<div class=\"wp-block-uagb-container uagb-block-0d79c06d alignfull uagb-is-root-container\"><div class=\"uagb-container-inner-blocks-wrap\">\n<div class=\"wp-block-uagb-container uagb-block-bf0fd15c\">\n<div class=\"wp-block-uagb-image uagb-block-867c42db wp-block-uagb-image--layout-default wp-block-uagb-image--effect-static wp-block-uagb-image--align-none\"><figure class=\"wp-block-uagb-image__figure\"><img loading=\"lazy\" decoding=\"async\" srcset=\"https:\/\/club-abc.fr\/wp-content\/uploads\/2026\/04\/Vignette-vannerie.png ,https:\/\/club-abc.fr\/wp-content\/uploads\/2026\/04\/Vignette-vannerie.png 780w, https:\/\/club-abc.fr\/wp-content\/uploads\/2026\/04\/Vignette-vannerie.png 360w\" sizes=\"auto, (max-width: 480px) 150px\" src=\"https:\/\/club-abc.fr\/wp-content\/uploads\/2026\/04\/Vignette-vannerie.png\" alt=\"\" class=\"uag-image-10451\" width=\"353\" height=\"252\" title=\"Vignette vannerie\" loading=\"lazy\" role=\"img\"\/><\/figure><\/div>\n\n\n<div class=\"wp-block-image\">\n<figure class=\"aligncenter size-full\"><img fetchpriority=\"high\" decoding=\"async\" width=\"300\" height=\"300\" src=\"https:\/\/club-abc.fr\/wp-content\/uploads\/2026\/04\/Bande-NOUVEAU-V2_SF-3.png\" alt=\"\" class=\"wp-image-10463\" style=\"aspect-ratio:1;object-fit:cover\" srcset=\"https:\/\/club-abc.fr\/wp-content\/uploads\/2026\/04\/Bande-NOUVEAU-V2_SF-3.png 300w, https:\/\/club-abc.fr\/wp-content\/uploads\/2026\/04\/Bande-NOUVEAU-V2_SF-3-150x150.png 150w\" sizes=\"(max-width: 300px) 100vw, 300px\" \/><\/figure>\n<\/div>\n\n\n<div class=\"wp-block-uagb-container uagb-block-f94bfa83\">\n<div class=\"wp-block-uagb-buttons uagb-buttons__outer-wrap uagb-btn__default-btn uagb-btn-tablet__default-btn uagb-btn-mobile__default-btn uagb-block-05fe3008\"><div class=\"uagb-buttons__wrap uagb-buttons-layout-wrap \">\n<div class=\"wp-block-uagb-buttons-child uagb-buttons__outer-wrap uagb-block-7e92e582 wp-block-button\" id=\"https:\/\/club-abc.monclub.app\/app?selectedMembership=66324590936c6f00965f4365&amp;step=1\"><div class=\"uagb-button__wrapper\"><a class=\"uagb-buttons-repeater wp-block-button__link\" aria-label=\"\" href=\"#\" rel=\"follow noopener\" target=\"_blank\" role=\"button\"><div class=\"uagb-button__link\">Je m&rsquo;inscris<\/div><\/a><\/div><\/div>\n<\/div><\/div>\n<\/div>\n<\/div>\n\n\n\n<div class=\"wp-block-uagb-container uagb-block-666d0167\">\n<h1 class=\"wp-block-heading has-text-color has-x-large-font-size\" style=\"color:#004aad;font-style:normal;font-weight:600;letter-spacing:1px\">Vannerie<\/h1>\n\n\n\n<h4 class=\"wp-block-heading has-large-font-size\">Jeanne M\u00e9rot du Barre<\/h4>\n\n\n\n<div class=\"wp-block-uagb-advanced-heading uagb-block-f48a7d8b\"><p class=\"uagb-desc-text\">D\u00e9couvrez votre cr\u00e9ativit\u00e9 dans un esprit de partage des savoir-faire : vous explorerez les bases lorsqu\u2019on d\u00e9bute dans cet art ancestral de la vannerie. Ni&nbsp;clous, ni vis, ni colle, juste vos mains, un s\u00e9cateur et des plantes pour fabriquer des&nbsp;objets \u00e0 la fois utiles et d\u00e9coratifs&nbsp;en ronce, cl\u00e9matite, saule&#8230;&nbsp;et aussi osier (\u00e0 votre charge).<\/p><\/div>\n\n\n\n<p>Pourquoi pas aussi,&nbsp;aller ensemble en for\u00eat de Verri\u00e8res \u00e0 la r\u00e9colte des plantes,&nbsp;dans le respect de leur saisonnalit\u00e9, afin de les pr\u00e9parer au tressage\u2009!&nbsp;<\/p>\n\n\n\n<p>D\u00e9but des cours : 29&nbsp;septembre 2026<\/p>\n<\/div>\n<\/div><\/div>\n\n\n\n<div class=\"wp-block-columns alignwide is-layout-flex wp-container-core-columns-is-layout-829b1d53 wp-block-columns-is-layout-flex\" style=\"margin-bottom:0\">\n<div class=\"wp-block-column has-white-background-color has-text-color has-background has-link-color wp-elements-884981c28548106ff11359c0946e7c5b is-layout-flow wp-block-column-is-layout-flow\" style=\"color:#000000;padding-top:2em;padding-right:2em;padding-bottom:2em;padding-left:2em\">\n<h2 class=\"wp-block-heading has-text-align-center\" id=\"family\" style=\"font-size:30px;font-style:normal;font-weight:400\">Mardi<\/h2>\n\n\n\n<p class=\"has-text-align-center\" style=\"font-size:20px;line-height:1.5\">14h &#8211; 16h<\/p>\n<\/div>\n<\/div>\n\n\n\n<div class=\"wp-block-uagb-container uagb-block-cdee6c42 alignfull uagb-is-root-container\"><div class=\"uagb-container-inner-blocks-wrap\">\n<div class=\"wp-block-uagb-container uagb-block-d05dac52\">\n<div class=\"wp-block-uagb-advanced-heading uagb-block-358e0b12\"><h2 class=\"uagb-heading-text\">Tarif de base<\/h2><\/div>\n\n\n\n<div class=\"wp-block-buttons is-content-justification-center is-layout-flex wp-container-core-buttons-is-layout-16018d1d wp-block-buttons-is-layout-flex\">\n<div class=\"wp-block-button\"><a class=\"wp-block-button__link has-background wp-element-button\" style=\"background-color:#084aad\">340&nbsp;\u20ac<\/a><\/div>\n<\/div>\n<\/div>\n\n\n\n<div class=\"wp-block-uagb-container uagb-block-9508b25b\">\n<div class=\"wp-block-uagb-advanced-heading uagb-block-10a5cf87\"><h2 class=\"uagb-heading-text\">Tarif VLB<\/h2><\/div>\n\n\n\n<div class=\"wp-block-buttons is-content-justification-center is-layout-flex wp-container-core-buttons-is-layout-16018d1d wp-block-buttons-is-layout-flex\">\n<div class=\"wp-block-button\"><a class=\"wp-block-button__link has-background wp-element-button\" style=\"background-color:#084aad\">310&nbsp;\u20ac<\/a><\/div>\n<\/div>\n<\/div>\n<\/div><\/div>\n\n\n\n<div class=\"wp-block-uagb-container uagb-block-4ae621b8 alignfull uagb-is-root-container\"><div class=\"uagb-container-inner-blocks-wrap\">\n<div class=\"wp-block-uagb-container uagb-block-103ce482\">\n<p class=\"has-text-align-right\" style=\"font-size:18px;line-height:1.5\">Adh\u00e9sion annuelle au club ABC en sus<\/p>\n<\/div>\n\n\n\n<div class=\"wp-block-uagb-container uagb-block-a995b874\">\n<div class=\"wp-block-uagb-container uagb-block-5339cd0e\">\n<div class=\"wp-block-buttons is-content-justification-center is-layout-flex wp-container-core-buttons-is-layout-8057eaf3 wp-block-buttons-is-layout-flex\">\n<div class=\"wp-block-button has-custom-font-size\" style=\"font-size:16px\"><a class=\"wp-block-button__link has-white-color has-text-color has-background wp-element-button\" style=\"background-color:#084aad\">32 \u20ac<\/a><\/div>\n<\/div>\n<\/div>\n<\/div>\n<\/div><\/div>\n\n\n\n<div class=\"wp-block-uagb-info-box uagb-block-19301aa2 uagb-infobox__content-wrap  uagb-infobox-icon-above-title uagb-infobox-image-valign-top\"><div class=\"uagb-ifb-content\"><div class=\"uagb-ifb-title-wrap\"><h3 class=\"uagb-ifb-title\">Lieu<\/h3><\/div><p class=\"uagb-ifb-desc\">Le Relais &#8211; 64 rue d\u2019Estienne d\u2019Orves &#8211; 91370 Verri\u00e8res le Buisson<\/p><div class=\"uagb-ifb-button-wrapper wp-block-button\"><a href=\"#\" target=\"_self\" onclick=\"return false;\" class=\"uagb-infobox-cta-link\" rel=\"noopener noreferrer\"><span class=\"uagb-inline-editing\"><\/span><svg xmlns=\"https:\/\/www.w3.org\/2000\/svg\" viewBox=\"0 0 512 512\"><path d=\"M504.3 273.6l-112.1 104c-6.992 6.484-17.18 8.218-25.94 4.406c-8.758-3.812-14.42-12.45-14.42-21.1L351.9 288H32C14.33 288 .0002 273.7 .0002 255.1S14.33 224 32 224h319.9l0-72c0-9.547 5.66-18.19 14.42-22c8.754-3.809 18.95-2.075 25.94 4.41l112.1 104C514.6 247.9 514.6 264.1 504.3 273.6z\"><\/path><\/svg><\/a><\/div><\/div><\/div>\n\n\n\n<p><\/p>\n","protected":false},"excerpt":{"rendered":"<p>Vannerie Jeanne M\u00e9rot du Barre D\u00e9couvrez votre cr\u00e9ativit\u00e9 dans un esprit de partage des savoir-faire : vous explorerez les bases lorsqu\u2019on d\u00e9bute dans cet art ancestral de la vannerie. Ni&nbsp;clous, ni vis, ni colle, juste vos mains, un s\u00e9cateur et des plantes pour fabriquer des&nbsp;objets \u00e0 la fois utiles et d\u00e9coratifs&nbsp;en ronce, cl\u00e9matite, saule&#8230;&nbsp;et aussi [&hellip;]<\/p>\n","protected":false},"author":1,"featured_media":0,"parent":0,"menu_order":0,"comment_status":"closed","ping_status":"closed","template":"","meta":{"_uag_custom_page_level_css":"","footnotes":""},"class_list":["post-10452","page","type-page","status-publish","hentry","entry"],"yoast_head":"<!-- This site is optimized with the Yoast SEO plugin v27.3 - https:\/\/yoast.com\/product\/yoast-seo-wordpress\/ -->\n<title>Vannerie - Club ABC<\/title>\n<meta name=\"robots\" content=\"index, follow, max-snippet:-1, max-image-preview:large, max-video-preview:-1\" \/>\n<link rel=\"canonical\" href=\"https:\/\/club-abc.fr\/index.php\/vannerie\/\" \/>\n<meta property=\"og:locale\" content=\"fr_FR\" \/>\n<meta property=\"og:type\" content=\"article\" \/>\n<meta property=\"og:title\" content=\"Vannerie - Club ABC\" \/>\n<meta property=\"og:description\" content=\"Vannerie Jeanne M\u00e9rot du Barre D\u00e9couvrez votre cr\u00e9ativit\u00e9 dans un esprit de partage des savoir-faire : vous explorerez les bases lorsqu\u2019on d\u00e9bute dans cet art ancestral de la vannerie. Ni&nbsp;clous, ni vis, ni colle, juste vos mains, un s\u00e9cateur et des plantes pour fabriquer des&nbsp;objets \u00e0 la fois utiles et d\u00e9coratifs&nbsp;en ronce, cl\u00e9matite, saule&#8230;&nbsp;et aussi [&hellip;]\" \/>\n<meta property=\"og:url\" content=\"https:\/\/club-abc.fr\/index.php\/vannerie\/\" \/>\n<meta property=\"og:site_name\" content=\"Club ABC\" \/>\n<meta property=\"article:modified_time\" content=\"2026-04-03T08:36:02+00:00\" \/>\n<meta property=\"og:image\" content=\"https:\/\/club-abc.fr\/wp-content\/uploads\/2026\/04\/Vignette-vannerie.png\" \/>\n<meta name=\"twitter:card\" content=\"summary_large_image\" \/>\n<meta name=\"twitter:label1\" content=\"Dur\u00e9e de lecture estim\u00e9e\" \/>\n\t<meta name=\"twitter:data1\" content=\"2 minutes\" \/>\n<script type=\"application\/ld+json\" class=\"yoast-schema-graph\">{\"@context\":\"https:\\\/\\\/schema.org\",\"@graph\":[{\"@type\":\"WebPage\",\"@id\":\"https:\\\/\\\/club-abc.fr\\\/index.php\\\/vannerie\\\/\",\"url\":\"https:\\\/\\\/club-abc.fr\\\/index.php\\\/vannerie\\\/\",\"name\":\"Vannerie - Club ABC\",\"isPartOf\":{\"@id\":\"https:\\\/\\\/club-abc.fr\\\/#website\"},\"primaryImageOfPage\":{\"@id\":\"https:\\\/\\\/club-abc.fr\\\/index.php\\\/vannerie\\\/#primaryimage\"},\"image\":{\"@id\":\"https:\\\/\\\/club-abc.fr\\\/index.php\\\/vannerie\\\/#primaryimage\"},\"thumbnailUrl\":\"https:\\\/\\\/club-abc.fr\\\/wp-content\\\/uploads\\\/2026\\\/04\\\/Vignette-vannerie.png\",\"datePublished\":\"2026-04-03T07:45:10+00:00\",\"dateModified\":\"2026-04-03T08:36:02+00:00\",\"breadcrumb\":{\"@id\":\"https:\\\/\\\/club-abc.fr\\\/index.php\\\/vannerie\\\/#breadcrumb\"},\"inLanguage\":\"fr-FR\",\"potentialAction\":[{\"@type\":\"ReadAction\",\"target\":[\"https:\\\/\\\/club-abc.fr\\\/index.php\\\/vannerie\\\/\"]}]},{\"@type\":\"ImageObject\",\"inLanguage\":\"fr-FR\",\"@id\":\"https:\\\/\\\/club-abc.fr\\\/index.php\\\/vannerie\\\/#primaryimage\",\"url\":\"https:\\\/\\\/club-abc.fr\\\/wp-content\\\/uploads\\\/2026\\\/04\\\/Vignette-vannerie.png\",\"contentUrl\":\"https:\\\/\\\/club-abc.fr\\\/wp-content\\\/uploads\\\/2026\\\/04\\\/Vignette-vannerie.png\",\"width\":600,\"height\":450},{\"@type\":\"BreadcrumbList\",\"@id\":\"https:\\\/\\\/club-abc.fr\\\/index.php\\\/vannerie\\\/#breadcrumb\",\"itemListElement\":[{\"@type\":\"ListItem\",\"position\":1,\"name\":\"Accueil\",\"item\":\"https:\\\/\\\/club-abc.fr\\\/\"},{\"@type\":\"ListItem\",\"position\":2,\"name\":\"Vannerie\"}]},{\"@type\":\"WebSite\",\"@id\":\"https:\\\/\\\/club-abc.fr\\\/#website\",\"url\":\"https:\\\/\\\/club-abc.fr\\\/\",\"name\":\"Club ABC\",\"description\":\"Le club de vos loisirs\",\"publisher\":{\"@id\":\"https:\\\/\\\/club-abc.fr\\\/#organization\"},\"potentialAction\":[{\"@type\":\"SearchAction\",\"target\":{\"@type\":\"EntryPoint\",\"urlTemplate\":\"https:\\\/\\\/club-abc.fr\\\/?s={search_term_string}\"},\"query-input\":{\"@type\":\"PropertyValueSpecification\",\"valueRequired\":true,\"valueName\":\"search_term_string\"}}],\"inLanguage\":\"fr-FR\"},{\"@type\":\"Organization\",\"@id\":\"https:\\\/\\\/club-abc.fr\\\/#organization\",\"name\":\"Club ABC\",\"url\":\"https:\\\/\\\/club-abc.fr\\\/\",\"logo\":{\"@type\":\"ImageObject\",\"inLanguage\":\"fr-FR\",\"@id\":\"https:\\\/\\\/club-abc.fr\\\/#\\\/schema\\\/logo\\\/image\\\/\",\"url\":\"https:\\\/\\\/club-abc.fr\\\/wp-content\\\/uploads\\\/2023\\\/05\\\/cropped-Logo_Club-ABC.png\",\"contentUrl\":\"https:\\\/\\\/club-abc.fr\\\/wp-content\\\/uploads\\\/2023\\\/05\\\/cropped-Logo_Club-ABC.png\",\"width\":5100,\"height\":1658,\"caption\":\"Club ABC\"},\"image\":{\"@id\":\"https:\\\/\\\/club-abc.fr\\\/#\\\/schema\\\/logo\\\/image\\\/\"}}]}<\/script>\n<!-- \/ Yoast SEO plugin. -->","yoast_head_json":{"title":"Vannerie - Club ABC","robots":{"index":"index","follow":"follow","max-snippet":"max-snippet:-1","max-image-preview":"max-image-preview:large","max-video-preview":"max-video-preview:-1"},"canonical":"https:\/\/club-abc.fr\/index.php\/vannerie\/","og_locale":"fr_FR","og_type":"article","og_title":"Vannerie - Club ABC","og_description":"Vannerie Jeanne M\u00e9rot du Barre D\u00e9couvrez votre cr\u00e9ativit\u00e9 dans un esprit de partage des savoir-faire : vous explorerez les bases lorsqu\u2019on d\u00e9bute dans cet art ancestral de la vannerie. Ni&nbsp;clous, ni vis, ni colle, juste vos mains, un s\u00e9cateur et des plantes pour fabriquer des&nbsp;objets \u00e0 la fois utiles et d\u00e9coratifs&nbsp;en ronce, cl\u00e9matite, saule&#8230;&nbsp;et aussi [&hellip;]","og_url":"https:\/\/club-abc.fr\/index.php\/vannerie\/","og_site_name":"Club ABC","article_modified_time":"2026-04-03T08:36:02+00:00","og_image":[{"url":"https:\/\/club-abc.fr\/wp-content\/uploads\/2026\/04\/Vignette-vannerie.png","type":"","width":"","height":""}],"twitter_card":"summary_large_image","twitter_misc":{"Dur\u00e9e de lecture estim\u00e9e":"2 minutes"},"schema":{"@context":"https:\/\/schema.org","@graph":[{"@type":"WebPage","@id":"https:\/\/club-abc.fr\/index.php\/vannerie\/","url":"https:\/\/club-abc.fr\/index.php\/vannerie\/","name":"Vannerie - Club ABC","isPartOf":{"@id":"https:\/\/club-abc.fr\/#website"},"primaryImageOfPage":{"@id":"https:\/\/club-abc.fr\/index.php\/vannerie\/#primaryimage"},"image":{"@id":"https:\/\/club-abc.fr\/index.php\/vannerie\/#primaryimage"},"thumbnailUrl":"https:\/\/club-abc.fr\/wp-content\/uploads\/2026\/04\/Vignette-vannerie.png","datePublished":"2026-04-03T07:45:10+00:00","dateModified":"2026-04-03T08:36:02+00:00","breadcrumb":{"@id":"https:\/\/club-abc.fr\/index.php\/vannerie\/#breadcrumb"},"inLanguage":"fr-FR","potentialAction":[{"@type":"ReadAction","target":["https:\/\/club-abc.fr\/index.php\/vannerie\/"]}]},{"@type":"ImageObject","inLanguage":"fr-FR","@id":"https:\/\/club-abc.fr\/index.php\/vannerie\/#primaryimage","url":"https:\/\/club-abc.fr\/wp-content\/uploads\/2026\/04\/Vignette-vannerie.png","contentUrl":"https:\/\/club-abc.fr\/wp-content\/uploads\/2026\/04\/Vignette-vannerie.png","width":600,"height":450},{"@type":"BreadcrumbList","@id":"https:\/\/club-abc.fr\/index.php\/vannerie\/#breadcrumb","itemListElement":[{"@type":"ListItem","position":1,"name":"Accueil","item":"https:\/\/club-abc.fr\/"},{"@type":"ListItem","position":2,"name":"Vannerie"}]},{"@type":"WebSite","@id":"https:\/\/club-abc.fr\/#website","url":"https:\/\/club-abc.fr\/","name":"Club ABC","description":"Le club de vos loisirs","publisher":{"@id":"https:\/\/club-abc.fr\/#organization"},"potentialAction":[{"@type":"SearchAction","target":{"@type":"EntryPoint","urlTemplate":"https:\/\/club-abc.fr\/?s={search_term_string}"},"query-input":{"@type":"PropertyValueSpecification","valueRequired":true,"valueName":"search_term_string"}}],"inLanguage":"fr-FR"},{"@type":"Organization","@id":"https:\/\/club-abc.fr\/#organization","name":"Club ABC","url":"https:\/\/club-abc.fr\/","logo":{"@type":"ImageObject","inLanguage":"fr-FR","@id":"https:\/\/club-abc.fr\/#\/schema\/logo\/image\/","url":"https:\/\/club-abc.fr\/wp-content\/uploads\/2023\/05\/cropped-Logo_Club-ABC.png","contentUrl":"https:\/\/club-abc.fr\/wp-content\/uploads\/2023\/05\/cropped-Logo_Club-ABC.png","width":5100,"height":1658,"caption":"Club ABC"},"image":{"@id":"https:\/\/club-abc.fr\/#\/schema\/logo\/image\/"}}]}},"featured_image_src":null,"featured_image_src_square":null,"uagb_featured_image_src":{"full":false,"thumbnail":false,"medium":false,"medium_large":false,"large":false,"1536x1536":false,"2048x2048":false,"ocean-thumb-m":false,"ocean-thumb-ml":false,"ocean-thumb-l":false,"ab-block-post-grid-landscape":false,"ab-block-post-grid-square":false},"uagb_author_info":{"display_name":"admin6119","author_link":"https:\/\/club-abc.fr\/index.php\/author\/admin6119\/"},"uagb_comment_info":0,"uagb_excerpt":"Vannerie Jeanne M\u00e9rot du Barre D\u00e9couvrez votre cr\u00e9ativit\u00e9 dans un esprit de partage des savoir-faire : vous explorerez les bases lorsqu\u2019on d\u00e9bute dans cet art ancestral de la vannerie. Ni&nbsp;clous, ni vis, ni colle, juste vos mains, un s\u00e9cateur et des plantes pour fabriquer des&nbsp;objets \u00e0 la fois utiles et d\u00e9coratifs&nbsp;en ronce, cl\u00e9matite, saule&#8230;&nbsp;et aussi\u2026","jetpack_sharing_enabled":true,"_links":{"self":[{"href":"https:\/\/club-abc.fr\/index.php\/wp-json\/wp\/v2\/pages\/10452","targetHints":{"allow":["GET"]}}],"collection":[{"href":"https:\/\/club-abc.fr\/index.php\/wp-json\/wp\/v2\/pages"}],"about":[{"href":"https:\/\/club-abc.fr\/index.php\/wp-json\/wp\/v2\/types\/page"}],"author":[{"embeddable":true,"href":"https:\/\/club-abc.fr\/index.php\/wp-json\/wp\/v2\/users\/1"}],"replies":[{"embeddable":true,"href":"https:\/\/club-abc.fr\/index.php\/wp-json\/wp\/v2\/comments?post=10452"}],"version-history":[{"count":9,"href":"https:\/\/club-abc.fr\/index.php\/wp-json\/wp\/v2\/pages\/10452\/revisions"}],"predecessor-version":[{"id":10474,"href":"https:\/\/club-abc.fr\/index.php\/wp-json\/wp\/v2\/pages\/10452\/revisions\/10474"}],"wp:attachment":[{"href":"https:\/\/club-abc.fr\/index.php\/wp-json\/wp\/v2\/media?parent=10452"}],"curies":[{"name":"wp","href":"https:\/\/api.w.org\/{rel}","templated":true}]}}